{"id":119929,"date":"2026-02-07T12:14:03","date_gmt":"2026-02-07T11:14:03","guid":{"rendered":"https:\/\/rideandco.com\/giant\/?post_type=product&#038;p=119929"},"modified":"2026-05-13T06:01:13","modified_gmt":"2026-05-13T04:01:13","slug":"vttae-giant-trance-x-advanced-e-1","status":"publish","type":"product","link":"https:\/\/rideandco.com\/giant\/vtt\/vttae-giant-trance-x-advanced-e-1\/","title":{"rendered":"Trance X Advanced E+ 1"},"content":{"rendered":"\n<p>Trance X Advanced E+ 1<\/p>\n\n\n \n <!-- G\u00e9n\u00e9rer le bouton avec les classes appropri\u00e9es -->\n <a href=\"https:\/\/www.giant-bicycles.com\/fr\/registration\" class=\"custom-button custom-button-style2\" target=\"_blank\" rel=\"noopener\">\n     <span class=\"custom-button-text\">Enregistrez votre v\u00e9lo pour la garantie !<\/span>\n      <\/a>\n \n\n \n <!-- G\u00e9n\u00e9rer le bouton avec les classes appropri\u00e9es -->\n <a href=\"https:\/\/rideandco.com\/contacts-et-acces\" class=\"custom-button custom-button-style1\">\n     <span class=\"custom-button-text\">Contactez notre \u00e9quipe !<\/span>\n      <\/a>\n \n\n\n<h2 class=\"wp-block-heading\">Nos VTTAE en stock<\/h2>\n\n\n<div id=\"product-slider-6a04aac0dcd83\" class=\"product-grid-custom-slider\"><div class=\"slider-wrapper\"><div class=\"slider-slide\"><!-- Valeur r\u00e9cup\u00e9r\u00e9e : PROMO --><li style=\"padding-left: 0px;\n    margin-bottom: 10px;\" class=\"custom-product-card no-before product type-product post-120060 status-publish first instock product_cat-trance product_cat-giant product_cat-promo product_cat-tout-suspendu product_cat-vtt has-post-thumbnail sale sold-individually taxable shipping-taxable purchasable product-type-variable\">\n    <div class=\"custom-product-card-content\">\n        <span class=\"on-sale\">PROMO<\/span>        <div class=\"product-image\">\n                            <div id=\"carousel-120060\" class=\"carousel\" data-product-id=\"120060\">\n                    <div class=\"carousel-inner\">\n                        <div class=\"carousel-item active\">\n                            <a href=\"https:\/\/rideandco.com\/giant\/giant\/trance\/trance-x-advanced-e-2\/\">\n                                <img decoding=\"async\" src=\"https:\/\/rideandco.com\/giant\/wp-content\/uploads\/2026\/02\/trancexadve2.jpg\" alt=\"Trance X Advanced E+ 2\">\n                            <\/a>\n                        <\/div>\n                                                    <div class=\"carousel-item\">\n                                <a href=\"https:\/\/rideandco.com\/giant\/giant\/trance\/trance-x-advanced-e-2\/\">\n                                    <img decoding=\"async\" src=\"https:\/\/rideandco.com\/giant\/wp-content\/uploads\/2026\/02\/trancexadvancede222.jpg\" alt=\"Trance X Advanced E+ 2\">\n                                <\/a>\n                            <\/div>\n                                            <\/div>\n                    <button class=\"carousel-control-prev\" data-target=\"#carousel-120060\" aria-label=\"Previous\">\n                        <img decoding=\"async\" src=\"https:\/\/rideandco.com\/giant\/wp-content\/themes\/rideandco\/src\/img\/icons\/fleche-gauche-blanche.svg\" alt=\"Pr\u00e9c\u00e9dent\" style=\"width: 60px; height: 60px;\">\n                    <\/button>\n                    <button class=\"carousel-control-next\" data-target=\"#carousel-120060\" aria-label=\"Next\">\n                        <img decoding=\"async\" src=\"https:\/\/rideandco.com\/giant\/wp-content\/themes\/rideandco\/src\/img\/icons\/fleche-droite-blanche.svg\" alt=\"Suivant\" style=\"width: 60px; height: 60px;\">\n                    <\/button>\n                <\/div>\n                <div class=\"carousel-indicators\" data-target=\"#carousel-120060\">\n                    <span class=\"active\"><\/span>\n                                            <span><\/span>\n                                    <\/div>\n                    <\/div>\n        <div class=\"product-info\">\n            <h2 class=\"woocommerce-loop-product__title\">\n                <a href=\"https:\/\/rideandco.com\/giant\/giant\/trance\/trance-x-advanced-e-2\/\">Trance X Advanced E+ 2<\/a>\n            <\/h2>\n                            <p class=\"product-type-de-velo\">VTT | GIANT <\/p>\n                       \n            <div class=\"product-icons\">\n                                                    <div class=\"icon-wrapper first-item\">\n                        <img decoding=\"async\" src=\"https:\/\/rideandco.com\/giant\/wp-content\/themes\/rideandco\/src\/img\/icons\/batterie.svg\" alt=\"Battery Icon\" class=\"icon-with-tooltip\">\n                        <div class=\"tooltip custom-tooltip\">800Wh<\/div>\n                    <\/div>\n                                                                        <div class=\"icon-wrapper \">\n                        <img decoding=\"async\" src=\"https:\/\/rideandco.com\/giant\/wp-content\/themes\/rideandco\/src\/img\/icons\/poids.svg\" alt=\"Weight Icon\" class=\"icon-with-tooltip\">\n                        <div class=\"tooltip custom-tooltip\">23.6kg en taille M <\/div>\n                    <\/div>\n                                                                        <div class=\"icon-wrapper \">\n                        <img decoding=\"async\" src=\"https:\/\/rideandco.com\/giant\/wp-content\/themes\/rideandco\/src\/img\/icons\/type_de_jantes.svg\" alt=\"Jantes Icon\" class=\"icon-with-tooltip\">\n                        <div class=\"tooltip custom-tooltip\">Aluminium <\/div>\n                    <\/div>\n                                                                <\/div>           \n            <!-- Ajouter le tarif du produit ici -->\n            <!-- Affichage du prix -->\n            <div class=\"product-price-container\">\n                <div class=\"product-price-wrapper\">\n                    <span class=\"regular-price\"><del>5 850,00 \u20ac<sup>TTC<\/sup><\/del><\/span><span class=\"current-price\">3 990,00 \u20ac<sup>TTC<\/sup><\/span>                <\/div>\n\n                <!-- Affichage du financement mensuel -->\n                <div class=\"product-financing\">\n                    D\u00e8s <span class=\"monthly-paymentlist\">333\u20ac\/mois<\/span> financement sur 12 mois                <\/div>\n            <\/div>\n\n            <!-- Ajoutez ici vos options suppl\u00e9mentaires -->\n            <div class=\"product-options\">\n                <a href=\"https:\/\/rideandco.com\/giant\/giant\/trance\/trance-x-advanced-e-2\/\" class=\"clickable-link\">\n                    Voir ce v\u00e9lo\n                    <img decoding=\"async\" src=\"https:\/\/rideandco.com\/giant\/wp-content\/themes\/rideandco\/src\/img\/icons\/fleche-droite-verte.svg\" alt=\"Fl\u00e8che droite\" class=\"arrow-icon\">\n                <\/a>\n                <div class=\"product-compare\" data-id=\"120060\">\n                    <a href=\"javascript:addToComparator(120060)\"\n                        class=\"link-add \">\n                        <img decoding=\"async\" src=\"https:\/\/rideandco.com\/giant\/wp-content\/themes\/rideandco\/src\/img\/icons\/ajouter_au_comparateur.svg\"\n                            alt=\"Ajouter au comparateur\"\n                        \/>\n                    <\/a>\n                    <a href=\"javascript:removeFromComparator(120060)\"\n                        class=\"link-remove hidden\">\n                        <img decoding=\"async\" src=\"https:\/\/rideandco.com\/giant\/wp-content\/themes\/rideandco\/src\/img\/icons\/retirer_du_comparateur_rouge.svg\"\n                            alt=\"Retirer du comparateur\"\n                        \/>\n                    <\/a>\n                    <span class=\"tooltip tooltip-add \">\n                        Ajouter au comparateur\n                    <\/span>\n                    <span class=\"tooltip tooltip-remove hidden\">\n                        Retirer du comparateur\n                    <\/span>\n                <\/div>\n            <\/div>\n        <\/div>\n    <\/div>\n<\/li><!-- Valeur r\u00e9cup\u00e9r\u00e9e : PROMO --><li style=\"padding-left: 0px;\n    margin-bottom: 10px;\" class=\"custom-product-card no-before product type-product post-120041 status-publish instock product_cat-giant product_cat-promo product_cat-tout-suspendu product_cat-trance product_cat-vtt has-post-thumbnail sale sold-individually taxable shipping-taxable purchasable product-type-variable\">\n    <div class=\"custom-product-card-content\">\n        <span class=\"on-sale\">PROMO<\/span>        <div class=\"product-image\">\n                            <div id=\"carousel-120041\" class=\"carousel\" data-product-id=\"120041\">\n                    <div class=\"carousel-inner\">\n                        <div class=\"carousel-item active\">\n                            <a href=\"https:\/\/rideandco.com\/giant\/giant\/trance-x-e-1\/\">\n                                <img decoding=\"async\" src=\"https:\/\/rideandco.com\/giant\/wp-content\/uploads\/2026\/02\/trancexe1.jpg\" alt=\"Trance X E + 1\">\n                            <\/a>\n                        <\/div>\n                                                    <div class=\"carousel-item\">\n                                <a href=\"https:\/\/rideandco.com\/giant\/giant\/trance-x-e-1\/\">\n                                    <img decoding=\"async\" src=\"https:\/\/rideandco.com\/giant\/wp-content\/uploads\/2026\/02\/trancexe11.jpg\" alt=\"Trance X E + 1\">\n                                <\/a>\n                            <\/div>\n                                                    <div class=\"carousel-item\">\n                                <a href=\"https:\/\/rideandco.com\/giant\/giant\/trance-x-e-1\/\">\n                                    <img decoding=\"async\" src=\"https:\/\/rideandco.com\/giant\/wp-content\/uploads\/2026\/02\/trancexe111.jpg\" alt=\"Trance X E + 1\">\n                                <\/a>\n                            <\/div>\n                                            <\/div>\n                    <button class=\"carousel-control-prev\" data-target=\"#carousel-120041\" aria-label=\"Previous\">\n                        <img decoding=\"async\" src=\"https:\/\/rideandco.com\/giant\/wp-content\/themes\/rideandco\/src\/img\/icons\/fleche-gauche-blanche.svg\" alt=\"Pr\u00e9c\u00e9dent\" style=\"width: 60px; height: 60px;\">\n                    <\/button>\n                    <button class=\"carousel-control-next\" data-target=\"#carousel-120041\" aria-label=\"Next\">\n                        <img decoding=\"async\" src=\"https:\/\/rideandco.com\/giant\/wp-content\/themes\/rideandco\/src\/img\/icons\/fleche-droite-blanche.svg\" alt=\"Suivant\" style=\"width: 60px; height: 60px;\">\n                    <\/button>\n                <\/div>\n                <div class=\"carousel-indicators\" data-target=\"#carousel-120041\">\n                    <span class=\"active\"><\/span>\n                                            <span><\/span>\n                                            <span><\/span>\n                                    <\/div>\n                    <\/div>\n        <div class=\"product-info\">\n            <h2 class=\"woocommerce-loop-product__title\">\n                <a href=\"https:\/\/rideandco.com\/giant\/giant\/trance-x-e-1\/\">Trance X E + 1<\/a>\n            <\/h2>\n                            <p class=\"product-type-de-velo\">VTT | GIANT <\/p>\n                       \n            <div class=\"product-icons\">\n                                                    <div class=\"icon-wrapper first-item\">\n                        <img decoding=\"async\" src=\"https:\/\/rideandco.com\/giant\/wp-content\/themes\/rideandco\/src\/img\/icons\/batterie.svg\" alt=\"Battery Icon\" class=\"icon-with-tooltip\">\n                        <div class=\"tooltip custom-tooltip\">750Wh<\/div>\n                    <\/div>\n                                                                        <div class=\"icon-wrapper \">\n                        <img decoding=\"async\" src=\"https:\/\/rideandco.com\/giant\/wp-content\/themes\/rideandco\/src\/img\/icons\/poids.svg\" alt=\"Weight Icon\" class=\"icon-with-tooltip\">\n                        <div class=\"tooltip custom-tooltip\">24kg en taille M <\/div>\n                    <\/div>\n                                                                        <div class=\"icon-wrapper \">\n                        <img decoding=\"async\" src=\"https:\/\/rideandco.com\/giant\/wp-content\/themes\/rideandco\/src\/img\/icons\/type_de_jantes.svg\" alt=\"Jantes Icon\" class=\"icon-with-tooltip\">\n                        <div class=\"tooltip custom-tooltip\">Aluminium <\/div>\n                    <\/div>\n                                                                <\/div>           \n            <!-- Ajouter le tarif du produit ici -->\n            <!-- Affichage du prix -->\n            <div class=\"product-price-container\">\n                <div class=\"product-price-wrapper\">\n                    <span class=\"regular-price\"><del>6 400,00 \u20ac<sup>TTC<\/sup><\/del><\/span><span class=\"current-price\">3 990,00 \u20ac<sup>TTC<\/sup><\/span>                <\/div>\n\n                <!-- Affichage du financement mensuel -->\n                <div class=\"product-financing\">\n                    D\u00e8s <span class=\"monthly-paymentlist\">333\u20ac\/mois<\/span> financement sur 12 mois                <\/div>\n            <\/div>\n\n            <!-- Ajoutez ici vos options suppl\u00e9mentaires -->\n            <div class=\"product-options\">\n                <a href=\"https:\/\/rideandco.com\/giant\/giant\/trance-x-e-1\/\" class=\"clickable-link\">\n                    Voir ce v\u00e9lo\n                    <img decoding=\"async\" src=\"https:\/\/rideandco.com\/giant\/wp-content\/themes\/rideandco\/src\/img\/icons\/fleche-droite-verte.svg\" alt=\"Fl\u00e8che droite\" class=\"arrow-icon\">\n                <\/a>\n                <div class=\"product-compare\" data-id=\"120041\">\n                    <a href=\"javascript:addToComparator(120041)\"\n                        class=\"link-add \">\n                        <img decoding=\"async\" src=\"https:\/\/rideandco.com\/giant\/wp-content\/themes\/rideandco\/src\/img\/icons\/ajouter_au_comparateur.svg\"\n                            alt=\"Ajouter au comparateur\"\n                        \/>\n                    <\/a>\n                    <a href=\"javascript:removeFromComparator(120041)\"\n                        class=\"link-remove hidden\">\n                        <img decoding=\"async\" src=\"https:\/\/rideandco.com\/giant\/wp-content\/themes\/rideandco\/src\/img\/icons\/retirer_du_comparateur_rouge.svg\"\n                            alt=\"Retirer du comparateur\"\n                        \/>\n                    <\/a>\n                    <span class=\"tooltip tooltip-add \">\n                        Ajouter au comparateur\n                    <\/span>\n                    <span class=\"tooltip tooltip-remove hidden\">\n                        Retirer du comparateur\n                    <\/span>\n                <\/div>\n            <\/div>\n        <\/div>\n    <\/div>\n<\/li><!-- Valeur r\u00e9cup\u00e9r\u00e9e : PROMO --><li style=\"padding-left: 0px;\n    margin-bottom: 10px;\" class=\"custom-product-card no-before product type-product post-120026 status-publish last instock product_cat-embolden product_cat-liv product_cat-tout-suspendu product_cat-vtt has-post-thumbnail sold-individually taxable shipping-taxable purchasable product-type-variable\">\n    <div class=\"custom-product-card-content\">\n                <div class=\"product-image\">\n                            <div id=\"carousel-120026\" class=\"carousel\" data-product-id=\"120026\">\n                    <div class=\"carousel-inner\">\n                        <div class=\"carousel-item active\">\n                            <a href=\"https:\/\/rideandco.com\/giant\/liv\/embolden\/embolden-e-2-2026\/\">\n                                <img decoding=\"async\" src=\"https:\/\/rideandco.com\/giant\/wp-content\/uploads\/2026\/02\/emboldene226.jpg\" alt=\"Embolden E+ 2 2026\">\n                            <\/a>\n                        <\/div>\n                                                    <div class=\"carousel-item\">\n                                <a href=\"https:\/\/rideandco.com\/giant\/liv\/embolden\/embolden-e-2-2026\/\">\n                                    <img decoding=\"async\" src=\"https:\/\/rideandco.com\/giant\/wp-content\/uploads\/2026\/02\/emboldene22666.jpg\" alt=\"Embolden E+ 2 2026\">\n                                <\/a>\n                            <\/div>\n                                                    <div class=\"carousel-item\">\n                                <a href=\"https:\/\/rideandco.com\/giant\/liv\/embolden\/embolden-e-2-2026\/\">\n                                    <img decoding=\"async\" src=\"https:\/\/rideandco.com\/giant\/wp-content\/uploads\/2026\/02\/embolden226666.jpg\" alt=\"Embolden E+ 2 2026\">\n                                <\/a>\n                            <\/div>\n                                            <\/div>\n                    <button class=\"carousel-control-prev\" data-target=\"#carousel-120026\" aria-label=\"Previous\">\n                        <img decoding=\"async\" src=\"https:\/\/rideandco.com\/giant\/wp-content\/themes\/rideandco\/src\/img\/icons\/fleche-gauche-blanche.svg\" alt=\"Pr\u00e9c\u00e9dent\" style=\"width: 60px; height: 60px;\">\n                    <\/button>\n                    <button class=\"carousel-control-next\" data-target=\"#carousel-120026\" aria-label=\"Next\">\n                        <img decoding=\"async\" src=\"https:\/\/rideandco.com\/giant\/wp-content\/themes\/rideandco\/src\/img\/icons\/fleche-droite-blanche.svg\" alt=\"Suivant\" style=\"width: 60px; height: 60px;\">\n                    <\/button>\n                <\/div>\n                <div class=\"carousel-indicators\" data-target=\"#carousel-120026\">\n                    <span class=\"active\"><\/span>\n                                            <span><\/span>\n                                            <span><\/span>\n                                    <\/div>\n                    <\/div>\n        <div class=\"product-info\">\n            <h2 class=\"woocommerce-loop-product__title\">\n                <a href=\"https:\/\/rideandco.com\/giant\/liv\/embolden\/embolden-e-2-2026\/\">Embolden E+ 2 2026<\/a>\n            <\/h2>\n                            <p class=\"product-type-de-velo\">VTT | LIV <\/p>\n                       \n            <div class=\"product-icons\">\n                                                    <div class=\"icon-wrapper first-item\">\n                        <img decoding=\"async\" src=\"https:\/\/rideandco.com\/giant\/wp-content\/themes\/rideandco\/src\/img\/icons\/batterie.svg\" alt=\"Battery Icon\" class=\"icon-with-tooltip\">\n                        <div class=\"tooltip custom-tooltip\">625Wh<\/div>\n                    <\/div>\n                                                                        <div class=\"icon-wrapper \">\n                        <img decoding=\"async\" src=\"https:\/\/rideandco.com\/giant\/wp-content\/themes\/rideandco\/src\/img\/icons\/poids.svg\" alt=\"Weight Icon\" class=\"icon-with-tooltip\">\n                        <div class=\"tooltip custom-tooltip\">25.2kg en taille S <\/div>\n                    <\/div>\n                                                                        <div class=\"icon-wrapper \">\n                        <img decoding=\"async\" src=\"https:\/\/rideandco.com\/giant\/wp-content\/themes\/rideandco\/src\/img\/icons\/type_de_jantes.svg\" alt=\"Jantes Icon\" class=\"icon-with-tooltip\">\n                        <div class=\"tooltip custom-tooltip\">Aluminium <\/div>\n                    <\/div>\n                                                                <\/div>           \n            <!-- Ajouter le tarif du produit ici -->\n            <!-- Affichage du prix -->\n            <div class=\"product-price-container\">\n                <div class=\"product-price-wrapper\">\n                    <span class=\"current-price\">3 900,00 \u20ac<sup>TTC<\/sup><\/span>                <\/div>\n\n                <!-- Affichage du financement mensuel -->\n                <div class=\"product-financing\">\n                    D\u00e8s <span class=\"monthly-paymentlist\">325\u20ac\/mois<\/span> financement sur 12 mois                <\/div>\n            <\/div>\n\n            <!-- Ajoutez ici vos options suppl\u00e9mentaires -->\n            <div class=\"product-options\">\n                <a href=\"https:\/\/rideandco.com\/giant\/liv\/embolden\/embolden-e-2-2026\/\" class=\"clickable-link\">\n                    Voir ce v\u00e9lo\n                    <img decoding=\"async\" src=\"https:\/\/rideandco.com\/giant\/wp-content\/themes\/rideandco\/src\/img\/icons\/fleche-droite-verte.svg\" alt=\"Fl\u00e8che droite\" class=\"arrow-icon\">\n                <\/a>\n                <div class=\"product-compare\" data-id=\"120026\">\n                    <a href=\"javascript:addToComparator(120026)\"\n                        class=\"link-add \">\n                        <img decoding=\"async\" src=\"https:\/\/rideandco.com\/giant\/wp-content\/themes\/rideandco\/src\/img\/icons\/ajouter_au_comparateur.svg\"\n                            alt=\"Ajouter au comparateur\"\n                        \/>\n                    <\/a>\n                    <a href=\"javascript:removeFromComparator(120026)\"\n                        class=\"link-remove hidden\">\n                        <img decoding=\"async\" src=\"https:\/\/rideandco.com\/giant\/wp-content\/themes\/rideandco\/src\/img\/icons\/retirer_du_comparateur_rouge.svg\"\n                            alt=\"Retirer du comparateur\"\n                        \/>\n                    <\/a>\n                    <span class=\"tooltip tooltip-add \">\n                        Ajouter au comparateur\n                    <\/span>\n                    <span class=\"tooltip tooltip-remove hidden\">\n                        Retirer du comparateur\n                    <\/span>\n                <\/div>\n            <\/div>\n        <\/div>\n    <\/div>\n<\/li><\/div><\/div><\/div>","protected":false},"excerpt":{"rendered":"<p>Le Trance X Advanced E+ 1 r\u00e9unit puissance, performance et sensations intenses. Gr\u00e2ce \u00e0 son cadre composite l\u00e9ger, sa suspension confortable et son moteur nouvelle g\u00e9n\u00e9ration particuli\u00e8rement puissant, chaque sortie devient un pur plaisir\u2026 au point de ne plus vouloir descendre du v\u00e9lo.<\/p>\n","protected":false},"featured_media":119930,"comment_status":"closed","ping_status":"closed","template":"","meta":{"_acf_changed":false},"product_brand":[],"product_cat":[502,478,556,504,486],"product_tag":[],"discipline":[561],"class_list":{"0":"post-119929","1":"product","2":"type-product","3":"status-publish","4":"has-post-thumbnail","6":"product_cat-vtt","7":"product_cat-giant","8":"product_cat-promo","9":"product_cat-tout-suspendu","10":"product_cat-trance","12":"first","13":"instock","14":"sale","15":"sold-individually","16":"taxable","17":"shipping-taxable","18":"purchasable","19":"product-type-variable"},"acf":{"infos_globales":{"nom_produit":"Trance X Advanced E+ 1","marque_velo":"GIANT","annee":2024,"type_de_velo":"VTT","assitance_velo":"V\u00e9lo \u00e9lectrique","garantie_produit":"Cadre : \u00e0 vie \/ Composants, transmission et p\u00e9riph\u00e9riques : 2 ans","genre_du_produit":"unisexe","assurance_incluse":false,"taille__en_cm":""},"cadre_velo":{"forme_du_cadre":"Haut","cadre":"Carbone de qualit\u00e9 sup\u00e9rieure, triangle arri\u00e8re de qualit\u00e9 sup\u00e9rieure, biellette sup\u00e9rieure en composite forg\u00e9 de qualit\u00e9 sup\u00e9rieure, syst\u00e8me de suspension Maestro 140 mm, axe arri\u00e8re UDH \u00ab Boost \u00bb 148x12, compatible avec le prolongateur d'autonomie Giant EnergyPak Plus","matiere_du_cadre":["Carbone"],"marque_de_la_fourche":"Fox","fourche":"Fox 36 Performance Elite Live Valve E-Tuned, 29 pouces, d\u00e9battement de 150 mm, d\u00e9port de 44 mm, amortisseur Fit4, Kabolt-X 110, suspension adaptative \u00e9lectronique, compatible avec les v\u00e9los \u00e9lectriques","amortisseur":"Fox Float X Live, fixation Trunnion 185 x 52,5 mm, suspension \u00e9lectronique, compatible avec les v\u00e9los \u00e9lectriques, affaissement recommand\u00e9 : 30 %"},"systeme_moteur":{"moteur":" Giant SyncDrive Pro2 85 Nm, technologie PedalPlus \u00e0 6 capteurs","batterie":"800Wh","details-batterie":"Giant EnergyPak 800 Wh, compatible range extender 250Wh","simulateur_autonomie":"","autonomie":"","compteur":"Giant RideControl Ergo3","chargeur":"Giant EnergyPak 6A, 60 % en 2 h 15"},"transmission":{"type_de_transmission":"mecanique","Manettes_commandes_de_vitesse":"Shimano Deore XT","type_de_pedalier":"Praxis Wavetm 36T en acier premium forg\u00e9 \u00e0 froid 4130, ensemble de manivelles forg\u00e9es sur mesure Praxis e-Cadet+ (S : 160 mm, M\/L : 165 mm, XL : 170 mm)","derailleur_avant":"","derailleur_arriere":"Shimano Deore XT, 12 vitesses, Shadow+","type_de_cassette":"Shimano CS-M7100, cassette 10-51 dents, 12 vitesses","type_de_chaine":"KMC e.12 Turbo, EcoProteq, optimis\u00e9 pour les v\u00e9los \u00e9lectriques"},"type_de_freins":{"frein_av":"Shimano Deore XT, BR-M8120, 4 pistons, frein \u00e0 disque hydraulique, 220 mm","frein_ar":"Shimano Deore XT, BR-M8120, 4 pistons, frein \u00e0 disque hydraulique, 220 mm"},"roues":{"type-de-roues":"","type_de_jantes":"e-TRX sans crochet, 29\", largeur int\u00e9rieure 30 mm","matiere_jantes":"Aluminium","pneus":"Maxxis Minion DHF 29x2,6\" pliable, Tubeless, EXO+, 3C MaxxTerra [AV] Maxxis Dissector 29x2,6\" pliable, Tubeless, EXO+, 3C MaxxTerra [AR]","moyeu_av":"e-TRX 6 boulons, Shimano Micro-spline, axe traversant 110 x 15mm","moyeu_ar":"148 x 12mm"},"cockpit_poste_de_pilotage":{"type_de_guidon":"Giant Contact SL 35, 35 x 780 mm","type_de_potence":"Giant Contact SL 35","type_de_selle":"Giant Romero","type_de_tige_de_selle":"Tige de selle t\u00e9lescopique Tranz-X Rad+, 30,9 mm, d\u00e9battement r\u00e9glable de 30 mm (S : 120-150 mm, M : 140-170 mm, L\/XL : 170-200 mm)","type_de_collier_de_selle":"","type_de_poignees":"Giant Tactal Pro-E, design conique, 135 mm \u00d828~30 mm (S\/M) 142 mm \u00d829~32 mm (L\/XL)"},"particularite_du_velo":{"type_de_pedales":"p\u00e9dales plates","accessoires_du_velo":"","poids":"23.8kg","poids_total_autorise":"156kg"}},"_links":{"self":[{"href":"https:\/\/rideandco.com\/giant\/wp-json\/wp\/v2\/product\/119929","targetHints":{"allow":["GET"]}}],"collection":[{"href":"https:\/\/rideandco.com\/giant\/wp-json\/wp\/v2\/product"}],"about":[{"href":"https:\/\/rideandco.com\/giant\/wp-json\/wp\/v2\/types\/product"}],"replies":[{"embeddable":true,"href":"https:\/\/rideandco.com\/giant\/wp-json\/wp\/v2\/comments?post=119929"}],"wp:featuredmedia":[{"embeddable":true,"href":"https:\/\/rideandco.com\/giant\/wp-json\/wp\/v2\/media\/119930"}],"wp:attachment":[{"href":"https:\/\/rideandco.com\/giant\/wp-json\/wp\/v2\/media?parent=119929"}],"wp:term":[{"taxonomy":"product_brand","embeddable":true,"href":"https:\/\/rideandco.com\/giant\/wp-json\/wp\/v2\/product_brand?post=119929"},{"taxonomy":"product_cat","embeddable":true,"href":"https:\/\/rideandco.com\/giant\/wp-json\/wp\/v2\/product_cat?post=119929"},{"taxonomy":"product_tag","embeddable":true,"href":"https:\/\/rideandco.com\/giant\/wp-json\/wp\/v2\/product_tag?post=119929"},{"taxonomy":"discipline","embeddable":true,"href":"https:\/\/rideandco.com\/giant\/wp-json\/wp\/v2\/discipline?post=119929"}],"curies":[{"name":"wp","href":"https:\/\/api.w.org\/{rel}","templated":true}]}}