{"id":119923,"date":"2026-02-07T11:34:10","date_gmt":"2026-02-07T10:34:10","guid":{"rendered":"https:\/\/rideandco.com\/giant\/?post_type=product&#038;p=119923"},"modified":"2026-05-13T06:01:06","modified_gmt":"2026-05-13T04:01:06","slug":"dailytour-e-2-lds-nexus","status":"publish","type":"product","link":"https:\/\/rideandco.com\/giant\/ville-vtc\/velo-ville\/dailytour-e-2-lds-nexus\/","title":{"rendered":"DailyTour E+ 2 LDS Nexus"},"content":{"rendered":"\n<h2 class=\"wp-block-heading\">DailyTour E+ 2 LDS Nexus : votre alli\u00e9 pour les d\u00e9placements urbains<\/h2>\n\n\n\n<p>Dites adieu aux embouteillages et \u00e0 la promiscuit\u00e9 des transports en commun. Au guidon d\u2019un v\u00e9lo \u00e0 assistance \u00e9lectrique confortable, la ville se red\u00e9couvre sous un nouveau regard.<\/p>\n\n\n\n<p>V\u00e9ritable r\u00e9f\u00e9rence urbaine, ce v\u00e9lo de ville \u00e9lectrique int\u00e8gre les derni\u00e8res technologies Giant Hybrid pour simplifier tous vos d\u00e9placements quotidiens. Sa position de conduite relev\u00e9e, son \u00e9cran parfaitement lisible et le mode SmartAssist contribuent \u00e0 une exp\u00e9rience fluide, intuitive et agr\u00e9able.<br>Ce mod\u00e8le n\u2019est pas compatible avec la batterie EnergyPak Smart 800.<\/p>\n\n\n\n<h2 class=\"wp-block-heading\">Facteurs cl\u00e9s de performance<\/h2>\n\n\n\n<p><strong>Mode automatique<br><\/strong>Le moteur Giant SyncDrive, \u00e9quip\u00e9 du mode Smart Assist, d\u00e9livre automatiquement le niveau d\u2019assistance optimal pour un p\u00e9dalage naturel et efficace.<\/p>\n\n\n\n<p><strong>Fonction navigation<br><\/strong>D\u00e9placez-vous en toute s\u00e9r\u00e9nit\u00e9 gr\u00e2ce \u00e0 la fonction de navigation int\u00e9gr\u00e9e \u00e0 la console RideDash Evo, directement install\u00e9e sur le guidon.<\/p>\n\n\n\n<p><strong>Visibilit\u00e9 accrue<br><\/strong>Le syst\u00e8me d\u2019\u00e9clairage int\u00e9gr\u00e9 permanent am\u00e9liore votre visibilit\u00e9 et renforce votre s\u00e9curit\u00e9, de jour comme de nuit.<\/p>\n\n\n\n<p><strong>Autonomie<\/strong><br>Quelle distance peut-on parcourir avec une batterie compl\u00e8tement charg\u00e9e ?<\/p>\n\n\n\n<p>L\u2019autonomie varie selon de nombreux facteurs, notamment le poids du cycliste et de la charge transport\u00e9e, la r\u00e9sistance au vent, la pression des pneus, le type de terrain et le d\u00e9nivel\u00e9, la surface de roulage, la temp\u00e9rature ext\u00e9rieure, l\u2019entretien du v\u00e9lo \u00e9lectrique et l\u2019\u00e9tat de la batterie.<\/p>\n\n\n \n <!-- G\u00e9n\u00e9rer le bouton avec les classes appropri\u00e9es -->\n <a href=\"https:\/\/www.giant-bicycles.com\/fr\/registration\" class=\"custom-button custom-button-style2\" target=\"_blank\" rel=\"noopener\">\n     <span class=\"custom-button-text\">Enregistrez votre v\u00e9lo pour la garantie !<\/span>\n      <\/a>\n \n\n \n <!-- G\u00e9n\u00e9rer le bouton avec les classes appropri\u00e9es -->\n <a href=\"https:\/\/www.giant-bicycles.com\/fr\/registration\" class=\"custom-button custom-button-style2\" target=\"_blank\" rel=\"noopener\">\n     <span class=\"custom-button-text\">Enregistrez votre v\u00e9lo pour la garantie !<\/span>\n      <\/a>\n \n\n\n<h2 class=\"wp-block-heading\">Ces v\u00e9los pourraient vous plaire<\/h2>\n\n\n<div id=\"product-slider-6a04abfa4fbe2\" class=\"product-grid-custom-slider\"><div class=\"slider-wrapper\"><div class=\"slider-slide\"><!-- Valeur r\u00e9cup\u00e9r\u00e9e : PROMO --><li style=\"padding-left: 0px;\n    margin-bottom: 10px;\" class=\"custom-product-card no-before product type-product post-120053 status-publish first instock product_cat-roam product_cat-giant product_cat-tout-chemin product_cat-velo-ville product_cat-ville-vtc has-post-thumbnail sold-individually taxable shipping-taxable purchasable product-type-variable\">\n    <div class=\"custom-product-card-content\">\n                <div class=\"product-image\">\n                            <div id=\"carousel-120053\" class=\"carousel\" data-product-id=\"120053\">\n                    <div class=\"carousel-inner\">\n                        <div class=\"carousel-item active\">\n                            <a href=\"https:\/\/rideandco.com\/giant\/giant\/roam\/roam-e\/\">\n                                <img decoding=\"async\" src=\"https:\/\/rideandco.com\/giant\/wp-content\/uploads\/2026\/02\/roamegts.jpg\" alt=\"Roam E+\">\n                            <\/a>\n                        <\/div>\n                                                    <div class=\"carousel-item\">\n                                <a href=\"https:\/\/rideandco.com\/giant\/giant\/roam\/roam-e\/\">\n                                    <img decoding=\"async\" src=\"https:\/\/rideandco.com\/giant\/wp-content\/uploads\/2026\/02\/roamesta.jpg\" alt=\"Roam E+\">\n                                <\/a>\n                            <\/div>\n                                            <\/div>\n                    <button class=\"carousel-control-prev\" data-target=\"#carousel-120053\" aria-label=\"Previous\">\n                        <img decoding=\"async\" src=\"https:\/\/rideandco.com\/giant\/wp-content\/themes\/rideandco\/src\/img\/icons\/fleche-gauche-blanche.svg\" alt=\"Pr\u00e9c\u00e9dent\" style=\"width: 60px; height: 60px;\">\n                    <\/button>\n                    <button class=\"carousel-control-next\" data-target=\"#carousel-120053\" aria-label=\"Next\">\n                        <img decoding=\"async\" src=\"https:\/\/rideandco.com\/giant\/wp-content\/themes\/rideandco\/src\/img\/icons\/fleche-droite-blanche.svg\" alt=\"Suivant\" style=\"width: 60px; height: 60px;\">\n                    <\/button>\n                <\/div>\n                <div class=\"carousel-indicators\" data-target=\"#carousel-120053\">\n                    <span class=\"active\"><\/span>\n                                            <span><\/span>\n                                    <\/div>\n                    <\/div>\n        <div class=\"product-info\">\n            <h2 class=\"woocommerce-loop-product__title\">\n                <a href=\"https:\/\/rideandco.com\/giant\/giant\/roam\/roam-e\/\">Roam E+<\/a>\n            <\/h2>\n                            <p class=\"product-type-de-velo\">V\u00e9lo tout-chemin | GIANT <\/p>\n                       \n            <div class=\"product-icons\">\n                                                    <div class=\"icon-wrapper first-item\">\n                        <img decoding=\"async\" src=\"https:\/\/rideandco.com\/giant\/wp-content\/themes\/rideandco\/src\/img\/icons\/batterie.svg\" alt=\"Battery Icon\" class=\"icon-with-tooltip\">\n                        <div class=\"tooltip custom-tooltip\">400Wh<\/div>\n                    <\/div>\n                                                                        <div class=\"icon-wrapper \">\n                        <img decoding=\"async\" src=\"https:\/\/rideandco.com\/giant\/wp-content\/themes\/rideandco\/src\/img\/icons\/poids.svg\" alt=\"Weight Icon\" class=\"icon-with-tooltip\">\n                        <div class=\"tooltip custom-tooltip\">21.75kg en taille M <\/div>\n                    <\/div>\n                                                                        <div class=\"icon-wrapper \">\n                        <img decoding=\"async\" src=\"https:\/\/rideandco.com\/giant\/wp-content\/themes\/rideandco\/src\/img\/icons\/type_de_jantes.svg\" alt=\"Jantes Icon\" class=\"icon-with-tooltip\">\n                        <div class=\"tooltip custom-tooltip\">Aluminium <\/div>\n                    <\/div>\n                                                                <\/div>           \n            <!-- Ajouter le tarif du produit ici -->\n            <!-- Affichage du prix -->\n            <div class=\"product-price-container\">\n                <div class=\"product-price-wrapper\">\n                    <span class=\"current-price\">1 500,00 \u20ac<sup>TTC<\/sup><\/span>                <\/div>\n\n                <!-- Affichage du financement mensuel -->\n                <div class=\"product-financing\">\n                    D\u00e8s <span class=\"monthly-paymentlist\">125\u20ac\/mois<\/span> financement sur 12 mois                <\/div>\n            <\/div>\n\n            <!-- Ajoutez ici vos options suppl\u00e9mentaires -->\n            <div class=\"product-options\">\n                <a href=\"https:\/\/rideandco.com\/giant\/giant\/roam\/roam-e\/\" class=\"clickable-link\">\n                    Voir ce v\u00e9lo\n                    <img decoding=\"async\" src=\"https:\/\/rideandco.com\/giant\/wp-content\/themes\/rideandco\/src\/img\/icons\/fleche-droite-verte.svg\" alt=\"Fl\u00e8che droite\" class=\"arrow-icon\">\n                <\/a>\n                <div class=\"product-compare\" data-id=\"120053\">\n                    <a href=\"javascript:addToComparator(120053)\"\n                        class=\"link-add \">\n                        <img decoding=\"async\" src=\"https:\/\/rideandco.com\/giant\/wp-content\/themes\/rideandco\/src\/img\/icons\/ajouter_au_comparateur.svg\"\n                            alt=\"Ajouter au comparateur\"\n                        \/>\n                    <\/a>\n                    <a href=\"javascript:removeFromComparator(120053)\"\n                        class=\"link-remove hidden\">\n                        <img decoding=\"async\" src=\"https:\/\/rideandco.com\/giant\/wp-content\/themes\/rideandco\/src\/img\/icons\/retirer_du_comparateur_rouge.svg\"\n                            alt=\"Retirer du comparateur\"\n                        \/>\n                    <\/a>\n                    <span class=\"tooltip tooltip-add \">\n                        Ajouter au comparateur\n                    <\/span>\n                    <span class=\"tooltip tooltip-remove hidden\">\n                        Retirer du comparateur\n                    <\/span>\n                <\/div>\n            <\/div>\n        <\/div>\n    <\/div>\n<\/li><!-- Valeur r\u00e9cup\u00e9r\u00e9e : PROMO --><li style=\"padding-left: 0px;\n    margin-bottom: 10px;\" class=\"custom-product-card no-before product type-product post-119923 status-publish instock product_cat-velo-ville product_cat-dailytour product_cat-giant product_cat-promo product_cat-ville-vtc has-post-thumbnail sale sold-individually taxable shipping-taxable purchasable product-type-variable\">\n    <div class=\"custom-product-card-content\">\n        <span class=\"on-sale\">PROMO<\/span>        <div class=\"product-image\">\n                            <a href=\"https:\/\/rideandco.com\/giant\/ville-vtc\/velo-ville\/dailytour-e-2-lds-nexus\/\">\n                    <img decoding=\"async\" src=\"https:\/\/rideandco.com\/giant\/wp-content\/uploads\/2026\/02\/dailytour-e2.jpg\" alt=\"DailyTour E+ 2 LDS Nexus\">\n                <\/a>\n                    <\/div>\n        <div class=\"product-info\">\n            <h2 class=\"woocommerce-loop-product__title\">\n                <a href=\"https:\/\/rideandco.com\/giant\/ville-vtc\/velo-ville\/dailytour-e-2-lds-nexus\/\">DailyTour E+ 2 LDS Nexus<\/a>\n            <\/h2>\n                            <p class=\"product-type-de-velo\">V\u00e9lo de ville | GIANT <\/p>\n                       \n            <div class=\"product-icons\">\n                                                    <div class=\"icon-wrapper first-item\">\n                        <img decoding=\"async\" src=\"https:\/\/rideandco.com\/giant\/wp-content\/themes\/rideandco\/src\/img\/icons\/batterie.svg\" alt=\"Battery Icon\" class=\"icon-with-tooltip\">\n                        <div class=\"tooltip custom-tooltip\">500Wh<\/div>\n                    <\/div>\n                                                                        <div class=\"icon-wrapper \">\n                        <img decoding=\"async\" src=\"https:\/\/rideandco.com\/giant\/wp-content\/themes\/rideandco\/src\/img\/icons\/poids.svg\" alt=\"Weight Icon\" class=\"icon-with-tooltip\">\n                        <div class=\"tooltip custom-tooltip\">29.7kg en taille M <\/div>\n                    <\/div>\n                                                                        <div class=\"icon-wrapper \">\n                        <img decoding=\"async\" src=\"https:\/\/rideandco.com\/giant\/wp-content\/themes\/rideandco\/src\/img\/icons\/type_de_jantes.svg\" alt=\"Jantes Icon\" class=\"icon-with-tooltip\">\n                        <div class=\"tooltip custom-tooltip\">Aluminium <\/div>\n                    <\/div>\n                                                                <\/div>           \n            <!-- Ajouter le tarif du produit ici -->\n            <!-- Affichage du prix -->\n            <div class=\"product-price-container\">\n                <div class=\"product-price-wrapper\">\n                    <span class=\"regular-price\"><del>3 300,00 \u20ac<sup>TTC<\/sup><\/del><\/span><span class=\"current-price\">1 999,00 \u20ac<sup>TTC<\/sup><\/span>                <\/div>\n\n                <!-- Affichage du financement mensuel -->\n                <div class=\"product-financing\">\n                    D\u00e8s <span class=\"monthly-paymentlist\">167\u20ac\/mois<\/span> financement sur 12 mois                <\/div>\n            <\/div>\n\n            <!-- Ajoutez ici vos options suppl\u00e9mentaires -->\n            <div class=\"product-options\">\n                <a href=\"https:\/\/rideandco.com\/giant\/ville-vtc\/velo-ville\/dailytour-e-2-lds-nexus\/\" class=\"clickable-link\">\n                    Voir ce v\u00e9lo\n                    <img decoding=\"async\" src=\"https:\/\/rideandco.com\/giant\/wp-content\/themes\/rideandco\/src\/img\/icons\/fleche-droite-verte.svg\" alt=\"Fl\u00e8che droite\" class=\"arrow-icon\">\n                <\/a>\n                <div class=\"product-compare\" data-id=\"119923\">\n                    <a href=\"javascript:addToComparator(119923)\"\n                        class=\"link-add \">\n                        <img decoding=\"async\" src=\"https:\/\/rideandco.com\/giant\/wp-content\/themes\/rideandco\/src\/img\/icons\/ajouter_au_comparateur.svg\"\n                            alt=\"Ajouter au comparateur\"\n                        \/>\n                    <\/a>\n                    <a href=\"javascript:removeFromComparator(119923)\"\n                        class=\"link-remove hidden\">\n                        <img decoding=\"async\" src=\"https:\/\/rideandco.com\/giant\/wp-content\/themes\/rideandco\/src\/img\/icons\/retirer_du_comparateur_rouge.svg\"\n                            alt=\"Retirer du comparateur\"\n                        \/>\n                    <\/a>\n                    <span class=\"tooltip tooltip-add \">\n                        Ajouter au comparateur\n                    <\/span>\n                    <span class=\"tooltip tooltip-remove hidden\">\n                        Retirer du comparateur\n                    <\/span>\n                <\/div>\n            <\/div>\n        <\/div>\n    <\/div>\n<\/li><!-- Valeur r\u00e9cup\u00e9r\u00e9e : PROMO --><li style=\"padding-left: 0px;\n    margin-bottom: 10px;\" class=\"custom-product-card no-before product type-product post-119893 status-publish last instock product_cat-allure product_cat-liv product_cat-promo product_cat-velo-ville product_cat-ville-vtc has-post-thumbnail sale sold-individually taxable shipping-taxable purchasable product-type-variable\">\n    <div class=\"custom-product-card-content\">\n        <span class=\"on-sale\">PROMO<\/span>        <div class=\"product-image\">\n                            <div id=\"carousel-119893\" class=\"carousel\" data-product-id=\"119893\">\n                    <div class=\"carousel-inner\">\n                        <div class=\"carousel-item active\">\n                            <a href=\"https:\/\/rideandco.com\/giant\/liv\/allure\/liv-allure-e-2\/\">\n                                <img decoding=\"async\" src=\"https:\/\/rideandco.com\/giant\/wp-content\/uploads\/2026\/02\/allure-e2.jpg\" alt=\"Allure E+ 2\">\n                            <\/a>\n                        <\/div>\n                                                    <div class=\"carousel-item\">\n                                <a href=\"https:\/\/rideandco.com\/giant\/liv\/allure\/liv-allure-e-2\/\">\n                                    <img decoding=\"async\" src=\"https:\/\/rideandco.com\/giant\/wp-content\/uploads\/2026\/02\/allure-e2222.jpg\" alt=\"Allure E+ 2\">\n                                <\/a>\n                            <\/div>\n                                                    <div class=\"carousel-item\">\n                                <a href=\"https:\/\/rideandco.com\/giant\/liv\/allure\/liv-allure-e-2\/\">\n                                    <img decoding=\"async\" src=\"https:\/\/rideandco.com\/giant\/wp-content\/uploads\/2026\/02\/allure22.jpg\" alt=\"Allure E+ 2\">\n                                <\/a>\n                            <\/div>\n                                            <\/div>\n                    <button class=\"carousel-control-prev\" data-target=\"#carousel-119893\" aria-label=\"Previous\">\n                        <img decoding=\"async\" src=\"https:\/\/rideandco.com\/giant\/wp-content\/themes\/rideandco\/src\/img\/icons\/fleche-gauche-blanche.svg\" alt=\"Pr\u00e9c\u00e9dent\" style=\"width: 60px; height: 60px;\">\n                    <\/button>\n                    <button class=\"carousel-control-next\" data-target=\"#carousel-119893\" aria-label=\"Next\">\n                        <img decoding=\"async\" src=\"https:\/\/rideandco.com\/giant\/wp-content\/themes\/rideandco\/src\/img\/icons\/fleche-droite-blanche.svg\" alt=\"Suivant\" style=\"width: 60px; height: 60px;\">\n                    <\/button>\n                <\/div>\n                <div class=\"carousel-indicators\" data-target=\"#carousel-119893\">\n                    <span class=\"active\"><\/span>\n                                            <span><\/span>\n                                            <span><\/span>\n                                    <\/div>\n                    <\/div>\n        <div class=\"product-info\">\n            <h2 class=\"woocommerce-loop-product__title\">\n                <a href=\"https:\/\/rideandco.com\/giant\/liv\/allure\/liv-allure-e-2\/\">Allure E+ 2<\/a>\n            <\/h2>\n                            <p class=\"product-type-de-velo\">V\u00e9lo de ville | LIV <\/p>\n                       \n            <div class=\"product-icons\">\n                                                    <div class=\"icon-wrapper first-item\">\n                        <img decoding=\"async\" src=\"https:\/\/rideandco.com\/giant\/wp-content\/themes\/rideandco\/src\/img\/icons\/batterie.svg\" alt=\"Battery Icon\" class=\"icon-with-tooltip\">\n                        <div class=\"tooltip custom-tooltip\">500Wh<\/div>\n                    <\/div>\n                                                                        <div class=\"icon-wrapper \">\n                        <img decoding=\"async\" src=\"https:\/\/rideandco.com\/giant\/wp-content\/themes\/rideandco\/src\/img\/icons\/poids.svg\" alt=\"Weight Icon\" class=\"icon-with-tooltip\">\n                        <div class=\"tooltip custom-tooltip\">29kg en taille S <\/div>\n                    <\/div>\n                                                                        <div class=\"icon-wrapper \">\n                        <img decoding=\"async\" src=\"https:\/\/rideandco.com\/giant\/wp-content\/themes\/rideandco\/src\/img\/icons\/type_de_jantes.svg\" alt=\"Jantes Icon\" class=\"icon-with-tooltip\">\n                        <div class=\"tooltip custom-tooltip\">Aluminium <\/div>\n                    <\/div>\n                                                                <\/div>           \n            <!-- Ajouter le tarif du produit ici -->\n            <!-- Affichage du prix -->\n            <div class=\"product-price-container\">\n                <div class=\"product-price-wrapper\">\n                    <span class=\"regular-price\"><del>3 100,00 \u20ac<sup>TTC<\/sup><\/del><\/span><span class=\"current-price\">1 999,00 \u20ac<sup>TTC<\/sup><\/span>                <\/div>\n\n                <!-- Affichage du financement mensuel -->\n                <div class=\"product-financing\">\n                    D\u00e8s <span class=\"monthly-paymentlist\">167\u20ac\/mois<\/span> financement sur 12 mois                <\/div>\n            <\/div>\n\n            <!-- Ajoutez ici vos options suppl\u00e9mentaires -->\n            <div class=\"product-options\">\n                <a href=\"https:\/\/rideandco.com\/giant\/liv\/allure\/liv-allure-e-2\/\" class=\"clickable-link\">\n                    Voir ce v\u00e9lo\n                    <img decoding=\"async\" src=\"https:\/\/rideandco.com\/giant\/wp-content\/themes\/rideandco\/src\/img\/icons\/fleche-droite-verte.svg\" alt=\"Fl\u00e8che droite\" class=\"arrow-icon\">\n                <\/a>\n                <div class=\"product-compare\" data-id=\"119893\">\n                    <a href=\"javascript:addToComparator(119893)\"\n                        class=\"link-add \">\n                        <img decoding=\"async\" src=\"https:\/\/rideandco.com\/giant\/wp-content\/themes\/rideandco\/src\/img\/icons\/ajouter_au_comparateur.svg\"\n                            alt=\"Ajouter au comparateur\"\n                        \/>\n                    <\/a>\n                    <a href=\"javascript:removeFromComparator(119893)\"\n                        class=\"link-remove hidden\">\n                        <img decoding=\"async\" src=\"https:\/\/rideandco.com\/giant\/wp-content\/themes\/rideandco\/src\/img\/icons\/retirer_du_comparateur_rouge.svg\"\n                            alt=\"Retirer du comparateur\"\n                        \/>\n                    <\/a>\n                    <span class=\"tooltip tooltip-add \">\n                        Ajouter au comparateur\n                    <\/span>\n                    <span class=\"tooltip tooltip-remove hidden\">\n                        Retirer du comparateur\n                    <\/span>\n                <\/div>\n            <\/div>\n        <\/div>\n    <\/div>\n<\/li><\/div><\/div><\/div>","protected":false},"excerpt":{"rendered":"<p>Dites Adieu aux embouteillages et les transports en commun avec ce superbe DailyTour E+ 2 LDS.<\/p>\n","protected":false},"featured_media":119927,"comment_status":"closed","ping_status":"closed","template":"","meta":{"_acf_changed":true},"product_brand":[],"product_cat":[506,493,478,556,505],"product_tag":[],"discipline":[],"class_list":{"0":"post-119923","1":"product","2":"type-product","3":"status-publish","4":"has-post-thumbnail","6":"product_cat-velo-ville","7":"product_cat-dailytour","8":"product_cat-giant","9":"product_cat-promo","10":"product_cat-ville-vtc","12":"first","13":"instock","14":"sale","15":"sold-individually","16":"taxable","17":"shipping-taxable","18":"purchasable","19":"product-type-variable"},"acf":{"infos_globales":{"nom_produit":"DailyTour E+ 2 LDS Nexus","marque_velo":"GIANT","annee":2025,"type_de_velo":"V\u00e9lo de ville","assitance_velo":"V\u00e9lo \u00e9lectrique","garantie_produit":"Cadre : \u00e0 vie \/ Composants, transmission et p\u00e9riph\u00e9riques : 2 ans","genre_du_produit":"unisexe","assurance_incluse":false,"taille__en_cm":""},"cadre_velo":{"forme_du_cadre":"Bas","cadre":"Aluminium ALUXX","matiere_du_cadre":["Aluminium"],"marque_de_la_fourche":"SR Suntour","fourche":"SR Suntour NEX E25, blocage, 63 mm, 15AQ","amortisseur":""},"systeme_moteur":{"moteur":"SyncDrive Core, 50 Nm, aliment\u00e9 par Yamaha","batterie":"500Wh","details-batterie":"EnergyPak Smart 500Wh","simulateur_autonomie":"","autonomie":"","compteur":"RideDash Evo","chargeur":""},"transmission":{"type_de_transmission":"mecanique","Manettes_commandes_de_vitesse":"Shimano Nexus 7 vitesses Revoshift","type_de_pedalier":"Pignon avant Gates CDXtm CenterTrack 46T","derailleur_avant":"","derailleur_arriere":"","type_de_cassette":"Pignon arri\u00e8re Gates CDXtm en acier inoxydable 22T","type_de_chaine":"Courroie Gates CDXtm Carbon Drive 122T CenterTrack"},"type_de_freins":{"frein_av":"Shimano MT200, freins \u00e0 disque hydrauliques","frein_ar":"Shimano MT200, freins \u00e0 disque hydrauliques"},"roues":{"type-de-roues":"","type_de_jantes":"Zac 421, 700c Aluminium","matiere_jantes":"Aluminium","pneus":"Schwalbe Marathon 622x50 Green Guard","moyeu_av":"Frein \u00e0 disque Shimano HB-MT400 axe traversant 100x15mm","moyeu_ar":"frein \u00e0 disque Shimano Nexus 7"},"cockpit_poste_de_pilotage":{"type_de_guidon":"Giant Contour GT 31.8mm","type_de_potence":"Giant Contour, EVO display integrated, ajustable","type_de_selle":"Selle Royal Look-In gel","type_de_tige_de_selle":"Suspension , 30,9x270mm","type_de_collier_de_selle":"","type_de_poignees":"Connect Ergo Max Sweep"},"particularite_du_velo":{"type_de_pedales":"","accessoires_du_velo":"EclairageAxa Blueline 30 front LEDAxa Blueline rear LED Porte-bagagesMIK rack. System bag &amp; basket compatible","poids":"29.7kg en taille M","poids_total_autorise":"156kg"}},"_links":{"self":[{"href":"https:\/\/rideandco.com\/giant\/wp-json\/wp\/v2\/product\/119923","targetHints":{"allow":["GET"]}}],"collection":[{"href":"https:\/\/rideandco.com\/giant\/wp-json\/wp\/v2\/product"}],"about":[{"href":"https:\/\/rideandco.com\/giant\/wp-json\/wp\/v2\/types\/product"}],"replies":[{"embeddable":true,"href":"https:\/\/rideandco.com\/giant\/wp-json\/wp\/v2\/comments?post=119923"}],"wp:featuredmedia":[{"embeddable":true,"href":"https:\/\/rideandco.com\/giant\/wp-json\/wp\/v2\/media\/119927"}],"wp:attachment":[{"href":"https:\/\/rideandco.com\/giant\/wp-json\/wp\/v2\/media?parent=119923"}],"wp:term":[{"taxonomy":"product_brand","embeddable":true,"href":"https:\/\/rideandco.com\/giant\/wp-json\/wp\/v2\/product_brand?post=119923"},{"taxonomy":"product_cat","embeddable":true,"href":"https:\/\/rideandco.com\/giant\/wp-json\/wp\/v2\/product_cat?post=119923"},{"taxonomy":"product_tag","embeddable":true,"href":"https:\/\/rideandco.com\/giant\/wp-json\/wp\/v2\/product_tag?post=119923"},{"taxonomy":"discipline","embeddable":true,"href":"https:\/\/rideandco.com\/giant\/wp-json\/wp\/v2\/discipline?post=119923"}],"curies":[{"name":"wp","href":"https:\/\/api.w.org\/{rel}","templated":true}]}}