{"id":119673,"date":"2026-01-27T12:31:53","date_gmt":"2026-01-27T11:31:53","guid":{"rendered":"https:\/\/rideandco.com\/giant\/?post_type=product&#038;p=119673"},"modified":"2026-05-13T06:00:22","modified_gmt":"2026-05-13T04:00:22","slug":"gravel-liv-devote-2-2026","status":"publish","type":"product","link":"https:\/\/rideandco.com\/giant\/liv\/devote\/gravel-liv-devote-2-2026\/","title":{"rendered":"Devote 2 2026"},"content":{"rendered":"\n<h3 class=\"wp-block-heading\">Devote 2 2026 en d\u00e9tail<\/h3>\n\n\n\n<p>Le Devote 2 2026 a \u00e9t\u00e9 con\u00e7u pour les femmes en qu\u00eate d\u2019aventure sur tous les terrains. Alliant performance et robustesse, ce v\u00e9lo gravel vous accompagne partout : \u00e0 travers les bois, sur des sentiers sinueux ou m\u00eame lors de votre premi\u00e8re course de gravel.<\/p>\n\n\n\n<h3 class=\"wp-block-heading\">Facteurs cl\u00e9s de performance<\/h3>\n\n\n\n<p><strong>L\u00e9ger et r\u00e9actif<br><\/strong>Le Devote 2 2026 associe un cadre ALUXX \u00e0 une fourche composite Advanced, offrant \u00e0 la fois l\u00e9g\u00e8ret\u00e9 et solidit\u00e9 pour une conduite dynamique sur tous les parcours.<\/p>\n\n\n\n<p><strong>Confort et ma\u00eetrise<br><\/strong>Le cintre Contact XR D-Fuse, avec un back sweep de 5 degr\u00e9s, assure une prise en main ergonomique et confortable, r\u00e9duisant la fatigue et am\u00e9liorant le contr\u00f4le sur les longues distances. Combin\u00e9 \u00e0 la tige de selle D-Fuse, il absorbe les vibrations pour des sorties plus longues et plus agr\u00e9ables.<\/p>\n\n\n\n<p><strong>Polyvalence avanc\u00e9e<br><\/strong>Le flip-chip permet d\u2019adapter la g\u00e9om\u00e9trie selon le terrain en modifiant la position de la roue arri\u00e8re et l\u2019empattement. Choisissez la position courte pour plus de r\u00e9activit\u00e9 et de maniabilit\u00e9, ou la position longue pour une stabilit\u00e9 renforc\u00e9e et un meilleur d\u00e9gagement.<\/p>\n\n\n\n<div  class=\"image-collage dynamic-grid\">\n    <div class=\"grid-item large\"><img loading=\"lazy\" decoding=\"async\" width=\"980\" height=\"654\" src=\"https:\/\/rideandco.com\/giant\/wp-content\/uploads\/2026\/01\/MY26Devote2-9042-1024x683.png\" class=\"grid-image\" alt=\"\" srcset=\"https:\/\/rideandco.com\/giant\/wp-content\/uploads\/2026\/01\/MY26Devote2-9042-1024x683.png 1024w, https:\/\/rideandco.com\/giant\/wp-content\/uploads\/2026\/01\/MY26Devote2-9042-300x200.png 300w, https:\/\/rideandco.com\/giant\/wp-content\/uploads\/2026\/01\/MY26Devote2-9042-768x512.png 768w, https:\/\/rideandco.com\/giant\/wp-content\/uploads\/2026\/01\/MY26Devote2-9042-600x400.png 600w, https:\/\/rideandco.com\/giant\/wp-content\/uploads\/2026\/01\/MY26Devote2-9042-416x277.png 416w, https:\/\/rideandco.com\/giant\/wp-content\/uploads\/2026\/01\/MY26Devote2-9042.png 1500w\" sizes=\"auto, (max-width: 980px) 100vw, 980px\" \/><\/div><div class=\"grid-item small\"><img loading=\"lazy\" decoding=\"async\" width=\"980\" height=\"654\" src=\"https:\/\/rideandco.com\/giant\/wp-content\/uploads\/2026\/01\/MY26Devote2-9405-1024x683.png\" class=\"grid-image\" alt=\"\" srcset=\"https:\/\/rideandco.com\/giant\/wp-content\/uploads\/2026\/01\/MY26Devote2-9405-1024x683.png 1024w, https:\/\/rideandco.com\/giant\/wp-content\/uploads\/2026\/01\/MY26Devote2-9405-300x200.png 300w, https:\/\/rideandco.com\/giant\/wp-content\/uploads\/2026\/01\/MY26Devote2-9405-768x512.png 768w, https:\/\/rideandco.com\/giant\/wp-content\/uploads\/2026\/01\/MY26Devote2-9405-600x400.png 600w, https:\/\/rideandco.com\/giant\/wp-content\/uploads\/2026\/01\/MY26Devote2-9405-416x277.png 416w, https:\/\/rideandco.com\/giant\/wp-content\/uploads\/2026\/01\/MY26Devote2-9405.png 1500w\" sizes=\"auto, (max-width: 980px) 100vw, 980px\" \/><\/div><div class=\"grid-item small\"><img loading=\"lazy\" decoding=\"async\" width=\"980\" height=\"654\" src=\"https:\/\/rideandco.com\/giant\/wp-content\/uploads\/2026\/01\/MY26-BIE-Devote2-3891-1024x683.png\" class=\"grid-image\" alt=\"\" srcset=\"https:\/\/rideandco.com\/giant\/wp-content\/uploads\/2026\/01\/MY26-BIE-Devote2-3891-1024x683.png 1024w, https:\/\/rideandco.com\/giant\/wp-content\/uploads\/2026\/01\/MY26-BIE-Devote2-3891-300x200.png 300w, https:\/\/rideandco.com\/giant\/wp-content\/uploads\/2026\/01\/MY26-BIE-Devote2-3891-768x512.png 768w, https:\/\/rideandco.com\/giant\/wp-content\/uploads\/2026\/01\/MY26-BIE-Devote2-3891-600x400.png 600w, https:\/\/rideandco.com\/giant\/wp-content\/uploads\/2026\/01\/MY26-BIE-Devote2-3891-416x277.png 416w, https:\/\/rideandco.com\/giant\/wp-content\/uploads\/2026\/01\/MY26-BIE-Devote2-3891.png 1500w\" sizes=\"auto, (max-width: 980px) 100vw, 980px\" \/><\/div><div class=\"grid-item medium\"><img loading=\"lazy\" decoding=\"async\" width=\"980\" height=\"654\" src=\"https:\/\/rideandco.com\/giant\/wp-content\/uploads\/2026\/01\/MY26-BIE-Devote2-3880-1024x683.png\" class=\"grid-image\" alt=\"\" srcset=\"https:\/\/rideandco.com\/giant\/wp-content\/uploads\/2026\/01\/MY26-BIE-Devote2-3880-1024x683.png 1024w, https:\/\/rideandco.com\/giant\/wp-content\/uploads\/2026\/01\/MY26-BIE-Devote2-3880-300x200.png 300w, https:\/\/rideandco.com\/giant\/wp-content\/uploads\/2026\/01\/MY26-BIE-Devote2-3880-768x512.png 768w, https:\/\/rideandco.com\/giant\/wp-content\/uploads\/2026\/01\/MY26-BIE-Devote2-3880-600x400.png 600w, https:\/\/rideandco.com\/giant\/wp-content\/uploads\/2026\/01\/MY26-BIE-Devote2-3880-416x277.png 416w, https:\/\/rideandco.com\/giant\/wp-content\/uploads\/2026\/01\/MY26-BIE-Devote2-3880.png 1500w\" sizes=\"auto, (max-width: 980px) 100vw, 980px\" \/><\/div><div class=\"grid-item small\"><img loading=\"lazy\" decoding=\"async\" width=\"980\" height=\"654\" src=\"https:\/\/rideandco.com\/giant\/wp-content\/uploads\/2026\/01\/MY26-BIE-Devote2-3884-1024x683.png\" class=\"grid-image\" alt=\"\" srcset=\"https:\/\/rideandco.com\/giant\/wp-content\/uploads\/2026\/01\/MY26-BIE-Devote2-3884-1024x683.png 1024w, https:\/\/rideandco.com\/giant\/wp-content\/uploads\/2026\/01\/MY26-BIE-Devote2-3884-300x200.png 300w, https:\/\/rideandco.com\/giant\/wp-content\/uploads\/2026\/01\/MY26-BIE-Devote2-3884-768x512.png 768w, https:\/\/rideandco.com\/giant\/wp-content\/uploads\/2026\/01\/MY26-BIE-Devote2-3884-600x400.png 600w, https:\/\/rideandco.com\/giant\/wp-content\/uploads\/2026\/01\/MY26-BIE-Devote2-3884-416x277.png 416w, https:\/\/rideandco.com\/giant\/wp-content\/uploads\/2026\/01\/MY26-BIE-Devote2-3884.png 1500w\" sizes=\"auto, (max-width: 980px) 100vw, 980px\" \/><\/div><div class=\"grid-item large\"><img loading=\"lazy\" decoding=\"async\" width=\"980\" height=\"654\" src=\"https:\/\/rideandco.com\/giant\/wp-content\/uploads\/2026\/01\/MY26-BIE-Devote2-3862-Copie-1024x683.png\" class=\"grid-image\" alt=\"\" srcset=\"https:\/\/rideandco.com\/giant\/wp-content\/uploads\/2026\/01\/MY26-BIE-Devote2-3862-Copie-1024x683.png 1024w, https:\/\/rideandco.com\/giant\/wp-content\/uploads\/2026\/01\/MY26-BIE-Devote2-3862-Copie-300x200.png 300w, https:\/\/rideandco.com\/giant\/wp-content\/uploads\/2026\/01\/MY26-BIE-Devote2-3862-Copie-768x512.png 768w, https:\/\/rideandco.com\/giant\/wp-content\/uploads\/2026\/01\/MY26-BIE-Devote2-3862-Copie-600x400.png 600w, https:\/\/rideandco.com\/giant\/wp-content\/uploads\/2026\/01\/MY26-BIE-Devote2-3862-Copie-416x277.png 416w, https:\/\/rideandco.com\/giant\/wp-content\/uploads\/2026\/01\/MY26-BIE-Devote2-3862-Copie.png 1500w\" sizes=\"auto, (max-width: 980px) 100vw, 980px\" \/><\/div><div class=\"grid-item medium\"><img loading=\"lazy\" decoding=\"async\" width=\"980\" height=\"654\" src=\"https:\/\/rideandco.com\/giant\/wp-content\/uploads\/2026\/01\/MY26-BIE-Devote2-3828-Copie-1024x683.png\" class=\"grid-image\" alt=\"Devote 2 2026\" srcset=\"https:\/\/rideandco.com\/giant\/wp-content\/uploads\/2026\/01\/MY26-BIE-Devote2-3828-Copie-1024x683.png 1024w, https:\/\/rideandco.com\/giant\/wp-content\/uploads\/2026\/01\/MY26-BIE-Devote2-3828-Copie-300x200.png 300w, https:\/\/rideandco.com\/giant\/wp-content\/uploads\/2026\/01\/MY26-BIE-Devote2-3828-Copie-768x512.png 768w, https:\/\/rideandco.com\/giant\/wp-content\/uploads\/2026\/01\/MY26-BIE-Devote2-3828-Copie-600x400.png 600w, https:\/\/rideandco.com\/giant\/wp-content\/uploads\/2026\/01\/MY26-BIE-Devote2-3828-Copie-416x277.png 416w, https:\/\/rideandco.com\/giant\/wp-content\/uploads\/2026\/01\/MY26-BIE-Devote2-3828-Copie.png 1500w\" sizes=\"auto, (max-width: 980px) 100vw, 980px\" \/><\/div><\/div>\n\n\n\n<p><strong>Aluminium ALUXX<br><\/strong>Ce cadre haute performance est r\u00e9alis\u00e9 en alliage aluminium 6061 avec des tubes \u00e0 simple aboutement, offrant un excellent compromis entre l\u00e9g\u00e8ret\u00e9 et solidit\u00e9. Il convient \u00e0 tous types de v\u00e9los et de styles de pilotage, tout en garantissant robustesse et durabilit\u00e9.<\/p>\n\n\n\n<p><strong>D-Fuse<br><\/strong>La tige de selle et le cintre D-Fuse travaillent en synergie pour absorber les vibrations et les irr\u00e9gularit\u00e9s de la route, permettant de rouler plus longtemps avec un confort accru.<\/p>\n\n\n\n<p><strong>OverDrive<br><\/strong>Cette technologie de pivot de fourche am\u00e9liore la pr\u00e9cision de la direction avant. Elle combine des roulements surdimensionn\u00e9s dans le jeu de direction (inf\u00e9rieur 1 1\/4&Prime; et sup\u00e9rieur 1 1\/8&Prime; pour la route ; inf\u00e9rieur 1 1\/2&Prime; et sup\u00e9rieur 1 1\/8&Prime; pour le tout-terrain) \u00e0 un pivot conique, garantissant une rigidit\u00e9 optimale et un pilotage pr\u00e9cis.<\/p>\n\n\n\n<p><strong>Tubeless System<br><\/strong>Le syst\u00e8me tubeless Liv r\u00e9duit les risques de crevaisons et augmente l\u2019adh\u00e9rence, tout en diminuant la r\u00e9sistance au roulement. Il permet ainsi une conduite plus rapide, plus s\u00fbre et plus pr\u00e9cise, accessible \u00e0 tous les cyclistes.<\/p>\n\n\n \n <!-- G\u00e9n\u00e9rer le bouton avec les classes appropri\u00e9es -->\n <a href=\"https:\/\/www.giant-bicycles.com\/fr\/registration\" class=\"custom-button custom-button-style2\" target=\"_blank\" rel=\"noopener\">\n     <span class=\"custom-button-text\">Enregistrez votre v\u00e9lo pour la garantie !<\/span>\n      <\/a>\n \n\n \n <!-- G\u00e9n\u00e9rer le bouton avec les classes appropri\u00e9es -->\n <a href=\"https:\/\/rideandco.com\/contacts-et-acces\" class=\"custom-button custom-button-style1\">\n     <span class=\"custom-button-text\">Contactez notre \u00e9quipe !<\/span>\n      <\/a>\n \n\n\n<h2 class=\"wp-block-heading\">Nos gravels LIV en stock<\/h2>\n\n\n<div id=\"product-slider-6a04aa18deabd\" class=\"product-grid-custom-slider\"><div class=\"slider-wrapper\"><div class=\"slider-slide\"><!-- Valeur r\u00e9cup\u00e9r\u00e9e : PROMO --><li style=\"padding-left: 0px;\n    margin-bottom: 10px;\" class=\"custom-product-card no-before product type-product post-119686 status-publish first instock product_cat-velo-route product_cat-devote product_cat-gravel-velo-route product_cat-liv has-post-thumbnail sold-individually taxable shipping-taxable purchasable product-type-variable\">\n    <div class=\"custom-product-card-content\">\n                <div class=\"product-image\">\n                            <div id=\"carousel-119686\" class=\"carousel\" data-product-id=\"119686\">\n                    <div class=\"carousel-inner\">\n                        <div class=\"carousel-item active\">\n                            <a href=\"https:\/\/rideandco.com\/giant\/velo-route\/gravel-devote-advanced-2-2026\/\">\n                                <img decoding=\"async\" src=\"https:\/\/rideandco.com\/giant\/wp-content\/uploads\/2026\/01\/devoteadv22.jpg\" alt=\"Devote Advanced 2 2026\">\n                            <\/a>\n                        <\/div>\n                                                    <div class=\"carousel-item\">\n                                <a href=\"https:\/\/rideandco.com\/giant\/velo-route\/gravel-devote-advanced-2-2026\/\">\n                                    <img decoding=\"async\" src=\"https:\/\/rideandco.com\/giant\/wp-content\/uploads\/2026\/01\/MY26DevoteAdvanced2_ColorALunarEclipse-D3-scaled.jpg\" alt=\"Devote Advanced 2 2026\">\n                                <\/a>\n                            <\/div>\n                                                    <div class=\"carousel-item\">\n                                <a href=\"https:\/\/rideandco.com\/giant\/velo-route\/gravel-devote-advanced-2-2026\/\">\n                                    <img decoding=\"async\" src=\"https:\/\/rideandco.com\/giant\/wp-content\/uploads\/2026\/01\/MY26DevoteAdvanced2_ColorALunarEclipse-D1-scaled.jpg\" alt=\"Devote Advanced 2 2026\">\n                                <\/a>\n                            <\/div>\n                                            <\/div>\n                    <button class=\"carousel-control-prev\" data-target=\"#carousel-119686\" aria-label=\"Previous\">\n                        <img decoding=\"async\" src=\"https:\/\/rideandco.com\/giant\/wp-content\/themes\/rideandco\/src\/img\/icons\/fleche-gauche-blanche.svg\" alt=\"Pr\u00e9c\u00e9dent\" style=\"width: 60px; height: 60px;\">\n                    <\/button>\n                    <button class=\"carousel-control-next\" data-target=\"#carousel-119686\" aria-label=\"Next\">\n                        <img decoding=\"async\" src=\"https:\/\/rideandco.com\/giant\/wp-content\/themes\/rideandco\/src\/img\/icons\/fleche-droite-blanche.svg\" alt=\"Suivant\" style=\"width: 60px; height: 60px;\">\n                    <\/button>\n                <\/div>\n                <div class=\"carousel-indicators\" data-target=\"#carousel-119686\">\n                    <span class=\"active\"><\/span>\n                                            <span><\/span>\n                                            <span><\/span>\n                                    <\/div>\n                    <\/div>\n        <div class=\"product-info\">\n            <h2 class=\"woocommerce-loop-product__title\">\n                <a href=\"https:\/\/rideandco.com\/giant\/velo-route\/gravel-devote-advanced-2-2026\/\">Devote Advanced 2 2026<\/a>\n            <\/h2>\n                            <p class=\"product-type-de-velo\">V\u00e9lo gravel | LIV <\/p>\n                       \n            <div class=\"product-icons\">\n                                                                    <div class=\"icon-wrapper first-item\">\n                        <img decoding=\"async\" src=\"https:\/\/rideandco.com\/giant\/wp-content\/themes\/rideandco\/src\/img\/icons\/poids.svg\" alt=\"Weight Icon\" class=\"icon-with-tooltip\">\n                        <div class=\"tooltip custom-tooltip\">9.35kg <\/div>\n                    <\/div>\n                                                                        <div class=\"icon-wrapper \">\n                        <img decoding=\"async\" src=\"https:\/\/rideandco.com\/giant\/wp-content\/themes\/rideandco\/src\/img\/icons\/type_de_jantes.svg\" alt=\"Jantes Icon\" class=\"icon-with-tooltip\">\n                        <div class=\"tooltip custom-tooltip\">Aluminium <\/div>\n                    <\/div>\n                                                                <\/div>           \n            <!-- Ajouter le tarif du produit ici -->\n            <!-- Affichage du prix -->\n            <div class=\"product-price-container\">\n                <div class=\"product-price-wrapper\">\n                    <span class=\"current-price\">3 000,00 \u20ac<sup>TTC<\/sup><\/span>                <\/div>\n\n                <!-- Affichage du financement mensuel -->\n                <div class=\"product-financing\">\n                    D\u00e8s <span class=\"monthly-paymentlist\">250\u20ac\/mois<\/span> financement sur 12 mois                <\/div>\n            <\/div>\n\n            <!-- Ajoutez ici vos options suppl\u00e9mentaires -->\n            <div class=\"product-options\">\n                <a href=\"https:\/\/rideandco.com\/giant\/velo-route\/gravel-devote-advanced-2-2026\/\" class=\"clickable-link\">\n                    Voir ce v\u00e9lo\n                    <img decoding=\"async\" src=\"https:\/\/rideandco.com\/giant\/wp-content\/themes\/rideandco\/src\/img\/icons\/fleche-droite-verte.svg\" alt=\"Fl\u00e8che droite\" class=\"arrow-icon\">\n                <\/a>\n                <div class=\"product-compare\" data-id=\"119686\">\n                    <a href=\"javascript:addToComparator(119686)\"\n                        class=\"link-add \">\n                        <img decoding=\"async\" src=\"https:\/\/rideandco.com\/giant\/wp-content\/themes\/rideandco\/src\/img\/icons\/ajouter_au_comparateur.svg\"\n                            alt=\"Ajouter au comparateur\"\n                        \/>\n                    <\/a>\n                    <a href=\"javascript:removeFromComparator(119686)\"\n                        class=\"link-remove hidden\">\n                        <img decoding=\"async\" src=\"https:\/\/rideandco.com\/giant\/wp-content\/themes\/rideandco\/src\/img\/icons\/retirer_du_comparateur_rouge.svg\"\n                            alt=\"Retirer du comparateur\"\n                        \/>\n                    <\/a>\n                    <span class=\"tooltip tooltip-add \">\n                        Ajouter au comparateur\n                    <\/span>\n                    <span class=\"tooltip tooltip-remove hidden\">\n                        Retirer du comparateur\n                    <\/span>\n                <\/div>\n            <\/div>\n        <\/div>\n    <\/div>\n<\/li><!-- Valeur r\u00e9cup\u00e9r\u00e9e : PROMO --><li style=\"padding-left: 0px;\n    margin-bottom: 10px;\" class=\"custom-product-card no-before product type-product post-119673 status-publish instock product_cat-devote product_cat-gravel-velo-route product_cat-liv product_cat-velo-route has-post-thumbnail sold-individually taxable shipping-taxable purchasable product-type-variable\">\n    <div class=\"custom-product-card-content\">\n                <div class=\"product-image\">\n                            <a href=\"https:\/\/rideandco.com\/giant\/liv\/devote\/gravel-liv-devote-2-2026\/\">\n                    <img decoding=\"async\" src=\"https:\/\/rideandco.com\/giant\/wp-content\/uploads\/2026\/01\/devote-2.jpg\" alt=\"Devote 2 2026\">\n                <\/a>\n                    <\/div>\n        <div class=\"product-info\">\n            <h2 class=\"woocommerce-loop-product__title\">\n                <a href=\"https:\/\/rideandco.com\/giant\/liv\/devote\/gravel-liv-devote-2-2026\/\">Devote 2 2026<\/a>\n            <\/h2>\n                            <p class=\"product-type-de-velo\">V\u00e9lo gravel | LIV <\/p>\n                       \n            <div class=\"product-icons\">\n                                                                    <div class=\"icon-wrapper first-item\">\n                        <img decoding=\"async\" src=\"https:\/\/rideandco.com\/giant\/wp-content\/themes\/rideandco\/src\/img\/icons\/poids.svg\" alt=\"Weight Icon\" class=\"icon-with-tooltip\">\n                        <div class=\"tooltip custom-tooltip\">9.8kg en taille S <\/div>\n                    <\/div>\n                                                                        <div class=\"icon-wrapper \">\n                        <img decoding=\"async\" src=\"https:\/\/rideandco.com\/giant\/wp-content\/themes\/rideandco\/src\/img\/icons\/type_de_jantes.svg\" alt=\"Jantes Icon\" class=\"icon-with-tooltip\">\n                        <div class=\"tooltip custom-tooltip\">Aluminium <\/div>\n                    <\/div>\n                                                                <\/div>           \n            <!-- Ajouter le tarif du produit ici -->\n            <!-- Affichage du prix -->\n            <div class=\"product-price-container\">\n                <div class=\"product-price-wrapper\">\n                    <span class=\"current-price\">1 550,00 \u20ac<sup>TTC<\/sup><\/span>                <\/div>\n\n                <!-- Affichage du financement mensuel -->\n                <div class=\"product-financing\">\n                    D\u00e8s <span class=\"monthly-paymentlist\">129\u20ac\/mois<\/span> financement sur 12 mois                <\/div>\n            <\/div>\n\n            <!-- Ajoutez ici vos options suppl\u00e9mentaires -->\n            <div class=\"product-options\">\n                <a href=\"https:\/\/rideandco.com\/giant\/liv\/devote\/gravel-liv-devote-2-2026\/\" class=\"clickable-link\">\n                    Voir ce v\u00e9lo\n                    <img decoding=\"async\" src=\"https:\/\/rideandco.com\/giant\/wp-content\/themes\/rideandco\/src\/img\/icons\/fleche-droite-verte.svg\" alt=\"Fl\u00e8che droite\" class=\"arrow-icon\">\n                <\/a>\n                <div class=\"product-compare\" data-id=\"119673\">\n                    <a href=\"javascript:addToComparator(119673)\"\n                        class=\"link-add \">\n                        <img decoding=\"async\" src=\"https:\/\/rideandco.com\/giant\/wp-content\/themes\/rideandco\/src\/img\/icons\/ajouter_au_comparateur.svg\"\n                            alt=\"Ajouter au comparateur\"\n                        \/>\n                    <\/a>\n                    <a href=\"javascript:removeFromComparator(119673)\"\n                        class=\"link-remove hidden\">\n                        <img decoding=\"async\" src=\"https:\/\/rideandco.com\/giant\/wp-content\/themes\/rideandco\/src\/img\/icons\/retirer_du_comparateur_rouge.svg\"\n                            alt=\"Retirer du comparateur\"\n                        \/>\n                    <\/a>\n                    <span class=\"tooltip tooltip-add \">\n                        Ajouter au comparateur\n                    <\/span>\n                    <span class=\"tooltip tooltip-remove hidden\">\n                        Retirer du comparateur\n                    <\/span>\n                <\/div>\n            <\/div>\n        <\/div>\n    <\/div>\n<\/li><\/div><\/div><\/div>","protected":false},"excerpt":{"rendered":"<p>Pens\u00e9 pour les aventures sur tous les terrains possibles, le gravel LIV Devote 2 2026 est l\u00e9ger et agile.<\/p>\n","protected":false},"featured_media":119674,"comment_status":"closed","ping_status":"closed","template":"","meta":{"_acf_changed":true},"product_brand":[],"product_cat":[522,511,515,508],"product_tag":[],"discipline":[],"class_list":{"0":"post-119673","1":"product","2":"type-product","3":"status-publish","4":"has-post-thumbnail","6":"product_cat-devote","7":"product_cat-gravel-velo-route","8":"product_cat-liv","9":"product_cat-velo-route","11":"last","12":"instock","13":"sold-individually","14":"taxable","15":"shipping-taxable","16":"purchasable","17":"product-type-variable"},"acf":{"infos_globales":{"nom_produit":"Devote 2 2026","marque_velo":"LIV","annee":2026,"type_de_velo":"V\u00e9lo gravel","assitance_velo":"V\u00e9lo musculaire","garantie_produit":"Cadre : \u00e0 vie \/ Composants et p\u00e9riph\u00e9riques : 2 ans","genre_du_produit":"unisexe","assurance_incluse":true,"taille__en_cm":""},"cadre_velo":{"forme_du_cadre":"Haut","cadre":"ALUXX-grade aluminum, 12x142mm","matiere_du_cadre":["Aluminium"],"marque_de_la_fourche":"Carbone","fourche":"Carbone avanc\u00e9, pivot OverDrive enti\u00e8rement composite, axe traversant de 12 mm, disque","amortisseur":""},"systeme_moteur":{"moteur":"","batterie":"","details-batterie":"","simulateur_autonomie":"","autonomie":"","compteur":"","chargeur":""},"transmission":{"type_de_transmission":"mecanique","Manettes_commandes_de_vitesse":"Shimano CUES U3030, 2x9","type_de_pedalier":"Shimano Cues, FC-U6030, 32\/46, XS: 165mm, S: 170mm, M: 172.5mm, L: 172.5mm","derailleur_avant":"Shimano CUES U6030","derailleur_arriere":"Shimano CUES U4020","type_de_cassette":"Shimano CS-LG300, 11x36","type_de_chaine":"KMC X11"},"type_de_freins":{"frein_av":"Shimano BR-RS305, Giant MPH 160mm","frein_ar":"Shimano BR-RS305, Giant MPH 160mm"},"roues":{"type-de-roues":"","type_de_jantes":"Giant S-X2 Disc","matiere_jantes":"Aluminium","pneus":"Giant CrossCut AT 2, 700x38c, tubeless","moyeu_av":"axe traversant de 12 mm","moyeu_ar":"axe traversant de 12 mm"},"cockpit_poste_de_pilotage":{"type_de_guidon":"Giant Contact XR D-Fuse, 31,8 mm, courbure arri\u00e8re de 5 degr\u00e9s, \u00e9vasement prononc\u00e9, XS : 400 mm, S : 400 mm, M : 420 mm, L : 420 mm","type_de_potence":"Giant Contact, angle de 8 degr\u00e9s, XS : 50 mm, S : 60 mm, M : 70 mm, L : 80 mm","type_de_selle":"Liv Grit","type_de_tige_de_selle":"Giant D-Fuse, aluminium","type_de_collier_de_selle":"","type_de_poignees":"Ruban de li\u00e8ge avec gel"},"particularite_du_velo":{"type_de_pedales":"","accessoires_du_velo":"Kit d\u2019\u00e9clairage avant et arri\u00e8re \u00e0 piles","poids":"9.8kg en taille S","poids_total_autorise":""}},"_links":{"self":[{"href":"https:\/\/rideandco.com\/giant\/wp-json\/wp\/v2\/product\/119673","targetHints":{"allow":["GET"]}}],"collection":[{"href":"https:\/\/rideandco.com\/giant\/wp-json\/wp\/v2\/product"}],"about":[{"href":"https:\/\/rideandco.com\/giant\/wp-json\/wp\/v2\/types\/product"}],"replies":[{"embeddable":true,"href":"https:\/\/rideandco.com\/giant\/wp-json\/wp\/v2\/comments?post=119673"}],"wp:featuredmedia":[{"embeddable":true,"href":"https:\/\/rideandco.com\/giant\/wp-json\/wp\/v2\/media\/119674"}],"wp:attachment":[{"href":"https:\/\/rideandco.com\/giant\/wp-json\/wp\/v2\/media?parent=119673"}],"wp:term":[{"taxonomy":"product_brand","embeddable":true,"href":"https:\/\/rideandco.com\/giant\/wp-json\/wp\/v2\/product_brand?post=119673"},{"taxonomy":"product_cat","embeddable":true,"href":"https:\/\/rideandco.com\/giant\/wp-json\/wp\/v2\/product_cat?post=119673"},{"taxonomy":"product_tag","embeddable":true,"href":"https:\/\/rideandco.com\/giant\/wp-json\/wp\/v2\/product_tag?post=119673"},{"taxonomy":"discipline","embeddable":true,"href":"https:\/\/rideandco.com\/giant\/wp-json\/wp\/v2\/discipline?post=119673"}],"curies":[{"name":"wp","href":"https:\/\/api.w.org\/{rel}","templated":true}]}}