{"id":119664,"date":"2026-01-27T11:55:56","date_gmt":"2026-01-27T10:55:56","guid":{"rendered":"https:\/\/rideandco.com\/giant\/?post_type=product&#038;p=119664"},"modified":"2026-05-13T06:00:22","modified_gmt":"2026-05-13T04:00:22","slug":"gravel-liv-devote-1-2026","status":"publish","type":"product","link":"https:\/\/rideandco.com\/giant\/liv\/devote\/gravel-liv-devote-1-2026\/","title":{"rendered":"Devote 1 2026"},"content":{"rendered":"\n<h2 class=\"wp-block-heading\">Nouveau Devote 1 2026 : con\u00e7u pour les assoiff\u00e9es d&rsquo;aventures<\/h2>\n\n\n\n<p>Le Devote 1 2026 a \u00e9t\u00e9 pens\u00e9 pour r\u00e9pondre \u00e0 votre soif d\u2019aventure sur tous les types de terrain. Performant et robuste, ce v\u00e9lo gravel pour femmes vous accompagne partout : en for\u00eat, sur des sentiers sinueux ou m\u00eame lors de votre premi\u00e8re course de gravel.<\/p>\n\n\n\n<h2 class=\"wp-block-heading\">Facteurs cl\u00e9s de performance<\/h2>\n\n\n\n<p><strong>L\u00e9ger et r\u00e9actif<br><\/strong>Le Devote 1 2026 associe un cadre ALUXX \u00e0 une fourche composite Advanced, offrant \u00e0 la fois l\u00e9g\u00e8ret\u00e9 et solidit\u00e9 pour affronter tous les parcours.<\/p>\n\n\n\n<p><strong>Confort et ma\u00eetrise<br><\/strong>Le cintre Contact XR D-Fuse, dot\u00e9 d\u2019un back sweep de 5 degr\u00e9s, assure une prise en main confortable et ergonomique, r\u00e9duisant la fatigue et am\u00e9liorant le contr\u00f4le lors des longues sorties. Combin\u00e9s \u00e0 la tige de selle D-Fuse, ces composants absorbent les vibrations pour un confort optimal sur tous les parcours.<\/p>\n\n\n\n<p><strong>Polyvalence avanc\u00e9e<br><\/strong>Gr\u00e2ce au flip-chip, vous pouvez ajuster la position de la roue arri\u00e8re et l\u2019empattement selon vos besoins. Optez pour la position courte pour plus de r\u00e9activit\u00e9 et de maniabilit\u00e9, ou pour la position longue pour un maximum de stabilit\u00e9 et un d\u00e9gagement accru.<\/p>\n\n\n\n<figure class=\"wp-block-embed is-type-video is-provider-youtube wp-block-embed-youtube wp-embed-aspect-16-9 wp-has-aspect-ratio\"><div class=\"wp-block-embed__wrapper\">\n<iframe loading=\"lazy\" title=\"Devote Series | Liv Cycling\" width=\"980\" height=\"551\" src=\"https:\/\/www.youtube.com\/embed\/rKFbgyqno98?feature=oembed\" frameborder=\"0\" allow=\"accelerometer; autoplay; clipboard-write; encrypted-media; gyroscope; picture-in-picture; web-share\" referrerpolicy=\"strict-origin-when-cross-origin\" allowfullscreen><\/iframe>\n<\/div><\/figure>\n\n\n\n<p><strong>Aluminium ALUXX<br><\/strong>Ce cadre haute performance est fabriqu\u00e9 en alliage aluminium 6061 avec des tubes \u00e0 simple aboutement, offrant un \u00e9quilibre parfait entre l\u00e9g\u00e8ret\u00e9 et solidit\u00e9. Il convient \u00e0 diff\u00e9rents types de v\u00e9los et styles de pilotage, tout en garantissant durabilit\u00e9 et fiabilit\u00e9.<\/p>\n\n\n\n<p><strong>D-Fuse<br><\/strong>La tige de selle et le cintre D-Fuse forment un ensemble pens\u00e9 pour absorber les vibrations et les irr\u00e9gularit\u00e9s de la route, permettant ainsi de rouler plus longtemps et plus confortablement.<\/p>\n\n\n\n<p><strong>OverDrive<br><\/strong>Cette technologie de pivot de fourche am\u00e9liore la pr\u00e9cision de la direction avant. Gr\u00e2ce \u00e0 des roulements surdimensionn\u00e9s dans le jeu de direction (inf\u00e9rieur 1 1\/4&Prime; et sup\u00e9rieur 1 1\/8&Prime; pour la route ; inf\u00e9rieur 1 1\/2&Prime; et sup\u00e9rieur 1 1\/8&Prime; pour le tout-terrain) et un pivot de fourche conique, elle assure une rigidit\u00e9 optimale pour un pilotage plus pr\u00e9cis.<\/p>\n\n\n\n<p><strong>Tubeless System<br><\/strong>Moins de crevaisons et plus d\u2019adh\u00e9rence pour un pilotage s\u00fbr et performant. Le syst\u00e8me tubeless Liv r\u00e9duit la r\u00e9sistance au roulement, offrant une conduite plus rapide et plus pr\u00e9cise, tout en rendant ces avantages accessibles \u00e0 tous.<\/p>\n\n\n \n <!-- G\u00e9n\u00e9rer le bouton avec les classes appropri\u00e9es -->\n <a href=\"https:\/\/www.giant-bicycles.com\/fr\/registration\" class=\"custom-button custom-button-style2\" target=\"_blank\" rel=\"noopener\">\n     <span class=\"custom-button-text\">Enregistrez votre v\u00e9lo pour la garantie !<\/span>\n      <\/a>\n \n\n \n <!-- G\u00e9n\u00e9rer le bouton avec les classes appropri\u00e9es -->\n <a href=\"https:\/\/rideandco.com\/contacts-et-acces\" class=\"custom-button custom-button-style1\">\n     <span class=\"custom-button-text\">Contactez notre \u00e9quipe !<\/span>\n      <\/a>\n \n\n\n<h2 class=\"wp-block-heading\">Nos gravel en stock<\/h2>\n\n\n<div id=\"product-slider-6a04ac6750f7d\" class=\"product-grid-custom-slider\"><div class=\"slider-wrapper\"><div class=\"slider-slide\"><!-- Valeur r\u00e9cup\u00e9r\u00e9e : PROMO --><li style=\"padding-left: 0px;\n    margin-bottom: 10px;\" class=\"custom-product-card no-before product type-product post-120084 status-publish first instock product_cat-revolt product_cat-giant product_cat-gravel-velo-route product_cat-promo product_cat-velo-route has-post-thumbnail sale sold-individually taxable shipping-taxable purchasable product-type-variable\">\n    <div class=\"custom-product-card-content\">\n        <span class=\"on-sale\">PROMO<\/span>        <div class=\"product-image\">\n                            <div id=\"carousel-120084\" class=\"carousel\" data-product-id=\"120084\">\n                    <div class=\"carousel-inner\">\n                        <div class=\"carousel-item active\">\n                            <a href=\"https:\/\/rideandco.com\/giant\/giant\/revolt\/revolt-advanced-1-2024\/\">\n                                <img decoding=\"async\" src=\"https:\/\/rideandco.com\/giant\/wp-content\/uploads\/2026\/03\/revoltadv124.jpg\" alt=\"Revolt Advanced 1\">\n                            <\/a>\n                        <\/div>\n                                                    <div class=\"carousel-item\">\n                                <a href=\"https:\/\/rideandco.com\/giant\/giant\/revolt\/revolt-advanced-1-2024\/\">\n                                    <img decoding=\"async\" src=\"https:\/\/rideandco.com\/giant\/wp-content\/uploads\/2026\/03\/revoltadv1244.jpg\" alt=\"Revolt Advanced 1\">\n                                <\/a>\n                            <\/div>\n                                                    <div class=\"carousel-item\">\n                                <a href=\"https:\/\/rideandco.com\/giant\/giant\/revolt\/revolt-advanced-1-2024\/\">\n                                    <img decoding=\"async\" src=\"https:\/\/rideandco.com\/giant\/wp-content\/uploads\/2026\/03\/revoltadv12444.jpg\" alt=\"Revolt Advanced 1\">\n                                <\/a>\n                            <\/div>\n                                            <\/div>\n                    <button class=\"carousel-control-prev\" data-target=\"#carousel-120084\" aria-label=\"Previous\">\n                        <img decoding=\"async\" src=\"https:\/\/rideandco.com\/giant\/wp-content\/themes\/rideandco\/src\/img\/icons\/fleche-gauche-blanche.svg\" alt=\"Pr\u00e9c\u00e9dent\" style=\"width: 60px; height: 60px;\">\n                    <\/button>\n                    <button class=\"carousel-control-next\" data-target=\"#carousel-120084\" aria-label=\"Next\">\n                        <img decoding=\"async\" src=\"https:\/\/rideandco.com\/giant\/wp-content\/themes\/rideandco\/src\/img\/icons\/fleche-droite-blanche.svg\" alt=\"Suivant\" style=\"width: 60px; height: 60px;\">\n                    <\/button>\n                <\/div>\n                <div class=\"carousel-indicators\" data-target=\"#carousel-120084\">\n                    <span class=\"active\"><\/span>\n                                            <span><\/span>\n                                            <span><\/span>\n                                    <\/div>\n                    <\/div>\n        <div class=\"product-info\">\n            <h2 class=\"woocommerce-loop-product__title\">\n                <a href=\"https:\/\/rideandco.com\/giant\/giant\/revolt\/revolt-advanced-1-2024\/\">Revolt Advanced 1<\/a>\n            <\/h2>\n                            <p class=\"product-type-de-velo\">V\u00e9lo gravel | GIANT <\/p>\n                       \n            <div class=\"product-icons\">\n                                                                    <div class=\"icon-wrapper first-item\">\n                        <img decoding=\"async\" src=\"https:\/\/rideandco.com\/giant\/wp-content\/themes\/rideandco\/src\/img\/icons\/poids.svg\" alt=\"Weight Icon\" class=\"icon-with-tooltip\">\n                        <div class=\"tooltip custom-tooltip\">8.5kg en taille M <\/div>\n                    <\/div>\n                                                                        <div class=\"icon-wrapper \">\n                        <img decoding=\"async\" src=\"https:\/\/rideandco.com\/giant\/wp-content\/themes\/rideandco\/src\/img\/icons\/type_de_jantes.svg\" alt=\"Jantes Icon\" class=\"icon-with-tooltip\">\n                        <div class=\"tooltip custom-tooltip\">Aluminium <\/div>\n                    <\/div>\n                                                                <\/div>           \n            <!-- Ajouter le tarif du produit ici -->\n            <!-- Affichage du prix -->\n            <div class=\"product-price-container\">\n                <div class=\"product-price-wrapper\">\n                    <span class=\"regular-price\"><del>3 200,00 \u20ac<sup>TTC<\/sup><\/del><\/span><span class=\"current-price\">2 399,00 \u20ac<sup>TTC<\/sup><\/span>                <\/div>\n\n                <!-- Affichage du financement mensuel -->\n                <div class=\"product-financing\">\n                    D\u00e8s <span class=\"monthly-paymentlist\">200\u20ac\/mois<\/span> financement sur 12 mois                <\/div>\n            <\/div>\n\n            <!-- Ajoutez ici vos options suppl\u00e9mentaires -->\n            <div class=\"product-options\">\n                <a href=\"https:\/\/rideandco.com\/giant\/giant\/revolt\/revolt-advanced-1-2024\/\" class=\"clickable-link\">\n                    Voir ce v\u00e9lo\n                    <img decoding=\"async\" src=\"https:\/\/rideandco.com\/giant\/wp-content\/themes\/rideandco\/src\/img\/icons\/fleche-droite-verte.svg\" alt=\"Fl\u00e8che droite\" class=\"arrow-icon\">\n                <\/a>\n                <div class=\"product-compare\" data-id=\"120084\">\n                    <a href=\"javascript:addToComparator(120084)\"\n                        class=\"link-add \">\n                        <img decoding=\"async\" src=\"https:\/\/rideandco.com\/giant\/wp-content\/themes\/rideandco\/src\/img\/icons\/ajouter_au_comparateur.svg\"\n                            alt=\"Ajouter au comparateur\"\n                        \/>\n                    <\/a>\n                    <a href=\"javascript:removeFromComparator(120084)\"\n                        class=\"link-remove hidden\">\n                        <img decoding=\"async\" src=\"https:\/\/rideandco.com\/giant\/wp-content\/themes\/rideandco\/src\/img\/icons\/retirer_du_comparateur_rouge.svg\"\n                            alt=\"Retirer du comparateur\"\n                        \/>\n                    <\/a>\n                    <span class=\"tooltip tooltip-add \">\n                        Ajouter au comparateur\n                    <\/span>\n                    <span class=\"tooltip tooltip-remove hidden\">\n                        Retirer du comparateur\n                    <\/span>\n                <\/div>\n            <\/div>\n        <\/div>\n    <\/div>\n<\/li><!-- Valeur r\u00e9cup\u00e9r\u00e9e : PROMO --><li style=\"padding-left: 0px;\n    margin-bottom: 10px;\" class=\"custom-product-card no-before product type-product post-119686 status-publish instock product_cat-velo-route product_cat-devote product_cat-gravel-velo-route product_cat-liv has-post-thumbnail sold-individually taxable shipping-taxable purchasable product-type-variable\">\n    <div class=\"custom-product-card-content\">\n                <div class=\"product-image\">\n                            <div id=\"carousel-119686\" class=\"carousel\" data-product-id=\"119686\">\n                    <div class=\"carousel-inner\">\n                        <div class=\"carousel-item active\">\n                            <a href=\"https:\/\/rideandco.com\/giant\/velo-route\/gravel-devote-advanced-2-2026\/\">\n                                <img decoding=\"async\" src=\"https:\/\/rideandco.com\/giant\/wp-content\/uploads\/2026\/01\/devoteadv22.jpg\" alt=\"Devote Advanced 2 2026\">\n                            <\/a>\n                        <\/div>\n                                                    <div class=\"carousel-item\">\n                                <a href=\"https:\/\/rideandco.com\/giant\/velo-route\/gravel-devote-advanced-2-2026\/\">\n                                    <img decoding=\"async\" src=\"https:\/\/rideandco.com\/giant\/wp-content\/uploads\/2026\/01\/MY26DevoteAdvanced2_ColorALunarEclipse-D3-scaled.jpg\" alt=\"Devote Advanced 2 2026\">\n                                <\/a>\n                            <\/div>\n                                                    <div class=\"carousel-item\">\n                                <a href=\"https:\/\/rideandco.com\/giant\/velo-route\/gravel-devote-advanced-2-2026\/\">\n                                    <img decoding=\"async\" src=\"https:\/\/rideandco.com\/giant\/wp-content\/uploads\/2026\/01\/MY26DevoteAdvanced2_ColorALunarEclipse-D1-scaled.jpg\" alt=\"Devote Advanced 2 2026\">\n                                <\/a>\n                            <\/div>\n                                            <\/div>\n                    <button class=\"carousel-control-prev\" data-target=\"#carousel-119686\" aria-label=\"Previous\">\n                        <img decoding=\"async\" src=\"https:\/\/rideandco.com\/giant\/wp-content\/themes\/rideandco\/src\/img\/icons\/fleche-gauche-blanche.svg\" alt=\"Pr\u00e9c\u00e9dent\" style=\"width: 60px; height: 60px;\">\n                    <\/button>\n                    <button class=\"carousel-control-next\" data-target=\"#carousel-119686\" aria-label=\"Next\">\n                        <img decoding=\"async\" src=\"https:\/\/rideandco.com\/giant\/wp-content\/themes\/rideandco\/src\/img\/icons\/fleche-droite-blanche.svg\" alt=\"Suivant\" style=\"width: 60px; height: 60px;\">\n                    <\/button>\n                <\/div>\n                <div class=\"carousel-indicators\" data-target=\"#carousel-119686\">\n                    <span class=\"active\"><\/span>\n                                            <span><\/span>\n                                            <span><\/span>\n                                    <\/div>\n                    <\/div>\n        <div class=\"product-info\">\n            <h2 class=\"woocommerce-loop-product__title\">\n                <a href=\"https:\/\/rideandco.com\/giant\/velo-route\/gravel-devote-advanced-2-2026\/\">Devote Advanced 2 2026<\/a>\n            <\/h2>\n                            <p class=\"product-type-de-velo\">V\u00e9lo gravel | LIV <\/p>\n                       \n            <div class=\"product-icons\">\n                                                                    <div class=\"icon-wrapper first-item\">\n                        <img decoding=\"async\" src=\"https:\/\/rideandco.com\/giant\/wp-content\/themes\/rideandco\/src\/img\/icons\/poids.svg\" alt=\"Weight Icon\" class=\"icon-with-tooltip\">\n                        <div class=\"tooltip custom-tooltip\">9.35kg <\/div>\n                    <\/div>\n                                                                        <div class=\"icon-wrapper \">\n                        <img decoding=\"async\" src=\"https:\/\/rideandco.com\/giant\/wp-content\/themes\/rideandco\/src\/img\/icons\/type_de_jantes.svg\" alt=\"Jantes Icon\" class=\"icon-with-tooltip\">\n                        <div class=\"tooltip custom-tooltip\">Aluminium <\/div>\n                    <\/div>\n                                                                <\/div>           \n            <!-- Ajouter le tarif du produit ici -->\n            <!-- Affichage du prix -->\n            <div class=\"product-price-container\">\n                <div class=\"product-price-wrapper\">\n                    <span class=\"current-price\">3 000,00 \u20ac<sup>TTC<\/sup><\/span>                <\/div>\n\n                <!-- Affichage du financement mensuel -->\n                <div class=\"product-financing\">\n                    D\u00e8s <span class=\"monthly-paymentlist\">250\u20ac\/mois<\/span> financement sur 12 mois                <\/div>\n            <\/div>\n\n            <!-- Ajoutez ici vos options suppl\u00e9mentaires -->\n            <div class=\"product-options\">\n                <a href=\"https:\/\/rideandco.com\/giant\/velo-route\/gravel-devote-advanced-2-2026\/\" class=\"clickable-link\">\n                    Voir ce v\u00e9lo\n                    <img decoding=\"async\" src=\"https:\/\/rideandco.com\/giant\/wp-content\/themes\/rideandco\/src\/img\/icons\/fleche-droite-verte.svg\" alt=\"Fl\u00e8che droite\" class=\"arrow-icon\">\n                <\/a>\n                <div class=\"product-compare\" data-id=\"119686\">\n                    <a href=\"javascript:addToComparator(119686)\"\n                        class=\"link-add \">\n                        <img decoding=\"async\" src=\"https:\/\/rideandco.com\/giant\/wp-content\/themes\/rideandco\/src\/img\/icons\/ajouter_au_comparateur.svg\"\n                            alt=\"Ajouter au comparateur\"\n                        \/>\n                    <\/a>\n                    <a href=\"javascript:removeFromComparator(119686)\"\n                        class=\"link-remove hidden\">\n                        <img decoding=\"async\" src=\"https:\/\/rideandco.com\/giant\/wp-content\/themes\/rideandco\/src\/img\/icons\/retirer_du_comparateur_rouge.svg\"\n                            alt=\"Retirer du comparateur\"\n                        \/>\n                    <\/a>\n                    <span class=\"tooltip tooltip-add \">\n                        Ajouter au comparateur\n                    <\/span>\n                    <span class=\"tooltip tooltip-remove hidden\">\n                        Retirer du comparateur\n                    <\/span>\n                <\/div>\n            <\/div>\n        <\/div>\n    <\/div>\n<\/li><!-- Valeur r\u00e9cup\u00e9r\u00e9e : PROMO --><li style=\"padding-left: 0px;\n    margin-bottom: 10px;\" class=\"custom-product-card no-before product type-product post-119673 status-publish last instock product_cat-devote product_cat-gravel-velo-route product_cat-liv product_cat-velo-route has-post-thumbnail sold-individually taxable shipping-taxable purchasable product-type-variable\">\n    <div class=\"custom-product-card-content\">\n                <div class=\"product-image\">\n                            <a href=\"https:\/\/rideandco.com\/giant\/liv\/devote\/gravel-liv-devote-2-2026\/\">\n                    <img decoding=\"async\" src=\"https:\/\/rideandco.com\/giant\/wp-content\/uploads\/2026\/01\/devote-2.jpg\" alt=\"Devote 2 2026\">\n                <\/a>\n                    <\/div>\n        <div class=\"product-info\">\n            <h2 class=\"woocommerce-loop-product__title\">\n                <a href=\"https:\/\/rideandco.com\/giant\/liv\/devote\/gravel-liv-devote-2-2026\/\">Devote 2 2026<\/a>\n            <\/h2>\n                            <p class=\"product-type-de-velo\">V\u00e9lo gravel | LIV <\/p>\n                       \n            <div class=\"product-icons\">\n                                                                    <div class=\"icon-wrapper first-item\">\n                        <img decoding=\"async\" src=\"https:\/\/rideandco.com\/giant\/wp-content\/themes\/rideandco\/src\/img\/icons\/poids.svg\" alt=\"Weight Icon\" class=\"icon-with-tooltip\">\n                        <div class=\"tooltip custom-tooltip\">9.8kg en taille S <\/div>\n                    <\/div>\n                                                                        <div class=\"icon-wrapper \">\n                        <img decoding=\"async\" src=\"https:\/\/rideandco.com\/giant\/wp-content\/themes\/rideandco\/src\/img\/icons\/type_de_jantes.svg\" alt=\"Jantes Icon\" class=\"icon-with-tooltip\">\n                        <div class=\"tooltip custom-tooltip\">Aluminium <\/div>\n                    <\/div>\n                                                                <\/div>           \n            <!-- Ajouter le tarif du produit ici -->\n            <!-- Affichage du prix -->\n            <div class=\"product-price-container\">\n                <div class=\"product-price-wrapper\">\n                    <span class=\"current-price\">1 550,00 \u20ac<sup>TTC<\/sup><\/span>                <\/div>\n\n                <!-- Affichage du financement mensuel -->\n                <div class=\"product-financing\">\n                    D\u00e8s <span class=\"monthly-paymentlist\">129\u20ac\/mois<\/span> financement sur 12 mois                <\/div>\n            <\/div>\n\n            <!-- Ajoutez ici vos options suppl\u00e9mentaires -->\n            <div class=\"product-options\">\n                <a href=\"https:\/\/rideandco.com\/giant\/liv\/devote\/gravel-liv-devote-2-2026\/\" class=\"clickable-link\">\n                    Voir ce v\u00e9lo\n                    <img decoding=\"async\" src=\"https:\/\/rideandco.com\/giant\/wp-content\/themes\/rideandco\/src\/img\/icons\/fleche-droite-verte.svg\" alt=\"Fl\u00e8che droite\" class=\"arrow-icon\">\n                <\/a>\n                <div class=\"product-compare\" data-id=\"119673\">\n                    <a href=\"javascript:addToComparator(119673)\"\n                        class=\"link-add \">\n                        <img decoding=\"async\" src=\"https:\/\/rideandco.com\/giant\/wp-content\/themes\/rideandco\/src\/img\/icons\/ajouter_au_comparateur.svg\"\n                            alt=\"Ajouter au comparateur\"\n                        \/>\n                    <\/a>\n                    <a href=\"javascript:removeFromComparator(119673)\"\n                        class=\"link-remove hidden\">\n                        <img decoding=\"async\" src=\"https:\/\/rideandco.com\/giant\/wp-content\/themes\/rideandco\/src\/img\/icons\/retirer_du_comparateur_rouge.svg\"\n                            alt=\"Retirer du comparateur\"\n                        \/>\n                    <\/a>\n                    <span class=\"tooltip tooltip-add \">\n                        Ajouter au comparateur\n                    <\/span>\n                    <span class=\"tooltip tooltip-remove hidden\">\n                        Retirer du comparateur\n                    <\/span>\n                <\/div>\n            <\/div>\n        <\/div>\n    <\/div>\n<\/li><\/div><\/div><\/div>\n\n\n<p><\/p>\n","protected":false},"excerpt":{"rendered":"<p>Con\u00e7u pour satisfaire votre envie d&rsquo;aventure, le Devote 1 2026 est le gravel qu&rsquo;il vous faut si vous \u00eates \u00e0 la recherche d&rsquo;un bon rapport qualit\u00e9\/prix.<\/p>\n","protected":false},"featured_media":119665,"comment_status":"closed","ping_status":"closed","template":"","meta":{"_acf_changed":true},"product_brand":[],"product_cat":[522,511,515,508],"product_tag":[],"discipline":[],"class_list":{"0":"post-119664","1":"product","2":"type-product","3":"status-publish","4":"has-post-thumbnail","6":"product_cat-devote","7":"product_cat-gravel-velo-route","8":"product_cat-liv","9":"product_cat-velo-route","11":"first","12":"outofstock","13":"sold-individually","14":"taxable","15":"shipping-taxable","16":"purchasable","17":"product-type-variable"},"acf":{"infos_globales":{"nom_produit":"Devote 1 2026","marque_velo":"LIV","annee":2026,"type_de_velo":"V\u00e9lo gravel","assitance_velo":"V\u00e9lo musculaire","garantie_produit":"Cadre : \u00e0 vie \/ Composants, transmission et p\u00e9riph\u00e9riques : 2 ans","genre_du_produit":"unisexe","assurance_incluse":true,"taille__en_cm":""},"cadre_velo":{"forme_du_cadre":"Haut","cadre":"ALUXX-grade aluminum, 12x142mm","matiere_du_cadre":["Aluminium"],"marque_de_la_fourche":"Carbone","fourche":"Composite avanc\u00e9, pivot OverDrive enti\u00e8rement composite, axe traversant de 12 mm, disque","amortisseur":""},"systeme_moteur":{"moteur":"","batterie":"","details-batterie":"","simulateur_autonomie":"","autonomie":"","compteur":"","chargeur":""},"transmission":{"type_de_transmission":"mecanique","Manettes_commandes_de_vitesse":"Shimano CUES U6030, 2x10","type_de_pedalier":"Shimano FC-U6030, 32\/46, XS : 165 mm, S : 170 mm, M : 172,5 mm, L : 172,5 mm","derailleur_avant":"Shimano CUES U6030","derailleur_arriere":"Shimano CUES U6030","type_de_cassette":"Shimano CS-LG300, 11x39","type_de_chaine":"KMC X11"},"type_de_freins":{"frein_av":"Disques hydrauliques Shimano CUES BR-U6030, disques Giant MPH 160mm","frein_ar":"Disques hydrauliques Shimano CUES BR-U6030, disques Giant MPH 160mm"},"roues":{"type-de-roues":"","type_de_jantes":"Giant S-X2, alliage","matiere_jantes":"Aluminium","pneus":"Giant CrossCut AT 2, 700x38c, tubeless","moyeu_av":"alliage Giant, axe traversant de 12 mm","moyeu_ar":"alliage Giant, axe traversant de 12 mm"},"cockpit_poste_de_pilotage":{"type_de_guidon":"Giant Contact XR D-Fuse, 31,8 mm, courbure arri\u00e8re de 5 degr\u00e9s, \u00e9vasement prononc\u00e9, XS : 400 mm, S : 400 mm, M : 420 mm, L : 420 mm","type_de_potence":"Giant Contact, angle de 8 degr\u00e9s, XS : 50 mm, S : 60 mm, M : 70 mm, L : 80 mm","type_de_selle":"Liv Grit","type_de_tige_de_selle":"Giant D-Fuse, alu","type_de_collier_de_selle":"","type_de_poignees":"Ruban de li\u00e8ge avec gel VLT004-02"},"particularite_du_velo":{"type_de_pedales":"","accessoires_du_velo":"Kit d\u2019\u00e9clairage avant et arri\u00e8re \u00e0 piles","poids":"9.6kg en taille S","poids_total_autorise":""}},"_links":{"self":[{"href":"https:\/\/rideandco.com\/giant\/wp-json\/wp\/v2\/product\/119664","targetHints":{"allow":["GET"]}}],"collection":[{"href":"https:\/\/rideandco.com\/giant\/wp-json\/wp\/v2\/product"}],"about":[{"href":"https:\/\/rideandco.com\/giant\/wp-json\/wp\/v2\/types\/product"}],"replies":[{"embeddable":true,"href":"https:\/\/rideandco.com\/giant\/wp-json\/wp\/v2\/comments?post=119664"}],"wp:featuredmedia":[{"embeddable":true,"href":"https:\/\/rideandco.com\/giant\/wp-json\/wp\/v2\/media\/119665"}],"wp:attachment":[{"href":"https:\/\/rideandco.com\/giant\/wp-json\/wp\/v2\/media?parent=119664"}],"wp:term":[{"taxonomy":"product_brand","embeddable":true,"href":"https:\/\/rideandco.com\/giant\/wp-json\/wp\/v2\/product_brand?post=119664"},{"taxonomy":"product_cat","embeddable":true,"href":"https:\/\/rideandco.com\/giant\/wp-json\/wp\/v2\/product_cat?post=119664"},{"taxonomy":"product_tag","embeddable":true,"href":"https:\/\/rideandco.com\/giant\/wp-json\/wp\/v2\/product_tag?post=119664"},{"taxonomy":"discipline","embeddable":true,"href":"https:\/\/rideandco.com\/giant\/wp-json\/wp\/v2\/discipline?post=119664"}],"curies":[{"name":"wp","href":"https:\/\/api.w.org\/{rel}","templated":true}]}}