{"id":119392,"date":"2026-01-16T17:32:08","date_gmt":"2026-01-16T16:32:08","guid":{"rendered":"https:\/\/rideandco.com\/giant\/?post_type=product&#038;p=119392"},"modified":"2026-05-13T06:00:25","modified_gmt":"2026-05-13T04:00:25","slug":"langma-advanced-pro-1","status":"publish","type":"product","link":"https:\/\/rideandco.com\/giant\/liv\/langma\/langma-advanced-pro-1\/","title":{"rendered":"Langma Advanced Pro 1 2026"},"content":{"rendered":"\n<h2 class=\"wp-block-heading\">Langma Advanced Pro 1 2026 en d\u00e9tails<\/h2>\n\n\n\n<div  class=\"image-collage dynamic-grid\">\n    <div class=\"grid-item medium\"><img loading=\"lazy\" decoding=\"async\" width=\"980\" height=\"735\" src=\"https:\/\/rideandco.com\/giant\/wp-content\/uploads\/2026\/01\/MY26LangmaAdvancedPro1-PC_ColorAFancyWhite-D-5-1024x768.jpg\" class=\"grid-image\" alt=\"\" srcset=\"https:\/\/rideandco.com\/giant\/wp-content\/uploads\/2026\/01\/MY26LangmaAdvancedPro1-PC_ColorAFancyWhite-D-5-1024x768.jpg 1024w, https:\/\/rideandco.com\/giant\/wp-content\/uploads\/2026\/01\/MY26LangmaAdvancedPro1-PC_ColorAFancyWhite-D-5-300x225.jpg 300w, https:\/\/rideandco.com\/giant\/wp-content\/uploads\/2026\/01\/MY26LangmaAdvancedPro1-PC_ColorAFancyWhite-D-5-768x576.jpg 768w, https:\/\/rideandco.com\/giant\/wp-content\/uploads\/2026\/01\/MY26LangmaAdvancedPro1-PC_ColorAFancyWhite-D-5-1536x1152.jpg 1536w, https:\/\/rideandco.com\/giant\/wp-content\/uploads\/2026\/01\/MY26LangmaAdvancedPro1-PC_ColorAFancyWhite-D-5-2048x1536.jpg 2048w, https:\/\/rideandco.com\/giant\/wp-content\/uploads\/2026\/01\/MY26LangmaAdvancedPro1-PC_ColorAFancyWhite-D-5-600x450.jpg 600w, https:\/\/rideandco.com\/giant\/wp-content\/uploads\/2026\/01\/MY26LangmaAdvancedPro1-PC_ColorAFancyWhite-D-5-416x312.jpg 416w\" sizes=\"auto, (max-width: 980px) 100vw, 980px\" \/><\/div><div class=\"grid-item medium\"><img loading=\"lazy\" decoding=\"async\" width=\"980\" height=\"735\" src=\"https:\/\/rideandco.com\/giant\/wp-content\/uploads\/2026\/01\/MY26LangmaAdvancedPro1-PC_ColorAFancyWhite-D2-1024x768.jpg\" class=\"grid-image\" alt=\"\" srcset=\"https:\/\/rideandco.com\/giant\/wp-content\/uploads\/2026\/01\/MY26LangmaAdvancedPro1-PC_ColorAFancyWhite-D2-1024x768.jpg 1024w, https:\/\/rideandco.com\/giant\/wp-content\/uploads\/2026\/01\/MY26LangmaAdvancedPro1-PC_ColorAFancyWhite-D2-300x225.jpg 300w, https:\/\/rideandco.com\/giant\/wp-content\/uploads\/2026\/01\/MY26LangmaAdvancedPro1-PC_ColorAFancyWhite-D2-768x576.jpg 768w, https:\/\/rideandco.com\/giant\/wp-content\/uploads\/2026\/01\/MY26LangmaAdvancedPro1-PC_ColorAFancyWhite-D2-1536x1152.jpg 1536w, https:\/\/rideandco.com\/giant\/wp-content\/uploads\/2026\/01\/MY26LangmaAdvancedPro1-PC_ColorAFancyWhite-D2-2048x1536.jpg 2048w, https:\/\/rideandco.com\/giant\/wp-content\/uploads\/2026\/01\/MY26LangmaAdvancedPro1-PC_ColorAFancyWhite-D2-600x450.jpg 600w, https:\/\/rideandco.com\/giant\/wp-content\/uploads\/2026\/01\/MY26LangmaAdvancedPro1-PC_ColorAFancyWhite-D2-416x312.jpg 416w\" sizes=\"auto, (max-width: 980px) 100vw, 980px\" \/><\/div><div class=\"grid-item medium\"><img loading=\"lazy\" decoding=\"async\" width=\"980\" height=\"735\" src=\"https:\/\/rideandco.com\/giant\/wp-content\/uploads\/2026\/01\/MY26LangmaAdvancedPro1-PC_ColorAFancyWhite-D1-1024x768.jpg\" class=\"grid-image\" alt=\"\" srcset=\"https:\/\/rideandco.com\/giant\/wp-content\/uploads\/2026\/01\/MY26LangmaAdvancedPro1-PC_ColorAFancyWhite-D1-1024x768.jpg 1024w, https:\/\/rideandco.com\/giant\/wp-content\/uploads\/2026\/01\/MY26LangmaAdvancedPro1-PC_ColorAFancyWhite-D1-300x225.jpg 300w, https:\/\/rideandco.com\/giant\/wp-content\/uploads\/2026\/01\/MY26LangmaAdvancedPro1-PC_ColorAFancyWhite-D1-768x576.jpg 768w, https:\/\/rideandco.com\/giant\/wp-content\/uploads\/2026\/01\/MY26LangmaAdvancedPro1-PC_ColorAFancyWhite-D1-1536x1152.jpg 1536w, https:\/\/rideandco.com\/giant\/wp-content\/uploads\/2026\/01\/MY26LangmaAdvancedPro1-PC_ColorAFancyWhite-D1-2048x1536.jpg 2048w, https:\/\/rideandco.com\/giant\/wp-content\/uploads\/2026\/01\/MY26LangmaAdvancedPro1-PC_ColorAFancyWhite-D1-600x450.jpg 600w, https:\/\/rideandco.com\/giant\/wp-content\/uploads\/2026\/01\/MY26LangmaAdvancedPro1-PC_ColorAFancyWhite-D1-416x312.jpg 416w\" sizes=\"auto, (max-width: 980px) 100vw, 980px\" \/><\/div><div class=\"grid-item medium\"><img loading=\"lazy\" decoding=\"async\" width=\"980\" height=\"735\" src=\"https:\/\/rideandco.com\/giant\/wp-content\/uploads\/2026\/01\/MY26LangmaAdvancedPro1-PC_ColorAFancyWhite-D4-1024x768.jpg\" class=\"grid-image\" alt=\"\" srcset=\"https:\/\/rideandco.com\/giant\/wp-content\/uploads\/2026\/01\/MY26LangmaAdvancedPro1-PC_ColorAFancyWhite-D4-1024x768.jpg 1024w, https:\/\/rideandco.com\/giant\/wp-content\/uploads\/2026\/01\/MY26LangmaAdvancedPro1-PC_ColorAFancyWhite-D4-300x225.jpg 300w, https:\/\/rideandco.com\/giant\/wp-content\/uploads\/2026\/01\/MY26LangmaAdvancedPro1-PC_ColorAFancyWhite-D4-768x576.jpg 768w, https:\/\/rideandco.com\/giant\/wp-content\/uploads\/2026\/01\/MY26LangmaAdvancedPro1-PC_ColorAFancyWhite-D4-1536x1152.jpg 1536w, https:\/\/rideandco.com\/giant\/wp-content\/uploads\/2026\/01\/MY26LangmaAdvancedPro1-PC_ColorAFancyWhite-D4-2048x1536.jpg 2048w, https:\/\/rideandco.com\/giant\/wp-content\/uploads\/2026\/01\/MY26LangmaAdvancedPro1-PC_ColorAFancyWhite-D4-600x450.jpg 600w, https:\/\/rideandco.com\/giant\/wp-content\/uploads\/2026\/01\/MY26LangmaAdvancedPro1-PC_ColorAFancyWhite-D4-416x312.jpg 416w\" sizes=\"auto, (max-width: 980px) 100vw, 980px\" \/><\/div><\/div>\n\n\n\n<div style=\"height:43px\" aria-hidden=\"true\" class=\"wp-block-spacer\"><\/div>\n\n\n\n<p>Parfait pour la saison de la route, le Langma Advanced Pro 1 est pens\u00e9 pour viser les sommets, aussi bien en montagne qu\u2019au classement. \u00c0 l\u2019aise dans les ascensions les plus exigeantes comme dans les descentes les plus techniques, il vous permet de repousser vos limites \u00e0 chaque sortie, avec confiance et d\u00e9termination.<\/p>\n\n\n\n<h4 class=\"wp-block-heading\">Facteurs cl\u00e9s de performance<\/h4>\n\n\n\n<p><strong>\u00c0 la conqu\u00eate des QOM<br><\/strong>Le nouveau cadre, associ\u00e9 \u00e0 des composants parfaitement int\u00e9gr\u00e9s, assure un transfert de puissance optimal. R\u00e9sultat : des acc\u00e9l\u00e9rations franches et une efficacit\u00e9 remarquable dans les ascensions les plus raides.<\/p>\n\n\n\n<p><strong>Contr\u00f4le maximal<br><\/strong>Compatible avec des pneus jusqu\u2019\u00e0 33 mm, le Langma Advanced Pro 1 s\u2019adapte \u00e0 toutes les routes et \u00e0 toutes les conditions, sans compromis sur la ma\u00eetrise. Le cintre \u00e9vas\u00e9 renforce le contr\u00f4le et la confiance, aussi bien lors des sprints explosifs que dans les descentes engag\u00e9es.<\/p>\n\n\n\n<p><strong>Gain a\u00e9rodynamique<br><\/strong>Les tubes aux profils elliptiques tronqu\u00e9s et le passage interne des c\u00e2bles r\u00e9duisent la tra\u00een\u00e9e pour gagner en vitesse. Une chose est s\u00fbre : le paysage d\u00e9filera rapidement.<\/p>\n\n\n\n<p><strong>Conception Compact Road<br><\/strong>Introduit par Giant dans les ann\u00e9es 1990, le design Compact Road a profond\u00e9ment transform\u00e9 le comportement et l\u2019esth\u00e9tique des v\u00e9los de route haute performance. Le tube sup\u00e9rieur inclin\u00e9 cr\u00e9e des triangles avant et arri\u00e8re plus compacts, am\u00e9liorant la l\u00e9g\u00e8ret\u00e9 et la rigidit\u00e9, tout en facilitant un ajustement pr\u00e9cis pour les cyclistes de toutes tailles.<\/p>\n\n\n\n<p><strong>OverDrive Aero<br><\/strong>Int\u00e9gr\u00e9 \u00e0 la douille de direction du Langma, le pivot de fourche au profil en D, associ\u00e9 \u00e0 des entretoises sp\u00e9cifiques, forme un ensemble hautement a\u00e9rodynamique. Il simplifie \u00e9galement l\u2019entretien ainsi que l\u2019installation des c\u00e2bles et des durites de frein.<\/p>\n\n\n\n<p><strong>PowerCore<br><\/strong>La zone du bo\u00eetier de p\u00e9dalier et des bases arri\u00e8re, largement surdimensionn\u00e9e, int\u00e8gre un bo\u00eetier de p\u00e9dalier de 86 mm de large (92 mm pour les mod\u00e8les tout-terrain). Les bases arri\u00e8re asym\u00e9triques renforcent la rigidit\u00e9 et la stabilit\u00e9, assurant un transfert de puissance optimal.<\/p>\n\n\n\n<p><strong>Power Pro<br><\/strong>Le suivi de la puissance et des donn\u00e9es d\u2019entra\u00eenement devient simple et pr\u00e9cis. Le syst\u00e8me Power Pro fournit des informations fiables gr\u00e2ce \u00e0 une int\u00e9gration discr\u00e8te, facile \u00e0 configurer et \u00e0 utiliser. S\u2019entra\u00eener avec la puissance, c\u2019est progresser plus efficacement.<\/p>\n\n\n\n<p><strong>Syst\u00e8me tubeless<br><\/strong>Moins de crevaisons, davantage d\u2019adh\u00e9rence et une r\u00e9sistance au roulement r\u00e9duite pour un pilotage plus pr\u00e9cis et plus rapide. Le syst\u00e8me tubeless Liv rend tous ces avantages accessibles plus facilement que jamais.<\/p>\n\n\n \n <!-- G\u00e9n\u00e9rer le bouton avec les classes appropri\u00e9es -->\n <a href=\"https:\/\/www.giant-bicycles.com\/fr\/registration\" class=\"custom-button custom-button-style2\" target=\"_blank\" rel=\"noopener\">\n     <span class=\"custom-button-text\">Enregistrez votre v\u00e9lo pour la garantie !<\/span>\n      <\/a>\n \n\n \n <!-- G\u00e9n\u00e9rer le bouton avec les classes appropri\u00e9es -->\n <a href=\"https:\/\/rideandco.com\/contacts-et-acces\" class=\"custom-button custom-button-style1\">\n     <span class=\"custom-button-text\">Contactez notre \u00e9quipe !<\/span>\n      <\/a>\n \n\n\n<h2 class=\"wp-block-heading\">Nos Langma en stock<\/h2>\n\n\n<div id=\"product-slider-6a04ab7763265\" class=\"product-grid-custom-slider\"><div class=\"slider-wrapper\"><div class=\"slider-slide\"><!-- Valeur r\u00e9cup\u00e9r\u00e9e : PROMO --><li style=\"padding-left: 0px;\n    margin-bottom: 10px;\" class=\"custom-product-card no-before product type-product post-119417 status-publish first instock product_cat-langma product_cat-liv product_cat-velo-route product_cat-performance has-post-thumbnail sold-individually taxable shipping-taxable purchasable product-type-variable\">\n    <div class=\"custom-product-card-content\">\n                <div class=\"product-image\">\n                            <div id=\"carousel-119417\" class=\"carousel\" data-product-id=\"119417\">\n                    <div class=\"carousel-inner\">\n                        <div class=\"carousel-item active\">\n                            <a href=\"https:\/\/rideandco.com\/giant\/liv\/langma\/langma-advanced-0-2026\/\">\n                                <img decoding=\"async\" src=\"https:\/\/rideandco.com\/giant\/wp-content\/uploads\/2026\/01\/langma-adv026.jpg\" alt=\"Langma Advanced 0 2026\">\n                            <\/a>\n                        <\/div>\n                                                    <div class=\"carousel-item\">\n                                <a href=\"https:\/\/rideandco.com\/giant\/liv\/langma\/langma-advanced-0-2026\/\">\n                                    <img decoding=\"async\" src=\"https:\/\/rideandco.com\/giant\/wp-content\/uploads\/2026\/01\/MY26LangmaAdvanced0_ColorACamelSilk_Front-scaled.jpg\" alt=\"Langma Advanced 0 2026\">\n                                <\/a>\n                            <\/div>\n                                                    <div class=\"carousel-item\">\n                                <a href=\"https:\/\/rideandco.com\/giant\/liv\/langma\/langma-advanced-0-2026\/\">\n                                    <img decoding=\"async\" src=\"https:\/\/rideandco.com\/giant\/wp-content\/uploads\/2026\/01\/MY26LangmaAdvanced0_ColorACamelSilk-D3-scaled.jpg\" alt=\"Langma Advanced 0 2026\">\n                                <\/a>\n                            <\/div>\n                                            <\/div>\n                    <button class=\"carousel-control-prev\" data-target=\"#carousel-119417\" aria-label=\"Previous\">\n                        <img decoding=\"async\" src=\"https:\/\/rideandco.com\/giant\/wp-content\/themes\/rideandco\/src\/img\/icons\/fleche-gauche-blanche.svg\" alt=\"Pr\u00e9c\u00e9dent\" style=\"width: 60px; height: 60px;\">\n                    <\/button>\n                    <button class=\"carousel-control-next\" data-target=\"#carousel-119417\" aria-label=\"Next\">\n                        <img decoding=\"async\" src=\"https:\/\/rideandco.com\/giant\/wp-content\/themes\/rideandco\/src\/img\/icons\/fleche-droite-blanche.svg\" alt=\"Suivant\" style=\"width: 60px; height: 60px;\">\n                    <\/button>\n                <\/div>\n                <div class=\"carousel-indicators\" data-target=\"#carousel-119417\">\n                    <span class=\"active\"><\/span>\n                                            <span><\/span>\n                                            <span><\/span>\n                                    <\/div>\n                    <\/div>\n        <div class=\"product-info\">\n            <h2 class=\"woocommerce-loop-product__title\">\n                <a href=\"https:\/\/rideandco.com\/giant\/liv\/langma\/langma-advanced-0-2026\/\">Langma Advanced 0 2026<\/a>\n            <\/h2>\n                            <p class=\"product-type-de-velo\">Route performance | LIV <\/p>\n                       \n            <div class=\"product-icons\">\n                                                                    <div class=\"icon-wrapper first-item\">\n                        <img decoding=\"async\" src=\"https:\/\/rideandco.com\/giant\/wp-content\/themes\/rideandco\/src\/img\/icons\/poids.svg\" alt=\"Weight Icon\" class=\"icon-with-tooltip\">\n                        <div class=\"tooltip custom-tooltip\">7.6kg <\/div>\n                    <\/div>\n                                                                        <div class=\"icon-wrapper \">\n                        <img decoding=\"async\" src=\"https:\/\/rideandco.com\/giant\/wp-content\/themes\/rideandco\/src\/img\/icons\/type_de_jantes.svg\" alt=\"Jantes Icon\" class=\"icon-with-tooltip\">\n                        <div class=\"tooltip custom-tooltip\">Carbone <\/div>\n                    <\/div>\n                                                                <\/div>           \n            <!-- Ajouter le tarif du produit ici -->\n            <!-- Affichage du prix -->\n            <div class=\"product-price-container\">\n                <div class=\"product-price-wrapper\">\n                    <span class=\"current-price\">4 000,00 \u20ac<sup>TTC<\/sup><\/span>                <\/div>\n\n                <!-- Affichage du financement mensuel -->\n                <div class=\"product-financing\">\n                    D\u00e8s <span class=\"monthly-paymentlist\">333\u20ac\/mois<\/span> financement sur 12 mois                <\/div>\n            <\/div>\n\n            <!-- Ajoutez ici vos options suppl\u00e9mentaires -->\n            <div class=\"product-options\">\n                <a href=\"https:\/\/rideandco.com\/giant\/liv\/langma\/langma-advanced-0-2026\/\" class=\"clickable-link\">\n                    Voir ce v\u00e9lo\n                    <img decoding=\"async\" src=\"https:\/\/rideandco.com\/giant\/wp-content\/themes\/rideandco\/src\/img\/icons\/fleche-droite-verte.svg\" alt=\"Fl\u00e8che droite\" class=\"arrow-icon\">\n                <\/a>\n                <div class=\"product-compare\" data-id=\"119417\">\n                    <a href=\"javascript:addToComparator(119417)\"\n                        class=\"link-add \">\n                        <img decoding=\"async\" src=\"https:\/\/rideandco.com\/giant\/wp-content\/themes\/rideandco\/src\/img\/icons\/ajouter_au_comparateur.svg\"\n                            alt=\"Ajouter au comparateur\"\n                        \/>\n                    <\/a>\n                    <a href=\"javascript:removeFromComparator(119417)\"\n                        class=\"link-remove hidden\">\n                        <img decoding=\"async\" src=\"https:\/\/rideandco.com\/giant\/wp-content\/themes\/rideandco\/src\/img\/icons\/retirer_du_comparateur_rouge.svg\"\n                            alt=\"Retirer du comparateur\"\n                        \/>\n                    <\/a>\n                    <span class=\"tooltip tooltip-add \">\n                        Ajouter au comparateur\n                    <\/span>\n                    <span class=\"tooltip tooltip-remove hidden\">\n                        Retirer du comparateur\n                    <\/span>\n                <\/div>\n            <\/div>\n        <\/div>\n    <\/div>\n<\/li><!-- Valeur r\u00e9cup\u00e9r\u00e9e : PROMO --><li style=\"padding-left: 0px;\n    margin-bottom: 10px;\" class=\"custom-product-card no-before product type-product post-116786 status-publish instock product_cat-velo-route product_cat-langma product_cat-liv product_cat-performance product_tag-ok has-post-thumbnail sold-individually taxable shipping-taxable purchasable product-type-variable\">\n    <div class=\"custom-product-card-content\">\n                <div class=\"product-image\">\n                            <div id=\"carousel-116786\" class=\"carousel\" data-product-id=\"116786\">\n                    <div class=\"carousel-inner\">\n                        <div class=\"carousel-item active\">\n                            <a href=\"https:\/\/rideandco.com\/giant\/velo-route\/route-liv-langma-advanced-1\/\">\n                                <img decoding=\"async\" src=\"https:\/\/rideandco.com\/giant\/wp-content\/uploads\/2025\/02\/langmaadv1.jpg\" alt=\"Langma Advanced 1\">\n                            <\/a>\n                        <\/div>\n                                                    <div class=\"carousel-item\">\n                                <a href=\"https:\/\/rideandco.com\/giant\/velo-route\/route-liv-langma-advanced-1\/\">\n                                    <img decoding=\"async\" src=\"https:\/\/rideandco.com\/giant\/wp-content\/uploads\/2025\/02\/langmaadv12.jpg\" alt=\"Langma Advanced 1\">\n                                <\/a>\n                            <\/div>\n                                                    <div class=\"carousel-item\">\n                                <a href=\"https:\/\/rideandco.com\/giant\/velo-route\/route-liv-langma-advanced-1\/\">\n                                    <img decoding=\"async\" src=\"https:\/\/rideandco.com\/giant\/wp-content\/uploads\/2025\/02\/langmaadv13.jpg\" alt=\"Langma Advanced 1\">\n                                <\/a>\n                            <\/div>\n                                            <\/div>\n                    <button class=\"carousel-control-prev\" data-target=\"#carousel-116786\" aria-label=\"Previous\">\n                        <img decoding=\"async\" src=\"https:\/\/rideandco.com\/giant\/wp-content\/themes\/rideandco\/src\/img\/icons\/fleche-gauche-blanche.svg\" alt=\"Pr\u00e9c\u00e9dent\" style=\"width: 60px; height: 60px;\">\n                    <\/button>\n                    <button class=\"carousel-control-next\" data-target=\"#carousel-116786\" aria-label=\"Next\">\n                        <img decoding=\"async\" src=\"https:\/\/rideandco.com\/giant\/wp-content\/themes\/rideandco\/src\/img\/icons\/fleche-droite-blanche.svg\" alt=\"Suivant\" style=\"width: 60px; height: 60px;\">\n                    <\/button>\n                <\/div>\n                <div class=\"carousel-indicators\" data-target=\"#carousel-116786\">\n                    <span class=\"active\"><\/span>\n                                            <span><\/span>\n                                            <span><\/span>\n                                    <\/div>\n                    <\/div>\n        <div class=\"product-info\">\n            <h2 class=\"woocommerce-loop-product__title\">\n                <a href=\"https:\/\/rideandco.com\/giant\/velo-route\/route-liv-langma-advanced-1\/\">Langma Advanced 1<\/a>\n            <\/h2>\n                            <p class=\"product-type-de-velo\">Route performance | LIV <\/p>\n                       \n            <div class=\"product-icons\">\n                                                                                    <div class=\"icon-wrapper first-item\">\n                        <img decoding=\"async\" src=\"https:\/\/rideandco.com\/giant\/wp-content\/themes\/rideandco\/src\/img\/icons\/type_de_jantes.svg\" alt=\"Jantes Icon\" class=\"icon-with-tooltip\">\n                        <div class=\"tooltip custom-tooltip\">Aluminium <\/div>\n                    <\/div>\n                                                                <\/div>           \n            <!-- Ajouter le tarif du produit ici -->\n            <!-- Affichage du prix -->\n            <div class=\"product-price-container\">\n                <div class=\"product-price-wrapper\">\n                    <span class=\"current-price\">3 500,00 \u20ac<sup>TTC<\/sup><\/span>                <\/div>\n\n                <!-- Affichage du financement mensuel -->\n                <div class=\"product-financing\">\n                    D\u00e8s <span class=\"monthly-paymentlist\">292\u20ac\/mois<\/span> financement sur 12 mois                <\/div>\n            <\/div>\n\n            <!-- Ajoutez ici vos options suppl\u00e9mentaires -->\n            <div class=\"product-options\">\n                <a href=\"https:\/\/rideandco.com\/giant\/velo-route\/route-liv-langma-advanced-1\/\" class=\"clickable-link\">\n                    Voir ce v\u00e9lo\n                    <img decoding=\"async\" src=\"https:\/\/rideandco.com\/giant\/wp-content\/themes\/rideandco\/src\/img\/icons\/fleche-droite-verte.svg\" alt=\"Fl\u00e8che droite\" class=\"arrow-icon\">\n                <\/a>\n                <div class=\"product-compare\" data-id=\"116786\">\n                    <a href=\"javascript:addToComparator(116786)\"\n                        class=\"link-add \">\n                        <img decoding=\"async\" src=\"https:\/\/rideandco.com\/giant\/wp-content\/themes\/rideandco\/src\/img\/icons\/ajouter_au_comparateur.svg\"\n                            alt=\"Ajouter au comparateur\"\n                        \/>\n                    <\/a>\n                    <a href=\"javascript:removeFromComparator(116786)\"\n                        class=\"link-remove hidden\">\n                        <img decoding=\"async\" src=\"https:\/\/rideandco.com\/giant\/wp-content\/themes\/rideandco\/src\/img\/icons\/retirer_du_comparateur_rouge.svg\"\n                            alt=\"Retirer du comparateur\"\n                        \/>\n                    <\/a>\n                    <span class=\"tooltip tooltip-add \">\n                        Ajouter au comparateur\n                    <\/span>\n                    <span class=\"tooltip tooltip-remove hidden\">\n                        Retirer du comparateur\n                    <\/span>\n                <\/div>\n            <\/div>\n        <\/div>\n    <\/div>\n<\/li><\/div><\/div><\/div>\n\n\n<p><\/p>\n","protected":false},"excerpt":{"rendered":"<p>Id\u00e9al pour la saison de route et excellent rapport qualit\u00e9-prix, profitez d&rsquo;un v\u00e9lo (presque) \u00e9quip\u00e9 comme les pros. D\u00e9couvrez le Langma Advanced Pro 1 2026.<\/p>\n","protected":false},"featured_media":119395,"comment_status":"closed","ping_status":"closed","template":"","meta":{"_acf_changed":true},"product_brand":[],"product_cat":[517,515,508,509],"product_tag":[],"discipline":[],"class_list":{"0":"post-119392","1":"product","2":"type-product","3":"status-publish","4":"has-post-thumbnail","6":"product_cat-langma","7":"product_cat-liv","8":"product_cat-velo-route","9":"product_cat-performance","11":"last","12":"outofstock","13":"sold-individually","14":"taxable","15":"shipping-taxable","16":"purchasable","17":"product-type-variable"},"acf":{"infos_globales":{"nom_produit":"Langma Advanced Pro 1 2026","marque_velo":"LIV","annee":2026,"type_de_velo":"Route performance","assitance_velo":"V\u00e9lo musculaire","garantie_produit":"Cadre : \u00e0 vie \/ Composants, transmission, p\u00e9riph\u00e9riques : 2 ans","genre_du_produit":"unisexe","assurance_incluse":true,"taille__en_cm":""},"cadre_velo":{"forme_du_cadre":"Haut","cadre":"Carbone de qualit\u00e9 sup\u00e9rieure, axe traversant 12x142 mm, disque","matiere_du_cadre":["Carbone"],"marque_de_la_fourche":"Acier","fourche":"Carbone SL de pointe, pivot de fourche OverDrive Aero enti\u00e8rement en composite, axe traversant 12x100 mm, freins \u00e0 disque","amortisseur":""},"systeme_moteur":{"moteur":"","batterie":"","details-batterie":"","simulateur_autonomie":"","autonomie":"","compteur":"","chargeur":""},"transmission":{"type_de_transmission":"electrique","Manettes_commandes_de_vitesse":"Shimano 105 Di2","type_de_pedalier":"Shimano 105, 36\/52 avec capteur de puissance Giant Power Pro XXS : 160 mm, XS : 165 mm, S : 165 mm, M : 170 mm, L : 172,5 mm","derailleur_avant":"Shimano 105 Di2","derailleur_arriere":"Shimano 105 Di2","type_de_cassette":"Shimano 105, 12 vitesses, 11x34","type_de_chaine":"KMC X12L-1"},"type_de_freins":{"frein_av":"Shimano 105 Di2 hydraulique, disques Shimano RT-CL700 160mm","frein_ar":"Shimano 105 Di2 hydraulique, disques Shimano RT-CL700 140mm"},"roues":{"type-de-roues":"","type_de_jantes":"Giant SLR 1 40, [AV] 40 mm, [AR] 40 mm","matiere_jantes":"Carbone","pneus":"Giant Gavia Course 0, tubeless, 700x25c (28 mm), pliable","moyeu_av":"Giant \u00e0 faible friction, CenterLock, axe traversant de 12 mm","moyeu_ar":"Giant \u00e0 faible friction, cl\u00e9 \u00e0 cliquet 40 dents, CenterLock, axe traversant de 12 mm"},"cockpit_poste_de_pilotage":{"type_de_guidon":"Liv Contact SL, 31.8mm, 8-degree flare drop, XXS: 34\/36cm, XS: 34\/36cm, S: 36\/38cm, M: 38\/40cm, L: 39\/42cm","type_de_potence":"Giant Contact SL AeroLight, XXS: 80mm, XS: 80mm, S: 90mm, M: 100mm, L: 110mm","type_de_selle":"Liv Alacra SL","type_de_tige_de_selle":"Giant Variant, carbone, -5\/+15mm offset","type_de_collier_de_selle":"","type_de_poignees":"Liv Stratus Elite 2.0"},"particularite_du_velo":{"type_de_pedales":"","accessoires_du_velo":"","poids":"7.7kg en taille S","poids_total_autorise":""}},"_links":{"self":[{"href":"https:\/\/rideandco.com\/giant\/wp-json\/wp\/v2\/product\/119392","targetHints":{"allow":["GET"]}}],"collection":[{"href":"https:\/\/rideandco.com\/giant\/wp-json\/wp\/v2\/product"}],"about":[{"href":"https:\/\/rideandco.com\/giant\/wp-json\/wp\/v2\/types\/product"}],"replies":[{"embeddable":true,"href":"https:\/\/rideandco.com\/giant\/wp-json\/wp\/v2\/comments?post=119392"}],"wp:featuredmedia":[{"embeddable":true,"href":"https:\/\/rideandco.com\/giant\/wp-json\/wp\/v2\/media\/119395"}],"wp:attachment":[{"href":"https:\/\/rideandco.com\/giant\/wp-json\/wp\/v2\/media?parent=119392"}],"wp:term":[{"taxonomy":"product_brand","embeddable":true,"href":"https:\/\/rideandco.com\/giant\/wp-json\/wp\/v2\/product_brand?post=119392"},{"taxonomy":"product_cat","embeddable":true,"href":"https:\/\/rideandco.com\/giant\/wp-json\/wp\/v2\/product_cat?post=119392"},{"taxonomy":"product_tag","embeddable":true,"href":"https:\/\/rideandco.com\/giant\/wp-json\/wp\/v2\/product_tag?post=119392"},{"taxonomy":"discipline","embeddable":true,"href":"https:\/\/rideandco.com\/giant\/wp-json\/wp\/v2\/discipline?post=119392"}],"curies":[{"name":"wp","href":"https:\/\/api.w.org\/{rel}","templated":true}]}}