{"id":117454,"date":"2025-02-18T12:37:52","date_gmt":"2025-02-18T11:37:52","guid":{"rendered":"https:\/\/rideandco.com\/giant\/?post_type=product&#038;p=117454"},"modified":"2026-05-13T06:02:37","modified_gmt":"2026-05-13T04:02:37","slug":"velo-de-ville-alight-city-disc-3","status":"publish","type":"product","link":"https:\/\/rideandco.com\/giant\/liv\/alight\/velo-de-ville-alight-city-disc-3\/","title":{"rendered":"Alight City Disc 3"},"content":{"rendered":"\n<h2 class=\"wp-block-heading\">Alight City Disc 3 : un v\u00e9lo de ville polyvalent<\/h2>\n\n\n\n<p>Polyvalence au quotidien<br>Que ce soit pour vos trajets domicile-travail, vos courses ou vos moments de d\u00e9tente, l\u2019Alight City Disc 3 s\u2019adapte \u00e0 votre rythme et \u00e0 toutes vos activit\u00e9s.<\/p>\n\n\n\n<p>Confort renforc\u00e9<br>Les poign\u00e9es ErgoMax, la tige de selle D-Fuse qui filtre les vibrations et la selle ergonomique Liv garantissent une assise agr\u00e9able et une exp\u00e9rience de conduite douce, m\u00eame sur de longues distances.<\/p>\n\n\n\n<p>S\u00e9curit\u00e9 et ma\u00eetrise<br>Avec ses freins \u00e0 disque fiables par tous les temps et son d\u00e9gagement permettant d\u2019accueillir des pneus jusqu\u2019\u00e0 42 mm, l\u2019Alight assure stabilit\u00e9 et confiance sur toutes les routes.<\/p>\n\n\n\n<p>Cadre robuste et l\u00e9ger<br>Construit en alliage 6061 avec tubes \u00e0 aboutement simple, le cadre allie solidit\u00e9 et l\u00e9g\u00e8ret\u00e9 pour s\u2019adapter \u00e0 diff\u00e9rents styles de pilotage et usages quotidiens.<\/p>\n\n\n\n<p><strong>Points forts :<\/strong><\/p>\n\n\n\n<ul class=\"wp-block-list\">\n<li>Tige de selle suspendue pour un confort max<\/li>\n\n\n\n<li>Pneus larges et renforc\u00e9s pour limiter les crevaisons<\/li>\n\n\n\n<li>\u00c9quipement complet : garde-boue, porte-bagages et b\u00e9quille inclus<\/li>\n\n\n\n<li>D\u00e9gagement pour pneus jusqu\u2019\u00e0 40 mm<\/li>\n\n\n\n<li>Conception ergonomique pour une conduite stable et agr\u00e9able<\/li>\n\n\n\n<li>Enjambement bas pour monter et descendre facilement<\/li>\n\n\n\n<li>Autocollants r\u00e9fl\u00e9chissants pour une meilleure visibilit\u00e9 en faible luminosit\u00e9<\/li>\n<\/ul>\n\n\n\n<p><a href=\"https:\/\/www.giant-bicycles.com\/fr\/registration\" target=\"_blank\" rel=\"noopener\">Enregistrez votre v\u00e9lo pour activer la garantie \u00e0 vie sur le cadre.<\/a><\/p>\n\n\n\n<div style=\"height:50px\" aria-hidden=\"true\" class=\"wp-block-spacer\"><\/div>\n\n\n\n<div  class=\"download-block\">\n            <a href=\"https:\/\/rideandco.com\/giant\/wp-content\/uploads\/2025\/02\/liv-alight-city-disc-3-fr-fr-2448.pdf\" class=\"download-link\" download>\n            <div class=\"download-content\">\n                <div class=\"download-text\">\n                    <strong>Fiche produit<\/strong>\n                    <span>pdf. 3,02 Mo<\/span>\n                <\/div>\n                <div class=\"download-icon\">\n                    <img loading=\"lazy\" decoding=\"async\" src=\"https:\/\/rideandco.com\/giant\/wp-content\/themes\/rideandco\/src\/img\/icons\/telechargement-vert.svg\" alt=\"Download Icon\" width=\"32\" height=\"32\">\n                <\/div>\n            <\/div>\n        <\/a>\n    <\/div>\n\n\n \n <!-- G\u00e9n\u00e9rer le bouton avec les classes appropri\u00e9es -->\n <a href=\"https:\/\/rideandco.com\/contacts-et-acces\" class=\"custom-button custom-button-style1\">\n     <span class=\"custom-button-text\">Contactez notre \u00e9quipe !<\/span>\n      <\/a>\n \n\n\n<h2 class=\"wp-block-heading\">Nos v\u00e9los de ville<\/h2>\n\n\n<div id=\"product-slider-6a049cc9ec6e5\" class=\"product-grid-custom-slider\"><div class=\"slider-wrapper\"><div class=\"slider-slide\"><!-- Valeur r\u00e9cup\u00e9r\u00e9e : PROMO --><li style=\"padding-left: 0px;\n    margin-bottom: 10px;\" class=\"custom-product-card no-before product type-product post-118055 status-publish first outofstock product_cat-liv product_cat-alight product_cat-velo-ville product_cat-ville-vtc product_tag-ok has-post-thumbnail sold-individually taxable shipping-taxable purchasable product-type-variable\">\n    <div class=\"custom-product-card-content\">\n                <div class=\"product-image\">\n                            <div id=\"carousel-118055\" class=\"carousel\" data-product-id=\"118055\">\n                    <div class=\"carousel-inner\">\n                        <div class=\"carousel-item active\">\n                            <a href=\"https:\/\/rideandco.com\/giant\/liv\/liv-alight-city-disc-1\/\">\n                                <img decoding=\"async\" src=\"https:\/\/rideandco.com\/giant\/wp-content\/uploads\/2025\/03\/alightcirydisc.jpg\" alt=\"Alight City Disc 1\">\n                            <\/a>\n                        <\/div>\n                                                    <div class=\"carousel-item\">\n                                <a href=\"https:\/\/rideandco.com\/giant\/liv\/liv-alight-city-disc-1\/\">\n                                    <img decoding=\"async\" src=\"https:\/\/rideandco.com\/giant\/wp-content\/uploads\/2025\/03\/alightcitydiscc.jpg\" alt=\"Alight City Disc 1\">\n                                <\/a>\n                            <\/div>\n                                            <\/div>\n                    <button class=\"carousel-control-prev\" data-target=\"#carousel-118055\" aria-label=\"Previous\">\n                        <img decoding=\"async\" src=\"https:\/\/rideandco.com\/giant\/wp-content\/themes\/rideandco\/src\/img\/icons\/fleche-gauche-blanche.svg\" alt=\"Pr\u00e9c\u00e9dent\" style=\"width: 60px; height: 60px;\">\n                    <\/button>\n                    <button class=\"carousel-control-next\" data-target=\"#carousel-118055\" aria-label=\"Next\">\n                        <img decoding=\"async\" src=\"https:\/\/rideandco.com\/giant\/wp-content\/themes\/rideandco\/src\/img\/icons\/fleche-droite-blanche.svg\" alt=\"Suivant\" style=\"width: 60px; height: 60px;\">\n                    <\/button>\n                <\/div>\n                <div class=\"carousel-indicators\" data-target=\"#carousel-118055\">\n                    <span class=\"active\"><\/span>\n                                            <span><\/span>\n                                    <\/div>\n                    <\/div>\n        <div class=\"product-info\">\n            <h2 class=\"woocommerce-loop-product__title\">\n                <a href=\"https:\/\/rideandco.com\/giant\/liv\/liv-alight-city-disc-1\/\">Alight City Disc 1<\/a>\n            <\/h2>\n                            <p class=\"product-type-de-velo\">V\u00e9lo de ville | LIV <\/p>\n                       \n            <div class=\"product-icons\">\n                                                                                    <div class=\"icon-wrapper first-item\">\n                        <img decoding=\"async\" src=\"https:\/\/rideandco.com\/giant\/wp-content\/themes\/rideandco\/src\/img\/icons\/type_de_jantes.svg\" alt=\"Jantes Icon\" class=\"icon-with-tooltip\">\n                        <div class=\"tooltip custom-tooltip\">Aluminium <\/div>\n                    <\/div>\n                                                                        <div class=\"icon-wrapper \">\n                        <img decoding=\"async\" src=\"https:\/\/rideandco.com\/giant\/wp-content\/themes\/rideandco\/src\/img\/icons\/color-wheel.png\" alt=\"Ic\u00f4ne couleurs\" class=\"icon-with-tooltip\">\n                        <div class=\"tooltip custom-tooltip\">\n                            Disponible en 2 couleurs\n                        <\/div>\n                    <\/div>\n                            <\/div>           \n            <!-- Ajouter le tarif du produit ici -->\n            <!-- Affichage du prix -->\n            <div class=\"product-price-container\">\n                <div class=\"product-price-wrapper\">\n                    <span class=\"current-price\">800,00 \u20ac<sup>TTC<\/sup><\/span>                <\/div>\n\n                <!-- Affichage du financement mensuel -->\n                <div class=\"product-financing\">\n                    D\u00e8s <span class=\"monthly-paymentlist\">67\u20ac\/mois<\/span> financement sur 12 mois                <\/div>\n            <\/div>\n\n            <!-- Ajoutez ici vos options suppl\u00e9mentaires -->\n            <div class=\"product-options\">\n                <a href=\"https:\/\/rideandco.com\/giant\/liv\/liv-alight-city-disc-1\/\" class=\"clickable-link\">\n                    Voir ce v\u00e9lo\n                    <img decoding=\"async\" src=\"https:\/\/rideandco.com\/giant\/wp-content\/themes\/rideandco\/src\/img\/icons\/fleche-droite-verte.svg\" alt=\"Fl\u00e8che droite\" class=\"arrow-icon\">\n                <\/a>\n                <div class=\"product-compare\" data-id=\"118055\">\n                    <a href=\"javascript:addToComparator(118055)\"\n                        class=\"link-add \">\n                        <img decoding=\"async\" src=\"https:\/\/rideandco.com\/giant\/wp-content\/themes\/rideandco\/src\/img\/icons\/ajouter_au_comparateur.svg\"\n                            alt=\"Ajouter au comparateur\"\n                        \/>\n                    <\/a>\n                    <a href=\"javascript:removeFromComparator(118055)\"\n                        class=\"link-remove hidden\">\n                        <img decoding=\"async\" src=\"https:\/\/rideandco.com\/giant\/wp-content\/themes\/rideandco\/src\/img\/icons\/retirer_du_comparateur_rouge.svg\"\n                            alt=\"Retirer du comparateur\"\n                        \/>\n                    <\/a>\n                    <span class=\"tooltip tooltip-add \">\n                        Ajouter au comparateur\n                    <\/span>\n                    <span class=\"tooltip tooltip-remove hidden\">\n                        Retirer du comparateur\n                    <\/span>\n                <\/div>\n            <\/div>\n        <\/div>\n    <\/div>\n<\/li><!-- Valeur r\u00e9cup\u00e9r\u00e9e : PROMO --><li style=\"padding-left: 0px;\n    margin-bottom: 10px;\" class=\"custom-product-card no-before product type-product post-117474 status-publish outofstock product_cat-giant product_cat-escape product_cat-velo-ville product_cat-ville-vtc product_tag-ok has-post-thumbnail sold-individually taxable shipping-taxable purchasable product-type-variable\">\n    <div class=\"custom-product-card-content\">\n                <div class=\"product-image\">\n                            <a href=\"https:\/\/rideandco.com\/giant\/giant\/vtc-ville-escape-disc-2\/\">\n                    <img decoding=\"async\" src=\"https:\/\/rideandco.com\/giant\/wp-content\/uploads\/2025\/02\/escape2.jpg\" alt=\"Escape Disc 2\">\n                <\/a>\n                    <\/div>\n        <div class=\"product-info\">\n            <h2 class=\"woocommerce-loop-product__title\">\n                <a href=\"https:\/\/rideandco.com\/giant\/giant\/vtc-ville-escape-disc-2\/\">Escape Disc 2<\/a>\n            <\/h2>\n                            <p class=\"product-type-de-velo\">V\u00e9lo de ville | GIANT <\/p>\n                       \n            <div class=\"product-icons\">\n                                                                                    <div class=\"icon-wrapper first-item\">\n                        <img decoding=\"async\" src=\"https:\/\/rideandco.com\/giant\/wp-content\/themes\/rideandco\/src\/img\/icons\/type_de_jantes.svg\" alt=\"Jantes Icon\" class=\"icon-with-tooltip\">\n                        <div class=\"tooltip custom-tooltip\">Aluminium <\/div>\n                    <\/div>\n                                                                <\/div>           \n            <!-- Ajouter le tarif du produit ici -->\n            <!-- Affichage du prix -->\n            <div class=\"product-price-container\">\n                <div class=\"product-price-wrapper\">\n                    <span class=\"current-price\">650,00 \u20ac<sup>TTC<\/sup><\/span>                <\/div>\n\n                <!-- Affichage du financement mensuel -->\n                <div class=\"product-financing\">\n                    D\u00e8s <span class=\"monthly-paymentlist\">54\u20ac\/mois<\/span> financement sur 12 mois                <\/div>\n            <\/div>\n\n            <!-- Ajoutez ici vos options suppl\u00e9mentaires -->\n            <div class=\"product-options\">\n                <a href=\"https:\/\/rideandco.com\/giant\/giant\/vtc-ville-escape-disc-2\/\" class=\"clickable-link\">\n                    Voir ce v\u00e9lo\n                    <img decoding=\"async\" src=\"https:\/\/rideandco.com\/giant\/wp-content\/themes\/rideandco\/src\/img\/icons\/fleche-droite-verte.svg\" alt=\"Fl\u00e8che droite\" class=\"arrow-icon\">\n                <\/a>\n                <div class=\"product-compare\" data-id=\"117474\">\n                    <a href=\"javascript:addToComparator(117474)\"\n                        class=\"link-add \">\n                        <img decoding=\"async\" src=\"https:\/\/rideandco.com\/giant\/wp-content\/themes\/rideandco\/src\/img\/icons\/ajouter_au_comparateur.svg\"\n                            alt=\"Ajouter au comparateur\"\n                        \/>\n                    <\/a>\n                    <a href=\"javascript:removeFromComparator(117474)\"\n                        class=\"link-remove hidden\">\n                        <img decoding=\"async\" src=\"https:\/\/rideandco.com\/giant\/wp-content\/themes\/rideandco\/src\/img\/icons\/retirer_du_comparateur_rouge.svg\"\n                            alt=\"Retirer du comparateur\"\n                        \/>\n                    <\/a>\n                    <span class=\"tooltip tooltip-add \">\n                        Ajouter au comparateur\n                    <\/span>\n                    <span class=\"tooltip tooltip-remove hidden\">\n                        Retirer du comparateur\n                    <\/span>\n                <\/div>\n            <\/div>\n        <\/div>\n    <\/div>\n<\/li><!-- Valeur r\u00e9cup\u00e9r\u00e9e : PROMO --><li style=\"padding-left: 0px;\n    margin-bottom: 10px;\" class=\"custom-product-card no-before product type-product post-117461 status-publish last outofstock product_cat-escape product_cat-giant product_cat-velo-ville product_cat-ville-vtc product_tag-ok has-post-thumbnail sold-individually taxable shipping-taxable purchasable product-type-variable\">\n    <div class=\"custom-product-card-content\">\n                <div class=\"product-image\">\n                            <div id=\"carousel-117461\" class=\"carousel\" data-product-id=\"117461\">\n                    <div class=\"carousel-inner\">\n                        <div class=\"carousel-item active\">\n                            <a href=\"https:\/\/rideandco.com\/giant\/ville-vtc\/velo-ville\/ville-escape-disc-3\/\">\n                                <img decoding=\"async\" src=\"https:\/\/rideandco.com\/giant\/wp-content\/uploads\/2025\/02\/escape3.jpg\" alt=\"Escape Disc 3\">\n                            <\/a>\n                        <\/div>\n                                                    <div class=\"carousel-item\">\n                                <a href=\"https:\/\/rideandco.com\/giant\/ville-vtc\/velo-ville\/ville-escape-disc-3\/\">\n                                    <img decoding=\"async\" src=\"https:\/\/rideandco.com\/giant\/wp-content\/uploads\/2025\/02\/escape31.jpg\" alt=\"Escape Disc 3\">\n                                <\/a>\n                            <\/div>\n                                            <\/div>\n                    <button class=\"carousel-control-prev\" data-target=\"#carousel-117461\" aria-label=\"Previous\">\n                        <img decoding=\"async\" src=\"https:\/\/rideandco.com\/giant\/wp-content\/themes\/rideandco\/src\/img\/icons\/fleche-gauche-blanche.svg\" alt=\"Pr\u00e9c\u00e9dent\" style=\"width: 60px; height: 60px;\">\n                    <\/button>\n                    <button class=\"carousel-control-next\" data-target=\"#carousel-117461\" aria-label=\"Next\">\n                        <img decoding=\"async\" src=\"https:\/\/rideandco.com\/giant\/wp-content\/themes\/rideandco\/src\/img\/icons\/fleche-droite-blanche.svg\" alt=\"Suivant\" style=\"width: 60px; height: 60px;\">\n                    <\/button>\n                <\/div>\n                <div class=\"carousel-indicators\" data-target=\"#carousel-117461\">\n                    <span class=\"active\"><\/span>\n                                            <span><\/span>\n                                    <\/div>\n                    <\/div>\n        <div class=\"product-info\">\n            <h2 class=\"woocommerce-loop-product__title\">\n                <a href=\"https:\/\/rideandco.com\/giant\/ville-vtc\/velo-ville\/ville-escape-disc-3\/\">Escape Disc 3<\/a>\n            <\/h2>\n                            <p class=\"product-type-de-velo\">V\u00e9lo de ville | GIANT <\/p>\n                       \n            <div class=\"product-icons\">\n                                                                                    <div class=\"icon-wrapper first-item\">\n                        <img decoding=\"async\" src=\"https:\/\/rideandco.com\/giant\/wp-content\/themes\/rideandco\/src\/img\/icons\/type_de_jantes.svg\" alt=\"Jantes Icon\" class=\"icon-with-tooltip\">\n                        <div class=\"tooltip custom-tooltip\">Aluminium <\/div>\n                    <\/div>\n                                                                <\/div>           \n            <!-- Ajouter le tarif du produit ici -->\n            <!-- Affichage du prix -->\n            <div class=\"product-price-container\">\n                <div class=\"product-price-wrapper\">\n                    <span class=\"current-price\">550,00 \u20ac<sup>TTC<\/sup><\/span>                <\/div>\n\n                <!-- Affichage du financement mensuel -->\n                <div class=\"product-financing\">\n                    D\u00e8s <span class=\"monthly-paymentlist\">46\u20ac\/mois<\/span> financement sur 12 mois                <\/div>\n            <\/div>\n\n            <!-- Ajoutez ici vos options suppl\u00e9mentaires -->\n            <div class=\"product-options\">\n                <a href=\"https:\/\/rideandco.com\/giant\/ville-vtc\/velo-ville\/ville-escape-disc-3\/\" class=\"clickable-link\">\n                    Voir ce v\u00e9lo\n                    <img decoding=\"async\" src=\"https:\/\/rideandco.com\/giant\/wp-content\/themes\/rideandco\/src\/img\/icons\/fleche-droite-verte.svg\" alt=\"Fl\u00e8che droite\" class=\"arrow-icon\">\n                <\/a>\n                <div class=\"product-compare\" data-id=\"117461\">\n                    <a href=\"javascript:addToComparator(117461)\"\n                        class=\"link-add \">\n                        <img decoding=\"async\" src=\"https:\/\/rideandco.com\/giant\/wp-content\/themes\/rideandco\/src\/img\/icons\/ajouter_au_comparateur.svg\"\n                            alt=\"Ajouter au comparateur\"\n                        \/>\n                    <\/a>\n                    <a href=\"javascript:removeFromComparator(117461)\"\n                        class=\"link-remove hidden\">\n                        <img decoding=\"async\" src=\"https:\/\/rideandco.com\/giant\/wp-content\/themes\/rideandco\/src\/img\/icons\/retirer_du_comparateur_rouge.svg\"\n                            alt=\"Retirer du comparateur\"\n                        \/>\n                    <\/a>\n                    <span class=\"tooltip tooltip-add \">\n                        Ajouter au comparateur\n                    <\/span>\n                    <span class=\"tooltip tooltip-remove hidden\">\n                        Retirer du comparateur\n                    <\/span>\n                <\/div>\n            <\/div>\n        <\/div>\n    <\/div>\n<\/li><\/div><\/div><\/div>","protected":false},"excerpt":{"rendered":"<p>Soyez sereine lors de vos sorties en ville avec l&rsquo;Alight City Disc 3. Confortable, l\u00e9ger et maniable, c&rsquo;est le v\u00e9lo id\u00e9al pour vos sorties quotidiennes.<\/p>\n","protected":false},"featured_media":117460,"comment_status":"closed","ping_status":"closed","template":"","meta":{"_acf_changed":false},"product_brand":[],"product_cat":[533,515,506,505],"product_tag":[543],"discipline":[],"class_list":{"0":"post-117454","1":"product","2":"type-product","3":"status-publish","4":"has-post-thumbnail","6":"product_cat-alight","7":"product_cat-liv","8":"product_cat-velo-ville","9":"product_cat-ville-vtc","10":"product_tag-ok","12":"first","13":"outofstock","14":"sold-individually","15":"taxable","16":"shipping-taxable","17":"purchasable","18":"product-type-variable"},"acf":{"infos_globales":{"nom_produit":"Alight City Disc 3","marque_velo":"LIV","annee":2025,"type_de_velo":"V\u00e9lo de ville","assitance_velo":"V\u00e9lo musculaire","garantie_produit":"Cadre : \u00e0 vie, Composants et p\u00e9riph\u00e9riques : 2 ans","genre_du_produit":"femme","assurance_incluse":false,"taille__en_cm":["145","150","155","160","165","170","175","180","185"]},"cadre_velo":{"forme_du_cadre":"Bas","cadre":"ALUXX-Grade Aluminum","matiere_du_cadre":["Aluminium"],"marque_de_la_fourche":"Aluminium","fourche":"Aluminium","amortisseur":""},"systeme_moteur":{"moteur":"","batterie":"","details-batterie":"","simulateur_autonomie":"","autonomie":"","compteur":"","chargeur":""},"transmission":{"type_de_transmission":"mecanique","Manettes_commandes_de_vitesse":"Shimano Tourney, 3x7","type_de_pedalier":"ProWheel RPL, FD16SP-F-TT 40t XS:165mm, S:165mm, M:170mm, L:172.5mm","derailleur_avant":"Shimano Altus","derailleur_arriere":"Shimano Tourney","type_de_cassette":"Shimano MF-TZ500, 14x34","type_de_chaine":"KMC Z7"},"type_de_freins":{"frein_av":"Tektro TKB-172 m\u00e9canique 160 mm","frein_ar":"Tektro TKB-172 m\u00e9canique 160 mm"},"roues":{"type-de-roues":" Giant GX Disc","type_de_jantes":"","matiere_jantes":"Aluminium","pneus":"Giant S-X3, protection anti-crevaison, 700x38c","moyeu_av":"","moyeu_ar":""},"cockpit_poste_de_pilotage":{"type_de_guidon":"Giant Sport XC, 25,4 mm XS : 60 cm, S : 60 cm, M : 64 cm, L : 64 cm","type_de_potence":"Giant Sport, 25,4 mm XS : 80 mm, S : 80 mm, M : 90 mm, L : 100 mm","type_de_selle":"Liv Sport Confort","type_de_tige_de_selle":"alliage, suspension, 30,9 mm XS : 350 mm, S : 350 mm, M : 350 mm, L : 350 mm","type_de_collier_de_selle":"","type_de_poignees":"Confort dynamique XS : 31 mm, S : 31 mm, M : 31 mm, L : 34 mm"},"particularite_du_velo":{"type_de_pedales":"","accessoires_du_velo":"Kit d'\u00e9clairage avant et arri\u00e8re \u00e0 piles, garde-boue, porte-bagages, porte-bidon pour guidon, autocollants r\u00e9fl\u00e9chissants","poids":"","poids_total_autorise":""}},"_links":{"self":[{"href":"https:\/\/rideandco.com\/giant\/wp-json\/wp\/v2\/product\/117454","targetHints":{"allow":["GET"]}}],"collection":[{"href":"https:\/\/rideandco.com\/giant\/wp-json\/wp\/v2\/product"}],"about":[{"href":"https:\/\/rideandco.com\/giant\/wp-json\/wp\/v2\/types\/product"}],"replies":[{"embeddable":true,"href":"https:\/\/rideandco.com\/giant\/wp-json\/wp\/v2\/comments?post=117454"}],"wp:featuredmedia":[{"embeddable":true,"href":"https:\/\/rideandco.com\/giant\/wp-json\/wp\/v2\/media\/117460"}],"wp:attachment":[{"href":"https:\/\/rideandco.com\/giant\/wp-json\/wp\/v2\/media?parent=117454"}],"wp:term":[{"taxonomy":"product_brand","embeddable":true,"href":"https:\/\/rideandco.com\/giant\/wp-json\/wp\/v2\/product_brand?post=117454"},{"taxonomy":"product_cat","embeddable":true,"href":"https:\/\/rideandco.com\/giant\/wp-json\/wp\/v2\/product_cat?post=117454"},{"taxonomy":"product_tag","embeddable":true,"href":"https:\/\/rideandco.com\/giant\/wp-json\/wp\/v2\/product_tag?post=117454"},{"taxonomy":"discipline","embeddable":true,"href":"https:\/\/rideandco.com\/giant\/wp-json\/wp\/v2\/discipline?post=117454"}],"curies":[{"name":"wp","href":"https:\/\/api.w.org\/{rel}","templated":true}]}}