{"id":117444,"date":"2025-02-18T11:20:24","date_gmt":"2025-02-18T10:20:24","guid":{"rendered":"https:\/\/rideandco.com\/giant\/?post_type=product&#038;p=117444"},"modified":"2026-05-13T06:02:37","modified_gmt":"2026-05-13T04:02:37","slug":"velo-de-ville-alight-city-disc-2","status":"publish","type":"product","link":"https:\/\/rideandco.com\/giant\/liv\/velo-de-ville-alight-city-disc-2\/","title":{"rendered":"Alight City Disc 2"},"content":{"rendered":"\n<h2 class=\"wp-block-heading\">Alight City Disc 2 : un v\u00e9lo de ville pens\u00e9 pour le quotidien<\/h2>\n\n\n\n<p>Polyvalence au quotidien<br>Pour vos d\u00e9placements domicile-travail, vos sorties en ville ou vos moments de d\u00e9tente, l&rsquo;Alight City Disc 2 s\u2019int\u00e8gre naturellement \u00e0 votre rythme de vie et s\u2019adapte \u00e0 toutes vos envies.<\/p>\n\n\n\n<p>Confort au rendez-vous<br>Chaque trajet devient plus agr\u00e9able gr\u00e2ce aux poign\u00e9es ErgoMax, \u00e0 la tige de selle D-Fuse qui filtre efficacement les vibrations, et \u00e0 la selle ergonomique Liv, pens\u00e9e pour offrir un excellent maintien et une assise confortable.<\/p>\n\n\n\n<p>Contr\u00f4le et s\u00e9curit\u00e9<br>Les freins \u00e0 disque garantissent un freinage puissant et constant quelles que soient les conditions m\u00e9t\u00e9o. Le d\u00e9gagement g\u00e9n\u00e9reux au niveau de la fourche permet de monter des pneus jusqu\u2019\u00e0 42 mm, am\u00e9liorant la stabilit\u00e9 et la confiance sur tous types de rev\u00eatements.<\/p>\n\n\n\n<p>Un cadre performant et \u00e9quilibr\u00e9<br>Con\u00e7u en alliage aluminium 6061 avec des tubes \u00e0 aboutement simple, le cadre de l&rsquo;Alight City Disc 2 combine l\u00e9g\u00e8ret\u00e9, solidit\u00e9 et polyvalence. Il convient \u00e0 diff\u00e9rents usages et styles de pilotage, pour un v\u00e9lo aussi efficace que durable.<\/p>\n\n\n\n<div style=\"height:45px\" aria-hidden=\"true\" class=\"wp-block-spacer\"><\/div>\n\n\n\n<p>Points cl\u00e9s : <\/p>\n\n\n\n<ul class=\"wp-block-list\">\n<li>Tige de selle suspendue pour plus de confort<\/li>\n\n\n\n<li>Pneus renforc\u00e9s et large pour r\u00e9duire les risques de crevaison<\/li>\n\n\n\n<li>Equip\u00e9 de garde-boue, porte bagage et b\u00e9quille<\/li>\n\n\n\n<li>D\u00e9gagement des pneus jusque 40mm de large<\/li>\n\n\n\n<li>Contre plat pour une conduite stable et confortable<\/li>\n\n\n\n<li>Enjambement facile pour monter et descendre du v\u00e9lo<\/li>\n\n\n\n<li>Autocollants r\u00e9fl\u00e9chissants pour \u00eatre visible m\u00eame en faible luminosit\u00e9<\/li>\n<\/ul>\n\n\n\n<p><a href=\"https:\/\/www.giant-bicycles.com\/fr\/registration\" target=\"_blank\" rel=\"noopener\">Enregistrez votre v\u00e9lo pour activer la garantie \u00e0 vie sur le cadre.<\/a><\/p>\n\n\n\n<div style=\"height:35px\" aria-hidden=\"true\" class=\"wp-block-spacer\"><\/div>\n\n\n\n<div  class=\"download-block\">\n            <a href=\"https:\/\/rideandco.com\/giant\/wp-content\/uploads\/2025\/02\/liv-alight-city-disc-2-fr-fr-2443.pdf\" class=\"download-link\" download>\n            <div class=\"download-content\">\n                <div class=\"download-text\">\n                    <strong>Fiche produit<\/strong>\n                    <span>pdf. 3,23 Mo<\/span>\n                <\/div>\n                <div class=\"download-icon\">\n                    <img loading=\"lazy\" decoding=\"async\" src=\"https:\/\/rideandco.com\/giant\/wp-content\/themes\/rideandco\/src\/img\/icons\/telechargement-vert.svg\" alt=\"Download Icon\" width=\"32\" height=\"32\">\n                <\/div>\n            <\/div>\n        <\/a>\n    <\/div>\n\n\n \n <!-- G\u00e9n\u00e9rer le bouton avec les classes appropri\u00e9es -->\n <a href=\"https:\/\/rideandco.com\/contacts-et-acces\" class=\"custom-button custom-button-style1\">\n     <span class=\"custom-button-text\">Contactez notre \u00e9quipe !<\/span>\n      <\/a>\n \n\n\n<h2 class=\"wp-block-heading\">Nos v\u00e9los de ville<\/h2>\n\n\n<div id=\"product-slider-6a049cc5d9508\" class=\"product-grid-custom-slider\"><div class=\"slider-wrapper\"><div class=\"slider-slide\"><!-- Valeur r\u00e9cup\u00e9r\u00e9e : PROMO --><li style=\"padding-left: 0px;\n    margin-bottom: 10px;\" class=\"custom-product-card no-before product type-product post-118055 status-publish first outofstock product_cat-liv product_cat-alight product_cat-velo-ville product_cat-ville-vtc product_tag-ok has-post-thumbnail sold-individually taxable shipping-taxable purchasable product-type-variable\">\n    <div class=\"custom-product-card-content\">\n                <div class=\"product-image\">\n                            <div id=\"carousel-118055\" class=\"carousel\" data-product-id=\"118055\">\n                    <div class=\"carousel-inner\">\n                        <div class=\"carousel-item active\">\n                            <a href=\"https:\/\/rideandco.com\/giant\/liv\/liv-alight-city-disc-1\/\">\n                                <img decoding=\"async\" src=\"https:\/\/rideandco.com\/giant\/wp-content\/uploads\/2025\/03\/alightcirydisc.jpg\" alt=\"Alight City Disc 1\">\n                            <\/a>\n                        <\/div>\n                                                    <div class=\"carousel-item\">\n                                <a href=\"https:\/\/rideandco.com\/giant\/liv\/liv-alight-city-disc-1\/\">\n                                    <img decoding=\"async\" src=\"https:\/\/rideandco.com\/giant\/wp-content\/uploads\/2025\/03\/alightcitydiscc.jpg\" alt=\"Alight City Disc 1\">\n                                <\/a>\n                            <\/div>\n                                            <\/div>\n                    <button class=\"carousel-control-prev\" data-target=\"#carousel-118055\" aria-label=\"Previous\">\n                        <img decoding=\"async\" src=\"https:\/\/rideandco.com\/giant\/wp-content\/themes\/rideandco\/src\/img\/icons\/fleche-gauche-blanche.svg\" alt=\"Pr\u00e9c\u00e9dent\" style=\"width: 60px; height: 60px;\">\n                    <\/button>\n                    <button class=\"carousel-control-next\" data-target=\"#carousel-118055\" aria-label=\"Next\">\n                        <img decoding=\"async\" src=\"https:\/\/rideandco.com\/giant\/wp-content\/themes\/rideandco\/src\/img\/icons\/fleche-droite-blanche.svg\" alt=\"Suivant\" style=\"width: 60px; height: 60px;\">\n                    <\/button>\n                <\/div>\n                <div class=\"carousel-indicators\" data-target=\"#carousel-118055\">\n                    <span class=\"active\"><\/span>\n                                            <span><\/span>\n                                    <\/div>\n                    <\/div>\n        <div class=\"product-info\">\n            <h2 class=\"woocommerce-loop-product__title\">\n                <a href=\"https:\/\/rideandco.com\/giant\/liv\/liv-alight-city-disc-1\/\">Alight City Disc 1<\/a>\n            <\/h2>\n                            <p class=\"product-type-de-velo\">V\u00e9lo de ville | LIV <\/p>\n                       \n            <div class=\"product-icons\">\n                                                                                    <div class=\"icon-wrapper first-item\">\n                        <img decoding=\"async\" src=\"https:\/\/rideandco.com\/giant\/wp-content\/themes\/rideandco\/src\/img\/icons\/type_de_jantes.svg\" alt=\"Jantes Icon\" class=\"icon-with-tooltip\">\n                        <div class=\"tooltip custom-tooltip\">Aluminium <\/div>\n                    <\/div>\n                                                                        <div class=\"icon-wrapper \">\n                        <img decoding=\"async\" src=\"https:\/\/rideandco.com\/giant\/wp-content\/themes\/rideandco\/src\/img\/icons\/color-wheel.png\" alt=\"Ic\u00f4ne couleurs\" class=\"icon-with-tooltip\">\n                        <div class=\"tooltip custom-tooltip\">\n                            Disponible en 2 couleurs\n                        <\/div>\n                    <\/div>\n                            <\/div>           \n            <!-- Ajouter le tarif du produit ici -->\n            <!-- Affichage du prix -->\n            <div class=\"product-price-container\">\n                <div class=\"product-price-wrapper\">\n                    <span class=\"current-price\">800,00 \u20ac<sup>TTC<\/sup><\/span>                <\/div>\n\n                <!-- Affichage du financement mensuel -->\n                <div class=\"product-financing\">\n                    D\u00e8s <span class=\"monthly-paymentlist\">67\u20ac\/mois<\/span> financement sur 12 mois                <\/div>\n            <\/div>\n\n            <!-- Ajoutez ici vos options suppl\u00e9mentaires -->\n            <div class=\"product-options\">\n                <a href=\"https:\/\/rideandco.com\/giant\/liv\/liv-alight-city-disc-1\/\" class=\"clickable-link\">\n                    Voir ce v\u00e9lo\n                    <img decoding=\"async\" src=\"https:\/\/rideandco.com\/giant\/wp-content\/themes\/rideandco\/src\/img\/icons\/fleche-droite-verte.svg\" alt=\"Fl\u00e8che droite\" class=\"arrow-icon\">\n                <\/a>\n                <div class=\"product-compare\" data-id=\"118055\">\n                    <a href=\"javascript:addToComparator(118055)\"\n                        class=\"link-add \">\n                        <img decoding=\"async\" src=\"https:\/\/rideandco.com\/giant\/wp-content\/themes\/rideandco\/src\/img\/icons\/ajouter_au_comparateur.svg\"\n                            alt=\"Ajouter au comparateur\"\n                        \/>\n                    <\/a>\n                    <a href=\"javascript:removeFromComparator(118055)\"\n                        class=\"link-remove hidden\">\n                        <img decoding=\"async\" src=\"https:\/\/rideandco.com\/giant\/wp-content\/themes\/rideandco\/src\/img\/icons\/retirer_du_comparateur_rouge.svg\"\n                            alt=\"Retirer du comparateur\"\n                        \/>\n                    <\/a>\n                    <span class=\"tooltip tooltip-add \">\n                        Ajouter au comparateur\n                    <\/span>\n                    <span class=\"tooltip tooltip-remove hidden\">\n                        Retirer du comparateur\n                    <\/span>\n                <\/div>\n            <\/div>\n        <\/div>\n    <\/div>\n<\/li><!-- Valeur r\u00e9cup\u00e9r\u00e9e : PROMO --><li style=\"padding-left: 0px;\n    margin-bottom: 10px;\" class=\"custom-product-card no-before product type-product post-117474 status-publish outofstock product_cat-giant product_cat-escape product_cat-velo-ville product_cat-ville-vtc product_tag-ok has-post-thumbnail sold-individually taxable shipping-taxable purchasable product-type-variable\">\n    <div class=\"custom-product-card-content\">\n                <div class=\"product-image\">\n                            <a href=\"https:\/\/rideandco.com\/giant\/giant\/vtc-ville-escape-disc-2\/\">\n                    <img decoding=\"async\" src=\"https:\/\/rideandco.com\/giant\/wp-content\/uploads\/2025\/02\/escape2.jpg\" alt=\"Escape Disc 2\">\n                <\/a>\n                    <\/div>\n        <div class=\"product-info\">\n            <h2 class=\"woocommerce-loop-product__title\">\n                <a href=\"https:\/\/rideandco.com\/giant\/giant\/vtc-ville-escape-disc-2\/\">Escape Disc 2<\/a>\n            <\/h2>\n                            <p class=\"product-type-de-velo\">V\u00e9lo de ville | GIANT <\/p>\n                       \n            <div class=\"product-icons\">\n                                                                                    <div class=\"icon-wrapper first-item\">\n                        <img decoding=\"async\" src=\"https:\/\/rideandco.com\/giant\/wp-content\/themes\/rideandco\/src\/img\/icons\/type_de_jantes.svg\" alt=\"Jantes Icon\" class=\"icon-with-tooltip\">\n                        <div class=\"tooltip custom-tooltip\">Aluminium <\/div>\n                    <\/div>\n                                                                <\/div>           \n            <!-- Ajouter le tarif du produit ici -->\n            <!-- Affichage du prix -->\n            <div class=\"product-price-container\">\n                <div class=\"product-price-wrapper\">\n                    <span class=\"current-price\">650,00 \u20ac<sup>TTC<\/sup><\/span>                <\/div>\n\n                <!-- Affichage du financement mensuel -->\n                <div class=\"product-financing\">\n                    D\u00e8s <span class=\"monthly-paymentlist\">54\u20ac\/mois<\/span> financement sur 12 mois                <\/div>\n            <\/div>\n\n            <!-- Ajoutez ici vos options suppl\u00e9mentaires -->\n            <div class=\"product-options\">\n                <a href=\"https:\/\/rideandco.com\/giant\/giant\/vtc-ville-escape-disc-2\/\" class=\"clickable-link\">\n                    Voir ce v\u00e9lo\n                    <img decoding=\"async\" src=\"https:\/\/rideandco.com\/giant\/wp-content\/themes\/rideandco\/src\/img\/icons\/fleche-droite-verte.svg\" alt=\"Fl\u00e8che droite\" class=\"arrow-icon\">\n                <\/a>\n                <div class=\"product-compare\" data-id=\"117474\">\n                    <a href=\"javascript:addToComparator(117474)\"\n                        class=\"link-add \">\n                        <img decoding=\"async\" src=\"https:\/\/rideandco.com\/giant\/wp-content\/themes\/rideandco\/src\/img\/icons\/ajouter_au_comparateur.svg\"\n                            alt=\"Ajouter au comparateur\"\n                        \/>\n                    <\/a>\n                    <a href=\"javascript:removeFromComparator(117474)\"\n                        class=\"link-remove hidden\">\n                        <img decoding=\"async\" src=\"https:\/\/rideandco.com\/giant\/wp-content\/themes\/rideandco\/src\/img\/icons\/retirer_du_comparateur_rouge.svg\"\n                            alt=\"Retirer du comparateur\"\n                        \/>\n                    <\/a>\n                    <span class=\"tooltip tooltip-add \">\n                        Ajouter au comparateur\n                    <\/span>\n                    <span class=\"tooltip tooltip-remove hidden\">\n                        Retirer du comparateur\n                    <\/span>\n                <\/div>\n            <\/div>\n        <\/div>\n    <\/div>\n<\/li><!-- Valeur r\u00e9cup\u00e9r\u00e9e : PROMO --><li style=\"padding-left: 0px;\n    margin-bottom: 10px;\" class=\"custom-product-card no-before product type-product post-117461 status-publish last outofstock product_cat-escape product_cat-giant product_cat-velo-ville product_cat-ville-vtc product_tag-ok has-post-thumbnail sold-individually taxable shipping-taxable purchasable product-type-variable\">\n    <div class=\"custom-product-card-content\">\n                <div class=\"product-image\">\n                            <div id=\"carousel-117461\" class=\"carousel\" data-product-id=\"117461\">\n                    <div class=\"carousel-inner\">\n                        <div class=\"carousel-item active\">\n                            <a href=\"https:\/\/rideandco.com\/giant\/ville-vtc\/velo-ville\/ville-escape-disc-3\/\">\n                                <img decoding=\"async\" src=\"https:\/\/rideandco.com\/giant\/wp-content\/uploads\/2025\/02\/escape3.jpg\" alt=\"Escape Disc 3\">\n                            <\/a>\n                        <\/div>\n                                                    <div class=\"carousel-item\">\n                                <a href=\"https:\/\/rideandco.com\/giant\/ville-vtc\/velo-ville\/ville-escape-disc-3\/\">\n                                    <img decoding=\"async\" src=\"https:\/\/rideandco.com\/giant\/wp-content\/uploads\/2025\/02\/escape31.jpg\" alt=\"Escape Disc 3\">\n                                <\/a>\n                            <\/div>\n                                            <\/div>\n                    <button class=\"carousel-control-prev\" data-target=\"#carousel-117461\" aria-label=\"Previous\">\n                        <img decoding=\"async\" src=\"https:\/\/rideandco.com\/giant\/wp-content\/themes\/rideandco\/src\/img\/icons\/fleche-gauche-blanche.svg\" alt=\"Pr\u00e9c\u00e9dent\" style=\"width: 60px; height: 60px;\">\n                    <\/button>\n                    <button class=\"carousel-control-next\" data-target=\"#carousel-117461\" aria-label=\"Next\">\n                        <img decoding=\"async\" src=\"https:\/\/rideandco.com\/giant\/wp-content\/themes\/rideandco\/src\/img\/icons\/fleche-droite-blanche.svg\" alt=\"Suivant\" style=\"width: 60px; height: 60px;\">\n                    <\/button>\n                <\/div>\n                <div class=\"carousel-indicators\" data-target=\"#carousel-117461\">\n                    <span class=\"active\"><\/span>\n                                            <span><\/span>\n                                    <\/div>\n                    <\/div>\n        <div class=\"product-info\">\n            <h2 class=\"woocommerce-loop-product__title\">\n                <a href=\"https:\/\/rideandco.com\/giant\/ville-vtc\/velo-ville\/ville-escape-disc-3\/\">Escape Disc 3<\/a>\n            <\/h2>\n                            <p class=\"product-type-de-velo\">V\u00e9lo de ville | GIANT <\/p>\n                       \n            <div class=\"product-icons\">\n                                                                                    <div class=\"icon-wrapper first-item\">\n                        <img decoding=\"async\" src=\"https:\/\/rideandco.com\/giant\/wp-content\/themes\/rideandco\/src\/img\/icons\/type_de_jantes.svg\" alt=\"Jantes Icon\" class=\"icon-with-tooltip\">\n                        <div class=\"tooltip custom-tooltip\">Aluminium <\/div>\n                    <\/div>\n                                                                <\/div>           \n            <!-- Ajouter le tarif du produit ici -->\n            <!-- Affichage du prix -->\n            <div class=\"product-price-container\">\n                <div class=\"product-price-wrapper\">\n                    <span class=\"current-price\">550,00 \u20ac<sup>TTC<\/sup><\/span>                <\/div>\n\n                <!-- Affichage du financement mensuel -->\n                <div class=\"product-financing\">\n                    D\u00e8s <span class=\"monthly-paymentlist\">46\u20ac\/mois<\/span> financement sur 12 mois                <\/div>\n            <\/div>\n\n            <!-- Ajoutez ici vos options suppl\u00e9mentaires -->\n            <div class=\"product-options\">\n                <a href=\"https:\/\/rideandco.com\/giant\/ville-vtc\/velo-ville\/ville-escape-disc-3\/\" class=\"clickable-link\">\n                    Voir ce v\u00e9lo\n                    <img decoding=\"async\" src=\"https:\/\/rideandco.com\/giant\/wp-content\/themes\/rideandco\/src\/img\/icons\/fleche-droite-verte.svg\" alt=\"Fl\u00e8che droite\" class=\"arrow-icon\">\n                <\/a>\n                <div class=\"product-compare\" data-id=\"117461\">\n                    <a href=\"javascript:addToComparator(117461)\"\n                        class=\"link-add \">\n                        <img decoding=\"async\" src=\"https:\/\/rideandco.com\/giant\/wp-content\/themes\/rideandco\/src\/img\/icons\/ajouter_au_comparateur.svg\"\n                            alt=\"Ajouter au comparateur\"\n                        \/>\n                    <\/a>\n                    <a href=\"javascript:removeFromComparator(117461)\"\n                        class=\"link-remove hidden\">\n                        <img decoding=\"async\" src=\"https:\/\/rideandco.com\/giant\/wp-content\/themes\/rideandco\/src\/img\/icons\/retirer_du_comparateur_rouge.svg\"\n                            alt=\"Retirer du comparateur\"\n                        \/>\n                    <\/a>\n                    <span class=\"tooltip tooltip-add \">\n                        Ajouter au comparateur\n                    <\/span>\n                    <span class=\"tooltip tooltip-remove hidden\">\n                        Retirer du comparateur\n                    <\/span>\n                <\/div>\n            <\/div>\n        <\/div>\n    <\/div>\n<\/li><\/div><\/div><\/div>","protected":false},"excerpt":{"rendered":"<p>Gr\u00e2ce \u00e0 son cadre \u00e0 enjambement bas, l\u2019Alight City Disc 2 facilite la mont\u00e9e et la descente en toute simplicit\u00e9. Ses poign\u00e9es ergonomiques, ses garde-boue, sa b\u00e9quille et son porte-bagage assurent une conduite confortable, aussi bien sur les pistes cyclables que sur les chemins.<\/p>\n","protected":false},"featured_media":117452,"comment_status":"closed","ping_status":"closed","template":"","meta":{"_acf_changed":false},"product_brand":[],"product_cat":[515,533,506,505],"product_tag":[543],"discipline":[],"class_list":{"0":"post-117444","1":"product","2":"type-product","3":"status-publish","4":"has-post-thumbnail","6":"product_cat-liv","7":"product_cat-alight","8":"product_cat-velo-ville","9":"product_cat-ville-vtc","10":"product_tag-ok","12":"first","13":"outofstock","14":"sold-individually","15":"taxable","16":"shipping-taxable","17":"purchasable","18":"product-type-variable"},"acf":{"infos_globales":{"nom_produit":"Alight City Disc 2","marque_velo":"LIV","annee":2025,"type_de_velo":"V\u00e9lo de ville","assitance_velo":"V\u00e9lo musculaire","garantie_produit":"Cadre : \u00e0 vie, Composants et p\u00e9riph\u00e9riques : 2 ans","genre_du_produit":"femme","assurance_incluse":false,"taille__en_cm":["145","150","155","160","165","170","175","180","185"]},"cadre_velo":{"forme_du_cadre":"Bas","cadre":"ALUXX-Grade Aluminum","matiere_du_cadre":["Aluminium"],"marque_de_la_fourche":"Aluminium","fourche":"Aluminium","amortisseur":""},"systeme_moteur":{"moteur":"","batterie":"","details-batterie":"","simulateur_autonomie":"","autonomie":"","compteur":"","chargeur":""},"transmission":{"type_de_transmission":"mecanique","Manettes_commandes_de_vitesse":"microSHIFT Advent, 1x9","type_de_pedalier":"ProWheel RPL, FD16SP-F-TT 40t XS:165mm, S:165mm, M:170mm, L:172.5mm","derailleur_avant":"","derailleur_arriere":"microSHIFT Advent","type_de_cassette":"microSHIFT CS-H093, 11-42","type_de_chaine":"KMC X9"},"type_de_freins":{"frein_av":"Tektro HD-R280,  disques hydrauliques, 160mm","frein_ar":"Tektro HD-R280, disques hydrauliques, 160mm"},"roues":{"type-de-roues":"Giant GX Disc wheelset","type_de_jantes":"","matiere_jantes":"Aluminium","pneus":"Giant S-X2, protection anti-crevaison, 700x38c","moyeu_av":"","moyeu_ar":""},"cockpit_poste_de_pilotage":{"type_de_guidon":"Giant Sport XC, 31,8 XS : 60 cm, S : 60 cm, M : 64 cm, L : 64 cm","type_de_potence":"Giant Sport, 15 degr\u00e9s, 31,8 mm XS : 80 mm, S : 80 mm, M : 90 mm, L : 100 mm","type_de_selle":"Liv Sport Confort","type_de_tige_de_selle":"alliage, suspension, 30,9 mm XS : 350 mm, S : 350 mm, M : 350 mm, L : 350 mm","type_de_collier_de_selle":"","type_de_poignees":"Confort dynamique XS : 31 mm, S : 31 mm, M : 31 mm, L : 34 mm"},"particularite_du_velo":{"type_de_pedales":"","accessoires_du_velo":"Kit d'\u00e9clairage avant et arri\u00e8re \u00e0 piles, garde-boue, porte-bagages, porte-bidon pour guidon, autocollants r\u00e9fl\u00e9chissants","poids":"","poids_total_autorise":""}},"_links":{"self":[{"href":"https:\/\/rideandco.com\/giant\/wp-json\/wp\/v2\/product\/117444","targetHints":{"allow":["GET"]}}],"collection":[{"href":"https:\/\/rideandco.com\/giant\/wp-json\/wp\/v2\/product"}],"about":[{"href":"https:\/\/rideandco.com\/giant\/wp-json\/wp\/v2\/types\/product"}],"replies":[{"embeddable":true,"href":"https:\/\/rideandco.com\/giant\/wp-json\/wp\/v2\/comments?post=117444"}],"wp:featuredmedia":[{"embeddable":true,"href":"https:\/\/rideandco.com\/giant\/wp-json\/wp\/v2\/media\/117452"}],"wp:attachment":[{"href":"https:\/\/rideandco.com\/giant\/wp-json\/wp\/v2\/media?parent=117444"}],"wp:term":[{"taxonomy":"product_brand","embeddable":true,"href":"https:\/\/rideandco.com\/giant\/wp-json\/wp\/v2\/product_brand?post=117444"},{"taxonomy":"product_cat","embeddable":true,"href":"https:\/\/rideandco.com\/giant\/wp-json\/wp\/v2\/product_cat?post=117444"},{"taxonomy":"product_tag","embeddable":true,"href":"https:\/\/rideandco.com\/giant\/wp-json\/wp\/v2\/product_tag?post=117444"},{"taxonomy":"discipline","embeddable":true,"href":"https:\/\/rideandco.com\/giant\/wp-json\/wp\/v2\/discipline?post=117444"}],"curies":[{"name":"wp","href":"https:\/\/api.w.org\/{rel}","templated":true}]}}