{"id":117375,"date":"2025-02-15T14:39:27","date_gmt":"2025-02-15T13:39:27","guid":{"rendered":"https:\/\/rideandco.com\/giant\/?post_type=product&#038;p=117375"},"modified":"2026-05-13T06:01:03","modified_gmt":"2026-05-13T04:01:03","slug":"velo-enfant-enchant-disc-24","status":"publish","type":"product","link":"https:\/\/rideandco.com\/giant\/liv\/velo-enfant-enchant-disc-24\/","title":{"rendered":"Enchant Disc 24"},"content":{"rendered":"\n<h2 class=\"wp-block-heading\">Enchant Disc 24 : le nouveau compagnon des plus petits<\/h2>\n\n\n\n<p><strong>S\u00e9curit\u00e9 avant tout<\/strong><br>Son enjambement bas et ses freins \u00e0 disque garantissent \u00e0 votre enfant un contr\u00f4le optimal et une conduite en toute confiance.<\/p>\n\n\n\n<p><strong>Un compagnon motivant<\/strong><br>Avec sa suspension avant de 50 mm et ses pneus tout-terrain, l&rsquo;Enchant Disc 24 offre une excellente adh\u00e9rence et un confort optimal pour gagner en assurance.<\/p>\n\n\n\n<p><strong>Confort et ma\u00eetrise<\/strong><br>Son cadre ALUXX l\u00e9ger et ergonomique favorise une posture droite, tandis que ses poign\u00e9es adapt\u00e9es simplifient le passage des vitesses, id\u00e9al pour d\u00e9buter en VTT sereinement.<\/p>\n\n\n\n<p>Le cadre en aluminium ALUXX, fabriqu\u00e9 \u00e0 partir d\u2019un alliage 6061, offre un excellent compromis entre l\u00e9g\u00e8ret\u00e9 et robustesse. Gr\u00e2ce \u00e0 ses tubes \u00e0 aboutement simple, il assure une performance optimale tout en restant adapt\u00e9 \u00e0 diff\u00e9rents styles de pilotage et types de v\u00e9los.<\/p>\n\n\n\n<p><a href=\"https:\/\/www.giant-bicycles.com\/fr\/registration\" target=\"_blank\" rel=\"noopener\">Enregistrez votre v\u00e9lo pour activer la garantie sur le cadre.<\/a><\/p>\n\n\n\n<div  class=\"download-block\">\n            <a href=\"https:\/\/rideandco.com\/giant\/wp-content\/uploads\/2025\/02\/liv-stp-24-fs-liv-fr-fr-2720.pdf\" class=\"download-link\" download>\n            <div class=\"download-content\">\n                <div class=\"download-text\">\n                    <strong>Fiche produit<\/strong>\n                    <span>pdf. 1,07 Mo<\/span>\n                <\/div>\n                <div class=\"download-icon\">\n                    <img loading=\"lazy\" decoding=\"async\" src=\"https:\/\/rideandco.com\/giant\/wp-content\/themes\/rideandco\/src\/img\/icons\/telechargement-vert.svg\" alt=\"Download Icon\" width=\"32\" height=\"32\">\n                <\/div>\n            <\/div>\n        <\/a>\n    <\/div>\n\n\n \n <!-- G\u00e9n\u00e9rer le bouton avec les classes appropri\u00e9es -->\n <a href=\"https:\/\/rideandco.com\/contacts-et-acces\" class=\"custom-button custom-button-style1\">\n     <span class=\"custom-button-text\">Contactez notre \u00e9quipe !<\/span>\n      <\/a>\n \n\n\n<h2 class=\"wp-block-heading\">Nos v\u00e9los enfant<\/h2>\n\n\n<div id=\"product-slider-6a04ab77b459b\" class=\"product-grid-custom-slider\"><div class=\"slider-wrapper\"><div class=\"slider-slide\"><!-- Valeur r\u00e9cup\u00e9r\u00e9e : PROMO --><li style=\"padding-left: 0px;\n    margin-bottom: 10px;\" class=\"custom-product-card no-before product type-product post-119649 status-publish first instock product_cat-giant product_cat-velo-enfant product_cat-stp has-post-thumbnail sold-individually taxable shipping-taxable purchasable product-type-simple\">\n    <div class=\"custom-product-card-content\">\n                <div class=\"product-image\">\n                            <div id=\"carousel-119649\" class=\"carousel\" data-product-id=\"119649\">\n                    <div class=\"carousel-inner\">\n                        <div class=\"carousel-item active\">\n                            <a href=\"https:\/\/rideandco.com\/giant\/giant\/vtt-giant-stp-20-2026\/\">\n                                <img decoding=\"async\" src=\"https:\/\/rideandco.com\/giant\/wp-content\/uploads\/2026\/01\/stp20giant26.jpg\" alt=\"VTT Giant STP 20 2026\">\n                            <\/a>\n                        <\/div>\n                                                    <div class=\"carousel-item\">\n                                <a href=\"https:\/\/rideandco.com\/giant\/giant\/vtt-giant-stp-20-2026\/\">\n                                    <img decoding=\"async\" src=\"https:\/\/rideandco.com\/giant\/wp-content\/uploads\/2026\/01\/stp2026g.jpg\" alt=\"VTT Giant STP 20 2026\">\n                                <\/a>\n                            <\/div>\n                                                    <div class=\"carousel-item\">\n                                <a href=\"https:\/\/rideandco.com\/giant\/giant\/vtt-giant-stp-20-2026\/\">\n                                    <img decoding=\"async\" src=\"https:\/\/rideandco.com\/giant\/wp-content\/uploads\/2026\/01\/stp2026gi.jpg\" alt=\"VTT Giant STP 20 2026\">\n                                <\/a>\n                            <\/div>\n                                            <\/div>\n                    <button class=\"carousel-control-prev\" data-target=\"#carousel-119649\" aria-label=\"Previous\">\n                        <img decoding=\"async\" src=\"https:\/\/rideandco.com\/giant\/wp-content\/themes\/rideandco\/src\/img\/icons\/fleche-gauche-blanche.svg\" alt=\"Pr\u00e9c\u00e9dent\" style=\"width: 60px; height: 60px;\">\n                    <\/button>\n                    <button class=\"carousel-control-next\" data-target=\"#carousel-119649\" aria-label=\"Next\">\n                        <img decoding=\"async\" src=\"https:\/\/rideandco.com\/giant\/wp-content\/themes\/rideandco\/src\/img\/icons\/fleche-droite-blanche.svg\" alt=\"Suivant\" style=\"width: 60px; height: 60px;\">\n                    <\/button>\n                <\/div>\n                <div class=\"carousel-indicators\" data-target=\"#carousel-119649\">\n                    <span class=\"active\"><\/span>\n                                            <span><\/span>\n                                            <span><\/span>\n                                    <\/div>\n                    <\/div>\n        <div class=\"product-info\">\n            <h2 class=\"woocommerce-loop-product__title\">\n                <a href=\"https:\/\/rideandco.com\/giant\/giant\/vtt-giant-stp-20-2026\/\">VTT Giant STP 20 2026<\/a>\n            <\/h2>\n                            <p class=\"product-type-de-velo\">V\u00e9lo enfant | GIANT <\/p>\n                       \n            <div class=\"product-icons\">\n                                                                    <div class=\"icon-wrapper first-item\">\n                        <img decoding=\"async\" src=\"https:\/\/rideandco.com\/giant\/wp-content\/themes\/rideandco\/src\/img\/icons\/poids.svg\" alt=\"Weight Icon\" class=\"icon-with-tooltip\">\n                        <div class=\"tooltip custom-tooltip\">9kg <\/div>\n                    <\/div>\n                                                                        <div class=\"icon-wrapper \">\n                        <img decoding=\"async\" src=\"https:\/\/rideandco.com\/giant\/wp-content\/themes\/rideandco\/src\/img\/icons\/type_de_jantes.svg\" alt=\"Jantes Icon\" class=\"icon-with-tooltip\">\n                        <div class=\"tooltip custom-tooltip\">Aluminium <\/div>\n                    <\/div>\n                                                                <\/div>           \n            <!-- Ajouter le tarif du produit ici -->\n            <!-- Affichage du prix -->\n            <div class=\"product-price-container\">\n                <div class=\"product-price-wrapper\">\n                    <span class=\"current-price\">650,00 \u20ac<sup>TTC<\/sup><\/span>                <\/div>\n\n                <!-- Affichage du financement mensuel -->\n                <div class=\"product-financing\">\n                    D\u00e8s <span class=\"monthly-paymentlist\">54\u20ac\/mois<\/span> financement sur 12 mois                <\/div>\n            <\/div>\n\n            <!-- Ajoutez ici vos options suppl\u00e9mentaires -->\n            <div class=\"product-options\">\n                <a href=\"https:\/\/rideandco.com\/giant\/giant\/vtt-giant-stp-20-2026\/\" class=\"clickable-link\">\n                    Voir ce v\u00e9lo\n                    <img decoding=\"async\" src=\"https:\/\/rideandco.com\/giant\/wp-content\/themes\/rideandco\/src\/img\/icons\/fleche-droite-verte.svg\" alt=\"Fl\u00e8che droite\" class=\"arrow-icon\">\n                <\/a>\n                <div class=\"product-compare\" data-id=\"119649\">\n                    <a href=\"javascript:addToComparator(119649)\"\n                        class=\"link-add \">\n                        <img decoding=\"async\" src=\"https:\/\/rideandco.com\/giant\/wp-content\/themes\/rideandco\/src\/img\/icons\/ajouter_au_comparateur.svg\"\n                            alt=\"Ajouter au comparateur\"\n                        \/>\n                    <\/a>\n                    <a href=\"javascript:removeFromComparator(119649)\"\n                        class=\"link-remove hidden\">\n                        <img decoding=\"async\" src=\"https:\/\/rideandco.com\/giant\/wp-content\/themes\/rideandco\/src\/img\/icons\/retirer_du_comparateur_rouge.svg\"\n                            alt=\"Retirer du comparateur\"\n                        \/>\n                    <\/a>\n                    <span class=\"tooltip tooltip-add \">\n                        Ajouter au comparateur\n                    <\/span>\n                    <span class=\"tooltip tooltip-remove hidden\">\n                        Retirer du comparateur\n                    <\/span>\n                <\/div>\n            <\/div>\n        <\/div>\n    <\/div>\n<\/li><!-- Valeur r\u00e9cup\u00e9r\u00e9e : PROMO --><li style=\"padding-left: 0px;\n    margin-bottom: 10px;\" class=\"custom-product-card no-before product type-product post-119632 status-publish outofstock product_cat-stp product_cat-velo-enfant product_cat-giant has-post-thumbnail sold-individually taxable shipping-taxable purchasable product-type-simple\">\n    <div class=\"custom-product-card-content\">\n                <div class=\"product-image\">\n                            <div id=\"carousel-119632\" class=\"carousel\" data-product-id=\"119632\">\n                    <div class=\"carousel-inner\">\n                        <div class=\"carousel-item active\">\n                            <a href=\"https:\/\/rideandco.com\/giant\/giant\/stp\/vtt-giant-stp-24-2026\/\">\n                                <img decoding=\"async\" src=\"https:\/\/rideandco.com\/giant\/wp-content\/uploads\/2026\/01\/stp24ffff.jpg\" alt=\"VTT GIANT STP 24 2026\">\n                            <\/a>\n                        <\/div>\n                                                    <div class=\"carousel-item\">\n                                <a href=\"https:\/\/rideandco.com\/giant\/giant\/stp\/vtt-giant-stp-24-2026\/\">\n                                    <img decoding=\"async\" src=\"https:\/\/rideandco.com\/giant\/wp-content\/uploads\/2026\/01\/stp24444.jpg\" alt=\"VTT GIANT STP 24 2026\">\n                                <\/a>\n                            <\/div>\n                                                    <div class=\"carousel-item\">\n                                <a href=\"https:\/\/rideandco.com\/giant\/giant\/stp\/vtt-giant-stp-24-2026\/\">\n                                    <img decoding=\"async\" src=\"https:\/\/rideandco.com\/giant\/wp-content\/uploads\/2026\/01\/tp24giant.jpg\" alt=\"VTT GIANT STP 24 2026\">\n                                <\/a>\n                            <\/div>\n                                            <\/div>\n                    <button class=\"carousel-control-prev\" data-target=\"#carousel-119632\" aria-label=\"Previous\">\n                        <img decoding=\"async\" src=\"https:\/\/rideandco.com\/giant\/wp-content\/themes\/rideandco\/src\/img\/icons\/fleche-gauche-blanche.svg\" alt=\"Pr\u00e9c\u00e9dent\" style=\"width: 60px; height: 60px;\">\n                    <\/button>\n                    <button class=\"carousel-control-next\" data-target=\"#carousel-119632\" aria-label=\"Next\">\n                        <img decoding=\"async\" src=\"https:\/\/rideandco.com\/giant\/wp-content\/themes\/rideandco\/src\/img\/icons\/fleche-droite-blanche.svg\" alt=\"Suivant\" style=\"width: 60px; height: 60px;\">\n                    <\/button>\n                <\/div>\n                <div class=\"carousel-indicators\" data-target=\"#carousel-119632\">\n                    <span class=\"active\"><\/span>\n                                            <span><\/span>\n                                            <span><\/span>\n                                    <\/div>\n                    <\/div>\n        <div class=\"product-info\">\n            <h2 class=\"woocommerce-loop-product__title\">\n                <a href=\"https:\/\/rideandco.com\/giant\/giant\/stp\/vtt-giant-stp-24-2026\/\">VTT GIANT STP 24 2026<\/a>\n            <\/h2>\n                            <p class=\"product-type-de-velo\">V\u00e9lo enfant | GIANT <\/p>\n                       \n            <div class=\"product-icons\">\n                                                                    <div class=\"icon-wrapper first-item\">\n                        <img decoding=\"async\" src=\"https:\/\/rideandco.com\/giant\/wp-content\/themes\/rideandco\/src\/img\/icons\/poids.svg\" alt=\"Weight Icon\" class=\"icon-with-tooltip\">\n                        <div class=\"tooltip custom-tooltip\">12.1kg <\/div>\n                    <\/div>\n                                                                        <div class=\"icon-wrapper \">\n                        <img decoding=\"async\" src=\"https:\/\/rideandco.com\/giant\/wp-content\/themes\/rideandco\/src\/img\/icons\/type_de_jantes.svg\" alt=\"Jantes Icon\" class=\"icon-with-tooltip\">\n                        <div class=\"tooltip custom-tooltip\">Aluminium <\/div>\n                    <\/div>\n                                                                <\/div>           \n            <!-- Ajouter le tarif du produit ici -->\n            <!-- Affichage du prix -->\n            <div class=\"product-price-container\">\n                <div class=\"product-price-wrapper\">\n                    <span class=\"current-price\">1 050,00 \u20ac<sup>TTC<\/sup><\/span>                <\/div>\n\n                <!-- Affichage du financement mensuel -->\n                <div class=\"product-financing\">\n                    D\u00e8s <span class=\"monthly-paymentlist\">88\u20ac\/mois<\/span> financement sur 12 mois                <\/div>\n            <\/div>\n\n            <!-- Ajoutez ici vos options suppl\u00e9mentaires -->\n            <div class=\"product-options\">\n                <a href=\"https:\/\/rideandco.com\/giant\/giant\/stp\/vtt-giant-stp-24-2026\/\" class=\"clickable-link\">\n                    Voir ce v\u00e9lo\n                    <img decoding=\"async\" src=\"https:\/\/rideandco.com\/giant\/wp-content\/themes\/rideandco\/src\/img\/icons\/fleche-droite-verte.svg\" alt=\"Fl\u00e8che droite\" class=\"arrow-icon\">\n                <\/a>\n                <div class=\"product-compare\" data-id=\"119632\">\n                    <a href=\"javascript:addToComparator(119632)\"\n                        class=\"link-add \">\n                        <img decoding=\"async\" src=\"https:\/\/rideandco.com\/giant\/wp-content\/themes\/rideandco\/src\/img\/icons\/ajouter_au_comparateur.svg\"\n                            alt=\"Ajouter au comparateur\"\n                        \/>\n                    <\/a>\n                    <a href=\"javascript:removeFromComparator(119632)\"\n                        class=\"link-remove hidden\">\n                        <img decoding=\"async\" src=\"https:\/\/rideandco.com\/giant\/wp-content\/themes\/rideandco\/src\/img\/icons\/retirer_du_comparateur_rouge.svg\"\n                            alt=\"Retirer du comparateur\"\n                        \/>\n                    <\/a>\n                    <span class=\"tooltip tooltip-add \">\n                        Ajouter au comparateur\n                    <\/span>\n                    <span class=\"tooltip tooltip-remove hidden\">\n                        Retirer du comparateur\n                    <\/span>\n                <\/div>\n            <\/div>\n        <\/div>\n    <\/div>\n<\/li><!-- Valeur r\u00e9cup\u00e9r\u00e9e : PROMO --><li style=\"padding-left: 0px;\n    margin-bottom: 10px;\" class=\"custom-product-card no-before product type-product post-119555 status-publish last instock product_cat-tempt product_cat-velo-enfant product_cat-liv has-post-thumbnail sold-individually taxable shipping-taxable purchasable product-type-simple\">\n    <div class=\"custom-product-card-content\">\n                <div class=\"product-image\">\n                            <a href=\"https:\/\/rideandco.com\/giant\/liv\/tempt\/liv-tempt-20-2026\/\">\n                    <img decoding=\"async\" src=\"https:\/\/rideandco.com\/giant\/wp-content\/uploads\/2026\/01\/tempt20.jpg\" alt=\"LIV Tempt 20 2026\">\n                <\/a>\n                    <\/div>\n        <div class=\"product-info\">\n            <h2 class=\"woocommerce-loop-product__title\">\n                <a href=\"https:\/\/rideandco.com\/giant\/liv\/tempt\/liv-tempt-20-2026\/\">LIV Tempt 20 2026<\/a>\n            <\/h2>\n                            <p class=\"product-type-de-velo\">V\u00e9lo enfant | LIV <\/p>\n                       \n            <div class=\"product-icons\">\n                                                                    <div class=\"icon-wrapper first-item\">\n                        <img decoding=\"async\" src=\"https:\/\/rideandco.com\/giant\/wp-content\/themes\/rideandco\/src\/img\/icons\/poids.svg\" alt=\"Weight Icon\" class=\"icon-with-tooltip\">\n                        <div class=\"tooltip custom-tooltip\">11.5kg <\/div>\n                    <\/div>\n                                                                        <div class=\"icon-wrapper \">\n                        <img decoding=\"async\" src=\"https:\/\/rideandco.com\/giant\/wp-content\/themes\/rideandco\/src\/img\/icons\/type_de_jantes.svg\" alt=\"Jantes Icon\" class=\"icon-with-tooltip\">\n                        <div class=\"tooltip custom-tooltip\">Aluminium <\/div>\n                    <\/div>\n                                                                <\/div>           \n            <!-- Ajouter le tarif du produit ici -->\n            <!-- Affichage du prix -->\n            <div class=\"product-price-container\">\n                <div class=\"product-price-wrapper\">\n                    <span class=\"current-price\">390,00 \u20ac<sup>TTC<\/sup><\/span>                <\/div>\n\n                <!-- Affichage du financement mensuel -->\n                <div class=\"product-financing\">\n                    D\u00e8s <span class=\"monthly-paymentlist\">33\u20ac\/mois<\/span> financement sur 12 mois                <\/div>\n            <\/div>\n\n            <!-- Ajoutez ici vos options suppl\u00e9mentaires -->\n            <div class=\"product-options\">\n                <a href=\"https:\/\/rideandco.com\/giant\/liv\/tempt\/liv-tempt-20-2026\/\" class=\"clickable-link\">\n                    Voir ce v\u00e9lo\n                    <img decoding=\"async\" src=\"https:\/\/rideandco.com\/giant\/wp-content\/themes\/rideandco\/src\/img\/icons\/fleche-droite-verte.svg\" alt=\"Fl\u00e8che droite\" class=\"arrow-icon\">\n                <\/a>\n                <div class=\"product-compare\" data-id=\"119555\">\n                    <a href=\"javascript:addToComparator(119555)\"\n                        class=\"link-add \">\n                        <img decoding=\"async\" src=\"https:\/\/rideandco.com\/giant\/wp-content\/themes\/rideandco\/src\/img\/icons\/ajouter_au_comparateur.svg\"\n                            alt=\"Ajouter au comparateur\"\n                        \/>\n                    <\/a>\n                    <a href=\"javascript:removeFromComparator(119555)\"\n                        class=\"link-remove hidden\">\n                        <img decoding=\"async\" src=\"https:\/\/rideandco.com\/giant\/wp-content\/themes\/rideandco\/src\/img\/icons\/retirer_du_comparateur_rouge.svg\"\n                            alt=\"Retirer du comparateur\"\n                        \/>\n                    <\/a>\n                    <span class=\"tooltip tooltip-add \">\n                        Ajouter au comparateur\n                    <\/span>\n                    <span class=\"tooltip tooltip-remove hidden\">\n                        Retirer du comparateur\n                    <\/span>\n                <\/div>\n            <\/div>\n        <\/div>\n    <\/div>\n<\/li><\/div><\/div><\/div>","protected":false},"excerpt":{"rendered":"<p>L\u00e9ger et maniable, le v\u00e9lo pour enfant Enchant Disc 24 invite \u00e0 l&rsquo;aventure en toute simplicit\u00e9.<\/p>\n","protected":false},"featured_media":117376,"comment_status":"closed","ping_status":"closed","template":"","meta":{"_acf_changed":false},"product_brand":[],"product_cat":[515,528,514],"product_tag":[543],"discipline":[],"class_list":{"0":"post-117375","1":"product","2":"type-product","3":"status-publish","4":"has-post-thumbnail","6":"product_cat-liv","7":"product_cat-enchant-liv","8":"product_cat-velo-enfant","9":"product_tag-ok","11":"first","12":"outofstock","13":"sold-individually","14":"taxable","15":"shipping-taxable","16":"purchasable","17":"product-type-simple"},"acf":{"infos_globales":{"nom_produit":"Enchant Disc 24","marque_velo":"LIV","annee":2025,"type_de_velo":"V\u00e9lo enfant","assitance_velo":"V\u00e9lo musculaire","garantie_produit":"Cadre : \u00e0 vie, Composants et p\u00e9riph\u00e9riques :  2 ans","genre_du_produit":"unisexe","assurance_incluse":false,"taille__en_cm":["125","130","135","140","145","150"]},"cadre_velo":{"forme_du_cadre":"Bas","cadre":"ALUXX-Grade Aluminum","matiere_du_cadre":["Aluminium"],"marque_de_la_fourche":"GIANT","fourche":"Giant WIN254 HLO, 50mm","amortisseur":""},"systeme_moteur":{"moteur":"","batterie":"","details-batterie":"","simulateur_autonomie":"","autonomie":"","compteur":"","chargeur":""},"transmission":{"type_de_transmission":"mecanique","Manettes_commandes_de_vitesse":"Shimano REVOSHIFT, 1x7","type_de_pedalier":"aluminium forg\u00e9, 32t, 140mm","derailleur_avant":"","derailleur_arriere":"Shimano Tourney","type_de_cassette":"14x34","type_de_chaine":"KMC HV500"},"type_de_freins":{"frein_av":"Disques m\u00e9caniques, 160mm","frein_ar":"Disques m\u00e9caniques, 140mm"},"roues":{"type-de-roues":"Giant Kids 24\"","type_de_jantes":"","matiere_jantes":"Aluminium","pneus":"Giant Junior Sport, 24x2.1\", 22 tpi","moyeu_av":"","moyeu_ar":""},"cockpit_poste_de_pilotage":{"type_de_guidon":"Giant Sport, aluminium, 31.8mm","type_de_potence":"alliage forg\u00e9","type_de_selle":"Giant Jr. Sport","type_de_tige_de_selle":"alliage, 30.9mm","type_de_collier_de_selle":"","type_de_poignees":""},"particularite_du_velo":{"type_de_pedales":"","accessoires_du_velo":"","poids":"","poids_total_autorise":""}},"_links":{"self":[{"href":"https:\/\/rideandco.com\/giant\/wp-json\/wp\/v2\/product\/117375","targetHints":{"allow":["GET"]}}],"collection":[{"href":"https:\/\/rideandco.com\/giant\/wp-json\/wp\/v2\/product"}],"about":[{"href":"https:\/\/rideandco.com\/giant\/wp-json\/wp\/v2\/types\/product"}],"replies":[{"embeddable":true,"href":"https:\/\/rideandco.com\/giant\/wp-json\/wp\/v2\/comments?post=117375"}],"wp:featuredmedia":[{"embeddable":true,"href":"https:\/\/rideandco.com\/giant\/wp-json\/wp\/v2\/media\/117376"}],"wp:attachment":[{"href":"https:\/\/rideandco.com\/giant\/wp-json\/wp\/v2\/media?parent=117375"}],"wp:term":[{"taxonomy":"product_brand","embeddable":true,"href":"https:\/\/rideandco.com\/giant\/wp-json\/wp\/v2\/product_brand?post=117375"},{"taxonomy":"product_cat","embeddable":true,"href":"https:\/\/rideandco.com\/giant\/wp-json\/wp\/v2\/product_cat?post=117375"},{"taxonomy":"product_tag","embeddable":true,"href":"https:\/\/rideandco.com\/giant\/wp-json\/wp\/v2\/product_tag?post=117375"},{"taxonomy":"discipline","embeddable":true,"href":"https:\/\/rideandco.com\/giant\/wp-json\/wp\/v2\/discipline?post=117375"}],"curies":[{"name":"wp","href":"https:\/\/api.w.org\/{rel}","templated":true}]}}