{"id":117311,"date":"2025-02-14T14:49:23","date_gmt":"2025-02-14T13:49:23","guid":{"rendered":"https:\/\/rideandco.com\/giant\/?post_type=product&#038;p=117311"},"modified":"2026-05-13T06:01:03","modified_gmt":"2026-05-13T04:01:03","slug":"velo-enfant-xtc-jr-20","status":"publish","type":"product","link":"https:\/\/rideandco.com\/giant\/velo-enfant\/velo-enfant-xtc-jr-20\/","title":{"rendered":"XTC Jr 20"},"content":{"rendered":"\n<h2 class=\"wp-block-heading\">XTC Jr 20 : un v\u00e9lo 20&Prime; maniable<\/h2>\n\n\n\n<p>Ce XTC Jr 20 allie dynamisme et maniabilit\u00e9 pour offrir aux jeunes cyclistes un pilotage adapt\u00e9 \u00e0 leur morphologie. Son cadre et sa fourche en aluminium ALUXX garantissent un v\u00e9lo l\u00e9ger et facile \u00e0 prendre en main.<\/p>\n\n\n\n<p>Facteurs Cl\u00e9s de Performance<\/p>\n\n\n\n<p>Cadre l\u00e9ger<br>Gr\u00e2ce \u00e0 l\u2019aluminium ALUXX, Giant a con\u00e7u une s\u00e9rie de cadres alliant l\u00e9g\u00e8ret\u00e9 et robustesse, avec une g\u00e9om\u00e9trie pens\u00e9e pour une meilleure maniabilit\u00e9 et un enjambement facilit\u00e9.<\/p>\n\n\n\n<p>Contr\u00f4le optimal<br>\u00c9quip\u00e9 de pneus cramponn\u00e9s de 20 pouces, d\u2019une transmission Shimano 1&#215;7 vitesses, d\u2019une fourche suspendue et de freins \u00e0 disque, ce mod\u00e8le junior offre les performances d\u2019un VTT adulte.<\/p>\n\n\n\n<p>Adapt\u00e9 aux jeunes cyclistes<br>Parce qu\u2019un v\u00e9lo pour enfant ne se r\u00e9sume pas \u00e0 une version r\u00e9duite d\u2019un mod\u00e8le adulte, Giant s\u00e9lectionn\u00e9 des composants sp\u00e9cifiquement con\u00e7us pour les plus jeunes.<\/p>\n\n\n\n<p>L\u2019aluminium ALUXX est un alliage 6061 de haute performance, utilis\u00e9 pour concevoir des cadres l\u00e9gers et r\u00e9sistants. Gr\u00e2ce \u00e0 un proc\u00e9d\u00e9 de formage \u00e0 aboutement simple, il offre un excellent compromis entre robustesse et l\u00e9g\u00e8ret\u00e9, s\u2019adaptant ainsi \u00e0 divers types de v\u00e9los et styles de pilotage.<\/p>\n\n\n\n<p><a href=\"https:\/\/www.giant-bicycles.com\/fr\/registration\" target=\"_blank\" rel=\"noopener\">Enregistrez votre v\u00e9lo pour activer la garantie sur le cadre.<\/a><\/p>\n\n\n\n<div  class=\"download-block\">\n            <a href=\"https:\/\/rideandco.com\/giant\/wp-content\/uploads\/2025\/02\/giant-xtc-jr-20-fr-fr-2847.pdf\" class=\"download-link\" download>\n            <div class=\"download-content\">\n                <div class=\"download-text\">\n                    <strong>Fiche produit<\/strong>\n                    <span>pdf. 2,94 Mo<\/span>\n                <\/div>\n                <div class=\"download-icon\">\n                    <img loading=\"lazy\" decoding=\"async\" src=\"https:\/\/rideandco.com\/giant\/wp-content\/themes\/rideandco\/src\/img\/icons\/telechargement-vert.svg\" alt=\"Download Icon\" width=\"32\" height=\"32\">\n                <\/div>\n            <\/div>\n        <\/a>\n    <\/div>\n\n\n \n <!-- G\u00e9n\u00e9rer le bouton avec les classes appropri\u00e9es -->\n <a href=\"https:\/\/rideandco.com\/contacts-et-acces\" class=\"custom-button custom-button-style1\">\n     <span class=\"custom-button-text\">Contactez notre \u00e9quipe !<\/span>\n      <\/a>\n \n\n\n<h2 class=\"wp-block-heading\">Nos v\u00e9los enfant<\/h2>\n\n\n<div id=\"product-slider-6a04b66b02b02\" class=\"product-grid-custom-slider\"><div class=\"slider-wrapper\"><div class=\"slider-slide\"><!-- Valeur r\u00e9cup\u00e9r\u00e9e : PROMO --><li style=\"padding-left: 0px;\n    margin-bottom: 10px;\" class=\"custom-product-card no-before product type-product post-119649 status-publish first instock product_cat-giant product_cat-velo-enfant product_cat-stp has-post-thumbnail sold-individually taxable shipping-taxable purchasable product-type-simple\">\n    <div class=\"custom-product-card-content\">\n                <div class=\"product-image\">\n                            <div id=\"carousel-119649\" class=\"carousel\" data-product-id=\"119649\">\n                    <div class=\"carousel-inner\">\n                        <div class=\"carousel-item active\">\n                            <a href=\"https:\/\/rideandco.com\/giant\/giant\/vtt-giant-stp-20-2026\/\">\n                                <img decoding=\"async\" src=\"https:\/\/rideandco.com\/giant\/wp-content\/uploads\/2026\/01\/stp20giant26.jpg\" alt=\"VTT Giant STP 20 2026\">\n                            <\/a>\n                        <\/div>\n                                                    <div class=\"carousel-item\">\n                                <a href=\"https:\/\/rideandco.com\/giant\/giant\/vtt-giant-stp-20-2026\/\">\n                                    <img decoding=\"async\" src=\"https:\/\/rideandco.com\/giant\/wp-content\/uploads\/2026\/01\/stp2026g.jpg\" alt=\"VTT Giant STP 20 2026\">\n                                <\/a>\n                            <\/div>\n                                                    <div class=\"carousel-item\">\n                                <a href=\"https:\/\/rideandco.com\/giant\/giant\/vtt-giant-stp-20-2026\/\">\n                                    <img decoding=\"async\" src=\"https:\/\/rideandco.com\/giant\/wp-content\/uploads\/2026\/01\/stp2026gi.jpg\" alt=\"VTT Giant STP 20 2026\">\n                                <\/a>\n                            <\/div>\n                                            <\/div>\n                    <button class=\"carousel-control-prev\" data-target=\"#carousel-119649\" aria-label=\"Previous\">\n                        <img decoding=\"async\" src=\"https:\/\/rideandco.com\/giant\/wp-content\/themes\/rideandco\/src\/img\/icons\/fleche-gauche-blanche.svg\" alt=\"Pr\u00e9c\u00e9dent\" style=\"width: 60px; height: 60px;\">\n                    <\/button>\n                    <button class=\"carousel-control-next\" data-target=\"#carousel-119649\" aria-label=\"Next\">\n                        <img decoding=\"async\" src=\"https:\/\/rideandco.com\/giant\/wp-content\/themes\/rideandco\/src\/img\/icons\/fleche-droite-blanche.svg\" alt=\"Suivant\" style=\"width: 60px; height: 60px;\">\n                    <\/button>\n                <\/div>\n                <div class=\"carousel-indicators\" data-target=\"#carousel-119649\">\n                    <span class=\"active\"><\/span>\n                                            <span><\/span>\n                                            <span><\/span>\n                                    <\/div>\n                    <\/div>\n        <div class=\"product-info\">\n            <h2 class=\"woocommerce-loop-product__title\">\n                <a href=\"https:\/\/rideandco.com\/giant\/giant\/vtt-giant-stp-20-2026\/\">VTT Giant STP 20 2026<\/a>\n            <\/h2>\n                            <p class=\"product-type-de-velo\">V\u00e9lo enfant | GIANT <\/p>\n                       \n            <div class=\"product-icons\">\n                                                                    <div class=\"icon-wrapper first-item\">\n                        <img decoding=\"async\" src=\"https:\/\/rideandco.com\/giant\/wp-content\/themes\/rideandco\/src\/img\/icons\/poids.svg\" alt=\"Weight Icon\" class=\"icon-with-tooltip\">\n                        <div class=\"tooltip custom-tooltip\">9kg <\/div>\n                    <\/div>\n                                                                        <div class=\"icon-wrapper \">\n                        <img decoding=\"async\" src=\"https:\/\/rideandco.com\/giant\/wp-content\/themes\/rideandco\/src\/img\/icons\/type_de_jantes.svg\" alt=\"Jantes Icon\" class=\"icon-with-tooltip\">\n                        <div class=\"tooltip custom-tooltip\">Aluminium <\/div>\n                    <\/div>\n                                                                <\/div>           \n            <!-- Ajouter le tarif du produit ici -->\n            <!-- Affichage du prix -->\n            <div class=\"product-price-container\">\n                <div class=\"product-price-wrapper\">\n                    <span class=\"current-price\">650,00 \u20ac<sup>TTC<\/sup><\/span>                <\/div>\n\n                <!-- Affichage du financement mensuel -->\n                <div class=\"product-financing\">\n                    D\u00e8s <span class=\"monthly-paymentlist\">54\u20ac\/mois<\/span> financement sur 12 mois                <\/div>\n            <\/div>\n\n            <!-- Ajoutez ici vos options suppl\u00e9mentaires -->\n            <div class=\"product-options\">\n                <a href=\"https:\/\/rideandco.com\/giant\/giant\/vtt-giant-stp-20-2026\/\" class=\"clickable-link\">\n                    Voir ce v\u00e9lo\n                    <img decoding=\"async\" src=\"https:\/\/rideandco.com\/giant\/wp-content\/themes\/rideandco\/src\/img\/icons\/fleche-droite-verte.svg\" alt=\"Fl\u00e8che droite\" class=\"arrow-icon\">\n                <\/a>\n                <div class=\"product-compare\" data-id=\"119649\">\n                    <a href=\"javascript:addToComparator(119649)\"\n                        class=\"link-add \">\n                        <img decoding=\"async\" src=\"https:\/\/rideandco.com\/giant\/wp-content\/themes\/rideandco\/src\/img\/icons\/ajouter_au_comparateur.svg\"\n                            alt=\"Ajouter au comparateur\"\n                        \/>\n                    <\/a>\n                    <a href=\"javascript:removeFromComparator(119649)\"\n                        class=\"link-remove hidden\">\n                        <img decoding=\"async\" src=\"https:\/\/rideandco.com\/giant\/wp-content\/themes\/rideandco\/src\/img\/icons\/retirer_du_comparateur_rouge.svg\"\n                            alt=\"Retirer du comparateur\"\n                        \/>\n                    <\/a>\n                    <span class=\"tooltip tooltip-add \">\n                        Ajouter au comparateur\n                    <\/span>\n                    <span class=\"tooltip tooltip-remove hidden\">\n                        Retirer du comparateur\n                    <\/span>\n                <\/div>\n            <\/div>\n        <\/div>\n    <\/div>\n<\/li><!-- Valeur r\u00e9cup\u00e9r\u00e9e : PROMO --><li style=\"padding-left: 0px;\n    margin-bottom: 10px;\" class=\"custom-product-card no-before product type-product post-119632 status-publish outofstock product_cat-stp product_cat-velo-enfant product_cat-giant has-post-thumbnail sold-individually taxable shipping-taxable purchasable product-type-simple\">\n    <div class=\"custom-product-card-content\">\n                <div class=\"product-image\">\n                            <div id=\"carousel-119632\" class=\"carousel\" data-product-id=\"119632\">\n                    <div class=\"carousel-inner\">\n                        <div class=\"carousel-item active\">\n                            <a href=\"https:\/\/rideandco.com\/giant\/giant\/stp\/vtt-giant-stp-24-2026\/\">\n                                <img decoding=\"async\" src=\"https:\/\/rideandco.com\/giant\/wp-content\/uploads\/2026\/01\/stp24ffff.jpg\" alt=\"VTT GIANT STP 24 2026\">\n                            <\/a>\n                        <\/div>\n                                                    <div class=\"carousel-item\">\n                                <a href=\"https:\/\/rideandco.com\/giant\/giant\/stp\/vtt-giant-stp-24-2026\/\">\n                                    <img decoding=\"async\" src=\"https:\/\/rideandco.com\/giant\/wp-content\/uploads\/2026\/01\/stp24444.jpg\" alt=\"VTT GIANT STP 24 2026\">\n                                <\/a>\n                            <\/div>\n                                                    <div class=\"carousel-item\">\n                                <a href=\"https:\/\/rideandco.com\/giant\/giant\/stp\/vtt-giant-stp-24-2026\/\">\n                                    <img decoding=\"async\" src=\"https:\/\/rideandco.com\/giant\/wp-content\/uploads\/2026\/01\/tp24giant.jpg\" alt=\"VTT GIANT STP 24 2026\">\n                                <\/a>\n                            <\/div>\n                                            <\/div>\n                    <button class=\"carousel-control-prev\" data-target=\"#carousel-119632\" aria-label=\"Previous\">\n                        <img decoding=\"async\" src=\"https:\/\/rideandco.com\/giant\/wp-content\/themes\/rideandco\/src\/img\/icons\/fleche-gauche-blanche.svg\" alt=\"Pr\u00e9c\u00e9dent\" style=\"width: 60px; height: 60px;\">\n                    <\/button>\n                    <button class=\"carousel-control-next\" data-target=\"#carousel-119632\" aria-label=\"Next\">\n                        <img decoding=\"async\" src=\"https:\/\/rideandco.com\/giant\/wp-content\/themes\/rideandco\/src\/img\/icons\/fleche-droite-blanche.svg\" alt=\"Suivant\" style=\"width: 60px; height: 60px;\">\n                    <\/button>\n                <\/div>\n                <div class=\"carousel-indicators\" data-target=\"#carousel-119632\">\n                    <span class=\"active\"><\/span>\n                                            <span><\/span>\n                                            <span><\/span>\n                                    <\/div>\n                    <\/div>\n        <div class=\"product-info\">\n            <h2 class=\"woocommerce-loop-product__title\">\n                <a href=\"https:\/\/rideandco.com\/giant\/giant\/stp\/vtt-giant-stp-24-2026\/\">VTT GIANT STP 24 2026<\/a>\n            <\/h2>\n                            <p class=\"product-type-de-velo\">V\u00e9lo enfant | GIANT <\/p>\n                       \n            <div class=\"product-icons\">\n                                                                    <div class=\"icon-wrapper first-item\">\n                        <img decoding=\"async\" src=\"https:\/\/rideandco.com\/giant\/wp-content\/themes\/rideandco\/src\/img\/icons\/poids.svg\" alt=\"Weight Icon\" class=\"icon-with-tooltip\">\n                        <div class=\"tooltip custom-tooltip\">12.1kg <\/div>\n                    <\/div>\n                                                                        <div class=\"icon-wrapper \">\n                        <img decoding=\"async\" src=\"https:\/\/rideandco.com\/giant\/wp-content\/themes\/rideandco\/src\/img\/icons\/type_de_jantes.svg\" alt=\"Jantes Icon\" class=\"icon-with-tooltip\">\n                        <div class=\"tooltip custom-tooltip\">Aluminium <\/div>\n                    <\/div>\n                                                                <\/div>           \n            <!-- Ajouter le tarif du produit ici -->\n            <!-- Affichage du prix -->\n            <div class=\"product-price-container\">\n                <div class=\"product-price-wrapper\">\n                    <span class=\"current-price\">1 050,00 \u20ac<sup>TTC<\/sup><\/span>                <\/div>\n\n                <!-- Affichage du financement mensuel -->\n                <div class=\"product-financing\">\n                    D\u00e8s <span class=\"monthly-paymentlist\">88\u20ac\/mois<\/span> financement sur 12 mois                <\/div>\n            <\/div>\n\n            <!-- Ajoutez ici vos options suppl\u00e9mentaires -->\n            <div class=\"product-options\">\n                <a href=\"https:\/\/rideandco.com\/giant\/giant\/stp\/vtt-giant-stp-24-2026\/\" class=\"clickable-link\">\n                    Voir ce v\u00e9lo\n                    <img decoding=\"async\" src=\"https:\/\/rideandco.com\/giant\/wp-content\/themes\/rideandco\/src\/img\/icons\/fleche-droite-verte.svg\" alt=\"Fl\u00e8che droite\" class=\"arrow-icon\">\n                <\/a>\n                <div class=\"product-compare\" data-id=\"119632\">\n                    <a href=\"javascript:addToComparator(119632)\"\n                        class=\"link-add \">\n                        <img decoding=\"async\" src=\"https:\/\/rideandco.com\/giant\/wp-content\/themes\/rideandco\/src\/img\/icons\/ajouter_au_comparateur.svg\"\n                            alt=\"Ajouter au comparateur\"\n                        \/>\n                    <\/a>\n                    <a href=\"javascript:removeFromComparator(119632)\"\n                        class=\"link-remove hidden\">\n                        <img decoding=\"async\" src=\"https:\/\/rideandco.com\/giant\/wp-content\/themes\/rideandco\/src\/img\/icons\/retirer_du_comparateur_rouge.svg\"\n                            alt=\"Retirer du comparateur\"\n                        \/>\n                    <\/a>\n                    <span class=\"tooltip tooltip-add \">\n                        Ajouter au comparateur\n                    <\/span>\n                    <span class=\"tooltip tooltip-remove hidden\">\n                        Retirer du comparateur\n                    <\/span>\n                <\/div>\n            <\/div>\n        <\/div>\n    <\/div>\n<\/li><!-- Valeur r\u00e9cup\u00e9r\u00e9e : PROMO --><li style=\"padding-left: 0px;\n    margin-bottom: 10px;\" class=\"custom-product-card no-before product type-product post-119555 status-publish last instock product_cat-tempt product_cat-velo-enfant product_cat-liv has-post-thumbnail sold-individually taxable shipping-taxable purchasable product-type-simple\">\n    <div class=\"custom-product-card-content\">\n                <div class=\"product-image\">\n                            <a href=\"https:\/\/rideandco.com\/giant\/liv\/tempt\/liv-tempt-20-2026\/\">\n                    <img decoding=\"async\" src=\"https:\/\/rideandco.com\/giant\/wp-content\/uploads\/2026\/01\/tempt20.jpg\" alt=\"LIV Tempt 20 2026\">\n                <\/a>\n                    <\/div>\n        <div class=\"product-info\">\n            <h2 class=\"woocommerce-loop-product__title\">\n                <a href=\"https:\/\/rideandco.com\/giant\/liv\/tempt\/liv-tempt-20-2026\/\">LIV Tempt 20 2026<\/a>\n            <\/h2>\n                            <p class=\"product-type-de-velo\">V\u00e9lo enfant | LIV <\/p>\n                       \n            <div class=\"product-icons\">\n                                                                    <div class=\"icon-wrapper first-item\">\n                        <img decoding=\"async\" src=\"https:\/\/rideandco.com\/giant\/wp-content\/themes\/rideandco\/src\/img\/icons\/poids.svg\" alt=\"Weight Icon\" class=\"icon-with-tooltip\">\n                        <div class=\"tooltip custom-tooltip\">11.5kg <\/div>\n                    <\/div>\n                                                                        <div class=\"icon-wrapper \">\n                        <img decoding=\"async\" src=\"https:\/\/rideandco.com\/giant\/wp-content\/themes\/rideandco\/src\/img\/icons\/type_de_jantes.svg\" alt=\"Jantes Icon\" class=\"icon-with-tooltip\">\n                        <div class=\"tooltip custom-tooltip\">Aluminium <\/div>\n                    <\/div>\n                                                                <\/div>           \n            <!-- Ajouter le tarif du produit ici -->\n            <!-- Affichage du prix -->\n            <div class=\"product-price-container\">\n                <div class=\"product-price-wrapper\">\n                    <span class=\"current-price\">390,00 \u20ac<sup>TTC<\/sup><\/span>                <\/div>\n\n                <!-- Affichage du financement mensuel -->\n                <div class=\"product-financing\">\n                    D\u00e8s <span class=\"monthly-paymentlist\">33\u20ac\/mois<\/span> financement sur 12 mois                <\/div>\n            <\/div>\n\n            <!-- Ajoutez ici vos options suppl\u00e9mentaires -->\n            <div class=\"product-options\">\n                <a href=\"https:\/\/rideandco.com\/giant\/liv\/tempt\/liv-tempt-20-2026\/\" class=\"clickable-link\">\n                    Voir ce v\u00e9lo\n                    <img decoding=\"async\" src=\"https:\/\/rideandco.com\/giant\/wp-content\/themes\/rideandco\/src\/img\/icons\/fleche-droite-verte.svg\" alt=\"Fl\u00e8che droite\" class=\"arrow-icon\">\n                <\/a>\n                <div class=\"product-compare\" data-id=\"119555\">\n                    <a href=\"javascript:addToComparator(119555)\"\n                        class=\"link-add \">\n                        <img decoding=\"async\" src=\"https:\/\/rideandco.com\/giant\/wp-content\/themes\/rideandco\/src\/img\/icons\/ajouter_au_comparateur.svg\"\n                            alt=\"Ajouter au comparateur\"\n                        \/>\n                    <\/a>\n                    <a href=\"javascript:removeFromComparator(119555)\"\n                        class=\"link-remove hidden\">\n                        <img decoding=\"async\" src=\"https:\/\/rideandco.com\/giant\/wp-content\/themes\/rideandco\/src\/img\/icons\/retirer_du_comparateur_rouge.svg\"\n                            alt=\"Retirer du comparateur\"\n                        \/>\n                    <\/a>\n                    <span class=\"tooltip tooltip-add \">\n                        Ajouter au comparateur\n                    <\/span>\n                    <span class=\"tooltip tooltip-remove hidden\">\n                        Retirer du comparateur\n                    <\/span>\n                <\/div>\n            <\/div>\n        <\/div>\n    <\/div>\n<\/li><\/div><\/div><\/div>","protected":false},"excerpt":{"rendered":"<p>Performance et plaisir ne sont pas r\u00e9serv\u00e9s aux adultes ! Le XTC Jr 20 se distingue par un cadre rigide con\u00e7u avec nos tubes en aluminium ALUXX et une g\u00e9om\u00e9trie adapt\u00e9e \u00e0 la morphologie des enfants. Pens\u00e9s pour les petits gabarits, ces VTT sont l\u00e9gers et faciles \u00e0 manier, sans \u00e9quipements superflus.<\/p>\n","protected":false},"featured_media":117315,"comment_status":"closed","ping_status":"closed","template":"","meta":{"_acf_changed":false},"product_brand":[],"product_cat":[514,489],"product_tag":[543],"discipline":[],"class_list":{"0":"post-117311","1":"product","2":"type-product","3":"status-publish","4":"has-post-thumbnail","6":"product_cat-velo-enfant","7":"product_cat-xtc","8":"product_tag-ok","10":"first","11":"outofstock","12":"sold-individually","13":"taxable","14":"shipping-taxable","15":"purchasable","16":"product-type-simple"},"acf":{"infos_globales":{"nom_produit":"XTC Jr 20","marque_velo":"GIANT","annee":2025,"type_de_velo":"V\u00e9lo enfant","assitance_velo":"V\u00e9lo musculaire","garantie_produit":"Cadre : \u00e0 vie, Composants et p\u00e9riph\u00e9riques :  2 ans","genre_du_produit":"unisexe","assurance_incluse":false,"taille__en_cm":["115","120","125","130"]},"cadre_velo":{"forme_du_cadre":"Bas","cadre":"ALUXX-Grade Aluminum","matiere_du_cadre":["Aluminium"],"marque_de_la_fourche":"Aluminium","fourche":"","amortisseur":""},"systeme_moteur":{"moteur":"","batterie":"","details-batterie":"","simulateur_autonomie":"","autonomie":"","compteur":"","chargeur":""},"transmission":{"type_de_transmission":"mecanique","Manettes_commandes_de_vitesse":"Shimano REVOSHIFT, 1x7","type_de_pedalier":"Aluminium forg\u00e9, 32t, 127mm","derailleur_avant":"","derailleur_arriere":"Shimano Tourney","type_de_cassette":"14x28","type_de_chaine":"KMC HV500"},"type_de_freins":{"frein_av":"Patins","frein_ar":"Patins"},"roues":{"type-de-roues":"Giant Kids 20\"","type_de_jantes":"","matiere_jantes":"Aluminium","pneus":"Giant Junior Sport, 20x2.1\", 22 tpi","moyeu_av":"","moyeu_ar":""},"cockpit_poste_de_pilotage":{"type_de_guidon":"Giant Sport, alloy, 31.8mm","type_de_potence":"forg\u00e9, alliage","type_de_selle":"Giant Jr. Sports","type_de_tige_de_selle":"alliage, 27,2 mm","type_de_collier_de_selle":"","type_de_poignees":""},"particularite_du_velo":{"type_de_pedales":"","accessoires_du_velo":"","poids":"","poids_total_autorise":""}},"_links":{"self":[{"href":"https:\/\/rideandco.com\/giant\/wp-json\/wp\/v2\/product\/117311","targetHints":{"allow":["GET"]}}],"collection":[{"href":"https:\/\/rideandco.com\/giant\/wp-json\/wp\/v2\/product"}],"about":[{"href":"https:\/\/rideandco.com\/giant\/wp-json\/wp\/v2\/types\/product"}],"replies":[{"embeddable":true,"href":"https:\/\/rideandco.com\/giant\/wp-json\/wp\/v2\/comments?post=117311"}],"wp:featuredmedia":[{"embeddable":true,"href":"https:\/\/rideandco.com\/giant\/wp-json\/wp\/v2\/media\/117315"}],"wp:attachment":[{"href":"https:\/\/rideandco.com\/giant\/wp-json\/wp\/v2\/media?parent=117311"}],"wp:term":[{"taxonomy":"product_brand","embeddable":true,"href":"https:\/\/rideandco.com\/giant\/wp-json\/wp\/v2\/product_brand?post=117311"},{"taxonomy":"product_cat","embeddable":true,"href":"https:\/\/rideandco.com\/giant\/wp-json\/wp\/v2\/product_cat?post=117311"},{"taxonomy":"product_tag","embeddable":true,"href":"https:\/\/rideandco.com\/giant\/wp-json\/wp\/v2\/product_tag?post=117311"},{"taxonomy":"discipline","embeddable":true,"href":"https:\/\/rideandco.com\/giant\/wp-json\/wp\/v2\/discipline?post=117311"}],"curies":[{"name":"wp","href":"https:\/\/api.w.org\/{rel}","templated":true}]}}