{"id":117302,"date":"2025-02-14T12:14:39","date_gmt":"2025-02-14T11:14:39","guid":{"rendered":"https:\/\/rideandco.com\/giant\/?post_type=product&#038;p=117302"},"modified":"2026-05-13T06:02:39","modified_gmt":"2026-05-13T04:02:39","slug":"velo-enfant-giant-arx-20","status":"publish","type":"product","link":"https:\/\/rideandco.com\/giant\/velo-enfant\/velo-enfant-giant-arx-20\/","title":{"rendered":"ARX 20"},"content":{"rendered":"\n<h2 class=\"wp-block-heading\">ARX 20 : un v\u00e9lo pour enfant l\u00e9ger<\/h2>\n\n\n\n<p>Contrairement aux v\u00e9los pour enfants g\u00e9n\u00e9ralement disponibles sur le march\u00e9, l\u2019ARX 20 a \u00e9t\u00e9 con\u00e7u pour \u00eatre \u00e0 la fois l\u00e9ger, r\u00e9actif et agr\u00e9able \u00e0 piloter. Les jeunes cyclistes sont particuli\u00e8rement sensibles au poids de leur v\u00e9lo, c\u2019est pourquoi Giant a opt\u00e9 pour un cadre en aluminium ALUXX, qui le place parmi les plus l\u00e9gers de sa cat\u00e9gorie. Gr\u00e2ce \u00e0 ses pneus polyvalents, l&rsquo;ARX 20 s\u2019adapte aussi bien \u00e0 la route qu\u2019aux sentiers. Ses composants robustes et ergonomiques assurent un confort optimal et une prise en main id\u00e9ale pour les plus jeunes.<\/p>\n\n\n\n<p><strong>Facteurs cl\u00e9s de performance<\/strong><\/p>\n\n\n\n<p>L\u00e9ger et maniable<br>Son cadre en aluminium ALUXX permet d\u2019offrir un v\u00e9lo enfant \u00e0 la fois l\u00e9ger et facile \u00e0 piloter.<\/p>\n\n\n\n<p>Con\u00e7u pour les jeunes cyclistes<br>Au-del\u00e0 d\u2019une simple r\u00e9duction de taille, chaque composant a \u00e9t\u00e9 s\u00e9lectionn\u00e9 pour r\u00e9pondre aux besoins sp\u00e9cifiques des enfants.<\/p>\n\n\n\n<p>Polyvalence<br>Ses pneus adapt\u00e9s garantissent une conduite fluide et stable sur route, sentiers et chemins.<\/p>\n\n\n\n<p><a href=\"https:\/\/www.giant-bicycles.com\/fr\/registration\" target=\"_blank\" rel=\"noopener\">Enregistrez votre v\u00e9lo pour activer la garantie sur le cadre.<\/a><\/p>\n\n\n\n<div  class=\"download-block\">\n            <a href=\"https:\/\/rideandco.com\/giant\/wp-content\/uploads\/2025\/02\/giant-arx-20-fr-fr-2470.pdf\" class=\"download-link\" download>\n            <div class=\"download-content\">\n                <div class=\"download-text\">\n                    <strong>Fiche produit<\/strong>\n                    <span>pdf. 2,91 Mo<\/span>\n                <\/div>\n                <div class=\"download-icon\">\n                    <img loading=\"lazy\" decoding=\"async\" src=\"https:\/\/rideandco.com\/giant\/wp-content\/themes\/rideandco\/src\/img\/icons\/telechargement-vert.svg\" alt=\"Download Icon\" width=\"32\" height=\"32\">\n                <\/div>\n            <\/div>\n        <\/a>\n    <\/div>\n\n\n \n <!-- G\u00e9n\u00e9rer le bouton avec les classes appropri\u00e9es -->\n <a href=\"https:\/\/rideandco.com\/contacts-et-acces\" class=\"custom-button custom-button-style1\">\n     <span class=\"custom-button-text\">Contactez notre \u00e9quipe !<\/span>\n      <\/a>\n \n\n\n<h2 class=\"wp-block-heading\">Produits similaires<\/h2>\n\n\n<div id=\"product-slider-6a04abe95b733\" class=\"product-grid-custom-slider\"><div class=\"slider-wrapper\"><div class=\"slider-slide\"><!-- Valeur r\u00e9cup\u00e9r\u00e9e : PROMO --><li style=\"padding-left: 0px;\n    margin-bottom: 10px;\" class=\"custom-product-card no-before product type-product post-120482 status-publish first instock product_cat-velo-route product_cat-giant product_cat-performance product_cat-tcr has-post-thumbnail sold-individually taxable shipping-taxable purchasable product-type-variable\">\n    <div class=\"custom-product-card-content\">\n                <div class=\"product-image\">\n                            <div id=\"carousel-120482\" class=\"carousel\" data-product-id=\"120482\">\n                    <div class=\"carousel-inner\">\n                        <div class=\"carousel-item active\">\n                            <a href=\"https:\/\/rideandco.com\/giant\/velo-route\/kit-cadre-velo-route-tcr-advanced-pro\/\">\n                                <img decoding=\"async\" src=\"https:\/\/rideandco.com\/giant\/wp-content\/uploads\/2026\/03\/kittcradvpro.jpg\" alt=\"Kit Cadre V\u00e9lo Route TCR Advanced Pro\">\n                            <\/a>\n                        <\/div>\n                                                    <div class=\"carousel-item\">\n                                <a href=\"https:\/\/rideandco.com\/giant\/velo-route\/kit-cadre-velo-route-tcr-advanced-pro\/\">\n                                    <img decoding=\"async\" src=\"https:\/\/rideandco.com\/giant\/wp-content\/uploads\/2026\/03\/kittcrproo.jpg\" alt=\"Kit Cadre V\u00e9lo Route TCR Advanced Pro\">\n                                <\/a>\n                            <\/div>\n                                                    <div class=\"carousel-item\">\n                                <a href=\"https:\/\/rideandco.com\/giant\/velo-route\/kit-cadre-velo-route-tcr-advanced-pro\/\">\n                                    <img decoding=\"async\" src=\"https:\/\/rideandco.com\/giant\/wp-content\/uploads\/2026\/03\/kittcradvproo-1.jpg\" alt=\"Kit Cadre V\u00e9lo Route TCR Advanced Pro\">\n                                <\/a>\n                            <\/div>\n                                            <\/div>\n                    <button class=\"carousel-control-prev\" data-target=\"#carousel-120482\" aria-label=\"Previous\">\n                        <img decoding=\"async\" src=\"https:\/\/rideandco.com\/giant\/wp-content\/themes\/rideandco\/src\/img\/icons\/fleche-gauche-blanche.svg\" alt=\"Pr\u00e9c\u00e9dent\" style=\"width: 60px; height: 60px;\">\n                    <\/button>\n                    <button class=\"carousel-control-next\" data-target=\"#carousel-120482\" aria-label=\"Next\">\n                        <img decoding=\"async\" src=\"https:\/\/rideandco.com\/giant\/wp-content\/themes\/rideandco\/src\/img\/icons\/fleche-droite-blanche.svg\" alt=\"Suivant\" style=\"width: 60px; height: 60px;\">\n                    <\/button>\n                <\/div>\n                <div class=\"carousel-indicators\" data-target=\"#carousel-120482\">\n                    <span class=\"active\"><\/span>\n                                            <span><\/span>\n                                            <span><\/span>\n                                    <\/div>\n                    <\/div>\n        <div class=\"product-info\">\n            <h2 class=\"woocommerce-loop-product__title\">\n                <a href=\"https:\/\/rideandco.com\/giant\/velo-route\/kit-cadre-velo-route-tcr-advanced-pro\/\">Kit Cadre V\u00e9lo Route TCR Advanced Pro<\/a>\n            <\/h2>\n                            <p class=\"product-type-de-velo\">V\u00e9lo performance | GIANT <\/p>\n                       \n            <div class=\"product-icons\">\n                                                                    <div class=\"icon-wrapper first-item\">\n                        <img decoding=\"async\" src=\"https:\/\/rideandco.com\/giant\/wp-content\/themes\/rideandco\/src\/img\/icons\/poids.svg\" alt=\"Weight Icon\" class=\"icon-with-tooltip\">\n                        <div class=\"tooltip custom-tooltip\">1.5kg en taille M <\/div>\n                    <\/div>\n                                                                                <\/div>           \n            <!-- Ajouter le tarif du produit ici -->\n            <!-- Affichage du prix -->\n            <div class=\"product-price-container\">\n                <div class=\"product-price-wrapper\">\n                    <span class=\"current-price\">2 500,00 \u20ac<sup>TTC<\/sup><\/span>                <\/div>\n\n                <!-- Affichage du financement mensuel -->\n                <div class=\"product-financing\">\n                    D\u00e8s <span class=\"monthly-paymentlist\">208\u20ac\/mois<\/span> financement sur 12 mois                <\/div>\n            <\/div>\n\n            <!-- Ajoutez ici vos options suppl\u00e9mentaires -->\n            <div class=\"product-options\">\n                <a href=\"https:\/\/rideandco.com\/giant\/velo-route\/kit-cadre-velo-route-tcr-advanced-pro\/\" class=\"clickable-link\">\n                    Voir ce v\u00e9lo\n                    <img decoding=\"async\" src=\"https:\/\/rideandco.com\/giant\/wp-content\/themes\/rideandco\/src\/img\/icons\/fleche-droite-verte.svg\" alt=\"Fl\u00e8che droite\" class=\"arrow-icon\">\n                <\/a>\n                <div class=\"product-compare\" data-id=\"120482\">\n                    <a href=\"javascript:addToComparator(120482)\"\n                        class=\"link-add \">\n                        <img decoding=\"async\" src=\"https:\/\/rideandco.com\/giant\/wp-content\/themes\/rideandco\/src\/img\/icons\/ajouter_au_comparateur.svg\"\n                            alt=\"Ajouter au comparateur\"\n                        \/>\n                    <\/a>\n                    <a href=\"javascript:removeFromComparator(120482)\"\n                        class=\"link-remove hidden\">\n                        <img decoding=\"async\" src=\"https:\/\/rideandco.com\/giant\/wp-content\/themes\/rideandco\/src\/img\/icons\/retirer_du_comparateur_rouge.svg\"\n                            alt=\"Retirer du comparateur\"\n                        \/>\n                    <\/a>\n                    <span class=\"tooltip tooltip-add \">\n                        Ajouter au comparateur\n                    <\/span>\n                    <span class=\"tooltip tooltip-remove hidden\">\n                        Retirer du comparateur\n                    <\/span>\n                <\/div>\n            <\/div>\n        <\/div>\n    <\/div>\n<\/li><!-- Valeur r\u00e9cup\u00e9r\u00e9e : PROMO --><li style=\"padding-left: 0px;\n    margin-bottom: 10px;\" class=\"custom-product-card no-before product type-product post-120471 status-publish instock product_cat-tcr product_cat-giant product_cat-velo-route product_cat-performance has-post-thumbnail sold-individually taxable shipping-taxable purchasable product-type-variable\">\n    <div class=\"custom-product-card-content\">\n                <div class=\"product-image\">\n                            <div id=\"carousel-120471\" class=\"carousel\" data-product-id=\"120471\">\n                    <div class=\"carousel-inner\">\n                        <div class=\"carousel-item active\">\n                            <a href=\"https:\/\/rideandco.com\/giant\/giant\/tcr\/tcr-advanced-pro-dura-ace\/\">\n                                <img decoding=\"async\" src=\"https:\/\/rideandco.com\/giant\/wp-content\/uploads\/2026\/03\/tcrprodaa.jpg\" alt=\"TCR Advanced Pro Dura-Ace\">\n                            <\/a>\n                        <\/div>\n                                                    <div class=\"carousel-item\">\n                                <a href=\"https:\/\/rideandco.com\/giant\/giant\/tcr\/tcr-advanced-pro-dura-ace\/\">\n                                    <img decoding=\"async\" src=\"https:\/\/rideandco.com\/giant\/wp-content\/uploads\/2026\/03\/tcrprodaaa.jpg\" alt=\"TCR Advanced Pro Dura-Ace\">\n                                <\/a>\n                            <\/div>\n                                                    <div class=\"carousel-item\">\n                                <a href=\"https:\/\/rideandco.com\/giant\/giant\/tcr\/tcr-advanced-pro-dura-ace\/\">\n                                    <img decoding=\"async\" src=\"https:\/\/rideandco.com\/giant\/wp-content\/uploads\/2026\/03\/tcrproda.jpg\" alt=\"TCR Advanced Pro Dura-Ace\">\n                                <\/a>\n                            <\/div>\n                                            <\/div>\n                    <button class=\"carousel-control-prev\" data-target=\"#carousel-120471\" aria-label=\"Previous\">\n                        <img decoding=\"async\" src=\"https:\/\/rideandco.com\/giant\/wp-content\/themes\/rideandco\/src\/img\/icons\/fleche-gauche-blanche.svg\" alt=\"Pr\u00e9c\u00e9dent\" style=\"width: 60px; height: 60px;\">\n                    <\/button>\n                    <button class=\"carousel-control-next\" data-target=\"#carousel-120471\" aria-label=\"Next\">\n                        <img decoding=\"async\" src=\"https:\/\/rideandco.com\/giant\/wp-content\/themes\/rideandco\/src\/img\/icons\/fleche-droite-blanche.svg\" alt=\"Suivant\" style=\"width: 60px; height: 60px;\">\n                    <\/button>\n                <\/div>\n                <div class=\"carousel-indicators\" data-target=\"#carousel-120471\">\n                    <span class=\"active\"><\/span>\n                                            <span><\/span>\n                                            <span><\/span>\n                                    <\/div>\n                    <\/div>\n        <div class=\"product-info\">\n            <h2 class=\"woocommerce-loop-product__title\">\n                <a href=\"https:\/\/rideandco.com\/giant\/giant\/tcr\/tcr-advanced-pro-dura-ace\/\">TCR Advanced Pro Dura-Ace<\/a>\n            <\/h2>\n                            <p class=\"product-type-de-velo\">V\u00e9lo performance | GIANT <\/p>\n                       \n            <div class=\"product-icons\">\n                                                                    <div class=\"icon-wrapper first-item\">\n                        <img decoding=\"async\" src=\"https:\/\/rideandco.com\/giant\/wp-content\/themes\/rideandco\/src\/img\/icons\/poids.svg\" alt=\"Weight Icon\" class=\"icon-with-tooltip\">\n                        <div class=\"tooltip custom-tooltip\">6.65kg en taille M <\/div>\n                    <\/div>\n                                                                        <div class=\"icon-wrapper \">\n                        <img decoding=\"async\" src=\"https:\/\/rideandco.com\/giant\/wp-content\/themes\/rideandco\/src\/img\/icons\/type_de_jantes.svg\" alt=\"Jantes Icon\" class=\"icon-with-tooltip\">\n                        <div class=\"tooltip custom-tooltip\">Carbone <\/div>\n                    <\/div>\n                                                                <\/div>           \n            <!-- Ajouter le tarif du produit ici -->\n            <!-- Affichage du prix -->\n            <div class=\"product-price-container\">\n                <div class=\"product-price-wrapper\">\n                    <span class=\"current-price\">8 200,00 \u20ac<sup>TTC<\/sup><\/span>                <\/div>\n\n                <!-- Affichage du financement mensuel -->\n                <div class=\"product-financing\">\n                    D\u00e8s <span class=\"monthly-paymentlist\">683\u20ac\/mois<\/span> financement sur 12 mois                <\/div>\n            <\/div>\n\n            <!-- Ajoutez ici vos options suppl\u00e9mentaires -->\n            <div class=\"product-options\">\n                <a href=\"https:\/\/rideandco.com\/giant\/giant\/tcr\/tcr-advanced-pro-dura-ace\/\" class=\"clickable-link\">\n                    Voir ce v\u00e9lo\n                    <img decoding=\"async\" src=\"https:\/\/rideandco.com\/giant\/wp-content\/themes\/rideandco\/src\/img\/icons\/fleche-droite-verte.svg\" alt=\"Fl\u00e8che droite\" class=\"arrow-icon\">\n                <\/a>\n                <div class=\"product-compare\" data-id=\"120471\">\n                    <a href=\"javascript:addToComparator(120471)\"\n                        class=\"link-add \">\n                        <img decoding=\"async\" src=\"https:\/\/rideandco.com\/giant\/wp-content\/themes\/rideandco\/src\/img\/icons\/ajouter_au_comparateur.svg\"\n                            alt=\"Ajouter au comparateur\"\n                        \/>\n                    <\/a>\n                    <a href=\"javascript:removeFromComparator(120471)\"\n                        class=\"link-remove hidden\">\n                        <img decoding=\"async\" src=\"https:\/\/rideandco.com\/giant\/wp-content\/themes\/rideandco\/src\/img\/icons\/retirer_du_comparateur_rouge.svg\"\n                            alt=\"Retirer du comparateur\"\n                        \/>\n                    <\/a>\n                    <span class=\"tooltip tooltip-add \">\n                        Ajouter au comparateur\n                    <\/span>\n                    <span class=\"tooltip tooltip-remove hidden\">\n                        Retirer du comparateur\n                    <\/span>\n                <\/div>\n            <\/div>\n        <\/div>\n    <\/div>\n<\/li><!-- Valeur r\u00e9cup\u00e9r\u00e9e : PROMO --><li style=\"padding-left: 0px;\n    margin-bottom: 10px;\" class=\"custom-product-card no-before product type-product post-120459 status-publish last instock product_cat-tcr product_cat-giant product_cat-velo-route product_cat-performance has-post-thumbnail sold-individually taxable shipping-taxable purchasable product-type-variable\">\n    <div class=\"custom-product-card-content\">\n                <div class=\"product-image\">\n                            <div id=\"carousel-120459\" class=\"carousel\" data-product-id=\"120459\">\n                    <div class=\"carousel-inner\">\n                        <div class=\"carousel-item active\">\n                            <a href=\"https:\/\/rideandco.com\/giant\/giant\/tcr\/tcr-advanced-2-2026\/\">\n                                <img decoding=\"async\" src=\"https:\/\/rideandco.com\/giant\/wp-content\/uploads\/2026\/03\/tcradv226.jpg\" alt=\"TCR Advanced 2 2026\">\n                            <\/a>\n                        <\/div>\n                                                    <div class=\"carousel-item\">\n                                <a href=\"https:\/\/rideandco.com\/giant\/giant\/tcr\/tcr-advanced-2-2026\/\">\n                                    <img decoding=\"async\" src=\"https:\/\/rideandco.com\/giant\/wp-content\/uploads\/2026\/03\/tcradv2266.jpg\" alt=\"TCR Advanced 2 2026\">\n                                <\/a>\n                            <\/div>\n                                                    <div class=\"carousel-item\">\n                                <a href=\"https:\/\/rideandco.com\/giant\/giant\/tcr\/tcr-advanced-2-2026\/\">\n                                    <img decoding=\"async\" src=\"https:\/\/rideandco.com\/giant\/wp-content\/uploads\/2026\/03\/tcradv22666.jpg\" alt=\"TCR Advanced 2 2026\">\n                                <\/a>\n                            <\/div>\n                                            <\/div>\n                    <button class=\"carousel-control-prev\" data-target=\"#carousel-120459\" aria-label=\"Previous\">\n                        <img decoding=\"async\" src=\"https:\/\/rideandco.com\/giant\/wp-content\/themes\/rideandco\/src\/img\/icons\/fleche-gauche-blanche.svg\" alt=\"Pr\u00e9c\u00e9dent\" style=\"width: 60px; height: 60px;\">\n                    <\/button>\n                    <button class=\"carousel-control-next\" data-target=\"#carousel-120459\" aria-label=\"Next\">\n                        <img decoding=\"async\" src=\"https:\/\/rideandco.com\/giant\/wp-content\/themes\/rideandco\/src\/img\/icons\/fleche-droite-blanche.svg\" alt=\"Suivant\" style=\"width: 60px; height: 60px;\">\n                    <\/button>\n                <\/div>\n                <div class=\"carousel-indicators\" data-target=\"#carousel-120459\">\n                    <span class=\"active\"><\/span>\n                                            <span><\/span>\n                                            <span><\/span>\n                                    <\/div>\n                    <\/div>\n        <div class=\"product-info\">\n            <h2 class=\"woocommerce-loop-product__title\">\n                <a href=\"https:\/\/rideandco.com\/giant\/giant\/tcr\/tcr-advanced-2-2026\/\">TCR Advanced 2 2026<\/a>\n            <\/h2>\n                            <p class=\"product-type-de-velo\">V\u00e9lo performance | GIANT <\/p>\n                       \n            <div class=\"product-icons\">\n                                                                    <div class=\"icon-wrapper first-item\">\n                        <img decoding=\"async\" src=\"https:\/\/rideandco.com\/giant\/wp-content\/themes\/rideandco\/src\/img\/icons\/poids.svg\" alt=\"Weight Icon\" class=\"icon-with-tooltip\">\n                        <div class=\"tooltip custom-tooltip\">7.5kg en taille M <\/div>\n                    <\/div>\n                                                                        <div class=\"icon-wrapper \">\n                        <img decoding=\"async\" src=\"https:\/\/rideandco.com\/giant\/wp-content\/themes\/rideandco\/src\/img\/icons\/type_de_jantes.svg\" alt=\"Jantes Icon\" class=\"icon-with-tooltip\">\n                        <div class=\"tooltip custom-tooltip\">Aluminium <\/div>\n                    <\/div>\n                                                                <\/div>           \n            <!-- Ajouter le tarif du produit ici -->\n            <!-- Affichage du prix -->\n            <div class=\"product-price-container\">\n                <div class=\"product-price-wrapper\">\n                    <span class=\"current-price\">2 700,00 \u20ac<sup>TTC<\/sup><\/span>                <\/div>\n\n                <!-- Affichage du financement mensuel -->\n                <div class=\"product-financing\">\n                    D\u00e8s <span class=\"monthly-paymentlist\">225\u20ac\/mois<\/span> financement sur 12 mois                <\/div>\n            <\/div>\n\n            <!-- Ajoutez ici vos options suppl\u00e9mentaires -->\n            <div class=\"product-options\">\n                <a href=\"https:\/\/rideandco.com\/giant\/giant\/tcr\/tcr-advanced-2-2026\/\" class=\"clickable-link\">\n                    Voir ce v\u00e9lo\n                    <img decoding=\"async\" src=\"https:\/\/rideandco.com\/giant\/wp-content\/themes\/rideandco\/src\/img\/icons\/fleche-droite-verte.svg\" alt=\"Fl\u00e8che droite\" class=\"arrow-icon\">\n                <\/a>\n                <div class=\"product-compare\" data-id=\"120459\">\n                    <a href=\"javascript:addToComparator(120459)\"\n                        class=\"link-add \">\n                        <img decoding=\"async\" src=\"https:\/\/rideandco.com\/giant\/wp-content\/themes\/rideandco\/src\/img\/icons\/ajouter_au_comparateur.svg\"\n                            alt=\"Ajouter au comparateur\"\n                        \/>\n                    <\/a>\n                    <a href=\"javascript:removeFromComparator(120459)\"\n                        class=\"link-remove hidden\">\n                        <img decoding=\"async\" src=\"https:\/\/rideandco.com\/giant\/wp-content\/themes\/rideandco\/src\/img\/icons\/retirer_du_comparateur_rouge.svg\"\n                            alt=\"Retirer du comparateur\"\n                        \/>\n                    <\/a>\n                    <span class=\"tooltip tooltip-add \">\n                        Ajouter au comparateur\n                    <\/span>\n                    <span class=\"tooltip tooltip-remove hidden\">\n                        Retirer du comparateur\n                    <\/span>\n                <\/div>\n            <\/div>\n        <\/div>\n    <\/div>\n<\/li><\/div><\/div><\/div>","protected":false},"excerpt":{"rendered":"<p>Avec son cadre en aluminium ultra-l\u00e9ger, l&rsquo;ARX 20 pouces permet aux jeunes cyclistes de rouler en toute confiance sur diff\u00e9rents terrains. Facile \u00e0 manier et parfaitement adapt\u00e9 aux petits gabarits, il offre une prise en main intuitive pour des aventures sans limites.<\/p>\n","protected":false},"featured_media":117305,"comment_status":"closed","ping_status":"closed","template":"","meta":{"_acf_changed":false},"product_brand":[],"product_cat":[514],"product_tag":[543],"discipline":[],"class_list":{"0":"post-117302","1":"product","2":"type-product","3":"status-publish","4":"has-post-thumbnail","6":"product_cat-velo-enfant","7":"product_tag-ok","9":"first","10":"outofstock","11":"sold-individually","12":"taxable","13":"shipping-taxable","14":"purchasable","15":"product-type-variable"},"acf":{"infos_globales":{"nom_produit":"ARX 20","marque_velo":"GIANT","annee":2025,"type_de_velo":"V\u00e9lo enfant","assitance_velo":"V\u00e9lo musculaire","garantie_produit":"Cadre : \u00e0 vie, Composants et p\u00e9riph\u00e9riques :  2 ans","genre_du_produit":"unisexe","assurance_incluse":false,"taille__en_cm":["115","120","125","130"]},"cadre_velo":{"forme_du_cadre":"Bas","cadre":"ALUXX-Grade Aluminum","matiere_du_cadre":["Aluminium"],"marque_de_la_fourche":"Aluminium","fourche":"","amortisseur":""},"systeme_moteur":{"moteur":"","batterie":"","details-batterie":"","simulateur_autonomie":"","autonomie":"","compteur":"","chargeur":""},"transmission":{"type_de_transmission":"mecanique","Manettes_commandes_de_vitesse":"Shimano REVOSHIFT, 1x7","type_de_pedalier":"Aluminium forg\u00e9, 32t, 115mm","derailleur_avant":"","derailleur_arriere":"Shimano Altus RD-M310","type_de_cassette":"Shimano HG200, 12x32","type_de_chaine":"KMC Z8"},"type_de_freins":{"frein_av":"Patins","frein_ar":"Patins"},"roues":{"type-de-roues":"Giant Kids 20\"","type_de_jantes":"","matiere_jantes":"Aluminium","pneus":"Innova IB-3010, 20x1,5\"","moyeu_av":"","moyeu_ar":""},"cockpit_poste_de_pilotage":{"type_de_guidon":"Giant Youth, largeur 480 mm","type_de_potence":"forg\u00e9, alliage, 25,4x60mm","type_de_selle":"Selle Royal Vivo Jr.","type_de_tige_de_selle":"alliage, 27,2 mm","type_de_collier_de_selle":"","type_de_poignees":""},"particularite_du_velo":{"type_de_pedales":"","accessoires_du_velo":"","poids":"","poids_total_autorise":""}},"_links":{"self":[{"href":"https:\/\/rideandco.com\/giant\/wp-json\/wp\/v2\/product\/117302","targetHints":{"allow":["GET"]}}],"collection":[{"href":"https:\/\/rideandco.com\/giant\/wp-json\/wp\/v2\/product"}],"about":[{"href":"https:\/\/rideandco.com\/giant\/wp-json\/wp\/v2\/types\/product"}],"replies":[{"embeddable":true,"href":"https:\/\/rideandco.com\/giant\/wp-json\/wp\/v2\/comments?post=117302"}],"wp:featuredmedia":[{"embeddable":true,"href":"https:\/\/rideandco.com\/giant\/wp-json\/wp\/v2\/media\/117305"}],"wp:attachment":[{"href":"https:\/\/rideandco.com\/giant\/wp-json\/wp\/v2\/media?parent=117302"}],"wp:term":[{"taxonomy":"product_brand","embeddable":true,"href":"https:\/\/rideandco.com\/giant\/wp-json\/wp\/v2\/product_brand?post=117302"},{"taxonomy":"product_cat","embeddable":true,"href":"https:\/\/rideandco.com\/giant\/wp-json\/wp\/v2\/product_cat?post=117302"},{"taxonomy":"product_tag","embeddable":true,"href":"https:\/\/rideandco.com\/giant\/wp-json\/wp\/v2\/product_tag?post=117302"},{"taxonomy":"discipline","embeddable":true,"href":"https:\/\/rideandco.com\/giant\/wp-json\/wp\/v2\/discipline?post=117302"}],"curies":[{"name":"wp","href":"https:\/\/api.w.org\/{rel}","templated":true}]}}