{"id":117114,"date":"2025-02-13T11:40:57","date_gmt":"2025-02-13T10:40:57","guid":{"rendered":"https:\/\/rideandco.com\/giant\/?post_type=product&#038;p=117114"},"modified":"2026-05-13T06:00:40","modified_gmt":"2026-05-13T04:00:40","slug":"talon-3","status":"publish","type":"product","link":"https:\/\/rideandco.com\/giant\/vtt\/suspendu-avant\/talon-3\/","title":{"rendered":"Talon 3"},"content":{"rendered":"\n<h3 class=\"wp-block-heading\"><strong>Performance et Contr\u00f4le sur les Sentiers<\/strong><\/h3>\n\n\n\n<p><strong>Performances d&rsquo;alliage \u00e9prouv\u00e9es<\/strong><br>Le cadre en <strong>aluminium ALUXX<\/strong>, con\u00e7u et fabriqu\u00e9 \u00e0 la main par le leader mondial de l&rsquo;ing\u00e9nierie de l&rsquo;aluminium, garantit <strong>l\u00e9g\u00e8ret\u00e9, robustesse et fiabilit\u00e9<\/strong>.<\/p>\n\n\n\n<p><strong>\u00c9quilibre et Stabilit\u00e9<\/strong><br>La g\u00e9om\u00e9trie du cadre est pens\u00e9e pour <strong>optimiser la stabilit\u00e9 et la fluidit\u00e9<\/strong> des roues de <strong>29 pouces<\/strong>, ou offrir <strong>plus de vivacit\u00e9<\/strong> avec des roues de <strong>27,5 pouces<\/strong> (selon la taille du cadre).<\/p>\n\n\n\n<p><strong>Contr\u00f4le XC<\/strong><br>Avec une <strong>fourche \u00e0 suspension de 80 mm ou 100 mm de d\u00e9battement<\/strong>, ce v\u00e9lo assure une excellente absorption des chocs et un <strong>contr\u00f4le pr\u00e9cis<\/strong> sur les sentiers XC.<\/p>\n\n\n\n<p>Un v\u00e9lo con\u00e7u pour <strong>la performance, l\u2019agilit\u00e9 et la confiance<\/strong>, pr\u00eat \u00e0 relever tous les d\u00e9fis du cross-country ! <\/p>\n\n\n\n<p><\/p>\n\n\n\n<p>Aluminium ALUXX<\/p>\n\n\n\n<p>Ce mat\u00e9riau pour cadre extr\u00eamement performant est compos\u00e9 d\u2019un alliage 6061 pour les tubes \u00e0 aboutement simple afin d\u2019obtenir un kit cadre l\u00e9ger et r\u00e9sistant, adapt\u00e9 \u00e0 diff\u00e9rents types de v\u00e9los et styles de pilotage.<\/p>\n\n\n\n<div  class=\"download-block\">\n            <a href=\"https:\/\/rideandco.com\/giant\/wp-content\/uploads\/2025\/02\/giant-talon-3-fr-fr-3593.pdf\" class=\"download-link\" download>\n            <div class=\"download-content\">\n                <div class=\"download-text\">\n                    <strong>Fiche produit<\/strong>\n                    <span>pdf. 646,47 Ko<\/span>\n                <\/div>\n                <div class=\"download-icon\">\n                    <img loading=\"lazy\" decoding=\"async\" src=\"https:\/\/rideandco.com\/giant\/wp-content\/themes\/rideandco\/src\/img\/icons\/telechargement-vert.svg\" alt=\"Download Icon\" width=\"32\" height=\"32\">\n                <\/div>\n            <\/div>\n        <\/a>\n    <\/div>\n\n\n\n<h2 class=\"wp-block-heading\">Nos VTT semi-rigide<\/h2>\n\n\n<div id=\"product-slider-6a04aa28aee78\" class=\"product-grid-custom-slider\"><div class=\"slider-wrapper\"><div class=\"slider-slide\"><!-- Valeur r\u00e9cup\u00e9r\u00e9e : PROMO --><li style=\"padding-left: 0px;\n    margin-bottom: 10px;\" class=\"custom-product-card no-before product type-product post-120285 status-publish first outofstock product_cat-anthem product_cat-giant product_cat-tout-suspendu product_cat-vtt has-post-thumbnail sold-individually taxable shipping-taxable purchasable product-type-variable\">\n    <div class=\"custom-product-card-content\">\n                <div class=\"product-image\">\n                            <a href=\"https:\/\/rideandco.com\/giant\/giant\/anthem\/anthem-advanced-sl-3\/\">\n                    <img decoding=\"async\" src=\"https:\/\/rideandco.com\/giant\/wp-content\/uploads\/2026\/03\/anthemadvsl3.jpg\" alt=\"Anthem Advanced SL 3\">\n                <\/a>\n                    <\/div>\n        <div class=\"product-info\">\n            <h2 class=\"woocommerce-loop-product__title\">\n                <a href=\"https:\/\/rideandco.com\/giant\/giant\/anthem\/anthem-advanced-sl-3\/\" >Anthem Advanced SL 3<\/a>\n            <\/h2>\n                            <p class=\"product-type-de-velo\">VTT | GIANT <\/p>\n                       \n            <div class=\"product-icons\">\n                                                                    <div class=\"icon-wrapper first-item\">\n                        <img decoding=\"async\" src=\"https:\/\/rideandco.com\/giant\/wp-content\/themes\/rideandco\/src\/img\/icons\/poids.svg\" alt=\"Weight Icon\" class=\"icon-with-tooltip\">\n                        <div class=\"tooltip custom-tooltip\">11.7kg en taille M <\/div>\n                    <\/div>\n                                                                        <div class=\"icon-wrapper \">\n                        <img decoding=\"async\" src=\"https:\/\/rideandco.com\/giant\/wp-content\/themes\/rideandco\/src\/img\/icons\/type_de_jantes.svg\" alt=\"Jantes Icon\" class=\"icon-with-tooltip\">\n                        <div class=\"tooltip custom-tooltip\">Aluminium <\/div>\n                    <\/div>\n                                                                <\/div>           \n            <!-- Ajouter le tarif du produit ici -->\n            <!-- Affichage du prix -->\n            <div class=\"product-price-container\">\n                <div class=\"product-price-wrapper\">\n                    <span class=\"current-price\">4 500,00 \u20ac<sup>TTC<\/sup><\/span>                <\/div>\n\n                <!-- Affichage du financement mensuel -->\n                <div class=\"product-financing\">\n                    D\u00e8s <span class=\"monthly-paymentlist\">375\u20ac\/mois<\/span> financement sur 12 mois                <\/div>\n            <\/div>\n\n            <!-- Ajoutez ici vos options suppl\u00e9mentaires -->\n            <div class=\"product-options\">\n                <a href=\"https:\/\/rideandco.com\/giant\/giant\/anthem\/anthem-advanced-sl-3\/\" class=\"clickable-link\">\n                    Voir ce v\u00e9lo\n                    <img decoding=\"async\" src=\"https:\/\/rideandco.com\/giant\/wp-content\/themes\/rideandco\/src\/img\/icons\/fleche-droite-verte.svg\" alt=\"Fl\u00e8che droite\" class=\"arrow-icon\">\n                <\/a>\n                <div class=\"product-compare\" data-id=\"120285\">\n                    <a href=\"javascript:addToComparator(120285)\"\n                        class=\"link-add \">\n                        <img decoding=\"async\" src=\"https:\/\/rideandco.com\/giant\/wp-content\/themes\/rideandco\/src\/img\/icons\/ajouter_au_comparateur.svg\"\n                            alt=\"Ajouter au comparateur\"\n                        \/>\n                    <\/a>\n                    <a href=\"javascript:removeFromComparator(120285)\"\n                        class=\"link-remove hidden\">\n                        <img decoding=\"async\" src=\"https:\/\/rideandco.com\/giant\/wp-content\/themes\/rideandco\/src\/img\/icons\/retirer_du_comparateur_rouge.svg\"\n                            alt=\"Retirer du comparateur\"\n                        \/>\n                    <\/a>\n                    <span class=\"tooltip tooltip-add \">\n                        Ajouter au comparateur\n                    <\/span>\n                    <span class=\"tooltip tooltip-remove hidden\">\n                        Retirer du comparateur\n                    <\/span>\n                <\/div>\n            <\/div>\n        <\/div>\n    <\/div>\n<\/li><!-- Valeur r\u00e9cup\u00e9r\u00e9e : PROMO --><li style=\"padding-left: 0px;\n    margin-bottom: 10px;\" class=\"custom-product-card no-before product type-product post-120258 status-publish outofstock product_cat-anthem product_cat-giant product_cat-tout-suspendu product_cat-vtt has-post-thumbnail sold-individually taxable shipping-taxable purchasable product-type-variable\">\n    <div class=\"custom-product-card-content\">\n                <div class=\"product-image\">\n                            <div id=\"carousel-120258\" class=\"carousel\" data-product-id=\"120258\">\n                    <div class=\"carousel-inner\">\n                        <div class=\"carousel-item active\">\n                            <a href=\"https:\/\/rideandco.com\/giant\/giant\/anthem\/anthem-advanced-sl-2\/\">\n                                <img decoding=\"async\" src=\"https:\/\/rideandco.com\/giant\/wp-content\/uploads\/2026\/03\/anthemadvsl2.jpg\" alt=\"Anthem Advanced SL 2\">\n                            <\/a>\n                        <\/div>\n                                                    <div class=\"carousel-item\">\n                                <a href=\"https:\/\/rideandco.com\/giant\/giant\/anthem\/anthem-advanced-sl-2\/\">\n                                    <img decoding=\"async\" src=\"https:\/\/rideandco.com\/giant\/wp-content\/uploads\/2026\/03\/anthemadvsl22.jpg\" alt=\"Anthem Advanced SL 2\">\n                                <\/a>\n                            <\/div>\n                                                    <div class=\"carousel-item\">\n                                <a href=\"https:\/\/rideandco.com\/giant\/giant\/anthem\/anthem-advanced-sl-2\/\">\n                                    <img decoding=\"async\" src=\"https:\/\/rideandco.com\/giant\/wp-content\/uploads\/2026\/03\/anthemadvsl222.jpg\" alt=\"Anthem Advanced SL 2\">\n                                <\/a>\n                            <\/div>\n                                            <\/div>\n                    <button class=\"carousel-control-prev\" data-target=\"#carousel-120258\" aria-label=\"Previous\">\n                        <img decoding=\"async\" src=\"https:\/\/rideandco.com\/giant\/wp-content\/themes\/rideandco\/src\/img\/icons\/fleche-gauche-blanche.svg\" alt=\"Pr\u00e9c\u00e9dent\" style=\"width: 60px; height: 60px;\">\n                    <\/button>\n                    <button class=\"carousel-control-next\" data-target=\"#carousel-120258\" aria-label=\"Next\">\n                        <img decoding=\"async\" src=\"https:\/\/rideandco.com\/giant\/wp-content\/themes\/rideandco\/src\/img\/icons\/fleche-droite-blanche.svg\" alt=\"Suivant\" style=\"width: 60px; height: 60px;\">\n                    <\/button>\n                <\/div>\n                <div class=\"carousel-indicators\" data-target=\"#carousel-120258\">\n                    <span class=\"active\"><\/span>\n                                            <span><\/span>\n                                            <span><\/span>\n                                    <\/div>\n                    <\/div>\n        <div class=\"product-info\">\n            <h2 class=\"woocommerce-loop-product__title\">\n                <a href=\"https:\/\/rideandco.com\/giant\/giant\/anthem\/anthem-advanced-sl-2\/\" >Anthem Advanced SL 2<\/a>\n            <\/h2>\n                            <p class=\"product-type-de-velo\">VTT | GIANT <\/p>\n                       \n            <div class=\"product-icons\">\n                                                                    <div class=\"icon-wrapper first-item\">\n                        <img decoding=\"async\" src=\"https:\/\/rideandco.com\/giant\/wp-content\/themes\/rideandco\/src\/img\/icons\/poids.svg\" alt=\"Weight Icon\" class=\"icon-with-tooltip\">\n                        <div class=\"tooltip custom-tooltip\">11.2kg en taille M <\/div>\n                    <\/div>\n                                                                        <div class=\"icon-wrapper \">\n                        <img decoding=\"async\" src=\"https:\/\/rideandco.com\/giant\/wp-content\/themes\/rideandco\/src\/img\/icons\/type_de_jantes.svg\" alt=\"Jantes Icon\" class=\"icon-with-tooltip\">\n                        <div class=\"tooltip custom-tooltip\">Aluminium <\/div>\n                    <\/div>\n                                                                <\/div>           \n            <!-- Ajouter le tarif du produit ici -->\n            <!-- Affichage du prix -->\n            <div class=\"product-price-container\">\n                <div class=\"product-price-wrapper\">\n                    <span class=\"current-price\">5 800,00 \u20ac<sup>TTC<\/sup><\/span>                <\/div>\n\n                <!-- Affichage du financement mensuel -->\n                <div class=\"product-financing\">\n                    D\u00e8s <span class=\"monthly-paymentlist\">483\u20ac\/mois<\/span> financement sur 12 mois                <\/div>\n            <\/div>\n\n            <!-- Ajoutez ici vos options suppl\u00e9mentaires -->\n            <div class=\"product-options\">\n                <a href=\"https:\/\/rideandco.com\/giant\/giant\/anthem\/anthem-advanced-sl-2\/\" class=\"clickable-link\">\n                    Voir ce v\u00e9lo\n                    <img decoding=\"async\" src=\"https:\/\/rideandco.com\/giant\/wp-content\/themes\/rideandco\/src\/img\/icons\/fleche-droite-verte.svg\" alt=\"Fl\u00e8che droite\" class=\"arrow-icon\">\n                <\/a>\n                <div class=\"product-compare\" data-id=\"120258\">\n                    <a href=\"javascript:addToComparator(120258)\"\n                        class=\"link-add \">\n                        <img decoding=\"async\" src=\"https:\/\/rideandco.com\/giant\/wp-content\/themes\/rideandco\/src\/img\/icons\/ajouter_au_comparateur.svg\"\n                            alt=\"Ajouter au comparateur\"\n                        \/>\n                    <\/a>\n                    <a href=\"javascript:removeFromComparator(120258)\"\n                        class=\"link-remove hidden\">\n                        <img decoding=\"async\" src=\"https:\/\/rideandco.com\/giant\/wp-content\/themes\/rideandco\/src\/img\/icons\/retirer_du_comparateur_rouge.svg\"\n                            alt=\"Retirer du comparateur\"\n                        \/>\n                    <\/a>\n                    <span class=\"tooltip tooltip-add \">\n                        Ajouter au comparateur\n                    <\/span>\n                    <span class=\"tooltip tooltip-remove hidden\">\n                        Retirer du comparateur\n                    <\/span>\n                <\/div>\n            <\/div>\n        <\/div>\n    <\/div>\n<\/li><!-- Valeur r\u00e9cup\u00e9r\u00e9e : PROMO --><li style=\"padding-left: 0px;\n    margin-bottom: 10px;\" class=\"custom-product-card no-before product type-product post-120208 status-publish last instock product_cat-anthem product_cat-giant product_cat-tout-suspendu product_cat-vtt has-post-thumbnail sold-individually taxable shipping-taxable purchasable product-type-variable\">\n    <div class=\"custom-product-card-content\">\n                <div class=\"product-image\">\n                            <div id=\"carousel-120208\" class=\"carousel\" data-product-id=\"120208\">\n                    <div class=\"carousel-inner\">\n                        <div class=\"carousel-item active\">\n                            <a href=\"https:\/\/rideandco.com\/giant\/giant\/anthem\/anthem-advanced-sl-1\/\">\n                                <img decoding=\"async\" src=\"https:\/\/rideandco.com\/giant\/wp-content\/uploads\/2026\/03\/anthemadvsl1.jpg\" alt=\"Anthem Advanced SL 1\">\n                            <\/a>\n                        <\/div>\n                                                    <div class=\"carousel-item\">\n                                <a href=\"https:\/\/rideandco.com\/giant\/giant\/anthem\/anthem-advanced-sl-1\/\">\n                                    <img decoding=\"async\" src=\"https:\/\/rideandco.com\/giant\/wp-content\/uploads\/2026\/03\/anthemadvsl11.jpg\" alt=\"Anthem Advanced SL 1\">\n                                <\/a>\n                            <\/div>\n                                                    <div class=\"carousel-item\">\n                                <a href=\"https:\/\/rideandco.com\/giant\/giant\/anthem\/anthem-advanced-sl-1\/\">\n                                    <img decoding=\"async\" src=\"https:\/\/rideandco.com\/giant\/wp-content\/uploads\/2026\/03\/anthemadvsl111.jpg\" alt=\"Anthem Advanced SL 1\">\n                                <\/a>\n                            <\/div>\n                                            <\/div>\n                    <button class=\"carousel-control-prev\" data-target=\"#carousel-120208\" aria-label=\"Previous\">\n                        <img decoding=\"async\" src=\"https:\/\/rideandco.com\/giant\/wp-content\/themes\/rideandco\/src\/img\/icons\/fleche-gauche-blanche.svg\" alt=\"Pr\u00e9c\u00e9dent\" style=\"width: 60px; height: 60px;\">\n                    <\/button>\n                    <button class=\"carousel-control-next\" data-target=\"#carousel-120208\" aria-label=\"Next\">\n                        <img decoding=\"async\" src=\"https:\/\/rideandco.com\/giant\/wp-content\/themes\/rideandco\/src\/img\/icons\/fleche-droite-blanche.svg\" alt=\"Suivant\" style=\"width: 60px; height: 60px;\">\n                    <\/button>\n                <\/div>\n                <div class=\"carousel-indicators\" data-target=\"#carousel-120208\">\n                    <span class=\"active\"><\/span>\n                                            <span><\/span>\n                                            <span><\/span>\n                                    <\/div>\n                    <\/div>\n        <div class=\"product-info\">\n            <h2 class=\"woocommerce-loop-product__title\">\n                <a href=\"https:\/\/rideandco.com\/giant\/giant\/anthem\/anthem-advanced-sl-1\/\" >Anthem Advanced SL 1<\/a>\n            <\/h2>\n                            <p class=\"product-type-de-velo\">VTT | GIANT <\/p>\n                       \n            <div class=\"product-icons\">\n                                                                    <div class=\"icon-wrapper first-item\">\n                        <img decoding=\"async\" src=\"https:\/\/rideandco.com\/giant\/wp-content\/themes\/rideandco\/src\/img\/icons\/poids.svg\" alt=\"Weight Icon\" class=\"icon-with-tooltip\">\n                        <div class=\"tooltip custom-tooltip\">10.4kg en taille M <\/div>\n                    <\/div>\n                                                                        <div class=\"icon-wrapper \">\n                        <img decoding=\"async\" src=\"https:\/\/rideandco.com\/giant\/wp-content\/themes\/rideandco\/src\/img\/icons\/type_de_jantes.svg\" alt=\"Jantes Icon\" class=\"icon-with-tooltip\">\n                        <div class=\"tooltip custom-tooltip\">Carbone <\/div>\n                    <\/div>\n                                                                <\/div>           \n            <!-- Ajouter le tarif du produit ici -->\n            <!-- Affichage du prix -->\n            <div class=\"product-price-container\">\n                <div class=\"product-price-wrapper\">\n                    <span class=\"current-price\">7 800,00 \u20ac<sup>TTC<\/sup><\/span>                <\/div>\n\n                <!-- Affichage du financement mensuel -->\n                <div class=\"product-financing\">\n                    D\u00e8s <span class=\"monthly-paymentlist\">650\u20ac\/mois<\/span> financement sur 12 mois                <\/div>\n            <\/div>\n\n            <!-- Ajoutez ici vos options suppl\u00e9mentaires -->\n            <div class=\"product-options\">\n                <a href=\"https:\/\/rideandco.com\/giant\/giant\/anthem\/anthem-advanced-sl-1\/\" class=\"clickable-link\">\n                    Voir ce v\u00e9lo\n                    <img decoding=\"async\" src=\"https:\/\/rideandco.com\/giant\/wp-content\/themes\/rideandco\/src\/img\/icons\/fleche-droite-verte.svg\" alt=\"Fl\u00e8che droite\" class=\"arrow-icon\">\n                <\/a>\n                <div class=\"product-compare\" data-id=\"120208\">\n                    <a href=\"javascript:addToComparator(120208)\"\n                        class=\"link-add \">\n                        <img decoding=\"async\" src=\"https:\/\/rideandco.com\/giant\/wp-content\/themes\/rideandco\/src\/img\/icons\/ajouter_au_comparateur.svg\"\n                            alt=\"Ajouter au comparateur\"\n                        \/>\n                    <\/a>\n                    <a href=\"javascript:removeFromComparator(120208)\"\n                        class=\"link-remove hidden\">\n                        <img decoding=\"async\" src=\"https:\/\/rideandco.com\/giant\/wp-content\/themes\/rideandco\/src\/img\/icons\/retirer_du_comparateur_rouge.svg\"\n                            alt=\"Retirer du comparateur\"\n                        \/>\n                    <\/a>\n                    <span class=\"tooltip tooltip-add \">\n                        Ajouter au comparateur\n                    <\/span>\n                    <span class=\"tooltip tooltip-remove hidden\">\n                        Retirer du comparateur\n                    <\/span>\n                <\/div>\n            <\/div>\n        <\/div>\n    <\/div>\n<\/li><\/div><\/div><\/div>\n\n \n <!-- G\u00e9n\u00e9rer le bouton avec les classes appropri\u00e9es -->\n <a href=\"https:\/\/rideandco.com\/contacts-et-acces\" class=\"custom-button custom-button-style1\">\n     <span class=\"custom-button-text\">Contactez notre \u00e9quipe !<\/span>\n      <\/a>\n ","protected":false},"excerpt":{"rendered":"<p>Un VTT Rapide et Agile : Acc\u00e9l\u00e9rez dans les mont\u00e9es et foncez en toute confiance dans les descentes avec ce v\u00e9lo semi-rigide en aluminium. Con\u00e7u pour un parfait \u00e9quilibre entre maniabilit\u00e9 et stabilit\u00e9, il est \u00e9quip\u00e9 d\u2019une fourche \u00e0 suspension souple, offrant un contr\u00f4le optimal sur les sentiers. Id\u00e9al pour les riders cherchant \u00e0 allier efficacit\u00e9 au p\u00e9dalage et confort sur terrain accident\u00e9.\u00a0<\/p>\n","protected":false},"featured_media":117119,"comment_status":"closed","ping_status":"closed","template":"","meta":{"_acf_changed":true},"product_brand":[],"product_cat":[478,503,502,489],"product_tag":[543],"discipline":[],"class_list":{"0":"post-117114","1":"product","2":"type-product","3":"status-publish","4":"has-post-thumbnail","6":"product_cat-giant","7":"product_cat-suspendu-avant","8":"product_cat-vtt","9":"product_cat-xtc","10":"product_tag-ok","12":"first","13":"outofstock","14":"sold-individually","15":"taxable","16":"shipping-taxable","17":"purchasable","18":"product-type-variable"},"acf":{"infos_globales":{"nom_produit":"Talon 3","marque_velo":"Giant","annee":2025,"type_de_velo":"VTT","assitance_velo":"V\u00e9lo musculaire","garantie_produit":"Cadre : garantie \u00e0 vie, Composants, transmission et p\u00e9riph\u00e9riques : 2 ans","genre_du_produit":"unisexe","assurance_incluse":true,"taille__en_cm":["145","150","155","160","165","170","175","180","185","190"]},"cadre_velo":{"forme_du_cadre":"Haut","cadre":"ALUXX ","matiere_du_cadre":["Aluminium"],"marque_de_la_fourche":"GIANT","fourche":"Giant Connect Trail, 31,8 mm XS : 730 mm (27,5) S : 780 mm (27,5) \/ 780 mm (29) M : 780 mm (27,5) \/ 780 mm (29)","amortisseur":""},"systeme_moteur":{"moteur":"","batterie":"","details-batterie":"","simulateur_autonomie":"","autonomie":"","compteur":"","chargeur":""},"transmission":{"type_de_transmission":"mecanique","Manettes_commandes_de_vitesse":"microSHIFT, 2x8","type_de_pedalier":"Shimano FC-M315, 22\/36 XS : 170 mm (27,5) S : 170 mm (27,5) \/ 170 mm (29) M : 170 mm (27,5) \/ 175 mm","derailleur_avant":"","derailleur_arriere":"Shimano RD-M3020","type_de_cassette":"Shimano Deore HG200, 12x32","type_de_chaine":"KMC 8.3"},"type_de_freins":{"frein_av":"Tektro HDC M275, hydraulique, rotors Tektro 180 mm","frein_ar":"Tektro HDC M275, hydraulique, rotors Tektro 160 mm"},"roues":{"type-de-roues":"Giant GX03V 29 ou 27,5, alliage, double paroi, largeur int\u00e9rieure 21 mm","type_de_jantes":"","matiere_jantes":"Aluminium","pneus":"Kenda Booster 27,5 ou 29x2,2\"","moyeu_av":"alliage, roulement \u00e9tanche","moyeu_ar":"alliage, roulement \u00e9tanche"},"cockpit_poste_de_pilotage":{"type_de_guidon":"Giant Connect Trail, 31,8 mm XS : 730 mm (27,5) S : 780 mm (27,5) \/ 780 mm (29) M : 780 mm (27,5) \/ 780 mm (29)","type_de_potence":"Giant Sport, 7 degr\u00e9s XS : 40 mm (27,5) S : 50 mm (27,5) \/ 50 mm (29) M : 60 mm (27,5) \/ 60 mm (29)","type_de_selle":"Giant custom","type_de_tige_de_selle":"Giant Sport, 30.9 XS: 300mm (27.5) S: 300mm (27.5) \/ 375mm (29) M: 375mm (27.5) \/ 375mm","type_de_collier_de_selle":"","type_de_poignees":"Giant Sole-O"},"particularite_du_velo":{"type_de_pedales":"","accessoires_du_velo":"Kit d\u2019\u00e9clairage avant et arri\u00e8re \u00e0 piles","poids":"","poids_total_autorise":""}},"_links":{"self":[{"href":"https:\/\/rideandco.com\/giant\/wp-json\/wp\/v2\/product\/117114","targetHints":{"allow":["GET"]}}],"collection":[{"href":"https:\/\/rideandco.com\/giant\/wp-json\/wp\/v2\/product"}],"about":[{"href":"https:\/\/rideandco.com\/giant\/wp-json\/wp\/v2\/types\/product"}],"replies":[{"embeddable":true,"href":"https:\/\/rideandco.com\/giant\/wp-json\/wp\/v2\/comments?post=117114"}],"wp:featuredmedia":[{"embeddable":true,"href":"https:\/\/rideandco.com\/giant\/wp-json\/wp\/v2\/media\/117119"}],"wp:attachment":[{"href":"https:\/\/rideandco.com\/giant\/wp-json\/wp\/v2\/media?parent=117114"}],"wp:term":[{"taxonomy":"product_brand","embeddable":true,"href":"https:\/\/rideandco.com\/giant\/wp-json\/wp\/v2\/product_brand?post=117114"},{"taxonomy":"product_cat","embeddable":true,"href":"https:\/\/rideandco.com\/giant\/wp-json\/wp\/v2\/product_cat?post=117114"},{"taxonomy":"product_tag","embeddable":true,"href":"https:\/\/rideandco.com\/giant\/wp-json\/wp\/v2\/product_tag?post=117114"},{"taxonomy":"discipline","embeddable":true,"href":"https:\/\/rideandco.com\/giant\/wp-json\/wp\/v2\/discipline?post=117114"}],"curies":[{"name":"wp","href":"https:\/\/api.w.org\/{rel}","templated":true}]}}