{"id":117072,"date":"2025-02-11T14:30:38","date_gmt":"2025-02-11T13:30:38","guid":{"rendered":"https:\/\/rideandco.com\/giant\/?post_type=product&#038;p=117072"},"modified":"2026-05-13T06:00:49","modified_gmt":"2026-05-13T04:00:49","slug":"xtc-advanced-29-3","status":"publish","type":"product","link":"https:\/\/rideandco.com\/giant\/vtt\/suspendu-avant\/xtc-advanced-29-3\/","title":{"rendered":"XTC Advanced 29 3"},"content":{"rendered":"\n<div  class=\"image-collage dynamic-grid\">\n    <div class=\"grid-item medium\"><img loading=\"lazy\" decoding=\"async\" width=\"980\" height=\"735\" src=\"https:\/\/rideandco.com\/giant\/wp-content\/uploads\/2025\/02\/MY24XTCAdvanced293_ColorASeaSparkle_Carbon_B-1024x768.jpg\" class=\"grid-image\" alt=\"\" srcset=\"https:\/\/rideandco.com\/giant\/wp-content\/uploads\/2025\/02\/MY24XTCAdvanced293_ColorASeaSparkle_Carbon_B-1024x768.jpg 1024w, https:\/\/rideandco.com\/giant\/wp-content\/uploads\/2025\/02\/MY24XTCAdvanced293_ColorASeaSparkle_Carbon_B-300x225.jpg 300w, https:\/\/rideandco.com\/giant\/wp-content\/uploads\/2025\/02\/MY24XTCAdvanced293_ColorASeaSparkle_Carbon_B-768x576.jpg 768w, https:\/\/rideandco.com\/giant\/wp-content\/uploads\/2025\/02\/MY24XTCAdvanced293_ColorASeaSparkle_Carbon_B-600x450.jpg 600w, https:\/\/rideandco.com\/giant\/wp-content\/uploads\/2025\/02\/MY24XTCAdvanced293_ColorASeaSparkle_Carbon_B-416x312.jpg 416w, https:\/\/rideandco.com\/giant\/wp-content\/uploads\/2025\/02\/MY24XTCAdvanced293_ColorASeaSparkle_Carbon_B.jpg 1333w\" sizes=\"auto, (max-width: 980px) 100vw, 980px\" \/><\/div><\/div>\n\n\n\n<h3 class=\"wp-block-heading\"><strong>Advanced Composite : L&rsquo;Excellence du Carbone<\/strong><\/h3>\n\n\n\n<p>Giant ma\u00eetrise la conception et la fabrication de ses cadres en <strong>fibres de carbone haute performance<\/strong> gr\u00e2ce \u00e0 son propre processus de production. Associant <strong>technologies de pointe<\/strong> et mat\u00e9riaux innovants, le <strong>composite Advanced<\/strong> garantit un <strong>\u00e9quilibre parfait entre rigidit\u00e9, confort et l\u00e9g\u00e8ret\u00e9<\/strong>, offrant ainsi des performances optimales sur tous les terrains.<\/p>\n\n\n\n<h3 class=\"wp-block-heading\"><strong>L\u00e9ger et Polyvalent<\/strong><\/h3>\n\n\n\n<p>Con\u00e7u \u00e0 la main en <strong>composite Advanced<\/strong>, ce cadre haut de gamme offre aux pilotes XC un v\u00e9ritable atout pour <strong>grimpez plus vite, acc\u00e9l\u00e9rer plus fort et sprinter avec puissance<\/strong>.<\/p>\n\n\n\n<h3 class=\"wp-block-heading\"><strong>Optimis\u00e9 pour le Cross-Country<\/strong><\/h3>\n\n\n\n<p>Gr\u00e2ce \u00e0 un <strong>ratio rigidit\u00e9\/poids exceptionnel<\/strong>, il assure une <strong>transmission de puissance efficace<\/strong> et une <strong>maniabilit\u00e9 pr\u00e9cise<\/strong>, id\u00e9ale pour les sentiers techniques.<\/p>\n\n\n\n<h3 class=\"wp-block-heading\"><strong>Un Ajustement Sur-Mesure<\/strong><\/h3>\n\n\n\n<p>Chaque cadre est adapt\u00e9 \u00e0 sa taille pour garantir un <strong>confort optimal<\/strong> et une performance adapt\u00e9e aux exigences du <strong>cross-country moderne<\/strong>.<\/p>\n\n\n\n<h3 class=\"wp-block-heading\"><strong>OverDrive \u2013 Pr\u00e9cision et Contr\u00f4le<\/strong><\/h3>\n\n\n\n<p>D\u00e9velopp\u00e9e pour am\u00e9liorer la <strong>pr\u00e9cision de la direction<\/strong>, cette technologie repose sur des <strong>roulements surdimensionn\u00e9s<\/strong> dans le jeu de direction :<\/p>\n\n\n\n<ul class=\"wp-block-list\">\n<li><strong>Route<\/strong> : 1 1\/4&Prime; en bas, 1 1\/8&Prime; en haut<\/li>\n\n\n\n<li><strong>Tout-terrain<\/strong> : 1 1\/2&Prime; en bas, 1 1\/8&Prime; en haut<\/li>\n<\/ul>\n\n\n\n<p>Associ\u00e9 \u00e0 un <strong>pivot de fourche conique<\/strong>, ce syst\u00e8me garantit une <strong>rigidit\u00e9 optimale<\/strong> pour un <strong>pilotage pr\u00e9cis et r\u00e9actif<\/strong>.<\/p>\n\n\n\n<h3 class=\"wp-block-heading\"><strong>Roues de 29 pouces<\/strong><\/h3>\n\n\n\n<p>Les <strong>roues de 29 pouces<\/strong> optimisent le rendement, am\u00e9liorent la stabilit\u00e9 et l\u2019\u00e9quilibre du v\u00e9lo, vous permettant ainsi de rouler \u00e0 <strong>pleine vitesse<\/strong> en toute confiance.<\/p>\n\n\n\n<h3 class=\"wp-block-heading\"><strong>Technologie Tubeless : Performance et confort<\/strong><\/h3>\n\n\n\n<p>Moins de crevaisons, <strong>plus d\u2019adh\u00e9rence<\/strong>, et une <strong>r\u00e9sistance au roulement r\u00e9duite<\/strong> : le syst\u00e8me <strong>Tubeless Giant<\/strong> maximise la performance et am\u00e9liore le <strong>pilotage, plus rapide et plus pr\u00e9cis<\/strong>, tout en offrant un confort accru.<\/p>\n\n\n\n<div  class=\"download-block\">\n            <a href=\"https:\/\/rideandco.com\/giant\/wp-content\/uploads\/2025\/02\/giant-xtc-advanced-29-3-fr-fr-3664.pdf\" class=\"download-link\" download>\n            <div class=\"download-content\">\n                <div class=\"download-text\">\n                    <strong>Fiche produit<\/strong>\n                    <span>pdf. 1,22 Mo<\/span>\n                <\/div>\n                <div class=\"download-icon\">\n                    <img loading=\"lazy\" decoding=\"async\" src=\"https:\/\/rideandco.com\/giant\/wp-content\/themes\/rideandco\/src\/img\/icons\/telechargement-vert.svg\" alt=\"Download Icon\" width=\"32\" height=\"32\">\n                <\/div>\n            <\/div>\n        <\/a>\n    <\/div>\n\n\n\n<h2 class=\"wp-block-heading\">Nos VTT semi-rigide<\/h2>\n\n\n<div id=\"product-slider-6a04b799369f9\" class=\"product-grid-custom-slider\"><div class=\"slider-wrapper\"><div class=\"slider-slide\"><!-- Valeur r\u00e9cup\u00e9r\u00e9e : PROMO --><li style=\"padding-left: 0px;\n    margin-bottom: 10px;\" class=\"custom-product-card no-before product type-product post-120285 status-publish first outofstock product_cat-anthem product_cat-giant product_cat-tout-suspendu product_cat-vtt has-post-thumbnail sold-individually taxable shipping-taxable purchasable product-type-variable\">\n    <div class=\"custom-product-card-content\">\n                <div class=\"product-image\">\n                            <a href=\"https:\/\/rideandco.com\/giant\/giant\/anthem\/anthem-advanced-sl-3\/\">\n                    <img decoding=\"async\" src=\"https:\/\/rideandco.com\/giant\/wp-content\/uploads\/2026\/03\/anthemadvsl3.jpg\" alt=\"Anthem Advanced SL 3\">\n                <\/a>\n                    <\/div>\n        <div class=\"product-info\">\n            <h2 class=\"woocommerce-loop-product__title\">\n                <a href=\"https:\/\/rideandco.com\/giant\/giant\/anthem\/anthem-advanced-sl-3\/\" >Anthem Advanced SL 3<\/a>\n            <\/h2>\n                            <p class=\"product-type-de-velo\">VTT | GIANT <\/p>\n                       \n            <div class=\"product-icons\">\n                                                                    <div class=\"icon-wrapper first-item\">\n                        <img decoding=\"async\" src=\"https:\/\/rideandco.com\/giant\/wp-content\/themes\/rideandco\/src\/img\/icons\/poids.svg\" alt=\"Weight Icon\" class=\"icon-with-tooltip\">\n                        <div class=\"tooltip custom-tooltip\">11.7kg en taille M <\/div>\n                    <\/div>\n                                                                        <div class=\"icon-wrapper \">\n                        <img decoding=\"async\" src=\"https:\/\/rideandco.com\/giant\/wp-content\/themes\/rideandco\/src\/img\/icons\/type_de_jantes.svg\" alt=\"Jantes Icon\" class=\"icon-with-tooltip\">\n                        <div class=\"tooltip custom-tooltip\">Aluminium <\/div>\n                    <\/div>\n                                                                <\/div>           \n            <!-- Ajouter le tarif du produit ici -->\n            <!-- Affichage du prix -->\n            <div class=\"product-price-container\">\n                <div class=\"product-price-wrapper\">\n                    <span class=\"current-price\">4 500,00 \u20ac<sup>TTC<\/sup><\/span>                <\/div>\n\n                <!-- Affichage du financement mensuel -->\n                <div class=\"product-financing\">\n                    D\u00e8s <span class=\"monthly-paymentlist\">375\u20ac\/mois<\/span> financement sur 12 mois                <\/div>\n            <\/div>\n\n            <!-- Ajoutez ici vos options suppl\u00e9mentaires -->\n            <div class=\"product-options\">\n                <a href=\"https:\/\/rideandco.com\/giant\/giant\/anthem\/anthem-advanced-sl-3\/\" class=\"clickable-link\">\n                    Voir ce v\u00e9lo\n                    <img decoding=\"async\" src=\"https:\/\/rideandco.com\/giant\/wp-content\/themes\/rideandco\/src\/img\/icons\/fleche-droite-verte.svg\" alt=\"Fl\u00e8che droite\" class=\"arrow-icon\">\n                <\/a>\n                <div class=\"product-compare\" data-id=\"120285\">\n                    <a href=\"javascript:addToComparator(120285)\"\n                        class=\"link-add \">\n                        <img decoding=\"async\" src=\"https:\/\/rideandco.com\/giant\/wp-content\/themes\/rideandco\/src\/img\/icons\/ajouter_au_comparateur.svg\"\n                            alt=\"Ajouter au comparateur\"\n                        \/>\n                    <\/a>\n                    <a href=\"javascript:removeFromComparator(120285)\"\n                        class=\"link-remove hidden\">\n                        <img decoding=\"async\" src=\"https:\/\/rideandco.com\/giant\/wp-content\/themes\/rideandco\/src\/img\/icons\/retirer_du_comparateur_rouge.svg\"\n                            alt=\"Retirer du comparateur\"\n                        \/>\n                    <\/a>\n                    <span class=\"tooltip tooltip-add \">\n                        Ajouter au comparateur\n                    <\/span>\n                    <span class=\"tooltip tooltip-remove hidden\">\n                        Retirer du comparateur\n                    <\/span>\n                <\/div>\n            <\/div>\n        <\/div>\n    <\/div>\n<\/li><!-- Valeur r\u00e9cup\u00e9r\u00e9e : PROMO --><li style=\"padding-left: 0px;\n    margin-bottom: 10px;\" class=\"custom-product-card no-before product type-product post-120258 status-publish outofstock product_cat-anthem product_cat-giant product_cat-tout-suspendu product_cat-vtt has-post-thumbnail sold-individually taxable shipping-taxable purchasable product-type-variable\">\n    <div class=\"custom-product-card-content\">\n                <div class=\"product-image\">\n                            <div id=\"carousel-120258\" class=\"carousel\" data-product-id=\"120258\">\n                    <div class=\"carousel-inner\">\n                        <div class=\"carousel-item active\">\n                            <a href=\"https:\/\/rideandco.com\/giant\/giant\/anthem\/anthem-advanced-sl-2\/\">\n                                <img decoding=\"async\" src=\"https:\/\/rideandco.com\/giant\/wp-content\/uploads\/2026\/03\/anthemadvsl2.jpg\" alt=\"Anthem Advanced SL 2\">\n                            <\/a>\n                        <\/div>\n                                                    <div class=\"carousel-item\">\n                                <a href=\"https:\/\/rideandco.com\/giant\/giant\/anthem\/anthem-advanced-sl-2\/\">\n                                    <img decoding=\"async\" src=\"https:\/\/rideandco.com\/giant\/wp-content\/uploads\/2026\/03\/anthemadvsl22.jpg\" alt=\"Anthem Advanced SL 2\">\n                                <\/a>\n                            <\/div>\n                                                    <div class=\"carousel-item\">\n                                <a href=\"https:\/\/rideandco.com\/giant\/giant\/anthem\/anthem-advanced-sl-2\/\">\n                                    <img decoding=\"async\" src=\"https:\/\/rideandco.com\/giant\/wp-content\/uploads\/2026\/03\/anthemadvsl222.jpg\" alt=\"Anthem Advanced SL 2\">\n                                <\/a>\n                            <\/div>\n                                            <\/div>\n                    <button class=\"carousel-control-prev\" data-target=\"#carousel-120258\" aria-label=\"Previous\">\n                        <img decoding=\"async\" src=\"https:\/\/rideandco.com\/giant\/wp-content\/themes\/rideandco\/src\/img\/icons\/fleche-gauche-blanche.svg\" alt=\"Pr\u00e9c\u00e9dent\" style=\"width: 60px; height: 60px;\">\n                    <\/button>\n                    <button class=\"carousel-control-next\" data-target=\"#carousel-120258\" aria-label=\"Next\">\n                        <img decoding=\"async\" src=\"https:\/\/rideandco.com\/giant\/wp-content\/themes\/rideandco\/src\/img\/icons\/fleche-droite-blanche.svg\" alt=\"Suivant\" style=\"width: 60px; height: 60px;\">\n                    <\/button>\n                <\/div>\n                <div class=\"carousel-indicators\" data-target=\"#carousel-120258\">\n                    <span class=\"active\"><\/span>\n                                            <span><\/span>\n                                            <span><\/span>\n                                    <\/div>\n                    <\/div>\n        <div class=\"product-info\">\n            <h2 class=\"woocommerce-loop-product__title\">\n                <a href=\"https:\/\/rideandco.com\/giant\/giant\/anthem\/anthem-advanced-sl-2\/\" >Anthem Advanced SL 2<\/a>\n            <\/h2>\n                            <p class=\"product-type-de-velo\">VTT | GIANT <\/p>\n                       \n            <div class=\"product-icons\">\n                                                                    <div class=\"icon-wrapper first-item\">\n                        <img decoding=\"async\" src=\"https:\/\/rideandco.com\/giant\/wp-content\/themes\/rideandco\/src\/img\/icons\/poids.svg\" alt=\"Weight Icon\" class=\"icon-with-tooltip\">\n                        <div class=\"tooltip custom-tooltip\">11.2kg en taille M <\/div>\n                    <\/div>\n                                                                        <div class=\"icon-wrapper \">\n                        <img decoding=\"async\" src=\"https:\/\/rideandco.com\/giant\/wp-content\/themes\/rideandco\/src\/img\/icons\/type_de_jantes.svg\" alt=\"Jantes Icon\" class=\"icon-with-tooltip\">\n                        <div class=\"tooltip custom-tooltip\">Aluminium <\/div>\n                    <\/div>\n                                                                <\/div>           \n            <!-- Ajouter le tarif du produit ici -->\n            <!-- Affichage du prix -->\n            <div class=\"product-price-container\">\n                <div class=\"product-price-wrapper\">\n                    <span class=\"current-price\">5 800,00 \u20ac<sup>TTC<\/sup><\/span>                <\/div>\n\n                <!-- Affichage du financement mensuel -->\n                <div class=\"product-financing\">\n                    D\u00e8s <span class=\"monthly-paymentlist\">483\u20ac\/mois<\/span> financement sur 12 mois                <\/div>\n            <\/div>\n\n            <!-- Ajoutez ici vos options suppl\u00e9mentaires -->\n            <div class=\"product-options\">\n                <a href=\"https:\/\/rideandco.com\/giant\/giant\/anthem\/anthem-advanced-sl-2\/\" class=\"clickable-link\">\n                    Voir ce v\u00e9lo\n                    <img decoding=\"async\" src=\"https:\/\/rideandco.com\/giant\/wp-content\/themes\/rideandco\/src\/img\/icons\/fleche-droite-verte.svg\" alt=\"Fl\u00e8che droite\" class=\"arrow-icon\">\n                <\/a>\n                <div class=\"product-compare\" data-id=\"120258\">\n                    <a href=\"javascript:addToComparator(120258)\"\n                        class=\"link-add \">\n                        <img decoding=\"async\" src=\"https:\/\/rideandco.com\/giant\/wp-content\/themes\/rideandco\/src\/img\/icons\/ajouter_au_comparateur.svg\"\n                            alt=\"Ajouter au comparateur\"\n                        \/>\n                    <\/a>\n                    <a href=\"javascript:removeFromComparator(120258)\"\n                        class=\"link-remove hidden\">\n                        <img decoding=\"async\" src=\"https:\/\/rideandco.com\/giant\/wp-content\/themes\/rideandco\/src\/img\/icons\/retirer_du_comparateur_rouge.svg\"\n                            alt=\"Retirer du comparateur\"\n                        \/>\n                    <\/a>\n                    <span class=\"tooltip tooltip-add \">\n                        Ajouter au comparateur\n                    <\/span>\n                    <span class=\"tooltip tooltip-remove hidden\">\n                        Retirer du comparateur\n                    <\/span>\n                <\/div>\n            <\/div>\n        <\/div>\n    <\/div>\n<\/li><!-- Valeur r\u00e9cup\u00e9r\u00e9e : PROMO --><li style=\"padding-left: 0px;\n    margin-bottom: 10px;\" class=\"custom-product-card no-before product type-product post-120208 status-publish last instock product_cat-anthem product_cat-giant product_cat-tout-suspendu product_cat-vtt has-post-thumbnail sold-individually taxable shipping-taxable purchasable product-type-variable\">\n    <div class=\"custom-product-card-content\">\n                <div class=\"product-image\">\n                            <div id=\"carousel-120208\" class=\"carousel\" data-product-id=\"120208\">\n                    <div class=\"carousel-inner\">\n                        <div class=\"carousel-item active\">\n                            <a href=\"https:\/\/rideandco.com\/giant\/giant\/anthem\/anthem-advanced-sl-1\/\">\n                                <img decoding=\"async\" src=\"https:\/\/rideandco.com\/giant\/wp-content\/uploads\/2026\/03\/anthemadvsl1.jpg\" alt=\"Anthem Advanced SL 1\">\n                            <\/a>\n                        <\/div>\n                                                    <div class=\"carousel-item\">\n                                <a href=\"https:\/\/rideandco.com\/giant\/giant\/anthem\/anthem-advanced-sl-1\/\">\n                                    <img decoding=\"async\" src=\"https:\/\/rideandco.com\/giant\/wp-content\/uploads\/2026\/03\/anthemadvsl11.jpg\" alt=\"Anthem Advanced SL 1\">\n                                <\/a>\n                            <\/div>\n                                                    <div class=\"carousel-item\">\n                                <a href=\"https:\/\/rideandco.com\/giant\/giant\/anthem\/anthem-advanced-sl-1\/\">\n                                    <img decoding=\"async\" src=\"https:\/\/rideandco.com\/giant\/wp-content\/uploads\/2026\/03\/anthemadvsl111.jpg\" alt=\"Anthem Advanced SL 1\">\n                                <\/a>\n                            <\/div>\n                                            <\/div>\n                    <button class=\"carousel-control-prev\" data-target=\"#carousel-120208\" aria-label=\"Previous\">\n                        <img decoding=\"async\" src=\"https:\/\/rideandco.com\/giant\/wp-content\/themes\/rideandco\/src\/img\/icons\/fleche-gauche-blanche.svg\" alt=\"Pr\u00e9c\u00e9dent\" style=\"width: 60px; height: 60px;\">\n                    <\/button>\n                    <button class=\"carousel-control-next\" data-target=\"#carousel-120208\" aria-label=\"Next\">\n                        <img decoding=\"async\" src=\"https:\/\/rideandco.com\/giant\/wp-content\/themes\/rideandco\/src\/img\/icons\/fleche-droite-blanche.svg\" alt=\"Suivant\" style=\"width: 60px; height: 60px;\">\n                    <\/button>\n                <\/div>\n                <div class=\"carousel-indicators\" data-target=\"#carousel-120208\">\n                    <span class=\"active\"><\/span>\n                                            <span><\/span>\n                                            <span><\/span>\n                                    <\/div>\n                    <\/div>\n        <div class=\"product-info\">\n            <h2 class=\"woocommerce-loop-product__title\">\n                <a href=\"https:\/\/rideandco.com\/giant\/giant\/anthem\/anthem-advanced-sl-1\/\" >Anthem Advanced SL 1<\/a>\n            <\/h2>\n                            <p class=\"product-type-de-velo\">VTT | GIANT <\/p>\n                       \n            <div class=\"product-icons\">\n                                                                    <div class=\"icon-wrapper first-item\">\n                        <img decoding=\"async\" src=\"https:\/\/rideandco.com\/giant\/wp-content\/themes\/rideandco\/src\/img\/icons\/poids.svg\" alt=\"Weight Icon\" class=\"icon-with-tooltip\">\n                        <div class=\"tooltip custom-tooltip\">10.4kg en taille M <\/div>\n                    <\/div>\n                                                                        <div class=\"icon-wrapper \">\n                        <img decoding=\"async\" src=\"https:\/\/rideandco.com\/giant\/wp-content\/themes\/rideandco\/src\/img\/icons\/type_de_jantes.svg\" alt=\"Jantes Icon\" class=\"icon-with-tooltip\">\n                        <div class=\"tooltip custom-tooltip\">Carbone <\/div>\n                    <\/div>\n                                                                <\/div>           \n            <!-- Ajouter le tarif du produit ici -->\n            <!-- Affichage du prix -->\n            <div class=\"product-price-container\">\n                <div class=\"product-price-wrapper\">\n                    <span class=\"current-price\">7 800,00 \u20ac<sup>TTC<\/sup><\/span>                <\/div>\n\n                <!-- Affichage du financement mensuel -->\n                <div class=\"product-financing\">\n                    D\u00e8s <span class=\"monthly-paymentlist\">650\u20ac\/mois<\/span> financement sur 12 mois                <\/div>\n            <\/div>\n\n            <!-- Ajoutez ici vos options suppl\u00e9mentaires -->\n            <div class=\"product-options\">\n                <a href=\"https:\/\/rideandco.com\/giant\/giant\/anthem\/anthem-advanced-sl-1\/\" class=\"clickable-link\">\n                    Voir ce v\u00e9lo\n                    <img decoding=\"async\" src=\"https:\/\/rideandco.com\/giant\/wp-content\/themes\/rideandco\/src\/img\/icons\/fleche-droite-verte.svg\" alt=\"Fl\u00e8che droite\" class=\"arrow-icon\">\n                <\/a>\n                <div class=\"product-compare\" data-id=\"120208\">\n                    <a href=\"javascript:addToComparator(120208)\"\n                        class=\"link-add \">\n                        <img decoding=\"async\" src=\"https:\/\/rideandco.com\/giant\/wp-content\/themes\/rideandco\/src\/img\/icons\/ajouter_au_comparateur.svg\"\n                            alt=\"Ajouter au comparateur\"\n                        \/>\n                    <\/a>\n                    <a href=\"javascript:removeFromComparator(120208)\"\n                        class=\"link-remove hidden\">\n                        <img decoding=\"async\" src=\"https:\/\/rideandco.com\/giant\/wp-content\/themes\/rideandco\/src\/img\/icons\/retirer_du_comparateur_rouge.svg\"\n                            alt=\"Retirer du comparateur\"\n                        \/>\n                    <\/a>\n                    <span class=\"tooltip tooltip-add \">\n                        Ajouter au comparateur\n                    <\/span>\n                    <span class=\"tooltip tooltip-remove hidden\">\n                        Retirer du comparateur\n                    <\/span>\n                <\/div>\n            <\/div>\n        <\/div>\n    <\/div>\n<\/li><\/div><\/div><\/div>\n\n \n <!-- G\u00e9n\u00e9rer le bouton avec les classes appropri\u00e9es -->\n <a href=\"https:\/\/rideandco.com\/contacts-et-acces\" class=\"custom-button custom-button-style1\">\n     <span class=\"custom-button-text\">Contactez notre \u00e9quipe !<\/span>\n      <\/a>\n ","protected":false},"excerpt":{"rendered":"<p>Con\u00e7u pour la comp\u00e9tition et fort d\u2019un palmar\u00e8s en Coupe du Monde, le nouvel XTC SLR 29 3 \u00e9volue pour s\u2019adapter aux exigences du cross-country moderne.<\/p>\n","protected":false},"featured_media":117079,"comment_status":"closed","ping_status":"closed","template":"","meta":{"_acf_changed":false},"product_brand":[],"product_cat":[478,503,502,489],"product_tag":[543],"discipline":[],"class_list":{"0":"post-117072","1":"product","2":"type-product","3":"status-publish","4":"has-post-thumbnail","6":"product_cat-giant","7":"product_cat-suspendu-avant","8":"product_cat-vtt","9":"product_cat-xtc","10":"product_tag-ok","12":"first","13":"outofstock","14":"sold-individually","15":"taxable","16":"shipping-taxable","17":"purchasable","18":"product-type-variable"},"acf":{"infos_globales":{"nom_produit":"XTC Advanced 29 3","marque_velo":"Giant","annee":2025,"type_de_velo":"VTT","assitance_velo":"V\u00e9lo musculaire","garantie_produit":"Cadre : garantie \u00e0 vie, Composants, transmission et p\u00e9riph\u00e9riques : 2 ans","genre_du_produit":"unisexe","assurance_incluse":true,"taille__en_cm":["155","160","165","170","175","180","185","190"]},"cadre_velo":{"forme_du_cadre":"Haut","cadre":"Carbone de qualit\u00e9 sup\u00e9rieure, axe traversant 12x148 mm","matiere_du_cadre":["Carbone"],"marque_de_la_fourche":"Fox","fourche":"Giant Crest 34 RRL, 100 mm, verrouillage \u00e0 distance","amortisseur":""},"systeme_moteur":{"moteur":"","batterie":"","details-batterie":"","simulateur_autonomie":"","autonomie":"","compteur":"","chargeur":""},"transmission":{"type_de_transmission":"mecanique","Manettes_commandes_de_vitesse":"Shimano Deore","type_de_pedalier":"Praxis Cadet M24, Boost, 32 t","derailleur_avant":"","derailleur_arriere":"Shimano Deore","type_de_cassette":"Shimano Deore, 10x51, 12 vitesses","type_de_chaine":"KMC X-12"},"type_de_freins":{"frein_av":"Shimano BR-MT410, hydraulique, rotors Shimano RT-26 180 mm","frein_ar":"Shimano BR-MT410, hydraulique, rotors Shimano RT-26 160 mm"},"roues":{"type-de-roues":"Giant XCT 29, tubeless ready","type_de_jantes":"","matiere_jantes":"Aluminium","pneus":"Maxxis Recon Race 29x2.25, pliable, TLR, EXO, tubeless","moyeu_av":"","moyeu_ar":""},"cockpit_poste_de_pilotage":{"type_de_guidon":"Giant Contact SL XC, 780x31.8mm","type_de_potence":"Giant Contact S:60mm, M:70mm, L:80mm, XL:90mm","type_de_selle":"Giant Approach","type_de_tige_de_selle":"Giant Connect, 30.9x400mm","type_de_collier_de_selle":"","type_de_poignees":"Giant XC Pro S:32mm, M:32mm, L:34mm, XL:34mm"},"particularite_du_velo":{"type_de_pedales":"","accessoires_du_velo":"Kit d\u2019\u00e9clairage avant et arri\u00e8re \u00e0 piles","poids":"","poids_total_autorise":""}},"_links":{"self":[{"href":"https:\/\/rideandco.com\/giant\/wp-json\/wp\/v2\/product\/117072","targetHints":{"allow":["GET"]}}],"collection":[{"href":"https:\/\/rideandco.com\/giant\/wp-json\/wp\/v2\/product"}],"about":[{"href":"https:\/\/rideandco.com\/giant\/wp-json\/wp\/v2\/types\/product"}],"replies":[{"embeddable":true,"href":"https:\/\/rideandco.com\/giant\/wp-json\/wp\/v2\/comments?post=117072"}],"wp:featuredmedia":[{"embeddable":true,"href":"https:\/\/rideandco.com\/giant\/wp-json\/wp\/v2\/media\/117079"}],"wp:attachment":[{"href":"https:\/\/rideandco.com\/giant\/wp-json\/wp\/v2\/media?parent=117072"}],"wp:term":[{"taxonomy":"product_brand","embeddable":true,"href":"https:\/\/rideandco.com\/giant\/wp-json\/wp\/v2\/product_brand?post=117072"},{"taxonomy":"product_cat","embeddable":true,"href":"https:\/\/rideandco.com\/giant\/wp-json\/wp\/v2\/product_cat?post=117072"},{"taxonomy":"product_tag","embeddable":true,"href":"https:\/\/rideandco.com\/giant\/wp-json\/wp\/v2\/product_tag?post=117072"},{"taxonomy":"discipline","embeddable":true,"href":"https:\/\/rideandco.com\/giant\/wp-json\/wp\/v2\/discipline?post=117072"}],"curies":[{"name":"wp","href":"https:\/\/api.w.org\/{rel}","templated":true}]}}