{"id":117037,"date":"2025-02-11T14:20:02","date_gmt":"2025-02-11T13:20:02","guid":{"rendered":"https:\/\/rideandco.com\/giant\/?post_type=product&#038;p=117037"},"modified":"2026-05-13T06:00:49","modified_gmt":"2026-05-13T04:00:49","slug":"xtc-slr-29-2","status":"publish","type":"product","link":"https:\/\/rideandco.com\/giant\/vtt\/suspendu-avant\/xtc-slr-29-2\/","title":{"rendered":"XTC SLR 29 2"},"content":{"rendered":"\n<p><strong>Aluxx SLR<\/strong><br>L\u2019XTC SLR 29 est con\u00e7u avec l\u2019alliage d\u2019aluminium le plus avanc\u00e9 d\u00e9velopp\u00e9 par Giant. L\u2019Aluxx SLR combine l\u00e9g\u00e8ret\u00e9, rigidit\u00e9 et durabilit\u00e9 pour offrir un niveau de performance exceptionnel.<\/p>\n\n\n\n<p><strong>Rendement sup\u00e9rieur<\/strong><br>Avec un rapport poids-rigidit\u00e9 remarquable, le nouvel XTC SLR 29 repousse les limites des VTT semi-rigides en aluminium et \u00e9tablit une nouvelle r\u00e9f\u00e9rence en mati\u00e8re d\u2019efficacit\u00e9 et de performance.<\/p>\n\n\n\n<p><strong>Roues de 29 pouces<\/strong><br>Les grandes roues de 29 pouces favorisent le rendement, apportent stabilit\u00e9 et \u00e9quilibre, et permettent de maintenir une vitesse \u00e9lev\u00e9e en toute confiance.<\/p>\n\n\n\n<p><strong>Aluxx SLR : l\u2019alliage aluminium d\u2019excellence<\/strong><br>Fabriqu\u00e9 \u00e0 partir de l\u2019alliage 6011, cet aluminium ultral\u00e9ger offre le meilleur rapport r\u00e9sistance\/poids de la gamme Giant. Gr\u00e2ce \u00e0 un travail pr\u00e9cis sur les fibres microscopiques et \u00e0 une technique d\u2019aboutement avanc\u00e9e, les tubes sont 20 % plus fins et plus l\u00e9gers que ceux en ALUXX SL, tout en restant tout aussi robustes.<\/p>\n\n\n\n<p><strong>Rigidit\u00e9 et pr\u00e9cision accrues<\/strong><br>Pour une direction plus pr\u00e9cise et un contr\u00f4le optimal, l\u2019XTC SLR 29 adopte une conception avec roulements surdimensionn\u00e9s et pivot conique. Sur route, il utilise un jeu de direction 1 1\/4&Prime; inf\u00e9rieur et 1 1\/8&Prime; sup\u00e9rieur, tandis qu\u2019en tout-terrain, le standard passe \u00e0 1 1\/2&Prime; inf\u00e9rieur et 1 1\/8&Prime; sup\u00e9rieur. R\u00e9sultat : une rigidit\u00e9 renforc\u00e9e, pour plus de stabilit\u00e9 et de ma\u00eetrise.<\/p>\n\n\n\n<p><strong>Technologie Tubeless : confort et performance<\/strong><br>Le syst\u00e8me Tubeless de Giant r\u00e9duit le risque de crevaisons, am\u00e9liore l\u2019adh\u00e9rence et diminue la r\u00e9sistance au roulement. Vous b\u00e9n\u00e9ficiez ainsi d\u2019un pilotage plus rapide, plus pr\u00e9cis et d\u2019un confort renforc\u00e9.<\/p>\n\n\n\n<div  class=\"download-block\">\n            <a href=\"https:\/\/rideandco.com\/giant\/wp-content\/uploads\/2025\/02\/giant-xtc-slr-29-1-fr-fr-3960.pdf\" class=\"download-link\" download>\n            <div class=\"download-content\">\n                <div class=\"download-text\">\n                    <strong>Fiche produit<\/strong>\n                    <span>pdf. 3,14 Mo<\/span>\n                <\/div>\n                <div class=\"download-icon\">\n                    <img loading=\"lazy\" decoding=\"async\" src=\"https:\/\/rideandco.com\/giant\/wp-content\/themes\/rideandco\/src\/img\/icons\/telechargement-vert.svg\" alt=\"Download Icon\" width=\"32\" height=\"32\">\n                <\/div>\n            <\/div>\n        <\/a>\n    <\/div>\n\n\n\n<div style=\"height:100px\" aria-hidden=\"true\" class=\"wp-block-spacer\"><\/div>\n\n\n\n<h2 class=\"wp-block-heading\">Nos VTT musculaires<\/h2>\n\n\n<div id=\"product-slider-6a04b79d9efe3\" class=\"product-grid-custom-slider\"><div class=\"slider-wrapper\"><div class=\"slider-slide\"><!-- Valeur r\u00e9cup\u00e9r\u00e9e : PROMO --><li style=\"padding-left: 0px;\n    margin-bottom: 10px;\" class=\"custom-product-card no-before product type-product post-120285 status-publish first outofstock product_cat-anthem product_cat-giant product_cat-tout-suspendu product_cat-vtt has-post-thumbnail sold-individually taxable shipping-taxable purchasable product-type-variable\">\n    <div class=\"custom-product-card-content\">\n                <div class=\"product-image\">\n                            <a href=\"https:\/\/rideandco.com\/giant\/giant\/anthem\/anthem-advanced-sl-3\/\">\n                    <img decoding=\"async\" src=\"https:\/\/rideandco.com\/giant\/wp-content\/uploads\/2026\/03\/anthemadvsl3.jpg\" alt=\"Anthem Advanced SL 3\">\n                <\/a>\n                    <\/div>\n        <div class=\"product-info\">\n            <h2 class=\"woocommerce-loop-product__title\">\n                <a href=\"https:\/\/rideandco.com\/giant\/giant\/anthem\/anthem-advanced-sl-3\/\" >Anthem Advanced SL 3<\/a>\n            <\/h2>\n                            <p class=\"product-type-de-velo\">VTT | GIANT <\/p>\n                       \n            <div class=\"product-icons\">\n                                                                    <div class=\"icon-wrapper first-item\">\n                        <img decoding=\"async\" src=\"https:\/\/rideandco.com\/giant\/wp-content\/themes\/rideandco\/src\/img\/icons\/poids.svg\" alt=\"Weight Icon\" class=\"icon-with-tooltip\">\n                        <div class=\"tooltip custom-tooltip\">11.7kg en taille M <\/div>\n                    <\/div>\n                                                                        <div class=\"icon-wrapper \">\n                        <img decoding=\"async\" src=\"https:\/\/rideandco.com\/giant\/wp-content\/themes\/rideandco\/src\/img\/icons\/type_de_jantes.svg\" alt=\"Jantes Icon\" class=\"icon-with-tooltip\">\n                        <div class=\"tooltip custom-tooltip\">Aluminium <\/div>\n                    <\/div>\n                                                                <\/div>           \n            <!-- Ajouter le tarif du produit ici -->\n            <!-- Affichage du prix -->\n            <div class=\"product-price-container\">\n                <div class=\"product-price-wrapper\">\n                    <span class=\"current-price\">4 500,00 \u20ac<sup>TTC<\/sup><\/span>                <\/div>\n\n                <!-- Affichage du financement mensuel -->\n                <div class=\"product-financing\">\n                    D\u00e8s <span class=\"monthly-paymentlist\">375\u20ac\/mois<\/span> financement sur 12 mois                <\/div>\n            <\/div>\n\n            <!-- Ajoutez ici vos options suppl\u00e9mentaires -->\n            <div class=\"product-options\">\n                <a href=\"https:\/\/rideandco.com\/giant\/giant\/anthem\/anthem-advanced-sl-3\/\" class=\"clickable-link\">\n                    Voir ce v\u00e9lo\n                    <img decoding=\"async\" src=\"https:\/\/rideandco.com\/giant\/wp-content\/themes\/rideandco\/src\/img\/icons\/fleche-droite-verte.svg\" alt=\"Fl\u00e8che droite\" class=\"arrow-icon\">\n                <\/a>\n                <div class=\"product-compare\" data-id=\"120285\">\n                    <a href=\"javascript:addToComparator(120285)\"\n                        class=\"link-add \">\n                        <img decoding=\"async\" src=\"https:\/\/rideandco.com\/giant\/wp-content\/themes\/rideandco\/src\/img\/icons\/ajouter_au_comparateur.svg\"\n                            alt=\"Ajouter au comparateur\"\n                        \/>\n                    <\/a>\n                    <a href=\"javascript:removeFromComparator(120285)\"\n                        class=\"link-remove hidden\">\n                        <img decoding=\"async\" src=\"https:\/\/rideandco.com\/giant\/wp-content\/themes\/rideandco\/src\/img\/icons\/retirer_du_comparateur_rouge.svg\"\n                            alt=\"Retirer du comparateur\"\n                        \/>\n                    <\/a>\n                    <span class=\"tooltip tooltip-add \">\n                        Ajouter au comparateur\n                    <\/span>\n                    <span class=\"tooltip tooltip-remove hidden\">\n                        Retirer du comparateur\n                    <\/span>\n                <\/div>\n            <\/div>\n        <\/div>\n    <\/div>\n<\/li><!-- Valeur r\u00e9cup\u00e9r\u00e9e : PROMO --><li style=\"padding-left: 0px;\n    margin-bottom: 10px;\" class=\"custom-product-card no-before product type-product post-120258 status-publish outofstock product_cat-anthem product_cat-giant product_cat-tout-suspendu product_cat-vtt has-post-thumbnail sold-individually taxable shipping-taxable purchasable product-type-variable\">\n    <div class=\"custom-product-card-content\">\n                <div class=\"product-image\">\n                            <div id=\"carousel-120258\" class=\"carousel\" data-product-id=\"120258\">\n                    <div class=\"carousel-inner\">\n                        <div class=\"carousel-item active\">\n                            <a href=\"https:\/\/rideandco.com\/giant\/giant\/anthem\/anthem-advanced-sl-2\/\">\n                                <img decoding=\"async\" src=\"https:\/\/rideandco.com\/giant\/wp-content\/uploads\/2026\/03\/anthemadvsl2.jpg\" alt=\"Anthem Advanced SL 2\">\n                            <\/a>\n                        <\/div>\n                                                    <div class=\"carousel-item\">\n                                <a href=\"https:\/\/rideandco.com\/giant\/giant\/anthem\/anthem-advanced-sl-2\/\">\n                                    <img decoding=\"async\" src=\"https:\/\/rideandco.com\/giant\/wp-content\/uploads\/2026\/03\/anthemadvsl22.jpg\" alt=\"Anthem Advanced SL 2\">\n                                <\/a>\n                            <\/div>\n                                                    <div class=\"carousel-item\">\n                                <a href=\"https:\/\/rideandco.com\/giant\/giant\/anthem\/anthem-advanced-sl-2\/\">\n                                    <img decoding=\"async\" src=\"https:\/\/rideandco.com\/giant\/wp-content\/uploads\/2026\/03\/anthemadvsl222.jpg\" alt=\"Anthem Advanced SL 2\">\n                                <\/a>\n                            <\/div>\n                                            <\/div>\n                    <button class=\"carousel-control-prev\" data-target=\"#carousel-120258\" aria-label=\"Previous\">\n                        <img decoding=\"async\" src=\"https:\/\/rideandco.com\/giant\/wp-content\/themes\/rideandco\/src\/img\/icons\/fleche-gauche-blanche.svg\" alt=\"Pr\u00e9c\u00e9dent\" style=\"width: 60px; height: 60px;\">\n                    <\/button>\n                    <button class=\"carousel-control-next\" data-target=\"#carousel-120258\" aria-label=\"Next\">\n                        <img decoding=\"async\" src=\"https:\/\/rideandco.com\/giant\/wp-content\/themes\/rideandco\/src\/img\/icons\/fleche-droite-blanche.svg\" alt=\"Suivant\" style=\"width: 60px; height: 60px;\">\n                    <\/button>\n                <\/div>\n                <div class=\"carousel-indicators\" data-target=\"#carousel-120258\">\n                    <span class=\"active\"><\/span>\n                                            <span><\/span>\n                                            <span><\/span>\n                                    <\/div>\n                    <\/div>\n        <div class=\"product-info\">\n            <h2 class=\"woocommerce-loop-product__title\">\n                <a href=\"https:\/\/rideandco.com\/giant\/giant\/anthem\/anthem-advanced-sl-2\/\" >Anthem Advanced SL 2<\/a>\n            <\/h2>\n                            <p class=\"product-type-de-velo\">VTT | GIANT <\/p>\n                       \n            <div class=\"product-icons\">\n                                                                    <div class=\"icon-wrapper first-item\">\n                        <img decoding=\"async\" src=\"https:\/\/rideandco.com\/giant\/wp-content\/themes\/rideandco\/src\/img\/icons\/poids.svg\" alt=\"Weight Icon\" class=\"icon-with-tooltip\">\n                        <div class=\"tooltip custom-tooltip\">11.2kg en taille M <\/div>\n                    <\/div>\n                                                                        <div class=\"icon-wrapper \">\n                        <img decoding=\"async\" src=\"https:\/\/rideandco.com\/giant\/wp-content\/themes\/rideandco\/src\/img\/icons\/type_de_jantes.svg\" alt=\"Jantes Icon\" class=\"icon-with-tooltip\">\n                        <div class=\"tooltip custom-tooltip\">Aluminium <\/div>\n                    <\/div>\n                                                                <\/div>           \n            <!-- Ajouter le tarif du produit ici -->\n            <!-- Affichage du prix -->\n            <div class=\"product-price-container\">\n                <div class=\"product-price-wrapper\">\n                    <span class=\"current-price\">5 800,00 \u20ac<sup>TTC<\/sup><\/span>                <\/div>\n\n                <!-- Affichage du financement mensuel -->\n                <div class=\"product-financing\">\n                    D\u00e8s <span class=\"monthly-paymentlist\">483\u20ac\/mois<\/span> financement sur 12 mois                <\/div>\n            <\/div>\n\n            <!-- Ajoutez ici vos options suppl\u00e9mentaires -->\n            <div class=\"product-options\">\n                <a href=\"https:\/\/rideandco.com\/giant\/giant\/anthem\/anthem-advanced-sl-2\/\" class=\"clickable-link\">\n                    Voir ce v\u00e9lo\n                    <img decoding=\"async\" src=\"https:\/\/rideandco.com\/giant\/wp-content\/themes\/rideandco\/src\/img\/icons\/fleche-droite-verte.svg\" alt=\"Fl\u00e8che droite\" class=\"arrow-icon\">\n                <\/a>\n                <div class=\"product-compare\" data-id=\"120258\">\n                    <a href=\"javascript:addToComparator(120258)\"\n                        class=\"link-add \">\n                        <img decoding=\"async\" src=\"https:\/\/rideandco.com\/giant\/wp-content\/themes\/rideandco\/src\/img\/icons\/ajouter_au_comparateur.svg\"\n                            alt=\"Ajouter au comparateur\"\n                        \/>\n                    <\/a>\n                    <a href=\"javascript:removeFromComparator(120258)\"\n                        class=\"link-remove hidden\">\n                        <img decoding=\"async\" src=\"https:\/\/rideandco.com\/giant\/wp-content\/themes\/rideandco\/src\/img\/icons\/retirer_du_comparateur_rouge.svg\"\n                            alt=\"Retirer du comparateur\"\n                        \/>\n                    <\/a>\n                    <span class=\"tooltip tooltip-add \">\n                        Ajouter au comparateur\n                    <\/span>\n                    <span class=\"tooltip tooltip-remove hidden\">\n                        Retirer du comparateur\n                    <\/span>\n                <\/div>\n            <\/div>\n        <\/div>\n    <\/div>\n<\/li><!-- Valeur r\u00e9cup\u00e9r\u00e9e : PROMO --><li style=\"padding-left: 0px;\n    margin-bottom: 10px;\" class=\"custom-product-card no-before product type-product post-120208 status-publish last instock product_cat-anthem product_cat-giant product_cat-tout-suspendu product_cat-vtt has-post-thumbnail sold-individually taxable shipping-taxable purchasable product-type-variable\">\n    <div class=\"custom-product-card-content\">\n                <div class=\"product-image\">\n                            <div id=\"carousel-120208\" class=\"carousel\" data-product-id=\"120208\">\n                    <div class=\"carousel-inner\">\n                        <div class=\"carousel-item active\">\n                            <a href=\"https:\/\/rideandco.com\/giant\/giant\/anthem\/anthem-advanced-sl-1\/\">\n                                <img decoding=\"async\" src=\"https:\/\/rideandco.com\/giant\/wp-content\/uploads\/2026\/03\/anthemadvsl1.jpg\" alt=\"Anthem Advanced SL 1\">\n                            <\/a>\n                        <\/div>\n                                                    <div class=\"carousel-item\">\n                                <a href=\"https:\/\/rideandco.com\/giant\/giant\/anthem\/anthem-advanced-sl-1\/\">\n                                    <img decoding=\"async\" src=\"https:\/\/rideandco.com\/giant\/wp-content\/uploads\/2026\/03\/anthemadvsl11.jpg\" alt=\"Anthem Advanced SL 1\">\n                                <\/a>\n                            <\/div>\n                                                    <div class=\"carousel-item\">\n                                <a href=\"https:\/\/rideandco.com\/giant\/giant\/anthem\/anthem-advanced-sl-1\/\">\n                                    <img decoding=\"async\" src=\"https:\/\/rideandco.com\/giant\/wp-content\/uploads\/2026\/03\/anthemadvsl111.jpg\" alt=\"Anthem Advanced SL 1\">\n                                <\/a>\n                            <\/div>\n                                            <\/div>\n                    <button class=\"carousel-control-prev\" data-target=\"#carousel-120208\" aria-label=\"Previous\">\n                        <img decoding=\"async\" src=\"https:\/\/rideandco.com\/giant\/wp-content\/themes\/rideandco\/src\/img\/icons\/fleche-gauche-blanche.svg\" alt=\"Pr\u00e9c\u00e9dent\" style=\"width: 60px; height: 60px;\">\n                    <\/button>\n                    <button class=\"carousel-control-next\" data-target=\"#carousel-120208\" aria-label=\"Next\">\n                        <img decoding=\"async\" src=\"https:\/\/rideandco.com\/giant\/wp-content\/themes\/rideandco\/src\/img\/icons\/fleche-droite-blanche.svg\" alt=\"Suivant\" style=\"width: 60px; height: 60px;\">\n                    <\/button>\n                <\/div>\n                <div class=\"carousel-indicators\" data-target=\"#carousel-120208\">\n                    <span class=\"active\"><\/span>\n                                            <span><\/span>\n                                            <span><\/span>\n                                    <\/div>\n                    <\/div>\n        <div class=\"product-info\">\n            <h2 class=\"woocommerce-loop-product__title\">\n                <a href=\"https:\/\/rideandco.com\/giant\/giant\/anthem\/anthem-advanced-sl-1\/\" >Anthem Advanced SL 1<\/a>\n            <\/h2>\n                            <p class=\"product-type-de-velo\">VTT | GIANT <\/p>\n                       \n            <div class=\"product-icons\">\n                                                                    <div class=\"icon-wrapper first-item\">\n                        <img decoding=\"async\" src=\"https:\/\/rideandco.com\/giant\/wp-content\/themes\/rideandco\/src\/img\/icons\/poids.svg\" alt=\"Weight Icon\" class=\"icon-with-tooltip\">\n                        <div class=\"tooltip custom-tooltip\">10.4kg en taille M <\/div>\n                    <\/div>\n                                                                        <div class=\"icon-wrapper \">\n                        <img decoding=\"async\" src=\"https:\/\/rideandco.com\/giant\/wp-content\/themes\/rideandco\/src\/img\/icons\/type_de_jantes.svg\" alt=\"Jantes Icon\" class=\"icon-with-tooltip\">\n                        <div class=\"tooltip custom-tooltip\">Carbone <\/div>\n                    <\/div>\n                                                                <\/div>           \n            <!-- Ajouter le tarif du produit ici -->\n            <!-- Affichage du prix -->\n            <div class=\"product-price-container\">\n                <div class=\"product-price-wrapper\">\n                    <span class=\"current-price\">7 800,00 \u20ac<sup>TTC<\/sup><\/span>                <\/div>\n\n                <!-- Affichage du financement mensuel -->\n                <div class=\"product-financing\">\n                    D\u00e8s <span class=\"monthly-paymentlist\">650\u20ac\/mois<\/span> financement sur 12 mois                <\/div>\n            <\/div>\n\n            <!-- Ajoutez ici vos options suppl\u00e9mentaires -->\n            <div class=\"product-options\">\n                <a href=\"https:\/\/rideandco.com\/giant\/giant\/anthem\/anthem-advanced-sl-1\/\" class=\"clickable-link\">\n                    Voir ce v\u00e9lo\n                    <img decoding=\"async\" src=\"https:\/\/rideandco.com\/giant\/wp-content\/themes\/rideandco\/src\/img\/icons\/fleche-droite-verte.svg\" alt=\"Fl\u00e8che droite\" class=\"arrow-icon\">\n                <\/a>\n                <div class=\"product-compare\" data-id=\"120208\">\n                    <a href=\"javascript:addToComparator(120208)\"\n                        class=\"link-add \">\n                        <img decoding=\"async\" src=\"https:\/\/rideandco.com\/giant\/wp-content\/themes\/rideandco\/src\/img\/icons\/ajouter_au_comparateur.svg\"\n                            alt=\"Ajouter au comparateur\"\n                        \/>\n                    <\/a>\n                    <a href=\"javascript:removeFromComparator(120208)\"\n                        class=\"link-remove hidden\">\n                        <img decoding=\"async\" src=\"https:\/\/rideandco.com\/giant\/wp-content\/themes\/rideandco\/src\/img\/icons\/retirer_du_comparateur_rouge.svg\"\n                            alt=\"Retirer du comparateur\"\n                        \/>\n                    <\/a>\n                    <span class=\"tooltip tooltip-add \">\n                        Ajouter au comparateur\n                    <\/span>\n                    <span class=\"tooltip tooltip-remove hidden\">\n                        Retirer du comparateur\n                    <\/span>\n                <\/div>\n            <\/div>\n        <\/div>\n    <\/div>\n<\/li><\/div><\/div><\/div>\n\n\n<div style=\"height:100px\" aria-hidden=\"true\" class=\"wp-block-spacer\"><\/div>\n\n\n \n <!-- G\u00e9n\u00e9rer le bouton avec les classes appropri\u00e9es -->\n <a href=\"https:\/\/rideandco.com\/contacts-et-acces\" class=\"custom-button custom-button-style1\">\n     <span class=\"custom-button-text\">Contactez notre \u00e9quipe !<\/span>\n      <\/a>\n ","protected":false},"excerpt":{"rendered":"<p>Fort d&rsquo;un palmar\u00e8s de coupe du monde, le XTC SLR 29 2 est con\u00e7u pour la comp\u00e9tition.<\/p>\n","protected":false},"featured_media":117070,"comment_status":"closed","ping_status":"closed","template":"","meta":{"_acf_changed":true},"product_brand":[],"product_cat":[478,503,502,489],"product_tag":[543],"discipline":[],"class_list":{"0":"post-117037","1":"product","2":"type-product","3":"status-publish","4":"has-post-thumbnail","6":"product_cat-giant","7":"product_cat-suspendu-avant","8":"product_cat-vtt","9":"product_cat-xtc","10":"product_tag-ok","12":"first","13":"outofstock","14":"sold-individually","15":"taxable","16":"shipping-taxable","17":"purchasable","18":"product-type-variable"},"acf":{"infos_globales":{"nom_produit":"XTC SLR 29 1","marque_velo":"Giant","annee":2025,"type_de_velo":"VTT","assitance_velo":"V\u00e9lo musculaire","garantie_produit":"Cadre : garantie \u00e0 vie, Composants, transmission et p\u00e9riph\u00e9riques : 2 ans","genre_du_produit":"unisexe","assurance_incluse":true,"taille__en_cm":["155","160","165","170","175","180","185","190"]},"cadre_velo":{"forme_du_cadre":"Haut","cadre":"ALUXX SLR-grade Aluminum, 12x148mm","matiere_du_cadre":["Aluminium"],"marque_de_la_fourche":"GIANT","fourche":"Giant Crest 34 RRL, 100mm, 15x110","amortisseur":""},"systeme_moteur":{"moteur":"","batterie":"","details-batterie":"","simulateur_autonomie":"","autonomie":"","compteur":"","chargeur":""},"transmission":{"type_de_transmission":"mecanique","Manettes_commandes_de_vitesse":"Shimano Deore M-6100, 1x12","type_de_pedalier":"Praxis Cadet, 30t S:170mm, M:175mm, L:175mm, XL:175mm","derailleur_avant":"","derailleur_arriere":"Shimano Deore M-6100","type_de_cassette":"Shimano Deore, 10x51, 12 vitesses","type_de_chaine":"KMC X-12"},"type_de_freins":{"frein_av":"Shimano BR-MT200, hydraulique, 180mm","frein_ar":"Shimano BR-MT200, hydraulique, 160mm"},"roues":{"type-de-roues":"Giant XCT 29, tubeless ready","type_de_jantes":"","matiere_jantes":"Aluminium","pneus":"Maxxis Recon Race 29x2.4, foldable, TLR, EXO, tubeless","moyeu_av":"","moyeu_ar":""},"cockpit_poste_de_pilotage":{"type_de_guidon":"Giant Connect XC, 740x31.8mm","type_de_potence":"Giant Contact S:60mm, M:70mm, L:80mm, XL:90mm","type_de_selle":"Giant ErgoContact Trail","type_de_tige_de_selle":"Giant Connect, 30.9mm S:375mm, M:375mm, L:400mm, XL:400","type_de_collier_de_selle":"","type_de_poignees":"Giant Sole-O"},"particularite_du_velo":{"type_de_pedales":"","accessoires_du_velo":"Kit d\u2019\u00e9clairage avant et arri\u00e8re \u00e0 piles","poids":"","poids_total_autorise":""}},"_links":{"self":[{"href":"https:\/\/rideandco.com\/giant\/wp-json\/wp\/v2\/product\/117037","targetHints":{"allow":["GET"]}}],"collection":[{"href":"https:\/\/rideandco.com\/giant\/wp-json\/wp\/v2\/product"}],"about":[{"href":"https:\/\/rideandco.com\/giant\/wp-json\/wp\/v2\/types\/product"}],"replies":[{"embeddable":true,"href":"https:\/\/rideandco.com\/giant\/wp-json\/wp\/v2\/comments?post=117037"}],"wp:featuredmedia":[{"embeddable":true,"href":"https:\/\/rideandco.com\/giant\/wp-json\/wp\/v2\/media\/117070"}],"wp:attachment":[{"href":"https:\/\/rideandco.com\/giant\/wp-json\/wp\/v2\/media?parent=117037"}],"wp:term":[{"taxonomy":"product_brand","embeddable":true,"href":"https:\/\/rideandco.com\/giant\/wp-json\/wp\/v2\/product_brand?post=117037"},{"taxonomy":"product_cat","embeddable":true,"href":"https:\/\/rideandco.com\/giant\/wp-json\/wp\/v2\/product_cat?post=117037"},{"taxonomy":"product_tag","embeddable":true,"href":"https:\/\/rideandco.com\/giant\/wp-json\/wp\/v2\/product_tag?post=117037"},{"taxonomy":"discipline","embeddable":true,"href":"https:\/\/rideandco.com\/giant\/wp-json\/wp\/v2\/discipline?post=117037"}],"curies":[{"name":"wp","href":"https:\/\/api.w.org\/{rel}","templated":true}]}}