{"id":116842,"date":"2025-02-06T15:57:44","date_gmt":"2025-02-06T14:57:44","guid":{"rendered":"https:\/\/rideandco.com\/giant\/?post_type=product&#038;p=116842"},"modified":"2026-05-13T06:00:16","modified_gmt":"2026-05-13T04:00:16","slug":"route-liv-avail-advanced-3","status":"publish","type":"product","link":"https:\/\/rideandco.com\/giant\/velo-route\/route-liv-avail-advanced-3\/","title":{"rendered":"Avail Advanced 3"},"content":{"rendered":"\n<h2 class=\"wp-block-heading\">Avail Advanced 3 : l\u00e9ger et confortable<\/h2>\n\n\n\n<p>L\u00c9G\u00c8RET\u00c9 EXCEPTIONNELLE<br>L\u2019Avail Advanced 3 allie performance et l\u00e9g\u00e8ret\u00e9 gr\u00e2ce \u00e0 son cadre en composite Advanced et sa fourche Advanced SL ultra-l\u00e9gers. Pens\u00e9 pour l\u2019endurance, il facilite les ascensions tout en garantissant un confort optimal sur les longues distances, faisant de chaque sortie un plaisir et vous permettant de repousser vos limites.<\/p>\n\n\n\n<p>DYNAMISME OPTIMIS\u00c9<br>Partez plus loin avec moins d\u2019effort gr\u00e2ce \u00e0 un cadre et une fourche con\u00e7us pour maximiser le rendement. Le cintre Liv Contact D-Fuse et la tige de selle D-Fuse absorbent davantage les vibrations qu\u2019un design traditionnel, offrant confort et efficacit\u00e9, que vous soyez en mont\u00e9e ou en pleine descente.<\/p>\n\n\n\n<p>CONTR\u00d4LE TOTAL<br>Avec son cintre ergonomique \u00e0 ouverture de 8 degr\u00e9s vers l\u2019ext\u00e9rieur, l\u2019Avail Advanced 3 assure une ma\u00eetrise parfaite sur toutes les distances. Ses jantes en carbone larges et sans crochet, combin\u00e9es \u00e0 des pneus tubeless jusqu\u2019\u00e0 38 mm, offrent une stabilit\u00e9 exceptionnelle sur route, pav\u00e9s ou rev\u00eatements vari\u00e9s, pour des sorties s\u00e9curis\u00e9es et dynamiques.<\/p>\n\n\n\n<p>Advanced Composite<br>Ce composite haut de gamme, fabriqu\u00e9 par Liv dans les usines GIANT \u00e0 partir de fibres de carbone de pointe, allie rigidit\u00e9, l\u00e9g\u00e8ret\u00e9 et confort. Il permet des performances optimales, que ce soit en endurance ou en vitesse.<\/p>\n\n\n\n<p>Tige de selle D-Fuse<br>Exclusivement con\u00e7ue en mat\u00e9riau composite et dot\u00e9e d\u2019une forme en D, cette tige de selle absorbe efficacement les vibrations pour un pilotage plus souple et r\u00e9actif.<\/p>\n\n\n\n<p>OverDrive 2<br>La direction la plus avanc\u00e9e de Liv, avec roulements surdimensionn\u00e9s (1 1\/2&Prime; en bas, 1 1\/4&Prime; en haut) et pivot de fourche conique, assure une rigidit\u00e9 maximale et un contr\u00f4le ultra-pr\u00e9cis.<\/p>\n\n\n\n<p>Syst\u00e8me Tubeless<br>R\u00e9duction des crevaisons, meilleure adh\u00e9rence et r\u00e9sistance au roulement diminu\u00e9e : le syst\u00e8me tubeless Liv offre un pilotage plus fluide, rapide et pr\u00e9cis pour une exp\u00e9rience de conduite incomparable.<\/p>\n\n\n\n<p><a href=\"https:\/\/www.giant-bicycles.com\/fr\/registration\" target=\"_blank\" rel=\"noopener\">Enregistrez votre v\u00e9lo pour activer la garantie \u00e0 vie sur le cadre.<\/a><\/p>\n\n\n\n<div style=\"height:100px\" aria-hidden=\"true\" class=\"wp-block-spacer\"><\/div>\n\n\n\n<div  class=\"download-block\">\n            <a href=\"https:\/\/rideandco.com\/giant\/wp-content\/uploads\/2025\/02\/liv-avail-advanced-3-fr-fr-3834.pdf\" class=\"download-link\" download>\n            <div class=\"download-content\">\n                <div class=\"download-text\">\n                    <strong>Fiche produit<\/strong>\n                    <span>pdf. 2,98 Mo<\/span>\n                <\/div>\n                <div class=\"download-icon\">\n                    <img loading=\"lazy\" decoding=\"async\" src=\"https:\/\/rideandco.com\/giant\/wp-content\/themes\/rideandco\/src\/img\/icons\/telechargement-vert.svg\" alt=\"Download Icon\" width=\"32\" height=\"32\">\n                <\/div>\n            <\/div>\n        <\/a>\n    <\/div>\n\n\n \n <!-- G\u00e9n\u00e9rer le bouton avec les classes appropri\u00e9es -->\n <a href=\"https:\/\/rideandco.com\/contacts-et-acces\" class=\"custom-button custom-button-style1\">\n     <span class=\"custom-button-text\">Contactez notre \u00e9quipe !<\/span>\n      <\/a>\n \n\n\n<div style=\"height:100px\" aria-hidden=\"true\" class=\"wp-block-spacer\"><\/div>\n\n\n\n<h2 class=\"wp-block-heading\">Nos v\u00e9los de route femme<\/h2>\n\n\n<div id=\"product-slider-6a04ac78e9bf5\" class=\"product-grid-custom-slider\"><div class=\"slider-wrapper\"><div class=\"slider-slide\"><!-- Valeur r\u00e9cup\u00e9r\u00e9e : PROMO --><li style=\"padding-left: 0px;\n    margin-bottom: 10px;\" class=\"custom-product-card no-before product type-product post-119701 status-publish first outofstock product_cat-gravel-velo-route product_cat-devote product_cat-liv product_cat-velo-route has-post-thumbnail sold-individually taxable shipping-taxable purchasable product-type-variable\">\n    <div class=\"custom-product-card-content\">\n                <div class=\"product-image\">\n                            <div id=\"carousel-119701\" class=\"carousel\" data-product-id=\"119701\">\n                    <div class=\"carousel-inner\">\n                        <div class=\"carousel-item active\">\n                            <a href=\"https:\/\/rideandco.com\/giant\/velo-route\/gravel-velo-route\/devote-advanced-1-2026\/\">\n                                <img decoding=\"async\" src=\"https:\/\/rideandco.com\/giant\/wp-content\/uploads\/2026\/01\/devote-advanced-126.jpg\" alt=\"Devote Advanced 1 2026\">\n                            <\/a>\n                        <\/div>\n                                                    <div class=\"carousel-item\">\n                                <a href=\"https:\/\/rideandco.com\/giant\/velo-route\/gravel-velo-route\/devote-advanced-1-2026\/\">\n                                    <img decoding=\"async\" src=\"https:\/\/rideandco.com\/giant\/wp-content\/uploads\/2026\/01\/devoteadv12666.jpg\" alt=\"Devote Advanced 1 2026\">\n                                <\/a>\n                            <\/div>\n                                                    <div class=\"carousel-item\">\n                                <a href=\"https:\/\/rideandco.com\/giant\/velo-route\/gravel-velo-route\/devote-advanced-1-2026\/\">\n                                    <img decoding=\"async\" src=\"https:\/\/rideandco.com\/giant\/wp-content\/uploads\/2026\/01\/devoteadv126.jpg\" alt=\"Devote Advanced 1 2026\">\n                                <\/a>\n                            <\/div>\n                                            <\/div>\n                    <button class=\"carousel-control-prev\" data-target=\"#carousel-119701\" aria-label=\"Previous\">\n                        <img decoding=\"async\" src=\"https:\/\/rideandco.com\/giant\/wp-content\/themes\/rideandco\/src\/img\/icons\/fleche-gauche-blanche.svg\" alt=\"Pr\u00e9c\u00e9dent\" style=\"width: 60px; height: 60px;\">\n                    <\/button>\n                    <button class=\"carousel-control-next\" data-target=\"#carousel-119701\" aria-label=\"Next\">\n                        <img decoding=\"async\" src=\"https:\/\/rideandco.com\/giant\/wp-content\/themes\/rideandco\/src\/img\/icons\/fleche-droite-blanche.svg\" alt=\"Suivant\" style=\"width: 60px; height: 60px;\">\n                    <\/button>\n                <\/div>\n                <div class=\"carousel-indicators\" data-target=\"#carousel-119701\">\n                    <span class=\"active\"><\/span>\n                                            <span><\/span>\n                                            <span><\/span>\n                                    <\/div>\n                    <\/div>\n        <div class=\"product-info\">\n            <h2 class=\"woocommerce-loop-product__title\">\n                <a href=\"https:\/\/rideandco.com\/giant\/velo-route\/gravel-velo-route\/devote-advanced-1-2026\/\">Devote Advanced 1 2026<\/a>\n            <\/h2>\n                            <p class=\"product-type-de-velo\">V\u00e9lo gravel | LIV <\/p>\n                       \n            <div class=\"product-icons\">\n                                                                    <div class=\"icon-wrapper first-item\">\n                        <img decoding=\"async\" src=\"https:\/\/rideandco.com\/giant\/wp-content\/themes\/rideandco\/src\/img\/icons\/poids.svg\" alt=\"Weight Icon\" class=\"icon-with-tooltip\">\n                        <div class=\"tooltip custom-tooltip\">9.4kg taille S <\/div>\n                    <\/div>\n                                                                        <div class=\"icon-wrapper \">\n                        <img decoding=\"async\" src=\"https:\/\/rideandco.com\/giant\/wp-content\/themes\/rideandco\/src\/img\/icons\/type_de_jantes.svg\" alt=\"Jantes Icon\" class=\"icon-with-tooltip\">\n                        <div class=\"tooltip custom-tooltip\">Aluminium <\/div>\n                    <\/div>\n                                                                <\/div>           \n            <!-- Ajouter le tarif du produit ici -->\n            <!-- Affichage du prix -->\n            <div class=\"product-price-container\">\n                <div class=\"product-price-wrapper\">\n                    <span class=\"current-price\">3 400,00 \u20ac<sup>TTC<\/sup><\/span>                <\/div>\n\n                <!-- Affichage du financement mensuel -->\n                <div class=\"product-financing\">\n                    D\u00e8s <span class=\"monthly-paymentlist\">283\u20ac\/mois<\/span> financement sur 12 mois                <\/div>\n            <\/div>\n\n            <!-- Ajoutez ici vos options suppl\u00e9mentaires -->\n            <div class=\"product-options\">\n                <a href=\"https:\/\/rideandco.com\/giant\/velo-route\/gravel-velo-route\/devote-advanced-1-2026\/\" class=\"clickable-link\">\n                    Voir ce v\u00e9lo\n                    <img decoding=\"async\" src=\"https:\/\/rideandco.com\/giant\/wp-content\/themes\/rideandco\/src\/img\/icons\/fleche-droite-verte.svg\" alt=\"Fl\u00e8che droite\" class=\"arrow-icon\">\n                <\/a>\n                <div class=\"product-compare\" data-id=\"119701\">\n                    <a href=\"javascript:addToComparator(119701)\"\n                        class=\"link-add \">\n                        <img decoding=\"async\" src=\"https:\/\/rideandco.com\/giant\/wp-content\/themes\/rideandco\/src\/img\/icons\/ajouter_au_comparateur.svg\"\n                            alt=\"Ajouter au comparateur\"\n                        \/>\n                    <\/a>\n                    <a href=\"javascript:removeFromComparator(119701)\"\n                        class=\"link-remove hidden\">\n                        <img decoding=\"async\" src=\"https:\/\/rideandco.com\/giant\/wp-content\/themes\/rideandco\/src\/img\/icons\/retirer_du_comparateur_rouge.svg\"\n                            alt=\"Retirer du comparateur\"\n                        \/>\n                    <\/a>\n                    <span class=\"tooltip tooltip-add \">\n                        Ajouter au comparateur\n                    <\/span>\n                    <span class=\"tooltip tooltip-remove hidden\">\n                        Retirer du comparateur\n                    <\/span>\n                <\/div>\n            <\/div>\n        <\/div>\n    <\/div>\n<\/li><!-- Valeur r\u00e9cup\u00e9r\u00e9e : PROMO --><li style=\"padding-left: 0px;\n    margin-bottom: 10px;\" class=\"custom-product-card no-before product type-product post-119686 status-publish instock product_cat-velo-route product_cat-devote product_cat-gravel-velo-route product_cat-liv has-post-thumbnail sold-individually taxable shipping-taxable purchasable product-type-variable\">\n    <div class=\"custom-product-card-content\">\n                <div class=\"product-image\">\n                            <div id=\"carousel-119686\" class=\"carousel\" data-product-id=\"119686\">\n                    <div class=\"carousel-inner\">\n                        <div class=\"carousel-item active\">\n                            <a href=\"https:\/\/rideandco.com\/giant\/velo-route\/gravel-devote-advanced-2-2026\/\">\n                                <img decoding=\"async\" src=\"https:\/\/rideandco.com\/giant\/wp-content\/uploads\/2026\/01\/devoteadv22.jpg\" alt=\"Devote Advanced 2 2026\">\n                            <\/a>\n                        <\/div>\n                                                    <div class=\"carousel-item\">\n                                <a href=\"https:\/\/rideandco.com\/giant\/velo-route\/gravel-devote-advanced-2-2026\/\">\n                                    <img decoding=\"async\" src=\"https:\/\/rideandco.com\/giant\/wp-content\/uploads\/2026\/01\/MY26DevoteAdvanced2_ColorALunarEclipse-D3-scaled.jpg\" alt=\"Devote Advanced 2 2026\">\n                                <\/a>\n                            <\/div>\n                                                    <div class=\"carousel-item\">\n                                <a href=\"https:\/\/rideandco.com\/giant\/velo-route\/gravel-devote-advanced-2-2026\/\">\n                                    <img decoding=\"async\" src=\"https:\/\/rideandco.com\/giant\/wp-content\/uploads\/2026\/01\/MY26DevoteAdvanced2_ColorALunarEclipse-D1-scaled.jpg\" alt=\"Devote Advanced 2 2026\">\n                                <\/a>\n                            <\/div>\n                                            <\/div>\n                    <button class=\"carousel-control-prev\" data-target=\"#carousel-119686\" aria-label=\"Previous\">\n                        <img decoding=\"async\" src=\"https:\/\/rideandco.com\/giant\/wp-content\/themes\/rideandco\/src\/img\/icons\/fleche-gauche-blanche.svg\" alt=\"Pr\u00e9c\u00e9dent\" style=\"width: 60px; height: 60px;\">\n                    <\/button>\n                    <button class=\"carousel-control-next\" data-target=\"#carousel-119686\" aria-label=\"Next\">\n                        <img decoding=\"async\" src=\"https:\/\/rideandco.com\/giant\/wp-content\/themes\/rideandco\/src\/img\/icons\/fleche-droite-blanche.svg\" alt=\"Suivant\" style=\"width: 60px; height: 60px;\">\n                    <\/button>\n                <\/div>\n                <div class=\"carousel-indicators\" data-target=\"#carousel-119686\">\n                    <span class=\"active\"><\/span>\n                                            <span><\/span>\n                                            <span><\/span>\n                                    <\/div>\n                    <\/div>\n        <div class=\"product-info\">\n            <h2 class=\"woocommerce-loop-product__title\">\n                <a href=\"https:\/\/rideandco.com\/giant\/velo-route\/gravel-devote-advanced-2-2026\/\">Devote Advanced 2 2026<\/a>\n            <\/h2>\n                            <p class=\"product-type-de-velo\">V\u00e9lo gravel | LIV <\/p>\n                       \n            <div class=\"product-icons\">\n                                                                    <div class=\"icon-wrapper first-item\">\n                        <img decoding=\"async\" src=\"https:\/\/rideandco.com\/giant\/wp-content\/themes\/rideandco\/src\/img\/icons\/poids.svg\" alt=\"Weight Icon\" class=\"icon-with-tooltip\">\n                        <div class=\"tooltip custom-tooltip\">9.35kg <\/div>\n                    <\/div>\n                                                                        <div class=\"icon-wrapper \">\n                        <img decoding=\"async\" src=\"https:\/\/rideandco.com\/giant\/wp-content\/themes\/rideandco\/src\/img\/icons\/type_de_jantes.svg\" alt=\"Jantes Icon\" class=\"icon-with-tooltip\">\n                        <div class=\"tooltip custom-tooltip\">Aluminium <\/div>\n                    <\/div>\n                                                                <\/div>           \n            <!-- Ajouter le tarif du produit ici -->\n            <!-- Affichage du prix -->\n            <div class=\"product-price-container\">\n                <div class=\"product-price-wrapper\">\n                    <span class=\"current-price\">3 000,00 \u20ac<sup>TTC<\/sup><\/span>                <\/div>\n\n                <!-- Affichage du financement mensuel -->\n                <div class=\"product-financing\">\n                    D\u00e8s <span class=\"monthly-paymentlist\">250\u20ac\/mois<\/span> financement sur 12 mois                <\/div>\n            <\/div>\n\n            <!-- Ajoutez ici vos options suppl\u00e9mentaires -->\n            <div class=\"product-options\">\n                <a href=\"https:\/\/rideandco.com\/giant\/velo-route\/gravel-devote-advanced-2-2026\/\" class=\"clickable-link\">\n                    Voir ce v\u00e9lo\n                    <img decoding=\"async\" src=\"https:\/\/rideandco.com\/giant\/wp-content\/themes\/rideandco\/src\/img\/icons\/fleche-droite-verte.svg\" alt=\"Fl\u00e8che droite\" class=\"arrow-icon\">\n                <\/a>\n                <div class=\"product-compare\" data-id=\"119686\">\n                    <a href=\"javascript:addToComparator(119686)\"\n                        class=\"link-add \">\n                        <img decoding=\"async\" src=\"https:\/\/rideandco.com\/giant\/wp-content\/themes\/rideandco\/src\/img\/icons\/ajouter_au_comparateur.svg\"\n                            alt=\"Ajouter au comparateur\"\n                        \/>\n                    <\/a>\n                    <a href=\"javascript:removeFromComparator(119686)\"\n                        class=\"link-remove hidden\">\n                        <img decoding=\"async\" src=\"https:\/\/rideandco.com\/giant\/wp-content\/themes\/rideandco\/src\/img\/icons\/retirer_du_comparateur_rouge.svg\"\n                            alt=\"Retirer du comparateur\"\n                        \/>\n                    <\/a>\n                    <span class=\"tooltip tooltip-add \">\n                        Ajouter au comparateur\n                    <\/span>\n                    <span class=\"tooltip tooltip-remove hidden\">\n                        Retirer du comparateur\n                    <\/span>\n                <\/div>\n            <\/div>\n        <\/div>\n    <\/div>\n<\/li><!-- Valeur r\u00e9cup\u00e9r\u00e9e : PROMO --><li style=\"padding-left: 0px;\n    margin-bottom: 10px;\" class=\"custom-product-card no-before product type-product post-119673 status-publish last instock product_cat-devote product_cat-gravel-velo-route product_cat-liv product_cat-velo-route has-post-thumbnail sold-individually taxable shipping-taxable purchasable product-type-variable\">\n    <div class=\"custom-product-card-content\">\n                <div class=\"product-image\">\n                            <a href=\"https:\/\/rideandco.com\/giant\/liv\/devote\/gravel-liv-devote-2-2026\/\">\n                    <img decoding=\"async\" src=\"https:\/\/rideandco.com\/giant\/wp-content\/uploads\/2026\/01\/devote-2.jpg\" alt=\"Devote 2 2026\">\n                <\/a>\n                    <\/div>\n        <div class=\"product-info\">\n            <h2 class=\"woocommerce-loop-product__title\">\n                <a href=\"https:\/\/rideandco.com\/giant\/liv\/devote\/gravel-liv-devote-2-2026\/\">Devote 2 2026<\/a>\n            <\/h2>\n                            <p class=\"product-type-de-velo\">V\u00e9lo gravel | LIV <\/p>\n                       \n            <div class=\"product-icons\">\n                                                                    <div class=\"icon-wrapper first-item\">\n                        <img decoding=\"async\" src=\"https:\/\/rideandco.com\/giant\/wp-content\/themes\/rideandco\/src\/img\/icons\/poids.svg\" alt=\"Weight Icon\" class=\"icon-with-tooltip\">\n                        <div class=\"tooltip custom-tooltip\">9.8kg en taille S <\/div>\n                    <\/div>\n                                                                        <div class=\"icon-wrapper \">\n                        <img decoding=\"async\" src=\"https:\/\/rideandco.com\/giant\/wp-content\/themes\/rideandco\/src\/img\/icons\/type_de_jantes.svg\" alt=\"Jantes Icon\" class=\"icon-with-tooltip\">\n                        <div class=\"tooltip custom-tooltip\">Aluminium <\/div>\n                    <\/div>\n                                                                <\/div>           \n            <!-- Ajouter le tarif du produit ici -->\n            <!-- Affichage du prix -->\n            <div class=\"product-price-container\">\n                <div class=\"product-price-wrapper\">\n                    <span class=\"current-price\">1 550,00 \u20ac<sup>TTC<\/sup><\/span>                <\/div>\n\n                <!-- Affichage du financement mensuel -->\n                <div class=\"product-financing\">\n                    D\u00e8s <span class=\"monthly-paymentlist\">129\u20ac\/mois<\/span> financement sur 12 mois                <\/div>\n            <\/div>\n\n            <!-- Ajoutez ici vos options suppl\u00e9mentaires -->\n            <div class=\"product-options\">\n                <a href=\"https:\/\/rideandco.com\/giant\/liv\/devote\/gravel-liv-devote-2-2026\/\" class=\"clickable-link\">\n                    Voir ce v\u00e9lo\n                    <img decoding=\"async\" src=\"https:\/\/rideandco.com\/giant\/wp-content\/themes\/rideandco\/src\/img\/icons\/fleche-droite-verte.svg\" alt=\"Fl\u00e8che droite\" class=\"arrow-icon\">\n                <\/a>\n                <div class=\"product-compare\" data-id=\"119673\">\n                    <a href=\"javascript:addToComparator(119673)\"\n                        class=\"link-add \">\n                        <img decoding=\"async\" src=\"https:\/\/rideandco.com\/giant\/wp-content\/themes\/rideandco\/src\/img\/icons\/ajouter_au_comparateur.svg\"\n                            alt=\"Ajouter au comparateur\"\n                        \/>\n                    <\/a>\n                    <a href=\"javascript:removeFromComparator(119673)\"\n                        class=\"link-remove hidden\">\n                        <img decoding=\"async\" src=\"https:\/\/rideandco.com\/giant\/wp-content\/themes\/rideandco\/src\/img\/icons\/retirer_du_comparateur_rouge.svg\"\n                            alt=\"Retirer du comparateur\"\n                        \/>\n                    <\/a>\n                    <span class=\"tooltip tooltip-add \">\n                        Ajouter au comparateur\n                    <\/span>\n                    <span class=\"tooltip tooltip-remove hidden\">\n                        Retirer du comparateur\n                    <\/span>\n                <\/div>\n            <\/div>\n        <\/div>\n    <\/div>\n<\/li><\/div><\/div><\/div>\n\n\n<p><\/p>\n","protected":false},"excerpt":{"rendered":"<p>L\u2019Avail Advanced 3 s\u2019impose comme le partenaire id\u00e9al pour toutes vos escapades sur route. \u00c0 l\u2019aise dans les longues mont\u00e9es, capable de s\u2019aventurer sur des portions gravel, parfait pour les entra\u00eenements en solo comme pour les d\u00e9fis tels que les cyclosportives ou les Gran Fondo, il r\u00e9pond pr\u00e9sent dans toutes les situations. Orient\u00e9 endurance mais r\u00e9solument performant, ce v\u00e9lo a \u00e9t\u00e9 con\u00e7u sans concessions pour vous permettre d\u2019aller toujours plus loin, au-del\u00e0 de ce que vous imaginiez.<\/p>\n","protected":false},"featured_media":116849,"comment_status":"closed","ping_status":"closed","template":"","meta":{"_acf_changed":true},"product_brand":[],"product_cat":[508,516,515,510],"product_tag":[543],"discipline":[],"class_list":{"0":"post-116842","1":"product","2":"type-product","3":"status-publish","4":"has-post-thumbnail","6":"product_cat-velo-route","7":"product_cat-avail","8":"product_cat-liv","9":"product_cat-endurance","10":"product_tag-ok","12":"first","13":"instock","14":"sold-individually","15":"taxable","16":"shipping-taxable","17":"purchasable","18":"product-type-variable"},"acf":{"infos_globales":{"nom_produit":"Avail Advanced 3","marque_velo":"LIV","annee":2025,"type_de_velo":"Route endurance","assitance_velo":"V\u00e9lo musculaire","garantie_produit":"Cadre : garantie \u00e0 vie, Composants, transmission et p\u00e9riph\u00e9riques  : 2 ans","genre_du_produit":"unisexe","assurance_incluse":true,"taille__en_cm":["145","150","155","160","165","170","175","180"]},"cadre_velo":{"forme_du_cadre":"Haut","cadre":"Advanced-Grade Composite, 12x142mm","matiere_du_cadre":["Carbone"],"marque_de_la_fourche":"Carbone","fourche":"Advanced Grade Carbone, full-composite OverDrive steerer 12x100mm","amortisseur":""},"systeme_moteur":{"moteur":"","batterie":"","details-batterie":"","simulateur_autonomie":"","autonomie":"","compteur":"","chargeur":""},"transmission":{"type_de_transmission":"mecanique","Manettes_commandes_de_vitesse":"Shimano Tiagra ST-4725","type_de_pedalier":"Shimano Tiagra, 34\/50 XXS: 165mm, XS: 165mm, S: 170mm, M: 170mm, L: 172.5mm","derailleur_avant":"Shimano 105 FD-R7000","derailleur_arriere":"Shimano Tiagra","type_de_cassette":"Shimano Tiagra, 10 vitesses, 11x34","type_de_chaine":"KMC X10"},"type_de_freins":{"frein_av":"Shimano Tiagra hydraulique, Shimano disque de 160mm","frein_ar":"Shimano Tiagra hydraulique, Shimano disque de 160mm"},"roues":{"type-de-roues":"Giant S-R2","type_de_jantes":"","matiere_jantes":"Aluminium","pneus":"Giant Gavia Fondo 1, tubeless, 700x32c","moyeu_av":"","moyeu_ar":""},"cockpit_poste_de_pilotage":{"type_de_guidon":"Liv Contact SL D-Fuse, 31.8mm XXS: 380mm, XS: 380mm, S: 400mm, M: 400mm, L: 420mm","type_de_potence":"Giant Contact AeroLight XXS: 70mm, XS: 70mm, S: 80mm, M: 90mm, L: 90mm","type_de_selle":"Liv Approach","type_de_tige_de_selle":"Giant D-Fuse, carbone, 14mm offset XXS: 350mm, XS: 350mm, S: 350mm, M: 350mm, L: 350mm","type_de_collier_de_selle":"","type_de_poignees":"Liv Stratus Elite 2.0"},"particularite_du_velo":{"type_de_pedales":"","accessoires_du_velo":"Kit d\u2019\u00e9clairage avant et arri\u00e8re \u00e0 piles, 2 porte-bidons","poids":"","poids_total_autorise":""}},"_links":{"self":[{"href":"https:\/\/rideandco.com\/giant\/wp-json\/wp\/v2\/product\/116842","targetHints":{"allow":["GET"]}}],"collection":[{"href":"https:\/\/rideandco.com\/giant\/wp-json\/wp\/v2\/product"}],"about":[{"href":"https:\/\/rideandco.com\/giant\/wp-json\/wp\/v2\/types\/product"}],"replies":[{"embeddable":true,"href":"https:\/\/rideandco.com\/giant\/wp-json\/wp\/v2\/comments?post=116842"}],"wp:featuredmedia":[{"embeddable":true,"href":"https:\/\/rideandco.com\/giant\/wp-json\/wp\/v2\/media\/116849"}],"wp:attachment":[{"href":"https:\/\/rideandco.com\/giant\/wp-json\/wp\/v2\/media?parent=116842"}],"wp:term":[{"taxonomy":"product_brand","embeddable":true,"href":"https:\/\/rideandco.com\/giant\/wp-json\/wp\/v2\/product_brand?post=116842"},{"taxonomy":"product_cat","embeddable":true,"href":"https:\/\/rideandco.com\/giant\/wp-json\/wp\/v2\/product_cat?post=116842"},{"taxonomy":"product_tag","embeddable":true,"href":"https:\/\/rideandco.com\/giant\/wp-json\/wp\/v2\/product_tag?post=116842"},{"taxonomy":"discipline","embeddable":true,"href":"https:\/\/rideandco.com\/giant\/wp-json\/wp\/v2\/discipline?post=116842"}],"curies":[{"name":"wp","href":"https:\/\/api.w.org\/{rel}","templated":true}]}}