{"id":116717,"date":"2025-02-01T14:20:07","date_gmt":"2025-02-01T13:20:07","guid":{"rendered":"https:\/\/rideandco.com\/giant\/?post_type=product&#038;p=116717"},"modified":"2026-05-17T06:00:18","modified_gmt":"2026-05-17T04:00:18","slug":"giant-defy-advanced-2","status":"publish","type":"product","link":"https:\/\/rideandco.com\/giant\/giant\/giant-defy-advanced-2\/","title":{"rendered":"Defy Advanced 2 2025"},"content":{"rendered":"\n<h2 class=\"wp-block-heading\">Defy Advanced 2 : souplesse et contr\u00f4le <\/h2>\n\n\n\n<p><strong>La simplicit\u00e9 au service de la performance<br><\/strong>\u00c9pur\u00e9 et sans compromis, ce cadre figure parmi les plus l\u00e9gers de sa cat\u00e9gorie. Il offre un \u00e9quilibre parfait entre rendement, confort et performance, id\u00e9al pour encha\u00eener les longues distances avec efficacit\u00e9.<\/p>\n\n\n\n<p><strong>Souplesse et r\u00e9activit\u00e9<br><\/strong>Le cadre et la fourche en composite Advanced SL r\u00e9pondent instantan\u00e9ment \u00e0 chaque coup de p\u00e9dale, assurant une conduite fluide et limitant la fatigue kilom\u00e8tre apr\u00e8s kilom\u00e8tre. Les composants D-Fuse absorbent efficacement chocs et vibrations, pour une v\u00e9ritable exp\u00e9rience d\u2019endurance.<\/p>\n\n\n\n<p><strong>Contr\u00f4le total<br><\/strong>Le cintre Contact D-Fuse allie ergonomie et absorption des vibrations pour un confort optimal. Les roues compatibles tubeless, avec une largeur interne de 22,4 mm et une hauteur de 36 mm, peuvent accueillir des pneus jusqu\u2019\u00e0 38 mm, offrant vivacit\u00e9, stabilit\u00e9 et s\u00e9curit\u00e9, m\u00eame face au vent lat\u00e9ral.<\/p>\n\n\n\n<p><strong>Compact Road Design<br><\/strong>Introduit par Giant dans les ann\u00e9es 1990 avec le Team ONCE, ce design embl\u00e9matique a transform\u00e9 les sensations sur route. Le tube sup\u00e9rieur inclin\u00e9 cr\u00e9e des triangles avant et arri\u00e8re plus compacts, rendant le v\u00e9lo plus rigide, plus l\u00e9ger et parfaitement adapt\u00e9 \u00e0 toutes les morphologies.<\/p>\n\n\n\n<p><strong>Syst\u00e8me Tubeless<br><\/strong>Moins de crevaisons, plus d\u2019adh\u00e9rence et une r\u00e9sistance au roulement r\u00e9duite : le syst\u00e8me tubeless Giant r\u00e9unit tous les atouts pour un pilotage plus rapide, plus fluide et plus s\u00fbr.<\/p>\n\n\n\n<p><strong>Tige de selle D-Fuse<br><\/strong>Son profil en D absorbe efficacement les vibrations et offre jusqu\u2019\u00e0 7 mm de flex, r\u00e9duisant la fatigue et am\u00e9liorant le confort sur les longues distances.<\/p>\n\n\n\n<p><strong>Cintre D-Fuse<br><\/strong>Sa partie sup\u00e9rieure aplatie soulage les mains sur routes accident\u00e9es et longues sorties. Avec 40 % de souplesse verticale suppl\u00e9mentaire et 2 % de rigidit\u00e9 en traction par rapport \u00e0 un cintre rond, il am\u00e9liore la pr\u00e9cision en courbe, l\u2019efficacit\u00e9 au sprint et la stabilit\u00e9 en mont\u00e9e.<\/p>\n\n\n\n<p><a href=\"https:\/\/www.giant-bicycles.com\/fr\/registration\" target=\"_blank\" rel=\"noopener\">Enregistrez votre v\u00e9lo pour activer la garantie \u00e0 vie sur le cadre.<\/a><\/p>\n\n\n\n<div  class=\"download-block\">\n            <a href=\"https:\/\/rideandco.com\/giant\/wp-content\/uploads\/2025\/02\/giant-defy-advanced-2-fr-fr-3855.pdf\" class=\"download-link\" download>\n            <div class=\"download-content\">\n                <div class=\"download-text\">\n                    <strong>Fiche produit<\/strong>\n                    <span>pdf. 3,05 Mo<\/span>\n                <\/div>\n                <div class=\"download-icon\">\n                    <img loading=\"lazy\" decoding=\"async\" src=\"https:\/\/rideandco.com\/giant\/wp-content\/themes\/rideandco\/src\/img\/icons\/telechargement-vert.svg\" alt=\"Download Icon\" width=\"32\" height=\"32\">\n                <\/div>\n            <\/div>\n        <\/a>\n    <\/div>\n\n\n \n <!-- G\u00e9n\u00e9rer le bouton avec les classes appropri\u00e9es -->\n <a href=\"https:\/\/rideandco.com\/contacts-et-acces\" class=\"custom-button custom-button-style1\">\n     <span class=\"custom-button-text\">Contactez notre \u00e9quipe !<\/span>\n      <\/a>\n \n\n\n<h2 class=\"wp-block-heading\">La gamme DEFY<\/h2>\n\n\n<div id=\"product-slider-6a09941e5e88d\" class=\"product-grid-custom-slider\"><div class=\"slider-wrapper\"><div class=\"slider-slide\"><!-- Valeur r\u00e9cup\u00e9r\u00e9e : PROMO --><li style=\"padding-left: 0px;\n    margin-bottom: 10px;\" class=\"custom-product-card no-before product type-product post-116717 status-publish first instock product_cat-giant product_cat-defy product_cat-velo-route product_cat-endurance product_tag-ok has-post-thumbnail sold-individually taxable shipping-taxable purchasable product-type-variable\">\n    <div class=\"custom-product-card-content\">\n                <div class=\"product-image\">\n                            <a href=\"https:\/\/rideandco.com\/giant\/giant\/giant-defy-advanced-2\/\">\n                    <img decoding=\"async\" src=\"https:\/\/rideandco.com\/giant\/wp-content\/uploads\/2025\/02\/defyadv2.jpg\" alt=\"Defy Advanced 2 2025\">\n                <\/a>\n                    <\/div>\n        <div class=\"product-info\">\n            <h2 class=\"woocommerce-loop-product__title\">\n                <a href=\"https:\/\/rideandco.com\/giant\/giant\/giant-defy-advanced-2\/\">Defy Advanced 2 2025<\/a>\n            <\/h2>\n                            <p class=\"product-type-de-velo\">Route endurance | GIANT <\/p>\n                       \n            <div class=\"product-icons\">\n                                                                                    <div class=\"icon-wrapper first-item\">\n                        <img decoding=\"async\" src=\"https:\/\/rideandco.com\/giant\/wp-content\/themes\/rideandco\/src\/img\/icons\/type_de_jantes.svg\" alt=\"Jantes Icon\" class=\"icon-with-tooltip\">\n                        <div class=\"tooltip custom-tooltip\">Aluminium <\/div>\n                    <\/div>\n                                                                <\/div>           \n            <!-- Ajouter le tarif du produit ici -->\n            <!-- Affichage du prix -->\n            <div class=\"product-price-container\">\n                <div class=\"product-price-wrapper\">\n                    <span class=\"current-price\">3 000,00 \u20ac<sup>TTC<\/sup><\/span>                <\/div>\n\n                <!-- Affichage du financement mensuel -->\n                <div class=\"product-financing\">\n                    D\u00e8s <span class=\"monthly-paymentlist\">250\u20ac\/mois<\/span> financement sur 12 mois                <\/div>\n            <\/div>\n\n            <!-- Ajoutez ici vos options suppl\u00e9mentaires -->\n            <div class=\"product-options\">\n                <a href=\"https:\/\/rideandco.com\/giant\/giant\/giant-defy-advanced-2\/\" class=\"clickable-link\">\n                    Voir ce v\u00e9lo\n                    <img decoding=\"async\" src=\"https:\/\/rideandco.com\/giant\/wp-content\/themes\/rideandco\/src\/img\/icons\/fleche-droite-verte.svg\" alt=\"Fl\u00e8che droite\" class=\"arrow-icon\">\n                <\/a>\n                <div class=\"product-compare\" data-id=\"116717\">\n                    <a href=\"javascript:addToComparator(116717)\"\n                        class=\"link-add \">\n                        <img decoding=\"async\" src=\"https:\/\/rideandco.com\/giant\/wp-content\/themes\/rideandco\/src\/img\/icons\/ajouter_au_comparateur.svg\"\n                            alt=\"Ajouter au comparateur\"\n                        \/>\n                    <\/a>\n                    <a href=\"javascript:removeFromComparator(116717)\"\n                        class=\"link-remove hidden\">\n                        <img decoding=\"async\" src=\"https:\/\/rideandco.com\/giant\/wp-content\/themes\/rideandco\/src\/img\/icons\/retirer_du_comparateur_rouge.svg\"\n                            alt=\"Retirer du comparateur\"\n                        \/>\n                    <\/a>\n                    <span class=\"tooltip tooltip-add \">\n                        Ajouter au comparateur\n                    <\/span>\n                    <span class=\"tooltip tooltip-remove hidden\">\n                        Retirer du comparateur\n                    <\/span>\n                <\/div>\n            <\/div>\n        <\/div>\n    <\/div>\n<\/li><!-- Valeur r\u00e9cup\u00e9r\u00e9e : PROMO --><li style=\"padding-left: 0px;\n    margin-bottom: 10px;\" class=\"custom-product-card no-before product type-product post-116707 status-publish instock product_cat-giant product_cat-defy product_cat-velo-route product_cat-endurance product_tag-ok has-post-thumbnail sold-individually taxable shipping-taxable purchasable product-type-variable\">\n    <div class=\"custom-product-card-content\">\n                <div class=\"product-image\">\n                            <a href=\"https:\/\/rideandco.com\/giant\/giant\/giant-defy-advanced-pro-0\/\">\n                    <img decoding=\"async\" src=\"https:\/\/rideandco.com\/giant\/wp-content\/uploads\/2025\/02\/defyadvanpro0.jpg\" alt=\"Defy Advanced Pro 0\">\n                <\/a>\n                    <\/div>\n        <div class=\"product-info\">\n            <h2 class=\"woocommerce-loop-product__title\">\n                <a href=\"https:\/\/rideandco.com\/giant\/giant\/giant-defy-advanced-pro-0\/\">Defy Advanced Pro 0<\/a>\n            <\/h2>\n                            <p class=\"product-type-de-velo\">Route endurance | GIANT <\/p>\n                       \n            <div class=\"product-icons\">\n                                                                                    <div class=\"icon-wrapper first-item\">\n                        <img decoding=\"async\" src=\"https:\/\/rideandco.com\/giant\/wp-content\/themes\/rideandco\/src\/img\/icons\/type_de_jantes.svg\" alt=\"Jantes Icon\" class=\"icon-with-tooltip\">\n                        <div class=\"tooltip custom-tooltip\">Carbone <\/div>\n                    <\/div>\n                                                                <\/div>           \n            <!-- Ajouter le tarif du produit ici -->\n            <!-- Affichage du prix -->\n            <div class=\"product-price-container\">\n                <div class=\"product-price-wrapper\">\n                    <span class=\"current-price\">6 500,00 \u20ac<sup>TTC<\/sup><\/span>                <\/div>\n\n                <!-- Affichage du financement mensuel -->\n                <div class=\"product-financing\">\n                    D\u00e8s <span class=\"monthly-paymentlist\">542\u20ac\/mois<\/span> financement sur 12 mois                <\/div>\n            <\/div>\n\n            <!-- Ajoutez ici vos options suppl\u00e9mentaires -->\n            <div class=\"product-options\">\n                <a href=\"https:\/\/rideandco.com\/giant\/giant\/giant-defy-advanced-pro-0\/\" class=\"clickable-link\">\n                    Voir ce v\u00e9lo\n                    <img decoding=\"async\" src=\"https:\/\/rideandco.com\/giant\/wp-content\/themes\/rideandco\/src\/img\/icons\/fleche-droite-verte.svg\" alt=\"Fl\u00e8che droite\" class=\"arrow-icon\">\n                <\/a>\n                <div class=\"product-compare\" data-id=\"116707\">\n                    <a href=\"javascript:addToComparator(116707)\"\n                        class=\"link-add \">\n                        <img decoding=\"async\" src=\"https:\/\/rideandco.com\/giant\/wp-content\/themes\/rideandco\/src\/img\/icons\/ajouter_au_comparateur.svg\"\n                            alt=\"Ajouter au comparateur\"\n                        \/>\n                    <\/a>\n                    <a href=\"javascript:removeFromComparator(116707)\"\n                        class=\"link-remove hidden\">\n                        <img decoding=\"async\" src=\"https:\/\/rideandco.com\/giant\/wp-content\/themes\/rideandco\/src\/img\/icons\/retirer_du_comparateur_rouge.svg\"\n                            alt=\"Retirer du comparateur\"\n                        \/>\n                    <\/a>\n                    <span class=\"tooltip tooltip-add \">\n                        Ajouter au comparateur\n                    <\/span>\n                    <span class=\"tooltip tooltip-remove hidden\">\n                        Retirer du comparateur\n                    <\/span>\n                <\/div>\n            <\/div>\n        <\/div>\n    <\/div>\n<\/li><\/div><\/div><\/div>","protected":false},"excerpt":{"rendered":"<p data-start=\"61\" data-end=\"358\">L\u00e9ger, vif et pens\u00e9 pour la longue distance, le Defy embl\u00e9matique fait son grand retour. Il s\u2019impose comme la nouvelle r\u00e9f\u00e9rence du v\u00e9lo de route endurance et devient l\u2019alli\u00e9 incontournable des passionn\u00e9s de cyclosport, d\u2019ultra-distance et de Gran Fondo. D\u00e9couvrez le Giant Defy Advanced 2 2025.<\/p>\n","protected":false},"featured_media":116724,"comment_status":"closed","ping_status":"closed","template":"","meta":{"_acf_changed":true},"product_brand":[],"product_cat":[478,480,508,510],"product_tag":[543],"discipline":[],"class_list":{"0":"post-116717","1":"product","2":"type-product","3":"status-publish","4":"has-post-thumbnail","6":"product_cat-giant","7":"product_cat-defy","8":"product_cat-velo-route","9":"product_cat-endurance","10":"product_tag-ok","12":"last","13":"instock","14":"sold-individually","15":"taxable","16":"shipping-taxable","17":"purchasable","18":"product-type-variable"},"acf":{"infos_globales":{"nom_produit":"Defy Advanced 2","marque_velo":"GIANT","annee":2025,"type_de_velo":"Route endurance","assitance_velo":"V\u00e9lo musculaire","garantie_produit":"Cadre : garanti \u00e0 vie, composants et transmission : 2 ans","genre_du_produit":"unisexe","assurance_incluse":true,"taille__en_cm":["155","160","165","170","175","180","185","190","195"]},"cadre_velo":{"forme_du_cadre":"Haut","cadre":"Advanced Grade Composite, 12x142mm axe traversant","matiere_du_cadre":["Carbone"],"marque_de_la_fourche":"Carbone","fourche":"Advanced Grade Composite, full-composite OverDrive Aero steerer, 12x100mm","amortisseur":""},"systeme_moteur":{"moteur":"","batterie":"","details-batterie":"","simulateur_autonomie":"","autonomie":"","compteur":"","chargeur":""},"transmission":{"type_de_transmission":"mecanique","Manettes_commandes_de_vitesse":"Shimano 105","type_de_pedalier":"Shimano FC-RS520, 34\/50 XS:170mm, S:170mm, M:172.5mm, M\/L:172.5mm, L:175mm, XL:175mm","derailleur_avant":"Shimano 105","derailleur_arriere":"Shimano 105, 12 vitesses","type_de_cassette":"Shimano 105 12 vitesses, 11x34","type_de_chaine":"KMC X12L-1"},"type_de_freins":{"frein_av":"Hydraulique, Shimano 105, 160mm","frein_ar":"Hydraulique, Shimano 105, 140mm"},"roues":{"type-de-roues":"Giant P-R2 Disc, 25mm","type_de_jantes":"","matiere_jantes":"Aluminium","pneus":"Giant Gavia Fondo 1, tubeless, 700x32c","moyeu_av":"","moyeu_ar":""},"cockpit_poste_de_pilotage":{"type_de_guidon":"Giant Contact SL D-Fuse XS:40\/42cm, S:40\/42cm, M:42\/44cm, M\/L:42\/44cm, L:44\/46cm, XL:44\/46cm","type_de_potence":"Giant Contact AeroLight XS:80mm, S:90mm, M:100mm, M\/L:100mm, L:110mm, XL:110mm","type_de_selle":"Giant Approach","type_de_tige_de_selle":"Giant D-Fuse, carbone","type_de_collier_de_selle":"","type_de_poignees":""},"particularite_du_velo":{"type_de_pedales":"","accessoires_du_velo":"Kit d\u2019\u00e9clairage avant et arri\u00e8re \u00e0 piles","poids":"","poids_total_autorise":""}},"_links":{"self":[{"href":"https:\/\/rideandco.com\/giant\/wp-json\/wp\/v2\/product\/116717","targetHints":{"allow":["GET"]}}],"collection":[{"href":"https:\/\/rideandco.com\/giant\/wp-json\/wp\/v2\/product"}],"about":[{"href":"https:\/\/rideandco.com\/giant\/wp-json\/wp\/v2\/types\/product"}],"replies":[{"embeddable":true,"href":"https:\/\/rideandco.com\/giant\/wp-json\/wp\/v2\/comments?post=116717"}],"wp:featuredmedia":[{"embeddable":true,"href":"https:\/\/rideandco.com\/giant\/wp-json\/wp\/v2\/media\/116724"}],"wp:attachment":[{"href":"https:\/\/rideandco.com\/giant\/wp-json\/wp\/v2\/media?parent=116717"}],"wp:term":[{"taxonomy":"product_brand","embeddable":true,"href":"https:\/\/rideandco.com\/giant\/wp-json\/wp\/v2\/product_brand?post=116717"},{"taxonomy":"product_cat","embeddable":true,"href":"https:\/\/rideandco.com\/giant\/wp-json\/wp\/v2\/product_cat?post=116717"},{"taxonomy":"product_tag","embeddable":true,"href":"https:\/\/rideandco.com\/giant\/wp-json\/wp\/v2\/product_tag?post=116717"},{"taxonomy":"discipline","embeddable":true,"href":"https:\/\/rideandco.com\/giant\/wp-json\/wp\/v2\/discipline?post=116717"}],"curies":[{"name":"wp","href":"https:\/\/api.w.org\/{rel}","templated":true}]}}