{"id":116707,"date":"2025-02-01T12:44:36","date_gmt":"2025-02-01T11:44:36","guid":{"rendered":"https:\/\/rideandco.com\/giant\/?post_type=product&#038;p=116707"},"modified":"2026-05-13T06:00:19","modified_gmt":"2026-05-13T04:00:19","slug":"giant-defy-advanced-pro-0","status":"publish","type":"product","link":"https:\/\/rideandco.com\/giant\/giant\/giant-defy-advanced-pro-0\/","title":{"rendered":"Defy Advanced Pro 0"},"content":{"rendered":"\n<h2 class=\"wp-block-heading\">Defy Advanced Pro 0 : un v\u00e9lo sobre et confortable pour traverser les continents<\/h2>\n\n\n\n<h3 class=\"wp-block-heading\">LA SIMPLICIT\u00c9 AU SERVICE DE LA PERFORMANCE<\/h3>\n\n\n\n<p>\u00c9pur\u00e9 et sans superflu, le cadre du Defy Advanced Pro 0  figure parmi les plus l\u00e9gers de sa cat\u00e9gorie. Il offre un \u00e9quilibre parfait entre efficacit\u00e9, hautes performances et confort pour les longues sorties.<\/p>\n\n\n\n<h3 class=\"wp-block-heading\">SOUPLESSE ET R\u00c9ACTIVIT\u00c9<\/h3>\n\n\n\n<p>Con\u00e7u pour r\u00e9pondre instantan\u00e9ment \u00e0 chaque coup de p\u00e9dale, le cadre et la fourche du Defy Advanced Pro 0 en composite Advanced SL assurent une conduite fluide, limitant la fatigue sur les longues distances. Les nouveaux composants D-Fuse travaillent de concert pour absorber chocs et vibrations, offrant ainsi une exp\u00e9rience de route endurance authentique.<\/p>\n\n\n\n<h3 class=\"wp-block-heading\">MA\u00ceTRISE ABSOLUE<\/h3>\n\n\n\n<p>Le cintre Contact D-Fuse allie ergonomie et filtration des vibrations pour un confort optimal sur les longues distances. Les jantes en carbone larges (22,4 mm internes) accueillent des pneus jusqu\u2019\u00e0 38 mm, tandis que leur hauteur de 36 mm garantit une r\u00e9activit\u00e9 exceptionnelle et une stabilit\u00e9 parfaite face au vent lat\u00e9ral.<\/p>\n\n\n\n<div style=\"height:43px\" aria-hidden=\"true\" class=\"wp-block-spacer\"><\/div>\n\n\n\n<h4 class=\"wp-block-heading\">Compact Road Design<\/h4>\n\n\n\n<p>Introduit par Giant dans les ann\u00e9es 1990 avec le Team ONCE, le design Compact Road a transform\u00e9 \u00e0 jamais l\u2019apparence et les sensations des v\u00e9los de route haute performance. Son tube sup\u00e9rieur inclin\u00e9, reliant la douille de direction au tube de selle, cr\u00e9e des triangles avant et arri\u00e8re plus compacts, rendant le v\u00e9lo plus l\u00e9ger et plus rigide. Cette conception innovante permet \u00e9galement un ajustement optimal pour les cyclistes de toutes taill<\/p>\n\n\n\n<h4 class=\"wp-block-heading\">PowerHalo<\/h4>\n\n\n\n<p>L\u2019analyse de la puissance (W) ne doit pas \u00eatre r\u00e9serv\u00e9e aux coureurs professionnels. Simple \u00e0 configurer, \u00e0 utiliser et \u00e0 lire, le tout nouveau Power Halo permet \u00e0 chaque cycliste de mesurer sa puissance et de s\u2019entra\u00eener efficacement pour progresser.<\/p>\n\n\n\n<h4 class=\"wp-block-heading\">Tubeless System<\/h4>\n\n\n\n<p>Moins de crevaisons, plus d\u2019adh\u00e9rence. Une r\u00e9sistance au roulement r\u00e9duite pour un pilotage plus fluide et plus rapide. Le syst\u00e8me tubeless de Giant vous offre tous ces avantages en toute simplicit\u00e9.<\/p>\n\n\n\n<h4 class=\"wp-block-heading\">TIGE DE SELLE D-FUSE<\/h4>\n\n\n\n<p>Gr\u00e2ce \u00e0 son profil en D, la tige de selle en composite absorbe efficacement chocs et vibrations. Avec jusqu\u2019\u00e0 7 mm de flexibilit\u00e9, elle r\u00e9duit la fatigue et permet de rouler plus longtemps en tout confort.<\/p>\n\n\n\n<h4 class=\"wp-block-heading\">CINTRE D-FUSE<\/h4>\n\n\n\n<p>Le cintre D-Fuse adopte une forme en D sur sa partie sup\u00e9rieure, soulageant les mains sur les terrains accident\u00e9s et lors des longues sorties. Les mod\u00e8les Contact SL D \/ SLR combinent l\u00e9g\u00e8ret\u00e9 et confort optimal.<\/p>\n\n\n\n<p>Con\u00e7u pour maximiser l\u2019absorption des chocs, il fl\u00e9chit 40 % de plus qu\u2019un cintre rond sous pression vers le bas, tout en offrant une rigidit\u00e9 accrue de 2 % en traction par rapport \u00e0 la g\u00e9n\u00e9ration pr\u00e9c\u00e9dente. R\u00e9sultat : une meilleure pr\u00e9cision en courbe, plus d\u2019efficacit\u00e9 en sprint et en mont\u00e9e.<\/p>\n\n\n\n<p><a href=\"https:\/\/www.giant-bicycles.com\/fr\/registration\" target=\"_blank\" rel=\"noopener\">Enregistrez votre v\u00e9lo pour activer la garantie \u00e0 vie sur la cadre.<\/a><\/p>\n\n\n\n<div  class=\"download-block\">\n            <a href=\"https:\/\/rideandco.com\/giant\/wp-content\/uploads\/2025\/02\/giant-defy-advanced-pro-0-fr-fr-3857.pdf\" class=\"download-link\" download>\n            <div class=\"download-content\">\n                <div class=\"download-text\">\n                    <strong>Fiche produit<\/strong>\n                    <span>pdf. 3,09 Mo<\/span>\n                <\/div>\n                <div class=\"download-icon\">\n                    <img loading=\"lazy\" decoding=\"async\" src=\"https:\/\/rideandco.com\/giant\/wp-content\/themes\/rideandco\/src\/img\/icons\/telechargement-vert.svg\" alt=\"Download Icon\" width=\"32\" height=\"32\">\n                <\/div>\n            <\/div>\n        <\/a>\n    <\/div>\n\n\n \n <!-- G\u00e9n\u00e9rer le bouton avec les classes appropri\u00e9es -->\n <a href=\"https:\/\/rideandco.com\/contacts-et-acces\" class=\"custom-button custom-button-style1\">\n     <span class=\"custom-button-text\">Contactez notre \u00e9quipe !<\/span>\n      <\/a>\n \n\n\n<h2 class=\"wp-block-heading\">La gamme Defy<\/h2>\n\n\n<div id=\"product-slider-6a04b75b47fb2\" class=\"product-grid-custom-slider\"><div class=\"slider-wrapper\"><div class=\"slider-slide\"><!-- Valeur r\u00e9cup\u00e9r\u00e9e : PROMO --><li style=\"padding-left: 0px;\n    margin-bottom: 10px;\" class=\"custom-product-card no-before product type-product post-116717 status-publish first instock product_cat-giant product_cat-defy product_cat-velo-route product_cat-endurance product_tag-ok has-post-thumbnail sold-individually taxable shipping-taxable purchasable product-type-variable\">\n    <div class=\"custom-product-card-content\">\n                <div class=\"product-image\">\n                            <a href=\"https:\/\/rideandco.com\/giant\/giant\/giant-defy-advanced-2\/\">\n                    <img decoding=\"async\" src=\"https:\/\/rideandco.com\/giant\/wp-content\/uploads\/2025\/02\/defyadv2.jpg\" alt=\"Defy Advanced 2 2025\">\n                <\/a>\n                    <\/div>\n        <div class=\"product-info\">\n            <h2 class=\"woocommerce-loop-product__title\">\n                <a href=\"https:\/\/rideandco.com\/giant\/giant\/giant-defy-advanced-2\/\">Defy Advanced 2 2025<\/a>\n            <\/h2>\n                            <p class=\"product-type-de-velo\">Route endurance | GIANT <\/p>\n                       \n            <div class=\"product-icons\">\n                                                                                    <div class=\"icon-wrapper first-item\">\n                        <img decoding=\"async\" src=\"https:\/\/rideandco.com\/giant\/wp-content\/themes\/rideandco\/src\/img\/icons\/type_de_jantes.svg\" alt=\"Jantes Icon\" class=\"icon-with-tooltip\">\n                        <div class=\"tooltip custom-tooltip\">Aluminium <\/div>\n                    <\/div>\n                                                                <\/div>           \n            <!-- Ajouter le tarif du produit ici -->\n            <!-- Affichage du prix -->\n            <div class=\"product-price-container\">\n                <div class=\"product-price-wrapper\">\n                    <span class=\"current-price\">3 000,00 \u20ac<sup>TTC<\/sup><\/span>                <\/div>\n\n                <!-- Affichage du financement mensuel -->\n                <div class=\"product-financing\">\n                    D\u00e8s <span class=\"monthly-paymentlist\">250\u20ac\/mois<\/span> financement sur 12 mois                <\/div>\n            <\/div>\n\n            <!-- Ajoutez ici vos options suppl\u00e9mentaires -->\n            <div class=\"product-options\">\n                <a href=\"https:\/\/rideandco.com\/giant\/giant\/giant-defy-advanced-2\/\" class=\"clickable-link\">\n                    Voir ce v\u00e9lo\n                    <img decoding=\"async\" src=\"https:\/\/rideandco.com\/giant\/wp-content\/themes\/rideandco\/src\/img\/icons\/fleche-droite-verte.svg\" alt=\"Fl\u00e8che droite\" class=\"arrow-icon\">\n                <\/a>\n                <div class=\"product-compare\" data-id=\"116717\">\n                    <a href=\"javascript:addToComparator(116717)\"\n                        class=\"link-add \">\n                        <img decoding=\"async\" src=\"https:\/\/rideandco.com\/giant\/wp-content\/themes\/rideandco\/src\/img\/icons\/ajouter_au_comparateur.svg\"\n                            alt=\"Ajouter au comparateur\"\n                        \/>\n                    <\/a>\n                    <a href=\"javascript:removeFromComparator(116717)\"\n                        class=\"link-remove hidden\">\n                        <img decoding=\"async\" src=\"https:\/\/rideandco.com\/giant\/wp-content\/themes\/rideandco\/src\/img\/icons\/retirer_du_comparateur_rouge.svg\"\n                            alt=\"Retirer du comparateur\"\n                        \/>\n                    <\/a>\n                    <span class=\"tooltip tooltip-add \">\n                        Ajouter au comparateur\n                    <\/span>\n                    <span class=\"tooltip tooltip-remove hidden\">\n                        Retirer du comparateur\n                    <\/span>\n                <\/div>\n            <\/div>\n        <\/div>\n    <\/div>\n<\/li><!-- Valeur r\u00e9cup\u00e9r\u00e9e : PROMO --><li style=\"padding-left: 0px;\n    margin-bottom: 10px;\" class=\"custom-product-card no-before product type-product post-116707 status-publish instock product_cat-giant product_cat-defy product_cat-velo-route product_cat-endurance product_tag-ok has-post-thumbnail sold-individually taxable shipping-taxable purchasable product-type-variable\">\n    <div class=\"custom-product-card-content\">\n                <div class=\"product-image\">\n                            <a href=\"https:\/\/rideandco.com\/giant\/giant\/giant-defy-advanced-pro-0\/\">\n                    <img decoding=\"async\" src=\"https:\/\/rideandco.com\/giant\/wp-content\/uploads\/2025\/02\/defyadvanpro0.jpg\" alt=\"Defy Advanced Pro 0\">\n                <\/a>\n                    <\/div>\n        <div class=\"product-info\">\n            <h2 class=\"woocommerce-loop-product__title\">\n                <a href=\"https:\/\/rideandco.com\/giant\/giant\/giant-defy-advanced-pro-0\/\">Defy Advanced Pro 0<\/a>\n            <\/h2>\n                            <p class=\"product-type-de-velo\">Route endurance | GIANT <\/p>\n                       \n            <div class=\"product-icons\">\n                                                                                    <div class=\"icon-wrapper first-item\">\n                        <img decoding=\"async\" src=\"https:\/\/rideandco.com\/giant\/wp-content\/themes\/rideandco\/src\/img\/icons\/type_de_jantes.svg\" alt=\"Jantes Icon\" class=\"icon-with-tooltip\">\n                        <div class=\"tooltip custom-tooltip\">Carbone <\/div>\n                    <\/div>\n                                                                <\/div>           \n            <!-- Ajouter le tarif du produit ici -->\n            <!-- Affichage du prix -->\n            <div class=\"product-price-container\">\n                <div class=\"product-price-wrapper\">\n                    <span class=\"current-price\">6 500,00 \u20ac<sup>TTC<\/sup><\/span>                <\/div>\n\n                <!-- Affichage du financement mensuel -->\n                <div class=\"product-financing\">\n                    D\u00e8s <span class=\"monthly-paymentlist\">542\u20ac\/mois<\/span> financement sur 12 mois                <\/div>\n            <\/div>\n\n            <!-- Ajoutez ici vos options suppl\u00e9mentaires -->\n            <div class=\"product-options\">\n                <a href=\"https:\/\/rideandco.com\/giant\/giant\/giant-defy-advanced-pro-0\/\" class=\"clickable-link\">\n                    Voir ce v\u00e9lo\n                    <img decoding=\"async\" src=\"https:\/\/rideandco.com\/giant\/wp-content\/themes\/rideandco\/src\/img\/icons\/fleche-droite-verte.svg\" alt=\"Fl\u00e8che droite\" class=\"arrow-icon\">\n                <\/a>\n                <div class=\"product-compare\" data-id=\"116707\">\n                    <a href=\"javascript:addToComparator(116707)\"\n                        class=\"link-add \">\n                        <img decoding=\"async\" src=\"https:\/\/rideandco.com\/giant\/wp-content\/themes\/rideandco\/src\/img\/icons\/ajouter_au_comparateur.svg\"\n                            alt=\"Ajouter au comparateur\"\n                        \/>\n                    <\/a>\n                    <a href=\"javascript:removeFromComparator(116707)\"\n                        class=\"link-remove hidden\">\n                        <img decoding=\"async\" src=\"https:\/\/rideandco.com\/giant\/wp-content\/themes\/rideandco\/src\/img\/icons\/retirer_du_comparateur_rouge.svg\"\n                            alt=\"Retirer du comparateur\"\n                        \/>\n                    <\/a>\n                    <span class=\"tooltip tooltip-add \">\n                        Ajouter au comparateur\n                    <\/span>\n                    <span class=\"tooltip tooltip-remove hidden\">\n                        Retirer du comparateur\n                    <\/span>\n                <\/div>\n            <\/div>\n        <\/div>\n    <\/div>\n<\/li><\/div><\/div><\/div>","protected":false},"excerpt":{"rendered":"<p>Grand Fondo ou cols cumulant le D+, le nouveau Defy Advanced Pro 0 est votre partenaire id\u00e9al si vous \u00eates en qu\u00eate de performance sur les longues sorties.<\/p>\n","protected":false},"featured_media":116714,"comment_status":"closed","ping_status":"closed","template":"","meta":{"_acf_changed":true},"product_brand":[],"product_cat":[478,480,508,510],"product_tag":[543],"discipline":[],"class_list":{"0":"post-116707","1":"product","2":"type-product","3":"status-publish","4":"has-post-thumbnail","6":"product_cat-giant","7":"product_cat-defy","8":"product_cat-velo-route","9":"product_cat-endurance","10":"product_tag-ok","12":"last","13":"instock","14":"sold-individually","15":"taxable","16":"shipping-taxable","17":"purchasable","18":"product-type-variable"},"acf":{"infos_globales":{"nom_produit":"Defy Advanced Pro 0","marque_velo":"GIANT","annee":2025,"type_de_velo":"Route endurance","assitance_velo":"V\u00e9lo musculaire","garantie_produit":"Cadre : garanti \u00e0 vie, composants et transmission : 2 ans","genre_du_produit":"unisexe","assurance_incluse":true,"taille__en_cm":["155","160","165","170","175","180","185","190","195"]},"cadre_velo":{"forme_du_cadre":"Haut","cadre":"Advanced Grade Composite, 12x142mm axe traversant","matiere_du_cadre":["Carbone"],"marque_de_la_fourche":"Carbone","fourche":"Advanced SL Grade Composite, full-composite OverDrive Aero steerer, 12x100mm","amortisseur":""},"systeme_moteur":{"moteur":"","batterie":"","details-batterie":"","simulateur_autonomie":"","autonomie":"","compteur":"","chargeur":""},"transmission":{"type_de_transmission":"electrique","Manettes_commandes_de_vitesse":"Shimano Ultegra Di2 ST-R8170","type_de_pedalier":"Shimano Ultegra, 34\/50 avec capteur de puissance Giant Power Pro XS:170mm, S:170mm, M:172.5mm, M\/L:172.5mm, L:175mm, XL:175","derailleur_avant":"Shimano Ultegra Di2 FD-R8150","derailleur_arriere":"Shimano Ultegra Di2 FD-R8150","type_de_cassette":"Shimano Ultegra 12 vitesses, 11x34","type_de_chaine":"Shimano Ultegra"},"type_de_freins":{"frein_av":"Hydraulique, Shimano Ultegra Di2,  Shimano RT-CL800 160mm","frein_ar":"Hydraulique, Shimano Ultegra Di2,  Shimano RT-CL800 140mm"},"roues":{"type-de-roues":"Giant SLR 1 36 Carbon Disc WheelSystem","type_de_jantes":"","matiere_jantes":"Carbone","pneus":"CADEX Classics, tubeless, 700x32c ","moyeu_av":"Giant Low Friction Hub, CenterLock, 12mm","moyeu_ar":"Giant Low Friction Hub, 30t ratchet driver, CenterLock, 12mm"},"cockpit_poste_de_pilotage":{"type_de_guidon":"Giant Contact SLR D-Fuse XS:40\/42cm, S:40\/42cm, M:42\/44cm, M\/L:42\/44cm, L:44\/46cm, XL:44\/46cm","type_de_potence":"Giant Contact SL AeroLight XS:80mm, S:90mm, M:100mm, M\/L:100mm, L:110mm, XL:110mm","type_de_selle":"Giant Fleet SL","type_de_tige_de_selle":"Giant D-Fuse SL, carbone, -5\/+15mm offset","type_de_collier_de_selle":"","type_de_poignees":""},"particularite_du_velo":{"type_de_pedales":"","accessoires_du_velo":"Kit d\u2019\u00e9clairage avant et arri\u00e8re \u00e0 piles","poids":"","poids_total_autorise":""}},"_links":{"self":[{"href":"https:\/\/rideandco.com\/giant\/wp-json\/wp\/v2\/product\/116707","targetHints":{"allow":["GET"]}}],"collection":[{"href":"https:\/\/rideandco.com\/giant\/wp-json\/wp\/v2\/product"}],"about":[{"href":"https:\/\/rideandco.com\/giant\/wp-json\/wp\/v2\/types\/product"}],"replies":[{"embeddable":true,"href":"https:\/\/rideandco.com\/giant\/wp-json\/wp\/v2\/comments?post=116707"}],"wp:featuredmedia":[{"embeddable":true,"href":"https:\/\/rideandco.com\/giant\/wp-json\/wp\/v2\/media\/116714"}],"wp:attachment":[{"href":"https:\/\/rideandco.com\/giant\/wp-json\/wp\/v2\/media?parent=116707"}],"wp:term":[{"taxonomy":"product_brand","embeddable":true,"href":"https:\/\/rideandco.com\/giant\/wp-json\/wp\/v2\/product_brand?post=116707"},{"taxonomy":"product_cat","embeddable":true,"href":"https:\/\/rideandco.com\/giant\/wp-json\/wp\/v2\/product_cat?post=116707"},{"taxonomy":"product_tag","embeddable":true,"href":"https:\/\/rideandco.com\/giant\/wp-json\/wp\/v2\/product_tag?post=116707"},{"taxonomy":"discipline","embeddable":true,"href":"https:\/\/rideandco.com\/giant\/wp-json\/wp\/v2\/discipline?post=116707"}],"curies":[{"name":"wp","href":"https:\/\/api.w.org\/{rel}","templated":true}]}}