{"id":116522,"date":"2025-01-30T11:40:07","date_gmt":"2025-01-30T10:40:07","guid":{"rendered":"https:\/\/rideandco.com\/giant\/?post_type=product&#038;p=116522"},"modified":"2026-05-02T06:00:43","modified_gmt":"2026-05-02T04:00:43","slug":"tcr-advanced-pro-1-di2","status":"publish","type":"product","link":"https:\/\/rideandco.com\/giant\/giant\/tcr-advanced-pro-1-di2\/","title":{"rendered":"TCR Advanced Pro 1 Di2"},"content":{"rendered":"\n<h2 class=\"wp-block-heading\">TCR Advanced Pro 1 Di2 : v\u00e9lo ultral\u00e9ger en Shimano Di2<\/h2>\n\n\n\n<figure class=\"wp-block-embed is-type-video is-provider-youtube wp-block-embed-youtube wp-embed-aspect-16-9 wp-has-aspect-ratio\"><div class=\"wp-block-embed__wrapper\">\n<iframe loading=\"lazy\" title=\"Giant TCR - Le v\u00e9lo de route ultime - 10\u00e8me g\u00e9n\u00e9ration !\" width=\"980\" height=\"551\" src=\"https:\/\/www.youtube.com\/embed\/okVu1jAaIAw?feature=oembed\" frameborder=\"0\" allow=\"accelerometer; autoplay; clipboard-write; encrypted-media; gyroscope; picture-in-picture; web-share\" referrerpolicy=\"strict-origin-when-cross-origin\" allowfullscreen><\/iframe>\n<\/div><\/figure>\n\n\n\n<div style=\"height:66px\" aria-hidden=\"true\" class=\"wp-block-spacer\"><\/div>\n\n\n\n<figure class=\"wp-block-embed is-type-video is-provider-youtube wp-block-embed-youtube wp-embed-aspect-16-9 wp-has-aspect-ratio\"><div class=\"wp-block-embed__wrapper\">\n<iframe loading=\"lazy\" title=\"#TheTotalRaceBike: How the All-New TCR Was #MadeFaster | Giant Bicycles\" width=\"980\" height=\"551\" src=\"https:\/\/www.youtube.com\/embed\/i-2Hw3m4gPw?feature=oembed\" frameborder=\"0\" allow=\"accelerometer; autoplay; clipboard-write; encrypted-media; gyroscope; picture-in-picture; web-share\" referrerpolicy=\"strict-origin-when-cross-origin\" allowfullscreen><\/iframe>\n<\/div><\/figure>\n\n\n\n<p><strong>Advanced Composite SL<\/strong><br>Con\u00e7u dans l\u2019usine Giant, l\u2019Advanced Composite SL associe fibres de carbone hautes performances et proc\u00e9d\u00e9s exclusifs. La fibre unidirectionnelle renforce la structure tout en all\u00e9geant le cadre, la r\u00e9sine nano-technologique am\u00e9liore la r\u00e9sistance aux impacts, et l\u2019assemblage par fusion cr\u00e9e des jonctions plus solides et plus l\u00e9g\u00e8res.<\/p>\n\n\n\n<p>Le tube diagonal et le tube sup\u00e9rieur, surdimensionn\u00e9s, apportent une rigidit\u00e9 lat\u00e9rale et en torsion exceptionnelle \u00e0 l\u2019avant. Gr\u00e2ce \u00e0 sa forme rectangulaire, le tube diagonal optimise la pr\u00e9cision de la direction et l\u2019efficacit\u00e9 du p\u00e9dalage.<\/p>\n\n\n\n<p>La fourche Advanced SL, plus l\u00e9g\u00e8re et plus rigide, adopte un design sym\u00e9trique et a\u00e9rodynamique avec support de frein \u00e0 disque int\u00e9gr\u00e9 et un d\u00e9gagement suffisant pour accueillir des pneus jusqu\u2019\u00e0 33 mm.<\/p>\n\n\n\n<p>Les sections de cadre et de fourche, d\u00e9velopp\u00e9es en soufflerie, r\u00e9duisent efficacement la tra\u00een\u00e9e, quel que soit l\u2019angle du vent, offrant ainsi un avantage a\u00e9rodynamique sup\u00e9rieur aux profils traditionnels en forme de goutte.<\/p>\n\n\n\n<p>Le cintre et la potence ultra-l\u00e9gers, au profil aplati, favorisent une position stable et a\u00e9rodynamique. Le passage interne des c\u00e2bles compl\u00e8te ce design \u00e9pur\u00e9, tout en facilitant le montage et les r\u00e9glages.<\/p>\n\n\n\n<div class=\"wp-block-columns is-layout-flex wp-container-core-columns-is-layout-1 wp-block-columns-is-layout-flex\">\n<div class=\"wp-block-column is-layout-flow wp-block-column-is-layout-flow\">\n<figure class=\"wp-block-image size-large\"><img loading=\"lazy\" decoding=\"async\" width=\"1024\" height=\"768\" src=\"https:\/\/rideandco.com\/giant\/wp-content\/uploads\/2025\/01\/MY25TCRAdvancedPro1-Di2_ColorACarbon_Chrome-D1-1024x768.jpg\" alt=\"TCR Advanced Pro 1 Di2\" class=\"wp-image-119206\" srcset=\"https:\/\/rideandco.com\/giant\/wp-content\/uploads\/2025\/01\/MY25TCRAdvancedPro1-Di2_ColorACarbon_Chrome-D1-1024x768.jpg 1024w, https:\/\/rideandco.com\/giant\/wp-content\/uploads\/2025\/01\/MY25TCRAdvancedPro1-Di2_ColorACarbon_Chrome-D1-300x225.jpg 300w, https:\/\/rideandco.com\/giant\/wp-content\/uploads\/2025\/01\/MY25TCRAdvancedPro1-Di2_ColorACarbon_Chrome-D1-768x576.jpg 768w, https:\/\/rideandco.com\/giant\/wp-content\/uploads\/2025\/01\/MY25TCRAdvancedPro1-Di2_ColorACarbon_Chrome-D1-1536x1152.jpg 1536w, https:\/\/rideandco.com\/giant\/wp-content\/uploads\/2025\/01\/MY25TCRAdvancedPro1-Di2_ColorACarbon_Chrome-D1-2048x1536.jpg 2048w, https:\/\/rideandco.com\/giant\/wp-content\/uploads\/2025\/01\/MY25TCRAdvancedPro1-Di2_ColorACarbon_Chrome-D1-600x450.jpg 600w, https:\/\/rideandco.com\/giant\/wp-content\/uploads\/2025\/01\/MY25TCRAdvancedPro1-Di2_ColorACarbon_Chrome-D1-416x312.jpg 416w\" sizes=\"auto, (max-width: 1024px) 100vw, 1024px\" \/><\/figure>\n<\/div>\n\n\n\n<div class=\"wp-block-column is-layout-flow wp-block-column-is-layout-flow\">\n<figure class=\"wp-block-image size-large\"><img loading=\"lazy\" decoding=\"async\" width=\"1024\" height=\"768\" src=\"https:\/\/rideandco.com\/giant\/wp-content\/uploads\/2025\/01\/MY25TCRAdvancedPro1-Di2_ColorACarbon_Chrome-D5-1024x768.jpg\" alt=\"\" class=\"wp-image-119207\" srcset=\"https:\/\/rideandco.com\/giant\/wp-content\/uploads\/2025\/01\/MY25TCRAdvancedPro1-Di2_ColorACarbon_Chrome-D5-1024x768.jpg 1024w, https:\/\/rideandco.com\/giant\/wp-content\/uploads\/2025\/01\/MY25TCRAdvancedPro1-Di2_ColorACarbon_Chrome-D5-300x225.jpg 300w, https:\/\/rideandco.com\/giant\/wp-content\/uploads\/2025\/01\/MY25TCRAdvancedPro1-Di2_ColorACarbon_Chrome-D5-768x576.jpg 768w, https:\/\/rideandco.com\/giant\/wp-content\/uploads\/2025\/01\/MY25TCRAdvancedPro1-Di2_ColorACarbon_Chrome-D5-1536x1152.jpg 1536w, https:\/\/rideandco.com\/giant\/wp-content\/uploads\/2025\/01\/MY25TCRAdvancedPro1-Di2_ColorACarbon_Chrome-D5-2048x1536.jpg 2048w, https:\/\/rideandco.com\/giant\/wp-content\/uploads\/2025\/01\/MY25TCRAdvancedPro1-Di2_ColorACarbon_Chrome-D5-600x450.jpg 600w, https:\/\/rideandco.com\/giant\/wp-content\/uploads\/2025\/01\/MY25TCRAdvancedPro1-Di2_ColorACarbon_Chrome-D5-416x312.jpg 416w\" sizes=\"auto, (max-width: 1024px) 100vw, 1024px\" \/><\/figure>\n<\/div>\n\n\n\n<div class=\"wp-block-column is-layout-flow wp-block-column-is-layout-flow\">\n<figure class=\"wp-block-image size-large\"><img loading=\"lazy\" decoding=\"async\" width=\"1024\" height=\"768\" src=\"https:\/\/rideandco.com\/giant\/wp-content\/uploads\/2025\/01\/MY25TCRAdvancedPro1-Di2_ColorACarbon_Chrome-D2-1024x768.jpg\" alt=\"\" class=\"wp-image-119208\" srcset=\"https:\/\/rideandco.com\/giant\/wp-content\/uploads\/2025\/01\/MY25TCRAdvancedPro1-Di2_ColorACarbon_Chrome-D2-1024x768.jpg 1024w, https:\/\/rideandco.com\/giant\/wp-content\/uploads\/2025\/01\/MY25TCRAdvancedPro1-Di2_ColorACarbon_Chrome-D2-300x225.jpg 300w, https:\/\/rideandco.com\/giant\/wp-content\/uploads\/2025\/01\/MY25TCRAdvancedPro1-Di2_ColorACarbon_Chrome-D2-768x576.jpg 768w, https:\/\/rideandco.com\/giant\/wp-content\/uploads\/2025\/01\/MY25TCRAdvancedPro1-Di2_ColorACarbon_Chrome-D2-1536x1152.jpg 1536w, https:\/\/rideandco.com\/giant\/wp-content\/uploads\/2025\/01\/MY25TCRAdvancedPro1-Di2_ColorACarbon_Chrome-D2-2048x1536.jpg 2048w, https:\/\/rideandco.com\/giant\/wp-content\/uploads\/2025\/01\/MY25TCRAdvancedPro1-Di2_ColorACarbon_Chrome-D2-600x450.jpg 600w, https:\/\/rideandco.com\/giant\/wp-content\/uploads\/2025\/01\/MY25TCRAdvancedPro1-Di2_ColorACarbon_Chrome-D2-416x312.jpg 416w\" sizes=\"auto, (max-width: 1024px) 100vw, 1024px\" \/><\/figure>\n<\/div>\n<\/div>\n\n\n\n<p><strong>Compact Road Design<\/strong><br>Introduit dans les ann\u00e9es 1990 avec le Team ONCE, ce concept a r\u00e9volutionn\u00e9 les v\u00e9los de route. Le tube sup\u00e9rieur inclin\u00e9 cr\u00e9e des triangles plus compacts, pour un v\u00e9lo plus l\u00e9ger, plus rigide et parfaitement ajust\u00e9 \u00e0 toutes les morphologies.<\/p>\n\n\n\n<p><strong>OverDrive Aero<\/strong><br>Le pivot de fourche en forme de D, int\u00e9gr\u00e9 \u00e0 la douille de direction et associ\u00e9 \u00e0 des entretoises sp\u00e9cifiques, am\u00e9liore l\u2019a\u00e9rodynamisme et simplifie le passage interne des c\u00e2bles et gaines.<\/p>\n\n\n\n<p><strong>PowerCore<\/strong><br>Un bo\u00eetier de p\u00e9dalier surdimensionn\u00e9 (86 mm sur route, 92 mm en VTT) et des bases arri\u00e8re asym\u00e9triques assurent une rigidit\u00e9 optimale, une transmission de puissance maximale et une stabilit\u00e9 accrue.<\/p>\n\n\n\n<p><strong>Tige de Selle Int\u00e9gr\u00e9e<\/strong><br>All\u00e9g\u00e9e de 45 g par rapport \u00e0 une tige classique en composite, elle am\u00e9liore l\u2019a\u00e9rodynamisme et absorbe mieux les vibrations, offrant un gain \u00e0 la fois en confort et en performance.<\/p>\n\n\n\n<p><strong>Tubeless System<\/strong><br>Moins de crevaisons, plus d\u2019adh\u00e9rence et une r\u00e9sistance au roulement r\u00e9duite : le syst\u00e8me tubeless Giant garantit un pilotage plus fluide, plus rapide et plus s\u00fbr.<\/p>\n\n\n\n<p><a href=\"https:\/\/www.giant-bicycles.com\/fr\/registration\" target=\"_blank\" rel=\"noopener\">Enregistrez votre v\u00e9lo pour activer la garantie \u00e0 vie sur le cadre.<\/a><\/p>\n\n\n\n<div  class=\"download-block\">\n            <a href=\"https:\/\/rideandco.com\/giant\/wp-content\/uploads\/2025\/01\/giant-tcr-advanced-pro-1-di2-fr-fr-3750-1.pdf\" class=\"download-link\" download>\n            <div class=\"download-content\">\n                <div class=\"download-text\">\n                    <strong>Fiche produit<\/strong>\n                    <span>pdf. 2,88 Mo<\/span>\n                <\/div>\n                <div class=\"download-icon\">\n                    <img loading=\"lazy\" decoding=\"async\" src=\"https:\/\/rideandco.com\/giant\/wp-content\/themes\/rideandco\/src\/img\/icons\/telechargement-vert.svg\" alt=\"Download Icon\" width=\"32\" height=\"32\">\n                <\/div>\n            <\/div>\n        <\/a>\n    <\/div>\n\n\n\n<h2 class=\"wp-block-heading\">Nos v\u00e9los de route<\/h2>\n\n\n<p>Aucun produit trouv\u00e9.<\/p>\n\n \n <!-- G\u00e9n\u00e9rer le bouton avec les classes appropri\u00e9es -->\n <a href=\"https:\/\/rideandco.com\/contacts-et-acces\" class=\"custom-button custom-button-style1\">\n     <span class=\"custom-button-text\">Contactez notre \u00e9quipe !<\/span>\n      <\/a>\n ","protected":false},"excerpt":{"rendered":"<p>Alliant l\u00e9g\u00e8ret\u00e9, rigidit\u00e9 et agilit\u00e9, le TCR Advanced Pro 1 Di2 sera votre alli\u00e9 pour les courses comme les sorties hebdomadaires.<\/p>\n","protected":false},"featured_media":116531,"comment_status":"closed","ping_status":"closed","template":"","meta":{"_acf_changed":true},"product_brand":[],"product_cat":[478,556,508,509,481],"product_tag":[543],"discipline":[],"class_list":{"0":"post-116522","1":"product","2":"type-product","3":"status-publish","4":"has-post-thumbnail","6":"product_cat-giant","7":"product_cat-promo","8":"product_cat-velo-route","9":"product_cat-performance","10":"product_cat-tcr","11":"product_tag-ok","13":"first","14":"instock","15":"sale","16":"sold-individually","17":"taxable","18":"shipping-taxable","19":"purchasable","20":"product-type-variable"},"acf":{"infos_globales":{"nom_produit":"TCR Advanced Pro 1 Di2","marque_velo":"GIANT","annee":2025,"type_de_velo":"VTT","assitance_velo":"V\u00e9lo musculaire","garantie_produit":"Cadre : garanti \u00e0 vie, composants et transmission : 2 ans","genre_du_produit":"unisexe","assurance_incluse":false,"taille__en_cm":["155","160","165","170","175","180","185","190","195"]},"cadre_velo":{"forme_du_cadre":"Haut","cadre":"Advanced Grade Composite, 12x142mm axe traversant","matiere_du_cadre":["Carbone"],"marque_de_la_fourche":"Carbone","fourche":"Advanced SL-Grade Composite, full-composite OverDrive Aero steerer, 12x100mm","amortisseur":""},"systeme_moteur":{"moteur":"","batterie":"","details-batterie":"","simulateur_autonomie":"","autonomie":"","compteur":"","chargeur":""},"transmission":{"type_de_transmission":"electrique","Manettes_commandes_de_vitesse":"Shimano 105 Di2","type_de_pedalier":"Shimano 105, 36\/52 avec capteur de puissance GIANT Power Pro XS:170mm, S:170mm, M:172.5mm, M\/L:172.5mm, L:175mm, XL:175mm","derailleur_avant":"Shimano 105 Di2 FD-R8150","derailleur_arriere":"Shimano 105 Di2 FD-R8150","type_de_cassette":"Shimano 105, 12 vitesses, 11x34","type_de_chaine":"KMC X12L-1"},"type_de_freins":{"frein_av":"Hydraulique, Shimano 105 Di2, 160mm","frein_ar":"Hydraulique, Shimano 105 Di2, 140mm"},"roues":{"type-de-roues":"","type_de_jantes":"Giant SLR 1 40 WheelSystem, [F]40mm, [R]40mm","matiere_jantes":"Carbone","pneus":"Giant Gavia Course 0, tubeless, 700x25","moyeu_av":" Giant Low Friction Hub, CenterLock, 12mm","moyeu_ar":"Giant Low Friction Hub"},"cockpit_poste_de_pilotage":{"type_de_guidon":"Giant Contact SL XS:39\/40cm, S:39\/40cm, M:39\/42cm, M\/L:39\/42cm, L:41\/44cm, XL:41\/44cm","type_de_potence":"Giant Contact SL AeroLight XS:80mm, S:90mm, M:100mm, M\/L:110mm, L:110mm, XL:120mm","type_de_selle":"Giant Fleet SL","type_de_tige_de_selle":"Giant Variant, carbone, -5\/+15mm offset","type_de_collier_de_selle":"Int\u00e9gr\u00e9e","type_de_poignees":""},"particularite_du_velo":{"type_de_pedales":"","accessoires_du_velo":"Kit d\u2019\u00e9clairage avant et arri\u00e8re \u00e0 piles","poids":"","poids_total_autorise":""}},"_links":{"self":[{"href":"https:\/\/rideandco.com\/giant\/wp-json\/wp\/v2\/product\/116522","targetHints":{"allow":["GET"]}}],"collection":[{"href":"https:\/\/rideandco.com\/giant\/wp-json\/wp\/v2\/product"}],"about":[{"href":"https:\/\/rideandco.com\/giant\/wp-json\/wp\/v2\/types\/product"}],"replies":[{"embeddable":true,"href":"https:\/\/rideandco.com\/giant\/wp-json\/wp\/v2\/comments?post=116522"}],"wp:featuredmedia":[{"embeddable":true,"href":"https:\/\/rideandco.com\/giant\/wp-json\/wp\/v2\/media\/116531"}],"wp:attachment":[{"href":"https:\/\/rideandco.com\/giant\/wp-json\/wp\/v2\/media?parent=116522"}],"wp:term":[{"taxonomy":"product_brand","embeddable":true,"href":"https:\/\/rideandco.com\/giant\/wp-json\/wp\/v2\/product_brand?post=116522"},{"taxonomy":"product_cat","embeddable":true,"href":"https:\/\/rideandco.com\/giant\/wp-json\/wp\/v2\/product_cat?post=116522"},{"taxonomy":"product_tag","embeddable":true,"href":"https:\/\/rideandco.com\/giant\/wp-json\/wp\/v2\/product_tag?post=116522"},{"taxonomy":"discipline","embeddable":true,"href":"https:\/\/rideandco.com\/giant\/wp-json\/wp\/v2\/discipline?post=116522"}],"curies":[{"name":"wp","href":"https:\/\/api.w.org\/{rel}","templated":true}]}}