{"id":113888,"date":"2024-09-30T14:43:01","date_gmt":"2024-09-30T12:43:01","guid":{"rendered":"https:\/\/rideandco.com\/giant\/?page_id=113888"},"modified":"2025-03-25T11:01:48","modified_gmt":"2025-03-25T10:01:48","slug":"contacts-et-acces","status":"publish","type":"page","link":"https:\/\/rideandco.com\/giant\/contacts-et-acces\/","title":{"rendered":"Contacts et acc\u00e8s"},"content":{"rendered":"\n<!DOCTYPE html> \n<html lang=\"fr\">\n\n<head>\n    <meta charset=\"UTF-8\">\n    <meta name=\"viewport\" content=\"width=device-width, initial-scale=1.0\">\n    <style>\n        body {\n            font-family: Arial, sans-serif;\n            background-color: #ffffff;\n            color: #333333;\n            margin: 0;\n            padding: 0;\n        }\n\n        .container {\n            max-width: 1200px;\n            margin: 0 auto;\n            padding: 20px;\n        }\n\n        \/* Wrapper to place info and form side by side *\/\n        .contact-wrapper {\n            display: flex;\n            justify-content: space-between;\n            flex-wrap: wrap;\n            margin-bottom: 50px;\n        }\n\n        .info-contact {\n            width: 48%;\n            text-align: left;\n            margin-bottom: 20px;\n        }\n\n        .info-contact p {\n            font-size: 18px;\n            margin: 10px 0;\n        }\n\n        .info-contact a {\n            color: #13896E;\n            text-decoration: none;\n        }\n\n        .contact-form {\n            width: 48%;\n            background-color: #13896E;\n            padding: 30px;\n            border-radius: 10px;\n            color: #ffffff;\n        }\n\n        .contact-form h2 {\n            color: #ffffff;\n            text-align: center;\n            margin-bottom: 20px;\n        }\n\n        .contact-form input,\n        .contact-form textarea {\n            width: 100%;\n            padding: 10px;\n            margin: 10px 0;\n            border: none;\n            border-radius: 5px;\n        }\n\n        .contact-form input[type=\"submit\"] {\n            background-color: #ffffff;\n            color: #13896E;\n            font-size: 16px;\n            cursor: pointer;\n            transition: background-color 0.3s ease;\n        }\n\n        .contact-form input[type=\"submit\"]:hover {\n            background-color: #e0e0e0;\n        }\n\n        \/* Checkbox for Terms and Conditions *\/\n        .contact-form .checkbox-container {\n            margin-top: 15px;\n            display: flex; \/* Change to flex for better alignment *\/\n            align-items: center; \/* Align items vertically centered *\/\n        }\n\n        .contact-form input[type=\"checkbox\"] {\n            margin-right: 10px;\n            margin-left: 0; \/* Ensure it's left aligned *\/\n        }\n\n        iframe {\n            width: 100%;\n            height: 450px;\n            border: 0;\n            margin-top: 50px;\n        }\n    <\/style>\n<\/head>\n\n<body>\n\n    <div class=\"container\">\n\n        <div class=\"contact-wrapper\">\n            <!-- Contact Info -->\n            <div class=\"info-contact\">\n                <h2>Informations de Contact<\/h2>\n                <p><strong>Adresse :<\/strong> ZAC DU FENOUILLET, 34470 P\u00c9ROLS<\/p>\n                <p><strong>T\u00e9l\u00e9phone :<\/strong> <a href=\"tel:+33123456789\">04 67 50 48 18<\/a><\/p>\n                <p><strong>Email :<\/strong> <a href=\"mailto:contact@rideandco.com\">contact@rideandco.com<\/a><\/p>\n            <\/div>\n\n            <!-- Contact Form -->\n            <div class=\"contact-form\">\n                <h2>Formulaire de Contact<\/h2>\n                <form action=\"envoyer-formulaire.php\" method=\"post\">\n                    <label for=\"nom\">Nom :<\/label>\n                    <input type=\"text\" id=\"nom\" name=\"nom\" placeholder=\"Votre nom\" required>\n\n                    <label for=\"email\">Email :<\/label>\n                    <input type=\"email\" id=\"email\" name=\"email\" placeholder=\"Votre email\" required>\n\n                    <label for=\"message\">Message :<\/label>\n                    <textarea id=\"message\" name=\"message\" rows=\"5\" placeholder=\"Votre message\" required><\/textarea>\n\n                    <!-- Checkbox for Terms and Conditions -->\n                    <div class=\"checkbox-container\">\n                        <input type=\"checkbox\" id=\"terms\" name=\"terms\" required>\n                        <label for=\"terms\">J&rsquo;ai lu et j&rsquo;accepte les <a href=\"\/conditions-generales\" style=\"color: #ffffff; text-decoration: underline;\">conditions g\u00e9n\u00e9rales d&rsquo;utilisation<\/a> et la <a href=\"\/politique-donnees\" style=\"color: #ffffff; text-decoration: underline;\">politique de protection des donn\u00e9es personnelles<\/a>.<\/label>\n                    <\/div>\n\n                    <input type=\"submit\" value=\"Envoyer\">\n                <\/form>\n            <\/div>\n        <\/div>\n\n        <!-- Google Maps Iframe -->\n        <iframe src=\"https:\/\/www.google.com\/maps\/embed?pb=!1m18!1m12!1m3!1d2890.534168974177!2d3.937406575757272!3d43.57458885751231!2m3!1f0!2f0!3f0!3m2!1i1024!2i768!4f13.1!3m3!1m2!1s0x12b6a52c28474d4d%3A0x2addc18e681ff33!2sE-GRIM%20-%20V%C3%A9lo%20Montpellier!5e0!3m2!1sfr!2sfr!4v1697554916227!5m2!1sfr!2sfr\" allowfullscreen=\"\" loading=\"lazy\" referrerpolicy=\"no-referrer-when-downgrade\"><\/iframe>\n\n    <\/div>\n\n<\/body>\n\n<\/html>\n\n\n\n\n<p><\/p>\n","protected":false},"excerpt":{"rendered":"<p>Informations de Contact Adresse : ZAC DU FENOUILLET, 34470 P\u00c9ROLS T\u00e9l\u00e9phone : 04 67 50 48 18 Email : contact@rideandco.com Formulaire de Contact Nom : Email : Message : J&rsquo;ai lu et j&rsquo;accepte les conditions g\u00e9n\u00e9rales d&rsquo;utilisation et la politique de protection des donn\u00e9es personnelles.<\/p>\n","protected":false},"author":2,"featured_media":0,"parent":0,"menu_order":0,"comment_status":"closed","ping_status":"closed","template":"","meta":{"_acf_changed":false,"two_page_speed":{"current_score":{"desktop_score":95,"desktop_tti":"0.3\u00a0","mobile_score":100,"mobile_tti":"1.1\u00a0","date":"25.03.2025 11:02:20 am","status":"completed"}},"footnotes":""},"class_list":["post-113888","page","type-page","status-publish","hentry"],"acf":[],"_links":{"self":[{"href":"https:\/\/rideandco.com\/giant\/wp-json\/wp\/v2\/pages\/113888","targetHints":{"allow":["GET"]}}],"collection":[{"href":"https:\/\/rideandco.com\/giant\/wp-json\/wp\/v2\/pages"}],"about":[{"href":"https:\/\/rideandco.com\/giant\/wp-json\/wp\/v2\/types\/page"}],"author":[{"embeddable":true,"href":"https:\/\/rideandco.com\/giant\/wp-json\/wp\/v2\/users\/2"}],"replies":[{"embeddable":true,"href":"https:\/\/rideandco.com\/giant\/wp-json\/wp\/v2\/comments?post=113888"}],"version-history":[{"count":12,"href":"https:\/\/rideandco.com\/giant\/wp-json\/wp\/v2\/pages\/113888\/revisions"}],"predecessor-version":[{"id":113930,"href":"https:\/\/rideandco.com\/giant\/wp-json\/wp\/v2\/pages\/113888\/revisions\/113930"}],"wp:attachment":[{"href":"https:\/\/rideandco.com\/giant\/wp-json\/wp\/v2\/media?parent=113888"}],"curies":[{"name":"wp","href":"https:\/\/api.w.org\/{rel}","templated":true}]}}