{"id":112819,"date":"2024-09-19T11:02:22","date_gmt":"2024-09-19T09:02:22","guid":{"rendered":"https:\/\/rideandco.com\/giant\/?page_id=112819"},"modified":"2026-02-06T16:53:17","modified_gmt":"2026-02-06T15:53:17","slug":"mentions-legales","status":"publish","type":"page","link":"https:\/\/rideandco.com\/giant\/mentions-legales\/","title":{"rendered":"MENTIONS L\u00c9GALES"},"content":{"rendered":"\n<p><strong>Le site internet www.rideandco.com\/giant\/ (ci-apr\u00e8s le \u00ab\u00a0Site\u00a0\u00bb) est \u00e9dit\u00e9 par\u00a0:<\/strong><\/p>\n\n\n\n<p><strong>L GRIMAUTO SARL<\/strong>, soci\u00e9t\u00e9 \u00e0 responsabilit\u00e9 limit\u00e9e, au capital de 5000,00 euros, immatricul\u00e9 au Registre du Commerce et des Soci\u00e9t\u00e9s de Montpellier sous le num\u00e9ro 808 166 144<br><strong>Si\u00e8ge social\u00a0:\u00a0<\/strong>448 Route du Pont de Guerre 34970 Lattes<br><strong>N\u00b0TVA\u00a0:\u00a0<\/strong>FR81880090626<br><strong>T\u00e9l\u00e9phone\u00a0:\u00a0<\/strong><a href=\"https:\/\/www.google.com\/search?q=giant+p%C3%A9rols&amp;rlz=1C1GCEA_enFR1139FR1139&amp;sca_esv=31887fb220a442ad&amp;biw=1920&amp;bih=919&amp;sxsrf=ANbL-n5n6IaarVbkLmQblelvz0QRokUjxQ%3A1770392445293&amp;ei=fQuGae_KEa3l7_UP9JOZiQE&amp;oq=giant+jacou&amp;gs_lp=Egxnd3Mtd2l6LXNlcnAiC2dpYW50IGphY291KgIIATIKEAAYsAMY1gQYRzIKEAAYsAMY1gQYRzIKEAAYsAMY1gQYRzIKEAAYsAMY1gQYRzIKEAAYsAMY1gQYRzIKEAAYsAMY1gQYRzIKEAAYsAMY1gQYRzIKEAAYsAMY1gQYR0jrBlAAWABwAngAkAEAmAFIoAFIqgEBMbgBAcgBAJgCAqACCpgDAIgGAZAGCJIHATKgB6gEsgcAuAcAwgcDMi0yyAcGgAgA&amp;sclient=gws-wiz-serp#\" target=\"_blank\" rel=\"noopener\">04 67 50 40 20<\/a><br><strong>E-mail\u00a0:<\/strong>\u00a0contact.giant.montpellier@groupe-grim.com<br>(Ci-apr\u00e8s l\u2019\u00ab\u00a0\u00c9diteur\u00a0\u00bb)<\/p>\n\n\n\n<p><strong>Directeur de la publication<\/strong>&nbsp;: Fr\u00e9d\u00e9ric Lavauzelle<br><strong>H\u00e9bergeur&nbsp;<\/strong>: OVH, SASU Soci\u00e9t\u00e9 par actions simplifi\u00e9e \u00e0 associ\u00e9 unique au capital de 50&nbsp;000&nbsp;000,00 euros, RCS Lille Metropole B 424 761 419<br><strong>Si\u00e8ge social&nbsp;:<\/strong>&nbsp;2 Rue Kellermann 59100 ROUBAIX<br><strong>T\u00e9l\u00e9phone&nbsp;:<\/strong>&nbsp;1007<\/p>\n\n\n\n<p><strong>Propri\u00e9t\u00e9 intellectuelle<\/strong><\/p>\n\n\n\n<p>Le Site ainsi que l\u2019ensemble de ses contenus sont prot\u00e9g\u00e9s par les lois fran\u00e7aises et internationales relatives \u00e0 la propri\u00e9t\u00e9 intellectuelle. Tous les \u00e9l\u00e9ments pr\u00e9sents sur le site, incluant notamment les textes, articles, descriptions de produits, guides et autres contenus \u00e9ditoriaux, les photographies, illustrations, logos, infographies, vid\u00e9os et \u00e9l\u00e9ments graphiques, la structure g\u00e9n\u00e9rale du site, son design et ses fonctionnalit\u00e9s, les marques, noms commerciaux, logos, et autres signes distinctifs affich\u00e9s, sont la propri\u00e9t\u00e9 exclusive l\u2019\u00c9diteur ou de ses partenaires ayant accord\u00e9 une licence d\u2019utilisation, sauf mention contraire explicite.<\/p>\n\n\n\n<p>Toute reproduction, repr\u00e9sentation, modification, publication, adaptation ou exploitation, totale ou partielle, de ces \u00e9l\u00e9ments, par quelque moyen que ce soit, est interdite sans l\u2019autorisation pr\u00e9alable \u00e9crite de l\u2019\u00c9diteur.<\/p>\n\n\n\n<p>L\u2019acc\u00e8s au Site ne conf\u00e8re \u00e0 l\u2019utilisateur aucun droit de propri\u00e9t\u00e9 intellectuelle sur les \u00e9l\u00e9ments qui y sont pr\u00e9sents. L\u2019utilisateur est autoris\u00e9 \u00e0 consulter et utiliser le Site uniquement \u00e0 titre personnel et priv\u00e9, \u00e0 des fins non commerciales. Toute autre utilisation (reproduction, extraction, modification, etc.) est strictement interdite sans autorisation \u00e9crite.<\/p>\n\n\n\n<p><strong>Protection des donn\u00e9es \u00e0 caract\u00e8re personnel\u00a0<\/strong><br>Pour consulter notre politique de confidentialit\u00e9,\u00a0<a href=\"https:\/\/rideandco.com\/giant\/politique-de-confidentialite\/\">cliquez ici<\/a><a>.<\/a><\/p>\n\n\n\n<p><strong>Utilisation du site\u00a0<\/strong><br>L\u2019utilisation du Site par l\u2019utilisateur doit se faire en conformit\u00e9 avec les\u00a0<a href=\"https:\/\/rideandco.com\/giant\/conditions-generales-de-vente\/\">Conditions G\u00e9n\u00e9rales d\u2019Utilisation<\/a>\u00a0du Site accessibles via le lien\u00a0<a href=\"https:\/\/rideandco.com\/giant\/conditions-generales-de-vente\/\">https:\/\/rideandco.com\/giant\/politique-de-confidentialite\/<\/a>.<\/p>\n\n\n\n<p><strong>Collecte des donn\u00e9es<\/strong><br>Les informations que vous nous transmettez (nom, pr\u00e9nom, email, t\u00e9l\u00e9phone, code postal) sont n\u00e9cessaires pour traiter vos demandes, assurer le suivi des commandes, et vous informer des offres de notre enseigne. La collecte de ces donn\u00e9es fait l\u2019objet d\u2019une d\u00e9claration aupr\u00e8s de la&nbsp;<strong>Commission Nationale de l\u2019Informatique et des Libert\u00e9s (CNIL)<\/strong>.<\/p>\n\n\n\n<p><strong>Droits de l\u2019utilisateur<\/strong><br>Vous pouvez \u00e0 tout moment demander l\u2019acc\u00e8s, la modification, ou la suppression de vos donn\u00e9es personnelles en contactant&nbsp;<strong>GROUPE GRIM SAS<\/strong>, 448 Route du Pont de Guerre, 34970 Lattes. Les donn\u00e9es collect\u00e9es ne sont ni vendues ni partag\u00e9es avec des tiers, sauf obligation l\u00e9gale.<\/p>\n\n\n\n<p><strong>Envois d\u2019informations et de newsletters<\/strong><br>Si vous avez donn\u00e9 votre consentement, Ride &amp; Co et ses partenaires peuvent vous envoyer des informations par email dans le cadre d\u2019op\u00e9rations promotionnelles ou de newsletters. Suite \u00e0 une demande de devis, nous pourrons vous proposer, pour une dur\u00e9e de 30 jours et dans la limite de deux emails maximum, des mod\u00e8les correspondant \u00e0 vos recherches. Vous pouvez \u00e0 tout moment vous d\u00e9sinscrire de ces envois via le lien de d\u00e9sinscription int\u00e9gr\u00e9 dans nos communications.<\/p>\n\n\n\n<p><strong>Politique de cookies<\/strong><br>Le site\u00a0<a href=\"http:\/\/www.rideandco.com\/giant\/\">www.rideandco.com\/giant\/<\/a>\u00a0utilise des cookies pour am\u00e9liorer votre exp\u00e9rience de navigation, optimiser les services que nous vous proposons, et personnaliser les contenus publicitaires. La gestion de vos pr\u00e9f\u00e9rences en mati\u00e8re de cookies est assur\u00e9e par la plateforme\u00a0<strong>Axeptio<\/strong>, qui vous permet de choisir quels types de cookies vous souhaitez accepter ou refuser de mani\u00e8re simple et transparente.<\/p>\n\n\n\n<p><strong>Utilisation des cookies<\/strong><br>Lors de votre premi\u00e8re visite sur notre site, une banni\u00e8re Axeptio vous informe de l\u2019utilisation des cookies et vous offre la possibilit\u00e9 de g\u00e9rer vos pr\u00e9f\u00e9rences. Vous pouvez modifier ces choix \u00e0 tout moment en cliquant sur le lien \u00ab&nbsp;Param\u00e8tres des cookies&nbsp;\u00bb situ\u00e9 en bas de chaque page.<\/p>\n\n\n\n<p><strong>Types de Cookies Utilis\u00e9s<\/strong><br>Voici les cat\u00e9gories de cookies que nous utilisons, g\u00e9r\u00e9es via Axeptio :<\/p>\n\n\n\n<ul class=\"wp-block-list\">\n<li><strong>Cookies de stockage d\u2019analyse<\/strong>\u00a0:<br>Ces cookies nous permettent de collecter des donn\u00e9es sur la fr\u00e9quentation du site, le nombre de pages vues, et le parcours des utilisateurs. Ils nous aident \u00e0 comprendre comment nos visiteurs interagissent avec le site, \u00e0 analyser les statistiques de fr\u00e9quentation et \u00e0 am\u00e9liorer la qualit\u00e9 de nos services. Exemples : Google Analytics.<\/li>\n\n\n\n<li><strong>Cookies de stockage de publicit\u00e9<\/strong>\u00a0:<br>Ces cookies servent \u00e0 personnaliser les annonces publicitaires en fonction de vos int\u00e9r\u00eats et de votre comportement de navigation sur notre site et ailleurs. Ils permettent \u00e9galement de limiter le nombre de fois qu\u2019une m\u00eame annonce vous est pr\u00e9sent\u00e9e et d\u2019\u00e9valuer l\u2019efficacit\u00e9 de nos campagnes publicitaires. Ces cookies sont install\u00e9s uniquement avec votre consentement.<\/li>\n\n\n\n<li><strong>Cookies de donn\u00e9es utilisateur de publicit\u00e9<\/strong>\u00a0:<br>Ces cookies collectent des informations sp\u00e9cifiques sur les utilisateurs (comme le type de pages visit\u00e9es ou les produits consult\u00e9s) afin de proposer des publicit\u00e9s pertinentes et adapt\u00e9es aux centres d\u2019int\u00e9r\u00eat. Ils nous aident \u00e0 comprendre vos pr\u00e9f\u00e9rences pour personnaliser le contenu publicitaire en cons\u00e9quence.<\/li>\n\n\n\n<li><strong>Cookies de personnalisation de publicit\u00e9<\/strong>\u00a0:<br>Ces cookies permettent de personnaliser le contenu des publicit\u00e9s affich\u00e9es en fonction des donn\u00e9es personnelles que vous nous avez fournies et de votre historique de navigation. Ils permettent de cr\u00e9er un profil utilisateur afin de vous proposer des annonces adapt\u00e9es \u00e0 vos pr\u00e9f\u00e9rences sur notre site et en dehors.<\/li>\n<\/ul>\n\n\n\n<p><strong>Vos choix concernant les cookies<\/strong><br>Gr\u00e2ce \u00e0 Axeptio, vous avez la possibilit\u00e9 de g\u00e9rer vos pr\u00e9f\u00e9rences de mani\u00e8re pr\u00e9cise pour chaque cat\u00e9gorie de cookies. En modifiant les param\u00e8tres d\u2019Axeptio, vous pouvez accepter ou refuser les cookies non n\u00e9cessaires \u00e0 votre navigation. Notez que le refus de certains cookies peut affecter l\u2019utilisation de certaines fonctionnalit\u00e9s du site, comme les recommandations personnalis\u00e9es ou la gestion du panier.<\/p>\n\n\n\n<p><strong>Param\u00e9trage du navigateur<\/strong><br>En compl\u00e9ment de vos choix via Axeptio, vous pouvez \u00e9galement configurer votre navigateur pour bloquer certains types de cookies. Pour plus d\u2019informations sur le param\u00e9trage des cookies, vous pouvez consulter les liens suivants pour les principaux navigateurs :<\/p>\n\n\n\n<ul class=\"wp-block-list\">\n<li><strong>Mozilla Firefox<\/strong>\u00a0:\u00a0<a href=\"https:\/\/support.mozilla.org\/fr\/kb\/activer-desactiver-cookies\" target=\"_blank\" rel=\"noreferrer noopener\">https:\/\/support.mozilla.org\/fr\/kb\/activer-desactiver-cookies<\/a><\/li>\n\n\n\n<li><strong>Google Chrome<\/strong>\u00a0:\u00a0<a href=\"https:\/\/support.google.com\/accounts\/answer\/61416?hl=fr\" target=\"_blank\" rel=\"noreferrer noopener\">https:\/\/support.google.com\/accounts\/answer\/61416?hl=fr<\/a><\/li>\n\n\n\n<li><strong>Internet Explorer<\/strong>\u00a0:\u00a0<a href=\"http:\/\/windows.microsoft.com\/fr-fr\/windows7\/block-enable-or-allow-cookies\" target=\"_blank\" rel=\"noreferrer noopener\">http:\/\/windows.microsoft.com\/fr-fr\/windows7\/block-enable-or-allow-cookies<\/a><\/li>\n<\/ul>\n\n\n\n<p>En utilisant\u00a0<strong>Axeptio<\/strong>\u00a0pour la gestion de nos cookies, nous nous engageons \u00e0 respecter vos pr\u00e9f\u00e9rences de confidentialit\u00e9 tout en vous offrant une exp\u00e9rience de navigation personnalis\u00e9e et s\u00e9curis\u00e9e sur notre site\u00a0<a href=\"http:\/\/www.rideandco.com\/giant\/\">www.rideandco.com\/giant\/<\/a>.<\/p>\n\n\n\n<p><strong>Informations sur les produits<\/strong><\/p>\n\n\n\n<p>Les produits, notamment les v\u00e9los marqu\u00e9s en \u00ab&nbsp;stock&nbsp;\u00bb, sont disponibles sous r\u00e9serve des stocks existants. Les informations affich\u00e9es (photos, prix, \u00e9quipements) sont fournies \u00e0 titre indicatif et non contractuel.<\/p>\n\n\n\n<p><strong>Limitation de responsabilit\u00e9<\/strong><\/p>\n\n\n\n<p>Ride &amp; Co s\u2019efforce de tenir \u00e0 jour les informations publi\u00e9es sur son site. Cependant, la soci\u00e9t\u00e9 ne saurait \u00eatre tenue responsable d\u2019\u00e9ventuelles erreurs ou omissions, ainsi que des dommages directs ou indirects r\u00e9sultant de l\u2019acc\u00e8s au site ou de l\u2019utilisation des informations disponibles.<\/p>\n\n\n\n<p><strong>Droit applicable et juridiction comp\u00e9tente<\/strong><\/p>\n\n\n\n<p>Les pr\u00e9sentes mentions l\u00e9gales sont r\u00e9gies par le droit fran\u00e7ais. En cas de litige et en l\u2019absence de r\u00e9solution amiable, les tribunaux fran\u00e7ais sont seuls comp\u00e9tents.<\/p>\n\n\n\n<p><strong>Contact<\/strong><\/p>\n\n\n\n<p>Pour toute question ou demande relative aux mentions l\u00e9gales, \u00e0 la protection des donn\u00e9es personnelles, ou aux produits, vous pouvez nous contacter \u00e0 l\u2019adresse suivante :\u00a0<strong>GIANT Montpellier P\u00e9rols, Route de Carnon, ZAC du Fenouillet, 34470 P\u00e9rols<\/strong>, ou par e-mail \u00e0\u00a0<a href=\"mailto:contact.giant.montpellier@groupe-grim.com\">contact.giant.montpellier@groupe-grim.com<\/a>.<\/p>\n","protected":false},"excerpt":{"rendered":"<p>Le site internet www.rideandco.com\/giant\/ (ci-apr\u00e8s le \u00ab\u00a0Site\u00a0\u00bb) est \u00e9dit\u00e9 par\u00a0: L GRIMAUTO SARL, soci\u00e9t\u00e9 \u00e0 responsabilit\u00e9 limit\u00e9e, au capital de 5000,00 euros, immatricul\u00e9 au Registre du Commerce et des Soci\u00e9t\u00e9s de Montpellier sous le num\u00e9ro 808 166 144Si\u00e8ge social\u00a0:\u00a0448 Route du Pont de Guerre 34970 LattesN\u00b0TVA\u00a0:\u00a0FR81880090626T\u00e9l\u00e9phone\u00a0:\u00a004 67 50 40 20E-mail\u00a0:\u00a0contact.giant.montpellier@groupe-grim.com(Ci-apr\u00e8s l\u2019\u00ab\u00a0\u00c9diteur\u00a0\u00bb) Directeur de la publication&nbsp;: [&hellip;]<\/p>\n","protected":false},"author":2,"featured_media":0,"parent":0,"menu_order":0,"comment_status":"closed","ping_status":"closed","template":"","meta":{"_acf_changed":false,"two_page_speed":[],"footnotes":""},"class_list":["post-112819","page","type-page","status-publish","hentry"],"acf":[],"_links":{"self":[{"href":"https:\/\/rideandco.com\/giant\/wp-json\/wp\/v2\/pages\/112819","targetHints":{"allow":["GET"]}}],"collection":[{"href":"https:\/\/rideandco.com\/giant\/wp-json\/wp\/v2\/pages"}],"about":[{"href":"https:\/\/rideandco.com\/giant\/wp-json\/wp\/v2\/types\/page"}],"author":[{"embeddable":true,"href":"https:\/\/rideandco.com\/giant\/wp-json\/wp\/v2\/users\/2"}],"replies":[{"embeddable":true,"href":"https:\/\/rideandco.com\/giant\/wp-json\/wp\/v2\/comments?post=112819"}],"version-history":[{"count":16,"href":"https:\/\/rideandco.com\/giant\/wp-json\/wp\/v2\/pages\/112819\/revisions"}],"predecessor-version":[{"id":119900,"href":"https:\/\/rideandco.com\/giant\/wp-json\/wp\/v2\/pages\/112819\/revisions\/119900"}],"wp:attachment":[{"href":"https:\/\/rideandco.com\/giant\/wp-json\/wp\/v2\/media?parent=112819"}],"curies":[{"name":"wp","href":"https:\/\/api.w.org\/{rel}","templated":true}]}}