{"id":112617,"date":"2024-09-09T14:51:23","date_gmt":"2024-09-09T12:51:23","guid":{"rendered":"https:\/\/rideandco.com\/giant\/?page_id=112617"},"modified":"2025-03-17T21:47:53","modified_gmt":"2025-03-17T20:47:53","slug":"etude-posturale","status":"publish","type":"page","link":"https:\/\/rideandco.com\/giant\/etude-posturale\/","title":{"rendered":"L&rsquo;\u00e9tude posturale chez GIANT Montpellier"},"content":{"rendered":"\n<h2 class=\"wp-block-heading\"><strong>Pourquoi faire une \u00e9tude posturale ?<\/strong><\/h2>\n\n\n\n<p>Que vous soyez un <strong>cycliste amateur<\/strong> ou un <strong>passionn\u00e9 de performance<\/strong>, une <strong>mauvaise posture sur votre v\u00e9lo<\/strong> peut entra\u00eener <strong>inconfort, douleurs, blessures et baisse d\u2019efficacit\u00e9<\/strong>. C\u2019est pourquoi <strong>l\u2019\u00e9tude posturale <\/strong>est une \u00e9tape essentielle pour optimiser votre position et rouler en toute s\u00e9curit\u00e9. Chez <strong>GIANT Montpellier<\/strong>, nous mettons \u00e0 votre disposition une analyse posturale personnalis\u00e9e, r\u00e9alis\u00e9e par nos <strong>sp\u00e9cialistes form\u00e9s<\/strong>.<\/p>\n\n\n\n<h3 class=\"wp-block-heading\"><strong>Qu&rsquo;est-ce qu&rsquo;une \u00e9tude posturale ?<\/strong><\/h3>\n\n\n\n<p>Contrairement \u00e0 une simple mesure statique, l\u2019\u00e9tude posturale prend en compte votre position en mouvement pour une <strong>analyse plus pr\u00e9cise et plus efficace<\/strong>. Elle repose sur :<\/p>\n\n\n\n<ul class=\"wp-block-list\">\n<li><strong>Une analyse biom\u00e9canique<\/strong> pour identifier votre posture naturelle.<\/li>\n\n\n\n<li><strong>Des ajustements en temps r\u00e9el<\/strong> de votre v\u00e9lo en fonction de votre morphologie.<\/li>\n\n\n\n<li><strong>L&rsquo;optimisation du rendement<\/strong> pour am\u00e9liorer vos performances et votre confort.<\/li>\n<\/ul>\n\n\n\n<p>Gr\u00e2ce \u00e0 cette \u00e9tude, nous ajustons les <strong>r\u00e9glages de votre v\u00e9lo<\/strong> (\u00e2ge, morphologie, flexibilit\u00e9, style de pratique) pour une exp\u00e9rience de conduite optimale.<\/p>\n\n\n\n<h2 class=\"wp-block-heading\"><strong>Les avantages de l\u2019\u00e9tude posturale chez GIANT Montpellier<\/strong><\/h2>\n\n\n\n<h3 class=\"wp-block-heading\"><strong>1. Pr\u00e9vention des douleurs et blessures<\/strong><\/h3>\n\n\n\n<p>Une mauvaise position peut provoquer des douleurs chroniques (<strong>genoux, dos, poignets, cervicales<\/strong>). Notre \u00e9tude posturale permet d\u2019\u00e9viter ces probl\u00e8mes en adaptant votre position \u00e0 votre morphologie.<\/p>\n\n\n\n<h3 class=\"wp-block-heading\"><strong>2. Am\u00e9lioration de vos performances<\/strong><\/h3>\n\n\n\n<p>En optimisant l\u2019alignement de votre corps et en adaptant la g\u00e9om\u00e9trie de votre v\u00e9lo, vous gagnez en <strong>rendement et en efficacit\u00e9<\/strong> pour des efforts mieux g\u00e9r\u00e9s.<\/p>\n\n\n\n<h3 class=\"wp-block-heading\"><strong>3. Confort et plaisir de rouler<\/strong><\/h3>\n\n\n\n<p>Un v\u00e9lo bien ajust\u00e9 permet de rouler <strong>plus longtemps sans inconfort<\/strong>, que ce soit pour une balade ou une comp\u00e9tition.<\/p>\n\n\n\n<h3 class=\"wp-block-heading\"><strong>4. Un service sur-mesure et personnalis\u00e9<\/strong><\/h3>\n\n\n\n<p>Nos experts chez <strong>GIANT Montpellier<\/strong> prennent le temps d\u2019\u00e9valuer <strong>vos besoins et votre style de pratique<\/strong> pour un r\u00e9glage 100% personnalis\u00e9.<\/p>\n\n\n\n<h2 class=\"wp-block-heading\"><strong>Comment se d\u00e9roule une \u00e9tude posturale chez GIANT Montpellier ?<\/strong><\/h2>\n\n\n\n<h3 class=\"wp-block-heading\"><strong>1. Entretien avec un sp\u00e9cialiste<\/strong><\/h3>\n\n\n\n<p>Nous discutons de <strong>votre pratique cycliste<\/strong>, de vos objectifs et des probl\u00e8mes que vous rencontrez.<\/p>\n\n\n\n<h3 class=\"wp-block-heading\"><strong>2. Analyse morphologique et biom\u00e9canique<\/strong><\/h3>\n\n\n\n<p>Nous r\u00e9alisons <strong>plusieurs mesures<\/strong> (longueur des jambes, flexibilit\u00e9, position naturelle) pour comprendre votre morphologie.<\/p>\n\n\n\n<h3 class=\"wp-block-heading\"><strong>3. Test sur home-trainer<\/strong><\/h3>\n\n\n\n<p>Nous analysons votre <strong>p\u00e9dalage en mouvement<\/strong> avec des capteurs et vid\u00e9os pour rep\u00e9rer les d\u00e9s\u00e9quilibres.<\/p>\n\n\n\n<h3 class=\"wp-block-heading\"><strong>4. Ajustements et recommandations<\/strong><\/h3>\n\n\n\n<p>Nous adaptons la <strong>hauteur de selle, longueur de potence, recul de selle, position du cintre et cales des p\u00e9dales<\/strong> pour un <strong>ajustement optimal<\/strong>.<\/p>\n\n\n\n<h2 class=\"wp-block-heading\"><strong>Offrez une \u00e9tude posturale \u00e0 un proche sur Montpellier !<\/strong><\/h2>\n\n\n\n<p><strong>Vous cherchez une id\u00e9e cadeau originale pour un passionn\u00e9 de v\u00e9lo ?<\/strong> Offrez une <strong>carte cadeau pour une \u00e9tude posturale dynamique<\/strong> chez <strong>GIANT Montpellier<\/strong> ! C&rsquo;est le pr\u00e9sent id\u00e9al pour allier performance et bien-\u00eatre.<\/p>\n\n\n \n <!-- G\u00e9n\u00e9rer le bouton avec les classes appropri\u00e9es -->\n <a href=\"https:\/\/rideandco.com\/giant\/contacts-et-acces\/\" class=\"custom-button custom-button-style1\">\n     <span class=\"custom-button-text\">Contactez-nous !<\/span>\n              <span class=\"custom-button-icon\">\n             <img decoding=\"async\" src=\"https:\/\/rideandco.com\/giant\/wp-content\/themes\/rideandco\/src\/img\/icons\/fleche-droite-blanche-petite.svg\" alt=\"Icone\">\n         <\/span>\n      <\/a>\n \n\n\n<h2 class=\"wp-block-heading\"><strong>Prenez rendez-vous chez GIANT Montpellier<\/strong><\/h2>\n\n\n\n<p>Ne laissez pas une mauvaise posture vous freiner ! Prenez rendez-vous pour une <strong>\u00e9tude posturale dynamique personnalis\u00e9e<\/strong> et roulez avec <strong>plus de confort et de performance<\/strong>.<\/p>\n\n\n \n <!-- G\u00e9n\u00e9rer le bouton avec les classes appropri\u00e9es -->\n <a href=\"https:\/\/rideandco.com\/giant\/contacts-et-acces\/\" class=\"custom-button custom-button-style1\">\n     <span class=\"custom-button-text\">Rendez-vous en magasin<\/span>\n              <span class=\"custom-button-icon\">\n             <img decoding=\"async\" src=\"https:\/\/rideandco.com\/giant\/wp-content\/themes\/rideandco\/src\/img\/icons\/fleche-droite-blanche-petite.svg\" alt=\"Icone\">\n         <\/span>\n      <\/a>\n \n\n\n<hr class=\"wp-block-separator has-alpha-channel-opacity\"\/>\n\n\n\n<p>Chez <strong>GIANT Montpellier<\/strong>, nous sommes convaincus que chaque cycliste m\u00e9rite une <strong>position parfaite<\/strong> pour un confort et des performances optimales. Venez nous rencontrer en magasin pour b\u00e9n\u00e9ficier d&rsquo;un service sur-mesure et expert !<\/p>\n","protected":false},"excerpt":{"rendered":"<p>Pourquoi faire une \u00e9tude posturale ? Que vous soyez un cycliste amateur ou un passionn\u00e9 de performance, une mauvaise posture sur votre v\u00e9lo peut entra\u00eener inconfort, douleurs, blessures et baisse d\u2019efficacit\u00e9. C\u2019est pourquoi l\u2019\u00e9tude posturale est une \u00e9tape essentielle pour optimiser votre position et rouler en toute s\u00e9curit\u00e9. Chez GIANT Montpellier, nous mettons \u00e0 votre [&hellip;]<\/p>\n","protected":false},"author":2,"featured_media":0,"parent":0,"menu_order":0,"comment_status":"closed","ping_status":"closed","template":"","meta":{"_acf_changed":false,"two_page_speed":{"current_score":{"desktop_score":98,"desktop_tti":"0.3\u00a0","mobile_score":100,"mobile_tti":"0.9\u00a0","date":"17.03.2025 02:51:44 pm","status":"error_no_score"}},"footnotes":""},"class_list":["post-112617","page","type-page","status-publish","hentry"],"acf":[],"_links":{"self":[{"href":"https:\/\/rideandco.com\/giant\/wp-json\/wp\/v2\/pages\/112617","targetHints":{"allow":["GET"]}}],"collection":[{"href":"https:\/\/rideandco.com\/giant\/wp-json\/wp\/v2\/pages"}],"about":[{"href":"https:\/\/rideandco.com\/giant\/wp-json\/wp\/v2\/types\/page"}],"author":[{"embeddable":true,"href":"https:\/\/rideandco.com\/giant\/wp-json\/wp\/v2\/users\/2"}],"replies":[{"embeddable":true,"href":"https:\/\/rideandco.com\/giant\/wp-json\/wp\/v2\/comments?post=112617"}],"version-history":[{"count":10,"href":"https:\/\/rideandco.com\/giant\/wp-json\/wp\/v2\/pages\/112617\/revisions"}],"predecessor-version":[{"id":118274,"href":"https:\/\/rideandco.com\/giant\/wp-json\/wp\/v2\/pages\/112617\/revisions\/118274"}],"wp:attachment":[{"href":"https:\/\/rideandco.com\/giant\/wp-json\/wp\/v2\/media?parent=112617"}],"curies":[{"name":"wp","href":"https:\/\/api.w.org\/{rel}","templated":true}]}}