{"id":112516,"date":"2024-09-09T13:46:23","date_gmt":"2024-09-09T11:46:23","guid":{"rendered":"https:\/\/rideandco.com\/giant\/?page_id=112516"},"modified":"2026-01-20T16:13:09","modified_gmt":"2026-01-20T15:13:09","slug":"assurance-velo","status":"publish","type":"page","link":"https:\/\/rideandco.com\/giant\/assurance-velo\/","title":{"rendered":"Assurance v\u00e9lo"},"content":{"rendered":"\n<h2 class=\"wp-block-heading\">GIANT Montpellier, l\u2019assurance v\u00e9lo \u00e0 1\u20ac<\/h2>\n\n\n\n<p>\u00c0 l\u2019achat d\u2019un v\u00e9lo en ligne ou en magasin chez GIANT Montpellier P\u00e9rols ou Jacou, b\u00e9n\u00e9ficiez d\u2019une assurance v\u00e9lo compl\u00e8te\u00a0<strong>VOL + CASSE + ASSISTANCE<\/strong>\u00a0pour seulement\u00a0<strong>1\u20ac pendant 1 an<\/strong>.*<br><em>*Offre valable pour les v\u00e9los musculaires et v\u00e9los \u00e0 assistance \u00e9lectrique (VAE \u2264 25 km\/h), neufs ou usag\u00e9s jusqu\u2019\u00e0 36 mois, d\u2019une valeur d\u2019achat inf\u00e9rieure \u00e0 15 000 \u20ac TTC. Assurance non cumulable avec toute offre promotionnelle en cours.<a href=\"https:\/\/rideandco.com\/giant\/contacts-et-acces\/\">\u00a0Voir condition en magasin<\/a><\/em><\/p>\n\n\n\n<!DOCTYPE html>\n<html lang=\"fr\">\n<head>\n  <title>Tableau Interactif<\/title>\n  <style>\n    .tab-container {\n      display: flex;\n      justify-content: center;\n      margin-top: 20px;\n      color: white;\n    }\n\n    .tab {\n      flex: 1;\n      text-align: center;\n      padding: 10px;\n      background-color: #190e8b;\n      cursor: pointer;\n      border: 1px solid #ccc;\n    }\n\n    .tab-content {\n      display: none;\n      padding: 20px;\n      border: 1px solid #190e8b;\n      margin-top: 10px;\n    }\n\n    .active-tab {\n      background-color: #ffffff;\n      color: #190e8b;\n    }\n\n    .active-content {\n      display: block;\n      animation: fadeIn 0.5s ease-in-out;\n    }\n\n    @keyframes fadeIn {\n      from { opacity: 0; }\n      to { opacity: 1; }\n    }\n  <\/style>\n<\/head>\n\n<body>\n\n<div class=\"tab-container\">\n  <div class=\"tab\" onclick=\"showContent(1)\">Vol<\/div>\n  <div class=\"tab\" onclick=\"showContent(2)\">Dommages mat\u00e9riels<\/div>\n  <div class=\"tab\" onclick=\"showContent(3)\">Assistance<\/div>\n<\/div>\n\n<!-- VOL -->\n<div id=\"content-1\" class=\"tab-content\">\n  <h3>Vol<\/h3>\n\n  <p>La notion de vol recouvre :<\/p>\n  <ul>\n    <li><strong>Vol par effraction :<\/strong> vol du Bien assur\u00e9, avec effraction soit du ou des dispositif(s) de fermeture de l\u2019espace dans lequel le Bien assur\u00e9 est enferm\u00e9, ou de l\u2019Antivol qui s\u00e9curisait le Bien assur\u00e9 attach\u00e9 \u00e0 un point fixe.<\/li>\n    <br>\n    <li><strong>Vol par violence :<\/strong> vol du Bien assur\u00e9 \u2013 port\u00e9 ou tenu par l\u2019Assur\u00e9 \u2013 obtenu par son arrachement, ou par des violences, contraintes physiques, des menaces.<\/li>\n    <br>\n    <li><strong>Vol partiel :<\/strong> soustraction frauduleuse d\u2019un ou plusieurs Pi\u00e8ces fixes du Bien assur\u00e9 attach\u00e9 \u00e0 un Point fixe avec un Antivol.<\/li>\n  <\/ul>\n\n  <p><strong>Restriction importante :<\/strong> En cas de vol, afin d\u2019\u00eatre couvert par le contrat d\u2019assurance, le VAE ou v\u00e9lo musculaire assur\u00e9 doit \u00eatre fix\u00e9 \u00e0 un point d\u2019attache fixe avec un antivol dont la valeur d\u2019achat est sup\u00e9rieure \u00e0 49\u20ac TTC. L\u2019antivol doit \u00eatre achet\u00e9 avant ou au plus tard dans les 30 jours de la date de souscription du contrat d\u2019assurance.<\/p>\n\n  <p><strong>Obligation en cas de sinistre :<\/strong> le sinistre doit \u00eatre d\u00e9clar\u00e9 au plus tard <strong>cinq (5) jours ouvr\u00e9s<\/strong> en cas de Vol.<\/p>\n<\/div>\n\n<!-- DOMMAGES MATERIELS -->\n<div id=\"content-2\" class=\"tab-content\">\n  <h3>Dommages mat\u00e9riels<\/h3>\n\n  <p>La prise en charge peut s\u2019appliquer notamment \u00e0 la suite :<\/p>\n  <ul>\n    <li><strong>d\u2019une panne<\/strong> de la batterie du VAE ou des composants \u00e9lectroniques du v\u00e9lo musculaire ;<\/li>\n    <li><strong>de l\u2019usure ou du vieillissement<\/strong> de la batterie du VAE (\u00e0 partir du treizi\u00e8me (13e) mois apr\u00e8s la date de prise d\u2019effet du contrat ou du remplacement de la batterie) ;<\/li>\n    <li><strong>d\u2019un Accident ;<\/strong><\/li>\n    <li><strong>d\u2019une chute<\/strong> du Bien assur\u00e9 ;<\/li>\n    <li><strong>d\u2019un acte de vandalisme ;<\/strong><\/li>\n    <li><strong>de d\u00e9fauts de construction, de production et de mat\u00e9riaux<\/strong> apr\u00e8s l\u2019expiration de la garantie l\u00e9gale et conventionnelle ;<\/li>\n    <li><strong>d\u2019un Vol partiel.<\/strong><\/li>\n  <\/ul>\n\n  <p><strong>Prestation :<\/strong> en cas de dommage mat\u00e9riel caus\u00e9 au Bien assur\u00e9, prise en charge des <strong>frais de r\u00e9paration<\/strong>. Si le Bien assur\u00e9 est qualifi\u00e9 de <strong>Bien irr\u00e9parable<\/strong>, remplacement par un Bien de remplacement neuf identique ou iso-fonctionnel.<\/p>\n\n  <p><strong>En cas de sinistre total<\/strong> (Bien irr\u00e9parable) ou en cas de Vol, remplacement ou, \u00e0 d\u00e9faut de disponibilit\u00e9, participation \u00e0 l\u2019acquisition d\u2019un bien de remplacement sur la base de la <strong>Valeur actuelle<\/strong>, d\u00e9duction faite de <strong>1% de v\u00e9tust\u00e9 par mois \u00e0 compter du 25e mois<\/strong>, avec un <strong>minimum de 40% du prix d\u2019achat TTC<\/strong>.<\/p>\n\n  <p><strong>Restriction :<\/strong> Les dommages qui n\u2019affectent pas le bon fonctionnement du bien assur\u00e9, les rayures, \u00e9gratignures, dommages \u00e0 la peinture, ainsi que les dommages caus\u00e9s aux accessoires sont exclus (voir conditions g\u00e9n\u00e9rales).<\/p>\n<\/div>\n\n<!-- ASSISTANCE -->\n<div id=\"content-3\" class=\"tab-content\">\n  <h3>Assistance<\/h3>\n\n  <p><strong>Assistance gratuite :<\/strong> en cas d\u2019immobilisation du VAE ou v\u00e9lo musculaire assur\u00e9 du fait d\u2019un sinistre, remboursement des frais de transport <strong>jusqu\u2019\u00e0 70\u20ac TTC<\/strong> (sur justificatifs), dans la limite de <strong>4 sinistres par an<\/strong>.<\/p>\n\n  <p><strong>Assistance premium (option payante) :<\/strong> prise en charge des frais de transport jusqu\u2019\u00e0 <strong>200\u20ac TTC<\/strong> (sur justificatifs) + remboursement des frais de location de v\u00e9lo \u00e0 hauteur de <strong>20\u20ac TTC \/ jour<\/strong> sur <strong>maximum 5 jours cons\u00e9cutifs<\/strong>, dans la limite de <strong>4 sinistres par an<\/strong>.<\/p>\n\n  <p><strong>Restriction importante :<\/strong> le nombre total de sinistres pris en charge par contrat (y compris option Assistance premium et option Comp\u00e9tition) est limit\u00e9 \u00e0 <strong>quatre (4) par ann\u00e9e d\u2019assurance<\/strong>, sauf pour l\u2019assurance de protection sp\u00e9cifique de la batterie du VAE, limit\u00e9e \u00e0 <strong>un (1) sinistre par an<\/strong>.<\/p>\n<\/div>\n\n<script>\n  function showContent(tabIndex) {\n    const tabs = document.querySelectorAll('.tab');\n    const contents = document.querySelectorAll('.tab-content');\n\n    tabs.forEach((tab, index) => {\n      tab.classList.remove('active-tab');\n      contents[index].classList.remove('active-content');\n    });\n\n    tabs[tabIndex - 1].classList.add('active-tab');\n    document.getElementById('content-' + tabIndex).classList.add('active-content');\n  }\n<\/script>\n\n<\/body>\n<\/html>\n\n\n\n<div class=\"wp-block-columns is-layout-flex wp-container-core-columns-is-layout-1 wp-block-columns-is-layout-flex\">\n<div class=\"wp-block-column is-layout-flow wp-block-column-is-layout-flow\"><div class=\"wp-block-image\">\n<figure class=\"aligncenter size-full is-resized has-custom-border\"><img loading=\"lazy\" decoding=\"async\" width=\"300\" height=\"217\" src=\"https:\/\/rideandco.com\/wp-content\/uploads\/2024\/08\/assurance-velo-accepte-300x217-1.jpg\" alt=\"Ride &amp; Co, l'assurance v\u00e9lo \u00e0 1\u20ac\" class=\"wp-image-112523\" style=\"border-style:none;border-width:0px;width:140px\"\/><\/figure><\/div>\n\n\n<h3 class=\"wp-block-heading has-medium-font-size\">Qu\u2019est-ce qui est assur\u00e9 ?<\/h3>\n\n\n\n<p>Le montant des garanties est soumis \u00e0 des plafonds qui figurent dans le contrat.<br>Sont assur\u00e9s, les v\u00e9los musculaires et les v\u00e9los \u00e0 assistance \u00e9lectrique (VAE), neufs et usag\u00e9s, jusqu\u2019\u00e0<br>36 mois et d\u2019une valeur maximale de 15 000 \u20ac TTC (incluant l\u2019antivol r\u00e9f\u00e9renc\u00e9), pour un usage priv\u00e9<br>ou non commercial.<br>Les batteries de VAE seules, \u00e2g\u00e9s de 6 mois maximum sont \u00e9galement assur\u00e9es de mani\u00e8re ind\u00e9pendante.<\/p>\n\n\n\n<h3 class=\"wp-block-heading has-medium-font-size\">Risques et dommages mat\u00e9riels assur\u00e9s<\/h3>\n\n\n\n<ul class=\"wp-block-list\">\n<li>Panne de la batterie du VAE ou composants \u00e9lectroniques du v\u00e9lo musculaire<\/li>\n\n\n\n<li>Usure, vieillissement de la batterie du VAE (\u00e0 compter du treizi\u00e8me (13e) mois apr\u00e8s la date de prise d\u2019effet du contrat)<\/li>\n\n\n\n<li>Accident<\/li>\n\n\n\n<li>Chute du VAE ou du v\u00e9lo musculaire assur\u00e9<\/li>\n\n\n\n<li>Acte de vandalisme<\/li>\n\n\n\n<li>D\u00e9fauts de construction, de production et de mat\u00e9riaux apr\u00e8s l\u2019expiration de la garantie l\u00e9gale et conventionnelle.<\/li>\n\n\n\n<li>Vol (vol par effraction, vol par violence)<\/li>\n\n\n\n<li>Vol partiel<\/li>\n<\/ul>\n\n\n\n<h3 class=\"wp-block-heading has-medium-font-size\">Les prestations de l&rsquo;assureur (y compris pour l\u2018option Comp\u00e9tition si celle-ci a \u00e9t\u00e9 souscrite) :<\/h3>\n\n\n\n<ul class=\"wp-block-list\">\n<li>En cas de dommage mat\u00e9riel caus\u00e9 au VAE ou v\u00e9lo musculaire assur\u00e9 : Prise en charge des frais de r\u00e9paration.<\/li>\n\n\n\n<li>En cas de sinistre total, vol ou si le VAE ou v\u00e9lo musculaire assur\u00e9 n\u2019est pas r\u00e9parable : remplacement par un v\u00e9lo iso fonctionnel ou si impossible, participation au remplacement du VAE ou v\u00e9lo musculaire assur\u00e9 par le versement (i) d\u00b4une indemnit\u00e9 correspondant \u00e0 la Valeur actuelle du VAE ou v\u00e9lo musculaire endommag\u00e9, d\u00e9duction faite de 1% de v\u00e9tust\u00e9 \u00e0 compter du 25e mois et dans la limite d\u2019un minimum de 40% du prix d\u2019achat TTC initial du bien. (Voir exemples dans les conditions g\u00e9n\u00e9rales du contrat)<\/li>\n\n\n\n<li>En cas de vol partiel ou d\u2019acte de vandalisme : Remboursement des frais d&rsquo;acquisition des nouvelles pi\u00e8ces et des frais de main d\u2019\u0153uvre.<\/li>\n\n\n\n<li>Assistance gratuite : en cas d\u2019immobilisation du VAE ou v\u00e9lo musculaire assur\u00e9 du fait d\u2019un sinistre, remboursement des frais de transport jusqu\u2019\u00e0 70 \u20ac TTC (sur justificatifs) dans la limite de 4 sinistres par an.<\/li>\n\n\n\n<li>Assistance premium (payante) : en cas d\u2019immobilisation du VAE ou v\u00e9lo musculaire assur\u00e9 du fait d\u2019un sinistre, remboursement des frais de transport jusqu\u2019\u00e0 200 \u20ac TTC (sur justificatifs) +20 \u20ac TTC\/jour sur pr\u00e9sentation de facture; sur maximum 5 jours cons\u00e9cutifs; dans la limite de 4 sinistres par an.<\/li>\n\n\n\n<li>Option Comp\u00e9tition : elle couvre la panne, le Vol et les Dommages mat\u00e9riels survenant lors de la participation \u00e0 des \u00e9v\u00e9nements sportifs, entra\u00eenements et comp\u00e9titions, dans la limite de 4 sinistres par an.<\/li>\n<\/ul>\n<\/div>\n\n\n\n<div class=\"wp-block-column is-layout-flow wp-block-column-is-layout-flow\"><div class=\"wp-block-image\">\n<figure class=\"aligncenter size-full is-resized\"><img loading=\"lazy\" decoding=\"async\" width=\"300\" height=\"218\" src=\"https:\/\/rideandco.com\/wp-content\/uploads\/2024\/08\/Assurance-refus-300x218-1.jpg\" alt=\"Ride &amp; Co, l'assurance v\u00e9lo \u00e0 1\u20ac\" class=\"wp-image-112524\" style=\"width:140px\"\/><\/figure><\/div>\n\n\n<h3 class=\"wp-block-heading has-medium-font-size\">Qu\u2019est-ce qui n\u2019est pas assur\u00e9 ?<\/h3>\n\n\n\n<ul class=\"wp-block-list\">\n<li>La batterie du VAE seule si \u00e2g\u00e9e de plus de 6 mois;<\/li>\n\n\n\n<li>Les VAE soumis \u00e0 une obligation d&rsquo;immatriculation;<\/li>\n\n\n\n<li>Les VAE ayant une vitesse maximale sup\u00e9rieure \u00e0 25km\/h;<\/li>\n\n\n\n<li>Les VAE et v\u00e9los musculaires utilis\u00e9s pour des fins commerciales;<\/li>\n\n\n\n<li>Les VAE et les v\u00e9los musculaires dont la valeur d\u2019achat est sup\u00e9rieure \u00e0 15 000 \u20ac TTC (incluant l\u2019antivol r\u00e9f\u00e9renc\u00e9);<\/li>\n\n\n\n<li>Les VAE et les v\u00e9los musculaires \u00e2g\u00e9s de plus de 36 mois.<\/li>\n<\/ul>\n\n\n\n<h3 class=\"wp-block-heading has-medium-font-size\">Y a-t-il des exclusions \u00e0 la couverture?<\/h3>\n\n\n\n<p>Tous les \u00e9v\u00e8nements ne sont pas assur\u00e9s. Sans \u00eatre exhaustif, sont exclus et restreints de la couverture d\u2018assurance :<\/p>\n\n\n\n<ul class=\"wp-block-list\">\n<li>La faute intentionnelle ou dolosive, la fraude ou la tentative de fraude par l\u2019assur\u00e9;<\/li>\n\n\n\n<li>Les dommages qui existaient d\u00e9j\u00e0 au moment de la conclusion du contrat; ou survenus durant le d\u00e9lai de carence pour les contrats et options (option Assistance Premium et\/ou option Comp\u00e9tition) souscrits ind\u00e9pendamment de l\u2019achat du bien;<\/li>\n\n\n\n<li>Les dommages qui n\u2019affectent pas le bon fonctionnement du bien assur\u00e9;<\/li>\n\n\n\n<li>Les rayures, \u00e9gratignures, dommages \u00e0 la peinture;<\/li>\n\n\n\n<li>Les dommages qui se produisent lors de la participation \u00e0 des manifestations sportives, des entrainements et des comp\u00e9titions; sauf en cas de souscription \u00e0 l\u2018option Comp\u00e9tition;<\/li>\n\n\n\n<li>Les dommages pour lesquels la facture d\u2019achat de l\u2019antivol r\u00e9f\u00e9renc\u00e9 ne peut \u00eatre pr\u00e9sent\u00e9e suite \u00e0 un vol;<\/li>\n\n\n\n<li>Les dommages caus\u00e9s aux accessoires du bien assur\u00e9;<\/li>\n\n\n\n<li>Les frais d\u2019entretien, de modification, de maintenance, de r\u00e9vision ou de mise au point du bien assur\u00e9;<\/li>\n\n\n\n<li>Les appareils\/biens dont la date d\u2019achat par l\u2019assur\u00e9 est sup\u00e9rieure a trente-six (36) mois, a la date de souscription du contrat, la facture faisant foi;<\/li>\n<\/ul>\n\n\n\n<h3 class=\"wp-block-heading\">Principales restrictions :<\/h3>\n\n\n\n<ul class=\"wp-block-list\">\n<li>Le nombre total de sinistres pris en charge par contrat (y compris Option Assistance Premium et Option Comp\u00e9tition) est limit\u00e9 \u00e0 quatre (4) par ann\u00e9e d\u2019assurance sauf pour l\u2019assurance de protection sp\u00e9cifique de la batterie du VAE, qui est limit\u00e9e \u00e0 un (1) sinistre par an.<\/li>\n\n\n\n<li>En cas de vol, afin d\u00b4\u00eatre couvert par le contrat d&rsquo;assurance, le VAE ou v\u00e9lo musculaire assur\u00e9 doit \u00eatre fix\u00e9 \u00e0 un point d&rsquo;attache fixe avec un antivol dont la valeur d\u2018achat est sup\u00e9rieure \u00e0 49 \u20ac TTC. L\u2019antivol doit \u00eatre achet\u00e9 avant ou au plus tard dans les 30 jours de la date de souscription du contrat d\u2019assurance.<\/li>\n\n\n\n<li>L\u2019usure et le vieillissement d\u2019\u00e9l\u00e9ments autres que la batterie du VAE n\u2019est pas couvert par le contrat d\u2019assurance.<\/li>\n<\/ul>\n<\/div>\n<\/div>\n\n\n\n<h2 class=\"wp-block-heading\">O\u00f9 suis-je couvert ?<\/h2>\n\n\n\n<ul class=\"wp-block-list\">\n<li>L\u2019assurance est valable en France ainsi que lors de tout voyage temporaire (jusqu\u2019\u00e0 une dur\u00e9e maximale de 6 semaines) dans le monde entier.<\/li>\n<\/ul>\n\n\n\n<h2 class=\"wp-block-heading\">Quelles sont mes obligations ?<\/h2>\n\n\n\n<p>Le pr\u00e9sent contrat repose sur une relation de confiance r\u00e9ciproque entre les parties. Sous peine de nullit\u00e9 du contrat d\u2019assurance ou de non garantie vous devez :<br><strong>A la souscription du contrat :<\/strong><\/p>\n\n\n\n<ul class=\"wp-block-list\">\n<li>R\u00e9pondre exactement aux questions pos\u00e9es par l\u2019assureur au moment de la souscription du contrat d\u2019assurance,<\/li>\n\n\n\n<li>Fournir tous les documents et justificatifs demand\u00e9s par l\u2019Assureur.<\/li>\n<\/ul>\n\n\n\n<p><strong>En cours de contrat :<\/strong><\/p>\n\n\n\n<ul class=\"wp-block-list\">\n<li>R\u00e9gler la cotisation indiqu\u00e9e au contrat dans les d\u00e9lais impartis et int\u00e9gralement,<\/li>\n\n\n\n<li>D\u00e9clarer toutes circonstances nouvelles en cours de contrat ayant pour cons\u00e9quence d\u2019aggraver les risques pris en charge soit d\u2019en cr\u00e9er des nouveaux,<\/li>\n\n\n\n<li>Informer des garanties \u00e9ventuellement souscrites pour les m\u00eames risques en tout ou partie aupr\u00e8s d\u2019autres assureurs.<\/li>\n<\/ul>\n\n\n\n<p><strong>En cas de sinistre<\/strong> :<\/p>\n\n\n\n<ul class=\"wp-block-list\">\n<li>D\u00e9clarer sans d\u00e9lai tout sinistre de nature \u00e0 mettre en jeu la garantie, au plus tard DIX (10) jours ouvr\u00e9s (le d\u00e9lai est r\u00e9duit \u00e0 CINQ (5) jours ouvr\u00e9s en cas de vol) apr\u00e8s sa survenance;<\/li>\n\n\n\n<li>Communiquer les informations relatives au contrat d\u2019assurance, la preuve d\u2019achat du VAE ou v\u00e9lo musculaire et toutes pi\u00e8ces demand\u00e9es par l\u2019assureur, afin que le dossier de sinistre soit trait\u00e9 dans les meilleurs d\u00e9lais ;<\/li>\n\n\n\n<li>En cas de vol, vol partiel ou acte de vandalisme, communiquer \u00e9galement le d\u00e9p\u00f4t de plainte p\u00e9nale, au plus tard cinq jours ouvr\u00e9s apr\u00e8s la survenance du sinistre<\/li>\n<\/ul>\n\n\n\n<h2 class=\"wp-block-heading\">Quand commence la couverture et quand prend-elle fin ?<\/h2>\n\n\n\n<p>D\u00e9but du contrat et options souscrits lors de l\u2019achat du bien \u00e0 assurer : date de souscription du contrat d\u2019assurance<br>D\u00e9but de couverture du contrat et options souscrits post\u00e9rieurement \u00e0 l\u2019achat du bien \u00e0 assurer : le jour suivant la fin du d\u00e9lai de carence.<br>Le contrat est conclu pour une dur\u00e9e minimale d\u2019un an et se renouvelle automatiquement par tacite reconduction pour une p\u00e9riode d\u2019un an s\u2019il n\u2019a pas \u00e9t\u00e9 r\u00e9sili\u00e9 par vous ou par nous dans les cas et conditions fix\u00e9s au contrat d\u2019assurance, ou si la facult\u00e9 de renonciation pr\u00e9vue par l\u2019article L112-10 du Code des Assurances n\u2019a pas \u00e9t\u00e9 exerc\u00e9e dans le d\u00e9lai de trente (30) jours calendaires \u00e0 compter de la conclusion du contrat.<br>Dans le cas o\u00f9 vous ne payez pas la premi\u00e8re fraction mensuelle de prime dans le d\u00e9lai fix\u00e9 au contrat, la couverture d\u2019assurance entre en vigueur au moment de son r\u00e8glement. Toutefois, dans l\u2019hypoth\u00e8se o\u00f9 vous apportez la preuve que vous n\u2019\u00eates pas responsable du non-paiement de ladite fraction dans le d\u00e9lai fix\u00e9 au contrat, la couverture d\u2019assurance prendra effet \u00e0 la date de conclusion du contrat.<\/p>\n\n\n\n<h2 class=\"wp-block-heading\">O\u00f9 d\u00e9clarer son sinistre ?<\/h2>\n\n\n\n<p>Si votre bien assur\u00e9 est en panne, endommag\u00e9 ou vol\u00e9, merci de bien vouloir d\u00e9clarer votre sinistre \u00e0 SFG via <a href=\"mailto:assurancevelo@sfg.fr\">assurancevelo@sfg.fr<\/a> ou au 04 42 19 19 44 sans d\u00e9lai, avec la facture d\u2019achat du bien, et au plus tard dans un d\u00e9lai de dix (10) jours ouvr\u00e9s (et cinq (5) jours ouvr\u00e9s pour le vol), suivant la survenance de l\u2019\u00e9v\u00e9nement).<br>En cas destruction ou d\u2019endommagement d\u2019un VAE ou v\u00e9lo musculaire assur\u00e9, le souscripteur doit \u00e9galement pr\u00e9senter un devis d\u2019un atelier sp\u00e9cialis\u00e9. Il doit y \u00eatre indiqu\u00e9 en d\u00e9tail la cause, le type et l\u2019ampleur de la r\u00e9paration n\u00e9cessaire. Le devis sera contr\u00f4l\u00e9 et valid\u00e9 ou non sous 48 heures par l\u00b4assureur. En cas de vol, vol partiel ou d\u2019acte de vandalisme, la preuve du d\u00e9p\u00f4t d\u2019une plainte p\u00e9nale aupr\u00e8s de la police doit \u00eatre pr\u00e9sent\u00e9e \u00e0 l\u2019assureur dans un d\u00e9lai de cinq (5) jours ouvr\u00e9s apr\u00e8s sa survenance. Le num\u00e9ro de s\u00e9rie et\/ou de marquage du cadre du VAE ou v\u00e9lo musculaire assur\u00e9 doit \u00eatre indiqu\u00e9 dans les preuves ou rapports susmentionn\u00e9s.<\/p>\n\n\n<div class=\"wp-block-image\">\n<figure class=\"aligncenter size-full\"><img loading=\"lazy\" decoding=\"async\" width=\"2560\" height=\"1440\" src=\"https:\/\/rideandco.com\/giant\/wp-content\/uploads\/2024\/08\/Assurance-velo-vol-casse-assistance-ride-co.jpg\" alt=\"\" class=\"wp-image-112529\" srcset=\"https:\/\/rideandco.com\/giant\/wp-content\/uploads\/2024\/08\/Assurance-velo-vol-casse-assistance-ride-co.jpg 2560w, https:\/\/rideandco.com\/giant\/wp-content\/uploads\/2024\/08\/Assurance-velo-vol-casse-assistance-ride-co-416x234.jpg 416w, https:\/\/rideandco.com\/giant\/wp-content\/uploads\/2024\/08\/Assurance-velo-vol-casse-assistance-ride-co-300x169.jpg 300w, https:\/\/rideandco.com\/giant\/wp-content\/uploads\/2024\/08\/Assurance-velo-vol-casse-assistance-ride-co-1024x576.jpg 1024w, https:\/\/rideandco.com\/giant\/wp-content\/uploads\/2024\/08\/Assurance-velo-vol-casse-assistance-ride-co-768x432.jpg 768w, https:\/\/rideandco.com\/giant\/wp-content\/uploads\/2024\/08\/Assurance-velo-vol-casse-assistance-ride-co-1536x864.jpg 1536w, https:\/\/rideandco.com\/giant\/wp-content\/uploads\/2024\/08\/Assurance-velo-vol-casse-assistance-ride-co-2048x1152.jpg 2048w\" sizes=\"auto, (max-width: 2560px) 100vw, 2560px\" \/><\/figure><\/div>\n\n\n<p><em>Toutes les informations pr\u00e9sent\u00e9es sur cette page ont \u00e9t\u00e9 recueillies \u00e0 partir des documents officiels et du site web de l\u2019assurance. Pour obtenir davantage d\u2019informations, veuillez contacter le magasin au 04 67 50 48 18 ou consulter la notice ci-dessous.<\/em><\/p>\n\n\n \n <!-- G\u00e9n\u00e9rer le bouton avec les classes appropri\u00e9es -->\n <a href=\"https:\/\/rideandco.com\/wp-content\/uploads\/2025\/12\/protect_bike_v2.pdf\" class=\"custom-button custom-button-style1\">\n     <span class=\"custom-button-text\">Notice<\/span>\n              <span class=\"custom-button-icon\">\n             <img decoding=\"async\" src=\"https:\/\/rideandco.com\/giant\/wp-content\/themes\/rideandco\/src\/img\/icons\/fleche-droite-blanche-petite.svg\" alt=\"Icone\">\n         <\/span>\n      <\/a>\n \n\n\n<p><em>*Offre valable pour les v\u00e9los d\u2019une valeur comprise entre 0\u20ac et 15.000\u20ac, non cumulable avec les soldes, promotions ou toute autre offre commerciale en cours.<a href=\"https:\/\/rideandco.com\/giant\/contacts-et-acces\/\"> Voir condition en magasin<\/a><\/em><\/p>\n","protected":false},"excerpt":{"rendered":"<p>GIANT Montpellier, l\u2019assurance v\u00e9lo \u00e0 1\u20ac \u00c0 l\u2019achat d\u2019un v\u00e9lo en ligne ou en magasin chez GIANT Montpellier P\u00e9rols ou Jacou, b\u00e9n\u00e9ficiez d\u2019une assurance v\u00e9lo compl\u00e8te\u00a0VOL + CASSE + ASSISTANCE\u00a0pour seulement\u00a01\u20ac pendant 1 an.**Offre valable pour les v\u00e9los musculaires et v\u00e9los \u00e0 assistance \u00e9lectrique (VAE \u2264 25 km\/h), neufs ou usag\u00e9s jusqu\u2019\u00e0 36 mois, d\u2019une [&hellip;]<\/p>\n","protected":false},"author":2,"featured_media":0,"parent":0,"menu_order":0,"comment_status":"closed","ping_status":"closed","template":"","meta":{"_acf_changed":false,"two_page_speed":[],"footnotes":""},"class_list":["post-112516","page","type-page","status-publish","hentry"],"acf":[],"_links":{"self":[{"href":"https:\/\/rideandco.com\/giant\/wp-json\/wp\/v2\/pages\/112516","targetHints":{"allow":["GET"]}}],"collection":[{"href":"https:\/\/rideandco.com\/giant\/wp-json\/wp\/v2\/pages"}],"about":[{"href":"https:\/\/rideandco.com\/giant\/wp-json\/wp\/v2\/types\/page"}],"author":[{"embeddable":true,"href":"https:\/\/rideandco.com\/giant\/wp-json\/wp\/v2\/users\/2"}],"replies":[{"embeddable":true,"href":"https:\/\/rideandco.com\/giant\/wp-json\/wp\/v2\/comments?post=112516"}],"version-history":[{"count":19,"href":"https:\/\/rideandco.com\/giant\/wp-json\/wp\/v2\/pages\/112516\/revisions"}],"predecessor-version":[{"id":119050,"href":"https:\/\/rideandco.com\/giant\/wp-json\/wp\/v2\/pages\/112516\/revisions\/119050"}],"wp:attachment":[{"href":"https:\/\/rideandco.com\/giant\/wp-json\/wp\/v2\/media?parent=112516"}],"curies":[{"name":"wp","href":"https:\/\/api.w.org\/{rel}","templated":true}]}}